{"id":24466,"date":"2021-09-25T17:22:28","date_gmt":"2021-09-25T17:22:28","guid":{"rendered":"http:\/\/194.35.43.170\/~aitamenninueva\/?page_id=24466"},"modified":"2025-01-08T00:26:35","modified_gmt":"2025-01-08T00:26:35","slug":"quienes-somos","status":"publish","type":"page","link":"https:\/\/ospitalarioakfundazioaeuskadi.org\/es\/quienes-somos\/","title":{"rendered":"Qui\u00e9nes somos"},"content":{"rendered":"<div class=\"wpb-content-wrapper\"><p>[vc_row][vc_column][vc_column_text]<\/p>\n<h1>Qui\u00e9nes somos<\/h1>\n<p>[\/vc_column_text][vc_column_text css=\u00bb\u00bb]<strong>Ospitalarioak Fundazioa Euskadi<\/strong> (antes Hermanas Hospitalarias Aita Menni) es una entidad que tiene su origen en 1898, cuando San Benito Menni puso en marcha una Casa de Salud en las instalaciones del antiguo balneario de Santa \u00c1gueda, en el barrio Gesalibar de Arrasate-Mondrag\u00f3n.<\/p>\n<p>Propiedad de las <a href=\"https:\/\/www.hospitalarias.org\" rel=\"nofollow noopener\" target=\"_blank\"><strong>Hermanas Hospitalarias<\/strong><\/a>, a lo largo de sus m\u00e1s de cien a\u00f1os de historia, nuestra instituci\u00f3n\u00a0ha tenido como misi\u00f3n la acogida, la asistencia y el cuidado de la salud integral de personas con enfermedad mental y discapacidad f\u00edsica y ps\u00edquica, sin excluir otras patolog\u00edas, y con especial atenci\u00f3n a las personas m\u00e1s necesitadas.<\/p>\n<p>Adem\u00e1s de prestar atenci\u00f3n psiqui\u00e1trica, <b>Ospitalarioak Fundazioa Euskadi <\/b>trabaja en el campo de la atenci\u00f3n a personas con discapacidad intelectual y trastornos del espectro autista, en la rehabilitaci\u00f3n de personas con da\u00f1o cerebral adquirido y lesiones del sistema nervioso central, en la atenci\u00f3n de personas mayores y en el espacio sociosanitario.<\/p>\n<p>La congregaci\u00f3n de las\u00a0<strong>Hermanas Hospitalarias<\/strong>\u00a0naci\u00f3 a finales del siglo XIX en Madrid y fue fundada por el\u00a0<a title=\"Informaci\u00f3n sobre el Padre Benito Menni\" href=\"https:\/\/www.hospitalarias.org\/fundadores\/\" target=\"_blank\" rel=\"external noopener nofollow\">Padre Benito Menni<\/a>, canonizado en 1999. Surgi\u00f3 para dar respuesta a la situaci\u00f3n de abandono sanitario y de exclusi\u00f3n social que viv\u00edan las mujeres con problemas de salud mental. En la actualidad,\u00a0<a title=\"Centros de Hermanas Hospitalarias en el mundo\" href=\"https:\/\/www.hospitalarias.org\/centro\/mapamundi\/\" target=\"_blank\" rel=\"external nofollow noopener\">su acci\u00f3n hospitalaria est\u00e1 presente en 25 pa\u00edses<\/a>\u00a0de Europa, Am\u00e9rica, Asia y \u00c1frica. Su misi\u00f3n se caracteriza por la asistencia sanitaria y la atenci\u00f3n integral a las personas.[\/vc_column_text][vc_row_inner gap=\u00bb35&#8243;][vc_column_inner width=\u00bb1\/2&#8243;][vc_column_text css=\u00bb\u00bb el_class=\u00bbalter-0-g\u00bb]<\/p>\n<h2>Misi\u00f3n<\/h2>\n<p>Nuestra misi\u00f3n va dirigida hacia el cuidado y la rehabilitaci\u00f3n de las personas con enfermedad mental y discapacidad. La persona que sufre es el centro de nuestra misi\u00f3n y a ella se dedican todos los recursos de la instituci\u00f3n. La acogida y el servicio a personas enfermas, dentro de un respeto profundo por su dignidad y entidad, es la base del Proyecto Hospitalario Asistencial de <strong>Ospitalarioak Fundazioa<\/strong>. Desde una visi\u00f3n humanista y cristiana de la persona, considerada inviolable en su unidad y dignidad, acoge a todos sin distinci\u00f3n de raza, g\u00e9nero, religi\u00f3n, ideolog\u00eda o clase social y les presta una asistencia integral.<\/p>\n<p>Sus caracter\u00edsticas esenciales son:<\/p>\n<ul>\n<li>Respeto a los derechos humanos de las personas.<\/li>\n<li>Dedicaci\u00f3n preferente a las personas enfermas m\u00e1s desasistidas, con las mayores limitaciones f\u00edsicas o ps\u00edquicas.<\/li>\n<li>Calidad tanto asistencial como humana.<\/li>\n<li>Actitud emp\u00e1tica, acogedora y liberadora hacia la persona necesitadas.<\/li>\n<li>La Misi\u00f3n Hospitalaria de las Hermanas Hospitalarias del Sagrado Coraz\u00f3n de Jes\u00fas, en su universalidad e interculturalidad, responde con identidad propia a necesidades existentes y est\u00e1 implementada en pa\u00edses donde su servicio es de solidaria urgencia. Est\u00e1 presente en la actualidad en 25 pa\u00edses de cuatro continentes: Europa, Am\u00e9rica, \u00c1frica y Asia.uadro<\/li>\n<\/ul>\n<p>[\/vc_column_text][\/vc_column_inner][vc_column_inner width=\u00bb1\/2&#8243;][vc_column_text css=\u00bb\u00bb el_class=\u00bbalter-0-g\u00bb]<\/p>\n<h2>Visi\u00f3n<\/h2>\n<p>El servicio hospitalario, abierto y din\u00e1mico, configurado desde una visi\u00f3n y pr\u00e1cticas inclusivas, reintegradoras y promotoras de vida, constituye una fuerza de transformaci\u00f3n social sin fronteras a favor de una humanidad m\u00e1s sana y fraterna. En este sentido, <strong>Ospitalarioak Fundazioa <\/strong>quiere ser una referencia en la atenci\u00f3n integral a las personas que sufren enfermedad mental y otras formas de discapacidad por el hecho de ofrecer una atenci\u00f3n humana, eficiente y de calidad, en la que se consideran todas las dimensiones de la persona humana conforme a los valores de la \u00e9tica y la Hospitalidad.<\/p>\n<p>Nuestras instituciones, como instituciones de Iglesia en su dimensi\u00f3n socio-caritativa, se caracterizaran siempre por la justicia y el compromiso de amor concreto al pr\u00f3jimo.<\/p>\n<p>Quienes realizamos el servicio hospitalario, desde distintas visiones unificadas por la Hospitalidad, somos como el buen samaritano: no pasamos de largo, miramos, vemos, nos dejamos conmover y, compasiva y solidariamente, actuamos; en una palabra: somos personas hospitalarias, es nuestra misi\u00f3n compartida.[\/vc_column_text][vc_column_text el_class=\u00bbcentrado\u00bb]<\/p>\n<div class=\"boton-morado\">\n<p><a href=\"https:\/\/ospitalarioakfundazioaeuskadi.org\/es\/hospitalidad\/valores-hospitalarios\/\">Valores Hospitalarios \u2192<\/a><\/p>\n<\/div>\n<p>[\/vc_column_text][\/vc_column_inner][\/vc_row_inner][\/vc_column][\/vc_row][vc_row][vc_column width=\u00bb1\/2&#8243; el_class=\u00bbvc_col-sm-push-6&#8243;][vc_single_image image=\u00bb39384&#8243; img_size=\u00bblarge\u00bb][\/vc_column][vc_column width=\u00bb1\/2&#8243; el_class=\u00bbvc_col-sm-pull-6&#8243;][vc_column_text css=\u00bb\u00bb el_class=\u00bbalter-1&#8243;]<\/p>\n<article>\n<h2><a href=\"https:\/\/ospitalarioakfundazioaeuskadi.org\/es\/quienes-somos\/nuestra-historia\/\">Nuestra historia<\/a><\/h2>\n<p>El 1 de junio de 1898, el padre <strong>Benito Menni<\/strong> puso en funcionamiento la <strong>Casa de Salud de Santa \u00c1gueda<\/strong>. Hoy, <strong>Ospitalarioak Fundazioa Euskadi<\/strong>\u00a0es no s\u00f3lo un moderno complejo asistencial, sino tambi\u00e9n una red de centros especializados en <a href=\"https:\/\/ospitalarioakfundazioaeuskadi.org\/es\/que-hacemos\/salud-mental\/\">salud mental<\/a>, <a href=\"https:\/\/ospitalarioakfundazioaeuskadi.org\/es\/que-hacemos\/discapacidad-intelectual\/\">discapacidad intelectual y trastornos del espectro autista<\/a>, <a href=\"https:\/\/ospitalarioakfundazioaeuskadi.org\/es\/que-hacemos\/neurorrehabilitacion-dano-cerebral\/\">neurorrehabilitaci\u00f3n y da\u00f1o cerebral<\/a> y <a href=\"https:\/\/ospitalarioakfundazioaeuskadi.org\/es\/que-hacemos\/persona-mayor\/\">atenci\u00f3n a personas mayores<\/a> con diferentes grados de dependencia y deterioro cognitivo.<\/p>\n<div class=\"boton-morado\">\n<p><a href=\"https:\/\/ospitalarioakfundazioaeuskadi.org\/es\/quienes-somos\/nuestra-historia\/\">Leer m\u00e1s \u2192<\/a><\/p>\n<\/div>\n<\/article>\n<p>[\/vc_column_text][\/vc_column][\/vc_row][vc_row][vc_column width=\u00bb1\/2&#8243; offset=\u00bbvc_hidden-xs\u00bb][vc_single_image image=\u00bb40742&#8243; img_size=\u00bblarge\u00bb][\/vc_column][vc_column width=\u00bb1\/2&#8243;][vc_column_text el_class=\u00bbalter-2&#8243;]<\/p>\n<article>\n<h2><a href=\"https:\/\/ospitalarioakfundazioaeuskadi.org\/es\/quienes-somos\/conocimiento\/\">Conocimiento<\/a><\/h2>\n<p>Nuestro equipo profesional desarrolla <strong>proyectos de investigaci\u00f3n<\/strong> dentro del \u00e1mbito socio-sanitario, plasma su conocimiento en <a href=\"https:\/\/ospitalarioakfundazioaeuskadi.org\/es\/comunicacion\/articulos\/\">art\u00edculos<\/a> y colabora en funciones docentes con universidades p\u00fablicas y privadas y con otras instituciones educativas. Organizamos, asimismo, congresos, jornadas y seminarios de formaci\u00f3n especializados.<\/p>\n<div class=\"boton-morado\">\n<p><a href=\"https:\/\/ospitalarioakfundazioaeuskadi.org\/es\/quienes-somos\/conocimiento\/\">Leer m\u00e1s \u2192<\/a><\/p>\n<\/div>\n<\/article>\n<p>[\/vc_column_text][\/vc_column][\/vc_row][vc_row][vc_column width=\u00bb1\/2&#8243; offset=\u00bbvc_hidden-xs\u00bb el_class=\u00bbvc_col-sm-push-6&#8243;][vc_single_image image=\u00bb56025&#8243; img_size=\u00bblarge\u00bb][\/vc_column][vc_column width=\u00bb1\/2&#8243; el_class=\u00bbvc_col-sm-pull-6&#8243;][vc_column_text el_class=\u00bbalter-1&#8243;]<\/p>\n<article>\n<h2><a href=\"https:\/\/ospitalarioakfundazioaeuskadi.org\/es\/quienes-somos\/responsabilidad-social\/\">Responsabilidad social<\/a><\/h2>\n<p>Integramos en nuestra gesti\u00f3n la preocupaci\u00f3n por generar un impacto positivo en nuestro entorno laboral, social y medioambiental, y en nuestra relaci\u00f3n con la comunidad en la que vivimos.<\/p>\n<div class=\"boton-morado\">\n<p><a href=\"https:\/\/ospitalarioakfundazioaeuskadi.org\/es\/quienes-somos\/responsabilidad-social\/\">Leer m\u00e1s \u2192<\/a><\/p>\n<\/div>\n<\/article>\n<p>[\/vc_column_text][\/vc_column][\/vc_row][vc_row disable_element=\u00bbyes\u00bb][vc_column width=\u00bb1\/2&#8243; el_class=\u00bbvc_col-sm-push-6&#8243; offset=\u00bbvc_hidden-xs\u00bb][vc_single_image img_size=\u00bblarge\u00bb][\/vc_column][vc_column width=\u00bb1\/2&#8243; el_class=\u00bbvc_col-sm-pull-6&#8243;][vc_column_text el_class=\u00bbalter-1&#8243;]<\/p>\n<article>\n<h2><a href=\"https:\/\/ospitalarioakfundazioaeuskadi.org\/es\/quienes-somos\/organizacion-calidad\/\">Organizaci\u00f3n y calidad<\/a><\/h2>\n<p>Calidad<\/p>\n<div class=\"boton-morado\">\n<p><a href=\"https:\/\/ospitalarioakfundazioaeuskadi.org\/es\/quienes-somos\/organizacion-calidad\/\">Leer m\u00e1s \u2192<\/a><\/p>\n<\/div>\n<\/article>\n<p>[\/vc_column_text][\/vc_column][\/vc_row][vc_row][vc_column width=\u00bb1\/2&#8243; offset=\u00bbvc_hidden-xs\u00bb][vc_single_image image=\u00bb38917&#8243; img_size=\u00bblarge\u00bb css=\u00bb.vc_custom_1668881318861{padding-top: 20px !important;padding-right: 20px !important;padding-bottom: 20px !important;padding-left: 20px !important;background-color: #f5f5f5 !important;}\u00bb][\/vc_column][vc_column width=\u00bb1\/2&#8243;][vc_column_text el_class=\u00bbalter-2&#8243;]<\/p>\n<article>\n<h2><a href=\"https:\/\/ospitalarioakfundazioaeuskadi.org\/es\/quienes-somos\/codigo-de-conducta\/\">C\u00f3digo de Conducta<\/a><\/h2>\n<p>Nuestro <strong>C\u00f3digo de Conducta<\/strong>\u00a0recoge los principios \u00e9ticos y normas de comportamiento que deben regir la actuaci\u00f3n de las personas que integran la Comunidad Hospitalaria, y en especial la de quienes trabajan en la Instituci\u00f3n o desarrollan acciones de voluntariado en ella.<\/p>\n<div class=\"boton-morado\">\n<p><a href=\"https:\/\/ospitalarioakfundazioaeuskadi.org\/es\/quienes-somos\/codigo-de-conducta\/\">Leer m\u00e1s \u2192<\/a><\/p>\n<\/div>\n<\/article>\n<p>[\/vc_column_text][\/vc_column][\/vc_row][vc_row][vc_column width=\u00bb1\/2&#8243;][vc_column_text el_class=\u00bbcaja\u00bb]<\/p>\n<article>\n<h2><a href=\"https:\/\/ospitalarioakfundazioaeuskadi.org\/es\/contacto\/\">Contacto<\/a><\/h2>\n<p>Comun\u00edcate con cualquiera de nuestros centros.<\/p>\n<div class=\"boton-morado\">\n<p><a href=\"https:\/\/ospitalarioakfundazioaeuskadi.org\/es\/contacto\/\">Leer m\u00e1s \u2192<\/a><\/p>\n<\/div>\n<\/article>\n<p>[\/vc_column_text][\/vc_column][vc_column width=\u00bb1\/2&#8243;][vc_column_text css=\u00bb\u00bb el_class=\u00bbcaja\u00bb]<\/p>\n<article>\n<h2><a href=\"https:\/\/ospitalarioakfundazioaeuskadi.org\/es\/quienes-somos\/empleos-hermanas-hospitalarias-aita-menni\/\">Trabaja con nosotros<\/a><\/h2>\n<p>Accede a las ofertas de trabajo de Ospitalarioak Fundazioa Euskadi y de Ospitalarioak Servicios Sociales Aita Menni.<\/p>\n<div class=\"boton-morado\">\n<p><a href=\"https:\/\/ospitalarioakfundazioaeuskadi.org\/es\/quienes-somos\/empleos-hermanas-hospitalarias-aita-menni\/\">Leer m\u00e1s \u2192<\/a><\/p>\n<\/div>\n<\/article>\n<p>[\/vc_column_text][\/vc_column][\/vc_row]<\/p>\n<\/div>","protected":false},"excerpt":{"rendered":"<div class=\"entry-summary\">\n Qui\u00e9nes somos Ospitalarioak Fundazioa Euskadi (antes Hermanas Hospitalarias Aita Menni) es una entidad que tiene su origen en 1898, cuando San Benito Menni puso en marcha una Casa de Salud en las instalaciones del antiguo balneario de Santa&hellip;\n<\/div>\n<div class=\"link-more\"><a href=\"https:\/\/ospitalarioakfundazioaeuskadi.org\/es\/quienes-somos\/\" class=\"more-link\">Seguir leyendo<span class=\"screen-reader-text\"> &ldquo;Qui\u00e9nes somos&rdquo;<\/span>&hellip;<\/a><\/div>\n","protected":false},"author":1,"featured_media":0,"parent":0,"menu_order":7,"comment_status":"closed","ping_status":"closed","template":"templates\/sin-head-h1.php","meta":{"footnotes":""},"class_list":["post-24466","page","type-page","status-publish","hentry","entry"],"_links":{"self":[{"href":"https:\/\/ospitalarioakfundazioaeuskadi.org\/es\/wp-json\/wp\/v2\/pages\/24466","targetHints":{"allow":["GET"]}}],"collection":[{"href":"https:\/\/ospitalarioakfundazioaeuskadi.org\/es\/wp-json\/wp\/v2\/pages"}],"about":[{"href":"https:\/\/ospitalarioakfundazioaeuskadi.org\/es\/wp-json\/wp\/v2\/types\/page"}],"author":[{"embeddable":true,"href":"https:\/\/ospitalarioakfundazioaeuskadi.org\/es\/wp-json\/wp\/v2\/users\/1"}],"replies":[{"embeddable":true,"href":"https:\/\/ospitalarioakfundazioaeuskadi.org\/es\/wp-json\/wp\/v2\/comments?post=24466"}],"version-history":[{"count":3,"href":"https:\/\/ospitalarioakfundazioaeuskadi.org\/es\/wp-json\/wp\/v2\/pages\/24466\/revisions"}],"predecessor-version":[{"id":70873,"href":"https:\/\/ospitalarioakfundazioaeuskadi.org\/es\/wp-json\/wp\/v2\/pages\/24466\/revisions\/70873"}],"wp:attachment":[{"href":"https:\/\/ospitalarioakfundazioaeuskadi.org\/es\/wp-json\/wp\/v2\/media?parent=24466"}],"curies":[{"name":"wp","href":"https:\/\/api.w.org\/{rel}","templated":true}]}}