{"id":24468,"date":"2021-09-25T17:23:04","date_gmt":"2021-09-25T17:23:04","guid":{"rendered":"http:\/\/194.35.43.170\/~aitamenninueva\/?page_id=24468"},"modified":"2025-01-08T03:38:42","modified_gmt":"2025-01-08T03:38:42","slug":"que-hacemos","status":"publish","type":"page","link":"https:\/\/ospitalarioakfundazioaeuskadi.org\/es\/que-hacemos\/","title":{"rendered":"Qu\u00e9 hacemos"},"content":{"rendered":"<div class=\"wpb-content-wrapper\"><p>[vc_row][vc_column width=\u00bb1\/2&#8243; el_class=\u00bbvc_col-sm-push-6&#8243;][vc_column_text]<\/p>\n<figure><img loading=\"lazy\" decoding=\"async\" width=\"850\" height=\"637\" src=\"https:\/\/ospitalarioakfundazioaeuskadi.org\/wp-content\/uploads\/2022\/11\/atencion-hospital-aita-menni.jpg\" class=\"attachment-large size-large wp-post-image\" alt=\"Una trabajadora de Aita Menni acompa\u00f1a a un paciente\" srcset=\"https:\/\/ospitalarioakfundazioaeuskadi.org\/wp-content\/uploads\/2022\/11\/atencion-hospital-aita-menni.jpg 850w, https:\/\/ospitalarioakfundazioaeuskadi.org\/wp-content\/uploads\/2022\/11\/atencion-hospital-aita-menni-400x300.jpg 400w, https:\/\/ospitalarioakfundazioaeuskadi.org\/wp-content\/uploads\/2022\/11\/atencion-hospital-aita-menni-768x576.jpg 768w\" sizes=\"auto, (max-width: 850px) 100vw, 850px\" title=\"\"><\/figure>\n<p>[\/vc_column_text][\/vc_column][vc_column width=\u00bb1\/2&#8243; el_class=\u00bbvc_col-sm-pull-6&#8243;][vc_column_text css=\u00bb\u00bb el_class=\u00bbalter-1&#8243;]<\/p>\n<h1>Qu\u00e9 hacemos<\/h1>\n<p class=\"h2\">Nuestras l\u00edneas asistenciales<\/p>\n<p>La actividad asistencial de <a href=\"https:\/\/ospitalarioakfundazioaeuskadi.org\/es\/quienes-somos\/\"><strong>Ospitalarioak Fundazioa Euskadi<\/strong><\/a> est\u00e1 enfocada al tratamiento, rehabilitaci\u00f3n y reintegraci\u00f3n comunitaria de personas con enfermedades y alteraciones del sistema nervioso central con trastornos de conducta.<\/p>\n<p>Esta actividad se desarrolla a trav\u00e9s de recursos humanos y materiales englobados en <strong>cinco l\u00edneas asistenciales<\/strong>, y disponemos adem\u00e1s de <strong>una sexta l\u00ednea asistencial<\/strong> dedicada a la gesti\u00f3n de Etxetek, el servicio de ayudas t\u00e9cnicas a la dependencia de la Diputaci\u00f3n Foral de Gipuzkoa.[\/vc_column_text][\/vc_column][\/vc_row][vc_row][vc_column width=\u00bb1\/2&#8243; el_class=\u00bbvc_col-sm-push-6&#8243;][vc_column_text]<\/p>\n<figure><img loading=\"lazy\" decoding=\"async\" width=\"850\" height=\"529\" src=\"https:\/\/ospitalarioakfundazioaeuskadi.org\/wp-content\/uploads\/2022\/11\/salud-mental.jpg\" class=\"attachment-large size-large wp-post-image\" alt=\"Un enfermero y dos pacientes del Hospital Aita Menni\" srcset=\"https:\/\/ospitalarioakfundazioaeuskadi.org\/wp-content\/uploads\/2022\/11\/salud-mental.jpg 850w, https:\/\/ospitalarioakfundazioaeuskadi.org\/wp-content\/uploads\/2022\/11\/salud-mental-768x478.jpg 768w\" sizes=\"auto, (max-width: 850px) 100vw, 850px\" title=\"\"><\/figure>\n<p>[\/vc_column_text][\/vc_column][vc_column width=\u00bb1\/2&#8243; el_class=\u00bbvc_col-sm-pull-6&#8243;][vc_single_image image=\u00bb40051&#8243; img_size=\u00bb120&#215;110&#8243; el_class=\u00bbicono-por\u00bb][vc_column_text el_class=\u00bbalter-1-icon\u00bb]<\/p>\n<h2><a href=\"https:\/\/ospitalarioakfundazioaeuskadi.org\/es\/que-hacemos\/salud-mental\/\">Salud mental<\/a><\/h2>\n<p>Desde 1898, atendemos a personas con enfermedad mental a trav\u00e9s de un enfoque especializado e integral que comprende tratamiento farmacol\u00f3gico, psicoterap\u00e9utico, rehabilitaci\u00f3n psicosocial y apoyo a la integraci\u00f3n social, con el objetivo de que puedan recuperar su proyecto vital y mantener una adecuada calidad de vida.<\/p>\n<div class=\"boton-morado\">\n<p><a href=\"https:\/\/ospitalarioakfundazioaeuskadi.org\/es\/que-hacemos\/salud-mental\/\">M\u00e1s informaci\u00f3n \u2192<\/a><\/p>\n<\/div>\n<p>[\/vc_column_text][\/vc_column][\/vc_row][vc_row][vc_column width=\u00bb1\/2&#8243;][vc_column_text]<\/p>\n<figure><img loading=\"lazy\" decoding=\"async\" width=\"850\" height=\"481\" src=\"https:\/\/ospitalarioakfundazioaeuskadi.org\/wp-content\/uploads\/2022\/10\/sexualidad-y-discapacidad-intelectual.jpg\" class=\"attachment-large size-large wp-post-image\" alt=\"Un grupo de j\u00f3venes con discapacidad intelectual y trastronos del espectro autista, en una sesi\u00f3n formativa\" srcset=\"https:\/\/ospitalarioakfundazioaeuskadi.org\/wp-content\/uploads\/2022\/10\/sexualidad-y-discapacidad-intelectual.jpg 850w, https:\/\/ospitalarioakfundazioaeuskadi.org\/wp-content\/uploads\/2022\/10\/sexualidad-y-discapacidad-intelectual-744x421.jpg 744w, https:\/\/ospitalarioakfundazioaeuskadi.org\/wp-content\/uploads\/2022\/10\/sexualidad-y-discapacidad-intelectual-768x435.jpg 768w\" sizes=\"auto, (max-width: 850px) 100vw, 850px\" title=\"\"><\/figure>\n<p>[\/vc_column_text][\/vc_column][vc_column width=\u00bb1\/2&#8243;][vc_single_image image=\u00bb39939&#8243; img_size=\u00bb120&#215;110&#8243; el_class=\u00bbicono-por\u00bb][vc_column_text el_class=\u00bbalter-2-icon\u00bb]<\/p>\n<h2><a href=\"https:\/\/ospitalarioakfundazioaeuskadi.org\/es\/que-hacemos\/discapacidad-intelectual\/\">Discapacidad intelectual<\/a><\/h2>\n<p>Atendemos a personas que presentan<strong>\u00a0alteraciones de conducta<\/strong>\u00a0en el contexto de la discapacidad intelectual, trastorno de espectro autista y trastorno mental, y que necesitan de un contexto protegido para su atenci\u00f3n.<\/p>\n<div class=\"boton-morado\">\n<p><a href=\"https:\/\/ospitalarioakfundazioaeuskadi.org\/es\/que-hacemos\/discapacidad-intelectual\/\">M\u00e1s informaci\u00f3n \u2192<\/a><\/p>\n<\/div>\n<p>[\/vc_column_text][\/vc_column][\/vc_row][vc_row][vc_column width=\u00bb1\/2&#8243; el_class=\u00bbvc_col-sm-push-6&#8243;][vc_column_text]<\/p>\n<figure><img loading=\"lazy\" decoding=\"async\" class=\"alignleft size-full wp-image-41467\" src=\"https:\/\/www.ospitalarioakfundazioaeuskadi.org\/wp-content\/uploads\/2022\/04\/rehabilitacion-dano-cerebral-san-sebastian-mano.jpg\" alt=\"Robot para la rehabilitaci\u00f3n de la mano en personas con da\u00f1o cerebral\" width=\"790\" height=\"527\" title=\"\" srcset=\"https:\/\/ospitalarioakfundazioaeuskadi.org\/wp-content\/uploads\/2022\/04\/rehabilitacion-dano-cerebral-san-sebastian-mano.jpg 790w, https:\/\/ospitalarioakfundazioaeuskadi.org\/wp-content\/uploads\/2022\/04\/rehabilitacion-dano-cerebral-san-sebastian-mano-744x496.jpg 744w, https:\/\/ospitalarioakfundazioaeuskadi.org\/wp-content\/uploads\/2022\/04\/rehabilitacion-dano-cerebral-san-sebastian-mano-768x512.jpg 768w\" sizes=\"auto, (max-width: 790px) 100vw, 790px\" \/><\/figure>\n<p>[\/vc_column_text][\/vc_column][vc_column width=\u00bb1\/2&#8243; el_class=\u00bbvc_col-sm-pull-6&#8243;][vc_single_image image=\u00bb39941&#8243; img_size=\u00bb120&#215;110&#8243; el_class=\u00bbicono-por\u00bb][vc_column_text css=\u00bb\u00bb el_class=\u00bbalter-1-icon\u00bb]<\/p>\n<h2><a href=\"https:\/\/ospitalarioakfundazioaeuskadi.org\/es\/que-hacemos\/neurorrehabilitacion-dano-cerebral\/\">Da\u00f1o cerebral<\/a><\/h2>\n<p>Nuestro\u00a0<strong>Servicio de Neurorrehabilitaci\u00f3n y Da\u00f1o Cerebral<\/strong> atiende a personas con lesiones en el sistema nervioso central o que han sufrido una lesi\u00f3n cerebral significativa, que ha dado lugar a secuelas temporales o permanentes que afectan a su calidad de vida. Las causas m\u00e1s habituales son los <strong>ictus<\/strong>\u00a0y los\u00a0<strong>traumatismos cr\u00e1neo-encef\u00e1licos<\/strong>.<\/p>\n<div class=\"boton-morado\">\n<p><a href=\"https:\/\/ospitalarioakfundazioaeuskadi.org\/es\/que-hacemos\/neurorrehabilitacion-dano-cerebral\/\">M\u00e1s informaci\u00f3n \u2192<\/a><\/p>\n<\/div>\n<p>[\/vc_column_text][\/vc_column][\/vc_row][vc_row][vc_column width=\u00bb1\/2&#8243;][vc_column_text]<\/p>\n<figure><img loading=\"lazy\" decoding=\"async\" width=\"790\" height=\"527\" src=\"https:\/\/ospitalarioakfundazioaeuskadi.org\/wp-content\/uploads\/2022\/04\/aita-menni-residencia-personas-mayores.jpg\" class=\"attachment-large size-large wp-post-image\" alt=\"Residente y auxiliar en una de las Residencias de personas mayores de Aita Menni\" srcset=\"https:\/\/ospitalarioakfundazioaeuskadi.org\/wp-content\/uploads\/2022\/04\/aita-menni-residencia-personas-mayores.jpg 790w, https:\/\/ospitalarioakfundazioaeuskadi.org\/wp-content\/uploads\/2022\/04\/aita-menni-residencia-personas-mayores-744x496.jpg 744w, https:\/\/ospitalarioakfundazioaeuskadi.org\/wp-content\/uploads\/2022\/04\/aita-menni-residencia-personas-mayores-768x512.jpg 768w\" sizes=\"auto, (max-width: 790px) 100vw, 790px\" title=\"\"><\/figure>\n<p>[\/vc_column_text][\/vc_column][vc_column width=\u00bb1\/2&#8243;][vc_single_image image=\u00bb39931&#8243; img_size=\u00bb120&#215;110&#8243; el_class=\u00bbicono-por\u00bb][vc_column_text el_class=\u00bbalter-2-icon\u00bb]<\/p>\n<h2><a href=\"https:\/\/ospitalarioakfundazioaeuskadi.org\/es\/que-hacemos\/persona-mayor\/\">Persona mayor<\/a><\/h2>\n<p>Gestionamos en Gipuzkoa y Bizkaia <strong>residencias<\/strong> para personas mayores con especializaci\u00f3n en psicogeriatr\u00eda y cuidados de especial dificultad, y tambi\u00e9n <strong>centros de d\u00eda<\/strong> de personas mayores<strong>.<\/strong><\/p>\n<div class=\"boton-morado\">\n<p><a href=\"https:\/\/ospitalarioakfundazioaeuskadi.org\/es\/que-hacemos\/persona-mayor\/\">M\u00e1s informaci\u00f3n \u2192<\/a><\/p>\n<\/div>\n<p>[\/vc_column_text][\/vc_column][\/vc_row][vc_row][vc_column width=\u00bb1\/2&#8243; el_class=\u00bbvc_col-sm-push-6&#8243;][vc_column_text]<\/p>\n<figure><img loading=\"lazy\" decoding=\"async\" width=\"425\" height=\"283\" src=\"https:\/\/ospitalarioakfundazioaeuskadi.org\/wp-content\/uploads\/2022\/02\/hospital-eibar-744x496.jpg\" class=\"attachment-medium size-medium wp-post-image\" alt=\"Hospital de Eibar\" srcset=\"https:\/\/ospitalarioakfundazioaeuskadi.org\/wp-content\/uploads\/2022\/02\/hospital-eibar-744x496.jpg 744w, https:\/\/ospitalarioakfundazioaeuskadi.org\/wp-content\/uploads\/2022\/02\/hospital-eibar-768x512.jpg 768w, https:\/\/ospitalarioakfundazioaeuskadi.org\/wp-content\/uploads\/2022\/02\/hospital-eibar.jpg 790w\" sizes=\"auto, (max-width: 425px) 100vw, 425px\" title=\"\"><\/figure>\n<p>[\/vc_column_text][\/vc_column][vc_column width=\u00bb1\/2&#8243; el_class=\u00bbvc_col-sm-pull-6&#8243;][vc_single_image image=\u00bb39945&#8243; img_size=\u00bb120&#215;110&#8243; el_class=\u00bbicono-por\u00bb][vc_column_text el_class=\u00bbalter-1-icon\u00bb]<\/p>\n<h2><a href=\"https:\/\/ospitalarioakfundazioaeuskadi.org\/es\/que-hacemos\/atencion-sociosanitaria\/\">Atenci\u00f3n sociosanitaria<\/a><\/h2>\n<p>Gestionamos para la Diputaci\u00f3n Foral de Gipuzkoa las dos <strong>Unidades Residenciales Sociosanitarias<\/strong>\u00a0del Hospital de Eibar, donde se atiende a personas en situaci\u00f3n de dependencia permanente o transitoria que presentan necesidades intensas de cuidados sanitarios y sociales, con un nivel de atenci\u00f3n intermedio entre la hospitalizaci\u00f3n sanitaria y la atenci\u00f3n en el domicilio habitual o residencia social.<\/p>\n<div class=\"boton-morado\">\n<p><a href=\"https:\/\/ospitalarioakfundazioaeuskadi.org\/es\/que-hacemos\/atencion-sociosanitaria\/\">M\u00e1s informaci\u00f3n \u2192<\/a><\/p>\n<\/div>\n<p>[\/vc_column_text][\/vc_column][\/vc_row][vc_row][vc_column width=\u00bb1\/2&#8243;][vc_column_text]<\/p>\n<figure><img loading=\"lazy\" decoding=\"async\" width=\"790\" height=\"592\" src=\"https:\/\/ospitalarioakfundazioaeuskadi.org\/wp-content\/uploads\/2022\/02\/etxetek-ondarreta-2.jpg\" class=\"attachment-large size-large wp-post-image\" alt=\"Dependencias del Servicio de Ayudas T\u00e9cnicas Etxetek\" srcset=\"https:\/\/ospitalarioakfundazioaeuskadi.org\/wp-content\/uploads\/2022\/02\/etxetek-ondarreta-2.jpg 790w, https:\/\/ospitalarioakfundazioaeuskadi.org\/wp-content\/uploads\/2022\/02\/etxetek-ondarreta-2-744x558.jpg 744w, https:\/\/ospitalarioakfundazioaeuskadi.org\/wp-content\/uploads\/2022\/02\/etxetek-ondarreta-2-768x576.jpg 768w\" sizes=\"auto, (max-width: 790px) 100vw, 790px\" title=\"\"><\/figure>\n<p>[\/vc_column_text][\/vc_column][vc_column width=\u00bb1\/2&#8243;][vc_single_image image=\u00bb39945&#8243; img_size=\u00bb120&#215;110&#8243; el_class=\u00bbicono-por\u00bb][vc_column_text el_class=\u00bbalter-2-icon\u00bb]<\/p>\n<h2><a href=\"https:\/\/ospitalarioakfundazioaeuskadi.org\/es\/que-hacemos\/ayudas-tecnicas-a-la-dependencia\/\">Ayudas t\u00e9cnicas a la dependencia<\/a><\/h2>\n<p>Gestionamos para la Diputaci\u00f3n Foral de Gipuzkoa el servicio <strong>Etxetek<\/strong>, que ofrece ayudas t\u00e9cnicas y productos de apoyo a las personas con diferencia funcional del territorio.<\/p>\n<div class=\"boton-morado\">\n<p><a href=\"https:\/\/ospitalarioakfundazioaeuskadi.org\/es\/que-hacemos\/ayudas-tecnicas-a-la-dependencia\/\">M\u00e1s informaci\u00f3n \u2192<\/a><\/p>\n<\/div>\n<p>[\/vc_column_text][\/vc_column][\/vc_row]<\/p>\n<\/div>","protected":false},"excerpt":{"rendered":"<div class=\"entry-summary\">\n  Qu\u00e9 hacemos Nuestras l\u00edneas asistenciales La actividad asistencial de Ospitalarioak Fundazioa Euskadi est\u00e1 enfocada al tratamiento, rehabilitaci\u00f3n y reintegraci\u00f3n comunitaria de personas con enfermedades y alteraciones del sistema nervioso central con trastornos&hellip;\n<\/div>\n<div class=\"link-more\"><a href=\"https:\/\/ospitalarioakfundazioaeuskadi.org\/es\/que-hacemos\/\" class=\"more-link\">Seguir leyendo<span class=\"screen-reader-text\"> &ldquo;Qu\u00e9 hacemos&rdquo;<\/span>&hellip;<\/a><\/div>\n","protected":false},"author":1,"featured_media":56150,"parent":0,"menu_order":26,"comment_status":"closed","ping_status":"closed","template":"templates\/sin-head-h1.php","meta":{"footnotes":""},"class_list":["post-24468","page","type-page","status-publish","has-post-thumbnail","hentry","entry"],"_links":{"self":[{"href":"https:\/\/ospitalarioakfundazioaeuskadi.org\/es\/wp-json\/wp\/v2\/pages\/24468","targetHints":{"allow":["GET"]}}],"collection":[{"href":"https:\/\/ospitalarioakfundazioaeuskadi.org\/es\/wp-json\/wp\/v2\/pages"}],"about":[{"href":"https:\/\/ospitalarioakfundazioaeuskadi.org\/es\/wp-json\/wp\/v2\/types\/page"}],"author":[{"embeddable":true,"href":"https:\/\/ospitalarioakfundazioaeuskadi.org\/es\/wp-json\/wp\/v2\/users\/1"}],"replies":[{"embeddable":true,"href":"https:\/\/ospitalarioakfundazioaeuskadi.org\/es\/wp-json\/wp\/v2\/comments?post=24468"}],"version-history":[{"count":3,"href":"https:\/\/ospitalarioakfundazioaeuskadi.org\/es\/wp-json\/wp\/v2\/pages\/24468\/revisions"}],"predecessor-version":[{"id":70923,"href":"https:\/\/ospitalarioakfundazioaeuskadi.org\/es\/wp-json\/wp\/v2\/pages\/24468\/revisions\/70923"}],"wp:featuredmedia":[{"embeddable":true,"href":"https:\/\/ospitalarioakfundazioaeuskadi.org\/es\/wp-json\/wp\/v2\/media\/56150"}],"wp:attachment":[{"href":"https:\/\/ospitalarioakfundazioaeuskadi.org\/es\/wp-json\/wp\/v2\/media?parent=24468"}],"curies":[{"name":"wp","href":"https:\/\/api.w.org\/{rel}","templated":true}]}}