{"id":24472,"date":"2021-09-25T17:23:54","date_gmt":"2021-09-25T17:23:54","guid":{"rendered":"http:\/\/194.35.43.170\/~aitamenninueva\/?page_id=24472"},"modified":"2025-01-08T00:54:26","modified_gmt":"2025-01-08T00:54:26","slug":"hospitalidad","status":"publish","type":"page","link":"https:\/\/ospitalarioakfundazioaeuskadi.org\/es\/hospitalidad\/","title":{"rendered":"Hospitalidad"},"content":{"rendered":"<div class=\"wpb-content-wrapper\"><p>[vc_row][vc_column width=\u00bb1\/2&#8243; el_class=\u00bbvc_col-sm-push-6&#8243;][vc_single_image image=\u00bb40750&#8243; img_size=\u00bblarge\u00bb][\/vc_column][vc_column width=\u00bb1\/2&#8243; el_class=\u00bbvc_col-sm-pull-6&#8243;][vc_column_text el_class=\u00bbalter-1&#8243;]<\/p>\n<h2><a href=\"https:\/\/ospitalarioakfundazioaeuskadi.org\/es\/hospitalidad\/valores-hospitalarios\/\">Valores Hospitalarios<\/a><\/h2>\n<p>Los valores de la Comunidad Hospitalaria determinan nuestra \u00e9tica y forma de trabajar, gu\u00edan las decisiones, trasmiten los objetivos y animan actitudes. Sintetizamos todos nuestros valores en uno solo: la <strong>Hospitalidad<\/strong>.<\/p>\n<div class=\"boton-morado\">\n<p><a href=\"https:\/\/ospitalarioakfundazioaeuskadi.org\/es\/hospitalidad\/valores-hospitalarios\/\">Leer m\u00e1s \u2192<\/a><\/p>\n<\/div>\n<p>[\/vc_column_text][\/vc_column][\/vc_row][vc_row][vc_column width=\u00bb1\/2&#8243; offset=\u00bbvc_hidden-xs\u00bb][vc_single_image image=\u00bb54650&#8243; img_size=\u00bblarge\u00bb][\/vc_column][vc_column width=\u00bb1\/2&#8243;][vc_column_text css=\u00bb\u00bb el_class=\u00bbalter-2&#8243;]<\/p>\n<h2><a href=\"https:\/\/ospitalarioakfundazioaeuskadi.org\/es\/hospitalidad\/pastoral-atencion-espiritual\/\">Pastoral &#8211; Atenci\u00f3n espiritual<\/a><\/h2>\n<p>En <strong>Ospitalarioak Fundazioa Euskadi<\/strong>, el cuidado de la salud es un cuidado integral: atiende no s\u00f3lo los aspectos biol\u00f3gicos, psicol\u00f3gicos o sociol\u00f3gicos de la persona, sino tambi\u00e9n sus necesidades espirituales y religiosas.<\/p>\n<div class=\"boton-morado\">\n<p><a href=\"https:\/\/ospitalarioakfundazioaeuskadi.org\/es\/hospitalidad\/pastoral-atencion-espiritual\/\">Leer m\u00e1s \u2192<\/a><\/p>\n<\/div>\n<p>[\/vc_column_text][\/vc_column][\/vc_row][vc_row][vc_column width=\u00bb1\/2&#8243; el_class=\u00bbvc_col-sm-push-6&#8243; offset=\u00bbvc_hidden-xs\u00bb][vc_single_image image=\u00bb41882&#8243; img_size=\u00bblarge\u00bb][\/vc_column][vc_column width=\u00bb1\/2&#8243; el_class=\u00bbvc_col-sm-pull-6&#8243;][vc_column_text css=\u00bb\u00bb el_class=\u00bbalter-1&#8243;]<\/p>\n<h2><a href=\"https:\/\/ospitalarioakfundazioaeuskadi.org\/es\/hospitalidad\/bioetica\/\">Bio\u00e9tica<\/a><\/h2>\n<p>Nuestros centros incorporan los principios y valores propios de la <strong>Bio\u00e9tica<\/strong> en la toma de decisiones asistenciales, a fin de aumentar la correcci\u00f3n y la calidad en nuestra labor. <strong>Ospitalarioak Fundazioa Euskadi<\/strong>\u00a0dispone de un <strong>Comit\u00e9 de \u00c9tica Asistencial<\/strong>, que orienta ante problemas \u00e9ticos en el proceso asistencial.<\/p>\n<div class=\"boton-morado\">\n<p><a href=\"https:\/\/ospitalarioakfundazioaeuskadi.org\/es\/hospitalidad\/bioetica\/\">Leer m\u00e1s \u2192<\/a><\/p>\n<\/div>\n<p>[\/vc_column_text][\/vc_column][\/vc_row][vc_row][vc_column width=\u00bb1\/2&#8243; offset=\u00bbvc_hidden-xs\u00bb][vc_single_image image=\u00bb38965&#8243; img_size=\u00bblarge\u00bb][\/vc_column][vc_column width=\u00bb1\/2&#8243;][vc_column_text css=\u00bb\u00bb el_class=\u00bbalter-2&#8243;]<\/p>\n<h2><a href=\"https:\/\/ospitalarioakfundazioaeuskadi.org\/es\/hospitalidad\/voluntariado\/\">Voluntariado<\/a><\/h2>\n<p>Ser voluntario\/a en <strong>Ospitalarioak Fundazioa Euskadi<\/strong> es m\u00e1s que hacer voluntariado. Es una actitud de vida, un valor a\u00f1adido que va configurando en la persona valores esenciales que, puestos al servicio de los dem\u00e1s, hacen que el mundo sea cada vez m\u00e1s humano, m\u00e1s habitable, m\u00e1s amable.<\/p>\n<div class=\"boton-morado\">\n<p><a href=\"https:\/\/ospitalarioakfundazioaeuskadi.org\/es\/hospitalidad\/solidaridad\/\">Leer m\u00e1s \u2192<\/a><\/p>\n<\/div>\n<p>[\/vc_column_text][\/vc_column][\/vc_row][vc_row][vc_column width=\u00bb1\/2&#8243; el_class=\u00bbvc_col-sm-push-6&#8243; offset=\u00bbvc_hidden-xs\u00bb][vc_single_image image=\u00bb26597&#8243; img_size=\u00bblarge\u00bb][\/vc_column][vc_column width=\u00bb1\/2&#8243; el_class=\u00bbvc_col-sm-pull-6&#8243;][vc_column_text el_class=\u00bbalter-1&#8243;]<\/p>\n<h2><a href=\"https:\/\/ospitalarioakfundazioaeuskadi.org\/es\/hospitalidad\/solidaridad\/\">Solidaridad<\/a><\/h2>\n<p>Nuestros proyectos sociales son\u00a0<b>iniciativas solidarias que responden a inquietudes de gran valor humano<\/b>. Las personas y entidades que los sustentan se vinculan a proyectos de car\u00e1cter social y asistencial cuyo objetivo es mejorar la calidad de vida de quienes viven con enfermedad mental, dependencia o discapacidad, o de quienes padecen necesidades.<\/p>\n<div class=\"boton-morado\">\n<p><a href=\"https:\/\/ospitalarioakfundazioaeuskadi.org\/es\/hospitalidad\/solidaridad\/\">Leer m\u00e1s \u2192<\/a><\/p>\n<\/div>\n<p>[\/vc_column_text][\/vc_column][\/vc_row]<\/p>\n<\/div>","protected":false},"excerpt":{"rendered":"<div class=\"entry-summary\">\n Valores Hospitalarios Los valores de la Comunidad Hospitalaria determinan nuestra \u00e9tica y forma de trabajar, gu\u00edan las decisiones, trasmiten los objetivos y animan actitudes. Sintetizamos todos nuestros valores en uno solo: la&hellip;\n<\/div>\n<div class=\"link-more\"><a href=\"https:\/\/ospitalarioakfundazioaeuskadi.org\/es\/hospitalidad\/\" class=\"more-link\">Seguir leyendo<span class=\"screen-reader-text\"> &ldquo;Hospitalidad&rdquo;<\/span>&hellip;<\/a><\/div>\n","protected":false},"author":1,"featured_media":0,"parent":0,"menu_order":88,"comment_status":"closed","ping_status":"closed","template":"templates\/sin-head-h1.php","meta":{"footnotes":""},"class_list":["post-24472","page","type-page","status-publish","hentry","entry"],"_links":{"self":[{"href":"https:\/\/ospitalarioakfundazioaeuskadi.org\/es\/wp-json\/wp\/v2\/pages\/24472","targetHints":{"allow":["GET"]}}],"collection":[{"href":"https:\/\/ospitalarioakfundazioaeuskadi.org\/es\/wp-json\/wp\/v2\/pages"}],"about":[{"href":"https:\/\/ospitalarioakfundazioaeuskadi.org\/es\/wp-json\/wp\/v2\/types\/page"}],"author":[{"embeddable":true,"href":"https:\/\/ospitalarioakfundazioaeuskadi.org\/es\/wp-json\/wp\/v2\/users\/1"}],"replies":[{"embeddable":true,"href":"https:\/\/ospitalarioakfundazioaeuskadi.org\/es\/wp-json\/wp\/v2\/comments?post=24472"}],"version-history":[{"count":4,"href":"https:\/\/ospitalarioakfundazioaeuskadi.org\/es\/wp-json\/wp\/v2\/pages\/24472\/revisions"}],"predecessor-version":[{"id":70880,"href":"https:\/\/ospitalarioakfundazioaeuskadi.org\/es\/wp-json\/wp\/v2\/pages\/24472\/revisions\/70880"}],"wp:attachment":[{"href":"https:\/\/ospitalarioakfundazioaeuskadi.org\/es\/wp-json\/wp\/v2\/media?parent=24472"}],"curies":[{"name":"wp","href":"https:\/\/api.w.org\/{rel}","templated":true}]}}