{"id":24504,"date":"2021-09-25T18:00:25","date_gmt":"2021-09-25T18:00:25","guid":{"rendered":"http:\/\/194.35.43.170\/~aitamenninueva\/?page_id=24504"},"modified":"2025-01-08T01:29:59","modified_gmt":"2025-01-08T01:29:59","slug":"nuestra-historia","status":"publish","type":"page","link":"https:\/\/ospitalarioakfundazioaeuskadi.org\/es\/quienes-somos\/nuestra-historia\/","title":{"rendered":"Nuestra historia"},"content":{"rendered":"<div class=\"wpb-content-wrapper\"><p>[vc_row gap=\u00bb35&#8243;][vc_column width=\u00bb1\/2&#8243; el_class=\u00bbvc_col-sm-push-6&#8243;][vc_single_image image=\u00bb40557&#8243; img_size=\u00bblarge\u00bb add_caption=\u00bbyes\u00bb][vc_single_image image=\u00bb40559&#8243; img_size=\u00bblarge\u00bb add_caption=\u00bbyes\u00bb][\/vc_column][vc_column width=\u00bb1\/2&#8243; el_class=\u00bbvc_col-sm-pull-6&#8243;][vc_column_text el_class=\u00bbalter-1&#8243;]<\/p>\n<h1>Nuestra historia<\/h1>\n<p>El d\u00eda 1 de junio de 1898, el padre <strong><a href=\"https:\/\/hospitalarias.org\/fundadores3\/\" rel=\"nofollow noopener\" target=\"_blank\">Benito Menni<\/a>,<\/strong> junto con el doctor Ricardo A\u00f1ibarro, algunas hermanas Hospitalarias, hermanos de San Juan de Dios y 50 enfermos, asist\u00edan a la inauguraci\u00f3n de la Casa de Salud de Santa \u00c1gueda, un acto sencillo y privado que convertir\u00eda un antiguo balneario en el primer centro de asistencia psiqui\u00e1trica del Pa\u00eds Vasco.<\/p>\n<p>Hoy, 127 a\u00f1os despu\u00e9s, el centro creado por Benito Menni en el barrio de Gesalibar de Arrasate \/ Mondrag\u00f3n es un moderno complejo asistencial especializado no s\u00f3lo en <a href=\"https:\/\/ospitalarioakfundazioaeuskadi.org\/es\/que-hacemos\/salud-mental\/\">salud mental<\/a>, sino tambi\u00e9n en las \u00e1reas de <a href=\"https:\/\/ospitalarioakfundazioaeuskadi.org\/es\/que-hacemos\/discapacidad-intelectual\/\">discapacidad intelectual y trastornos del espectro autista<\/a>, <a href=\"https:\/\/ospitalarioakfundazioaeuskadi.org\/es\/que-hacemos\/neurorrehabilitacion-dano-cerebral\/\">da\u00f1o cerebral adquirido<\/a> y <a href=\"https:\/\/ospitalarioakfundazioaeuskadi.org\/es\/que-hacemos\/persona-mayor\/\">atenci\u00f3n a personas mayores<\/a> con diferentes grados de dependencia y deterioro cognitivo.[\/vc_column_text][vc_column_text css=\u00bb\u00bb]Es, asimismo, casa madre de la <a href=\"https:\/\/www.hospitalarias.org\" rel=\"nofollow noopener\" target=\"_blank\">Congregaci\u00f3n de Hermanas Hospitalarias del Sagrado Coraz\u00f3n<\/a> en el Pa\u00eds Vasco, y centro neur\u00e1lgico de una red de dispositivos asistenciales que se extiende principalmente por los territorios hist\u00f3ricos de Gipuzkoa y Bizkaia y que proporciona atenci\u00f3n especializada en las citadas \u00e1reas.<\/p>\n<p>A lo largo de su trayectoria, <b>Ospitalarioak Fundazioa Euskadi<\/b>\u00a0se ha ido adaptando a las circunstancias sociales y culturales de cada momento, pero siempre atendiendo a la marginaci\u00f3n, el sufrimiento y la discapacidad producidas por la enfermedad desde la mirada de la Hospitalidad, valor que gu\u00eda su actuaci\u00f3n y que constituye el elemento central de su identidad.<\/p>\n<p>Desde sus inicios, la historia de <b>Ospitalarioak Fundazioa Euskadi<\/b>\u00a0ha estado vinculada con la de las Administraciones p\u00fablicas, sanitarias y sociales, con las que colabora estrechamente para mejorar los \u00e1mbitos asistenciales y ampliarlos a las nuevas necesidades que van surgiendo.<\/p>\n<p>Y todo ello, prestando una asistencia de calidad que conjuga los aspectos biol\u00f3gicos, ps\u00edquicos y sociales con los espirituales, \u00e9ticos y de relaci\u00f3n de la persona.[\/vc_column_text][\/vc_column][\/vc_row][vc_row][vc_column width=\u00bb1\/2&#8243; el_class=\u00bbvc_col-sm-push-6&#8243;][vc_single_image image=\u00bb39301&#8243; img_size=\u00bbfull\u00bb onclick=\u00bbcustom_link\u00bb link=\u00bbhttps:\/\/www.ospitalarioakfundazioaeuskadi.org\/quienes-somos\/nuestra-historia\/antecedentes-historicos\/\u00bb][\/vc_column][vc_column width=\u00bb1\/2&#8243; el_class=\u00bbvc_col-sm-pull-6&#8243;][vc_column_text el_class=\u00bbalter-1&#8243;]<\/p>\n<h2><a href=\"https:\/\/ospitalarioakfundazioaeuskadi.org\/es\/quienes-somos\/nuestra-historia\/antecedentes-historicos\/\">Antecedentes hist\u00f3ricos<\/a><\/h2>\n<p>La Tercera Guerra Carlista<br \/>\nEl hospital de Eskoriatza<br \/>\nEl Balneario de Santa \u00c1gueda<br \/>\nEl asesinato de C\u00e1novas del Castillo<br \/>\nLa compra del balneario por parte de Benito Menni<\/p>\n<div class=\"boton-morado\">\n<p><a href=\"https:\/\/ospitalarioakfundazioaeuskadi.org\/es\/quienes-somos\/nuestra-historia\/antecedentes-historicos\/\">Leer m\u00e1s \u2192<\/a><\/p>\n<\/div>\n<p>[\/vc_column_text][\/vc_column][\/vc_row][vc_row][vc_column width=\u00bb1\/2&#8243;][vc_single_image image=\u00bb39378&#8243; img_size=\u00bbfull\u00bb onclick=\u00bbcustom_link\u00bb link=\u00bbhttps:\/\/www.ospitalarioakfundazioaeuskadi.org\/quienes-somos\/nuestra-historia\/consolidacion-como-gran-centro-psiquiatrico\/\u00bb][\/vc_column][vc_column width=\u00bb1\/2&#8243;][vc_column_text el_class=\u00bbalter-2&#8243;]<\/p>\n<h2><a href=\"https:\/\/ospitalarioakfundazioaeuskadi.org\/es\/quienes-somos\/nuestra-historia\/consolidacion-como-gran-centro-psiquiatrico\/\">La consolidaci\u00f3n como un gran centro psiqui\u00e1trico<\/a><\/h2>\n<p>El equipo asistencial<br \/>\nLa concepci\u00f3n de la enfermedad mental y su tratamiento<\/p>\n<div class=\"boton-morado\">\n<p><a href=\"https:\/\/ospitalarioakfundazioaeuskadi.org\/es\/quienes-somos\/nuestra-historia\/consolidacion-como-gran-centro-psiquiatrico\/\">Leer m\u00e1s \u2192<\/a><\/p>\n<\/div>\n<p>[\/vc_column_text][\/vc_column][\/vc_row][vc_row][vc_column width=\u00bb1\/2&#8243; el_class=\u00bbvc_col-sm-push-6&#8243;][vc_single_image image=\u00bb39384&#8243; img_size=\u00bbfull\u00bb onclick=\u00bbcustom_link\u00bb link=\u00bbhttps:\/\/www.ospitalarioakfundazioaeuskadi.org\/quienes-somos\/nuestra-historia\/reforma-psiquiatrica-de-1931\/\u00bb][\/vc_column][vc_column width=\u00bb1\/2&#8243; el_class=\u00bbvc_col-sm-pull-6&#8243;][vc_column_text el_class=\u00bbalter-1&#8243;]<\/p>\n<h2><a href=\"https:\/\/ospitalarioakfundazioaeuskadi.org\/es\/quienes-somos\/nuestra-historia\/reforma-psiquiatrica-de-1931\/\">La reforma psiqui\u00e1trica de 1931<\/a><\/h2>\n<p>Instalaciones<br \/>\nEl equipo asistencial<br \/>\nDiagn\u00f3stico y tratamientor<\/p>\n<div class=\"boton-morado\">\n<p><a href=\"https:\/\/ospitalarioakfundazioaeuskadi.org\/es\/quienes-somos\/nuestra-historia\/reforma-psiquiatrica-de-1931\/\">Leer m\u00e1s \u2192<\/a><\/p>\n<\/div>\n<p>[\/vc_column_text][\/vc_column][\/vc_row][vc_row][vc_column width=\u00bb1\/2&#8243;][vc_single_image image=\u00bb39450&#8243; img_size=\u00bbfull\u00bb onclick=\u00bbcustom_link\u00bb link=\u00bbhttps:\/\/www.ospitalarioakfundazioaeuskadi.org\/quienes-somos\/nuestra-historia\/introduccion-psicofarmacos\/\u00bb][\/vc_column][vc_column width=\u00bb1\/2&#8243;][vc_column_text el_class=\u00bbalter-2&#8243;]<\/p>\n<h2><a href=\"https:\/\/ospitalarioakfundazioaeuskadi.org\/es\/quienes-somos\/nuestra-historia\/introduccion-psicofarmacos\/\">La introducci\u00f3n de los psicof\u00e1rmacos<\/a><\/h2>\n<p>El equipo asistencial<br \/>\nDiagn\u00f3stico y tratamiento<\/p>\n<div class=\"boton-morado\">\n<p><a href=\"https:\/\/ospitalarioakfundazioaeuskadi.org\/es\/quienes-somos\/nuestra-historia\/introduccion-psicofarmacos\/\">Leer m\u00e1s \u2192<\/a><\/p>\n<\/div>\n<p>[\/vc_column_text][\/vc_column][\/vc_row][vc_row][vc_column width=\u00bb1\/2&#8243; el_class=\u00bbvc_col-sm-push-6&#8243;][vc_single_image image=\u00bb39499&#8243; img_size=\u00bbfull\u00bb onclick=\u00bbcustom_link\u00bb link=\u00bbhttps:\/\/www.ospitalarioakfundazioaeuskadi.org\/quienes-somos\/nuestra-historia\/transformacion-hospital-decadas\/\u00bb][\/vc_column][vc_column width=\u00bb1\/2&#8243; el_class=\u00bbvc_col-sm-pull-6&#8243;][vc_column_text el_class=\u00bbalter-1&#8243;]<\/p>\n<h2><a href=\"https:\/\/ospitalarioakfundazioaeuskadi.org\/es\/quienes-somos\/nuestra-historia\/transformacion-hospital-decadas\/\">Transformaci\u00f3n del Hospital en las d\u00e9cadas de los 80 y 90 del s. XX<\/a><\/h2>\n<div class=\"boton-morado\">\n<p><a href=\"https:\/\/ospitalarioakfundazioaeuskadi.org\/es\/quienes-somos\/nuestra-historia\/transformacion-hospital-decadas\/\">Leer m\u00e1s \u2192<\/a><\/p>\n<\/div>\n<p>[\/vc_column_text][\/vc_column][\/vc_row][vc_row][vc_column width=\u00bb1\/2&#8243;][vc_single_image image=\u00bb39542&#8243; img_size=\u00bbfull\u00bb onclick=\u00bbcustom_link\u00bb link=\u00bbhttps:\/\/www.ospitalarioakfundazioaeuskadi.org\/quienes-somos\/nuestra-historia\/hospital-aita-menni-hoy\/\u00bb][\/vc_column][vc_column width=\u00bb1\/2&#8243;][vc_column_text el_class=\u00bbalter-2&#8243;]<\/p>\n<h2><a href=\"https:\/\/ospitalarioakfundazioaeuskadi.org\/es\/quienes-somos\/nuestra-historia\/hospital-aita-menni-hoy\/\">El Hospital Aita Menni en el s. XXI<\/a><\/h2>\n<div class=\"boton-morado\">\n<p><a href=\"https:\/\/ospitalarioakfundazioaeuskadi.org\/es\/quienes-somos\/nuestra-historia\/hospital-aita-menni-hoy\/\">Leer m\u00e1s \u2192<\/a><\/p>\n<\/div>\n<p>[\/vc_column_text][\/vc_column][\/vc_row]<\/p>\n<\/div>","protected":false},"excerpt":{"rendered":"<div class=\"entry-summary\">\n Nuestra historia El d\u00eda 1 de junio de 1898, el padre Benito Menni, junto con el doctor Ricardo A\u00f1ibarro, algunas hermanas Hospitalarias, hermanos de San Juan de&hellip;\n<\/div>\n<div class=\"link-more\"><a href=\"https:\/\/ospitalarioakfundazioaeuskadi.org\/es\/quienes-somos\/nuestra-historia\/\" class=\"more-link\">Seguir leyendo<span class=\"screen-reader-text\"> &ldquo;Nuestra historia&rdquo;<\/span>&hellip;<\/a><\/div>\n","protected":false},"author":1,"featured_media":0,"parent":24466,"menu_order":8,"comment_status":"closed","ping_status":"closed","template":"templates\/sin-head-h1.php","meta":{"footnotes":""},"class_list":["post-24504","page","type-page","status-publish","hentry","entry"],"_links":{"self":[{"href":"https:\/\/ospitalarioakfundazioaeuskadi.org\/es\/wp-json\/wp\/v2\/pages\/24504","targetHints":{"allow":["GET"]}}],"collection":[{"href":"https:\/\/ospitalarioakfundazioaeuskadi.org\/es\/wp-json\/wp\/v2\/pages"}],"about":[{"href":"https:\/\/ospitalarioakfundazioaeuskadi.org\/es\/wp-json\/wp\/v2\/types\/page"}],"author":[{"embeddable":true,"href":"https:\/\/ospitalarioakfundazioaeuskadi.org\/es\/wp-json\/wp\/v2\/users\/1"}],"replies":[{"embeddable":true,"href":"https:\/\/ospitalarioakfundazioaeuskadi.org\/es\/wp-json\/wp\/v2\/comments?post=24504"}],"version-history":[{"count":4,"href":"https:\/\/ospitalarioakfundazioaeuskadi.org\/es\/wp-json\/wp\/v2\/pages\/24504\/revisions"}],"predecessor-version":[{"id":70903,"href":"https:\/\/ospitalarioakfundazioaeuskadi.org\/es\/wp-json\/wp\/v2\/pages\/24504\/revisions\/70903"}],"up":[{"embeddable":true,"href":"https:\/\/ospitalarioakfundazioaeuskadi.org\/es\/wp-json\/wp\/v2\/pages\/24466"}],"wp:attachment":[{"href":"https:\/\/ospitalarioakfundazioaeuskadi.org\/es\/wp-json\/wp\/v2\/media?parent=24504"}],"curies":[{"name":"wp","href":"https:\/\/api.w.org\/{rel}","templated":true}]}}