{"id":24506,"date":"2021-09-25T18:01:05","date_gmt":"2021-09-25T18:01:05","guid":{"rendered":"http:\/\/194.35.43.170\/~aitamenninueva\/?page_id=24506"},"modified":"2025-01-08T01:12:31","modified_gmt":"2025-01-08T01:12:31","slug":"responsabilidad-social","status":"publish","type":"page","link":"https:\/\/ospitalarioakfundazioaeuskadi.org\/es\/quienes-somos\/responsabilidad-social\/","title":{"rendered":"Responsabilidad social"},"content":{"rendered":"<div class=\"wpb-content-wrapper\"><p>[vc_row][vc_column width=\u00bb1\/2&#8243; el_class=\u00bbvc_col-sm-push-6&#8243;][vc_column_text][\/vc_column_text][\/vc_column][vc_column width=\u00bb1\/2&#8243; el_class=\u00bbvc_col-sm-pull-6&#8243;][vc_column_text css=\u00bb\u00bb]<\/p>\n<h1>Responsabilidad social<\/h1>\n<p>En <strong>Ospitalarioak Fundazioa Euskadi<\/strong>, integramos en nuestra gesti\u00f3n la preocupaci\u00f3n por generar un impacto positivo en nuestro entorno laboral, social y medioambiental, y en nuestra relaci\u00f3n con la comunidad en la que vivimos.<\/p>\n<p>Por ello, llevamos a cabo iniciativas en diversos \u00e1mbitos que generan una mejora y un beneficio tanto en nuestra Instituci\u00f3n como en el entorno que nos rodea.[\/vc_column_text][\/vc_column][\/vc_row][vc_row][vc_column width=\u00bb1\/2&#8243; el_class=\u00bbvc_col-sm-push-6&#8243;][vc_single_image image=\u00bb40591&#8243; img_size=\u00bblarge\u00bb onclick=\u00bbcustom_link\u00bb link=\u00bbhttps:\/\/www.ospitalarioakfundazioaeuskadi.org\/es\/quienes-somos\/responsabilidad-social\/igualdad\/\u00bb][\/vc_column][vc_column width=\u00bb1\/2&#8243; el_class=\u00bbvc_col-sm-pull-6&#8243;][vc_column_text css=\u00bb\u00bb el_class=\u00bbalter-1&#8243;]<\/p>\n<h2><a href=\"https:\/\/ospitalarioakfundazioaeuskadi.org\/es\/quienes-somos\/responsabilidad-social\/igualdad\/\">Igualdad<\/a><\/h2>\n<p><strong>Ospitalarioak Fundazioa Euskadi<\/strong> no s\u00f3lo est\u00e1 comprometida con la <strong>igualdad<\/strong> entre hombres y mujeres en el plano laboral, sino que apuesta por promover medidas de concienciaci\u00f3n que conduzcan al cambio social necesario para la desaparici\u00f3n de las desigualdades y la erradicaci\u00f3n de la violencia contra las mujeres.<\/p>\n<div class=\"boton-morado\">\n<p><a href=\"https:\/\/ospitalarioakfundazioaeuskadi.org\/es\/quienes-somos\/responsabilidad-social\/igualdad\/\">Leer m\u00e1s \u2192<\/a><\/p>\n<\/div>\n<p>[\/vc_column_text][\/vc_column][\/vc_row][vc_row][vc_column width=\u00bb1\/2&#8243;][vc_single_image image=\u00bb41845&#8243; img_size=\u00bblarge\u00bb onclick=\u00bbcustom_link\u00bb link=\u00bbhttps:\/\/www.ospitalarioakfundazioaeuskadi.org\/es\/quienes-somos\/responsabilidad-social\/medio-ambiente\u00bb][\/vc_column][vc_column width=\u00bb1\/2&#8243;][vc_column_text css=\u00bb\u00bb el_class=\u00bbalter-2&#8243;]<\/p>\n<h2><a href=\"https:\/\/ospitalarioakfundazioaeuskadi.org\/es\/quienes-somos\/responsabilidad-social\/medio-ambiente\/\">Medio ambiente<\/a><\/h2>\n<p><strong>Ospitalarioak Fundazioa Euskadi<\/strong> participa del compromiso social e institucional de su entorno en la defensa del medio natural y la lucha contra el cambio clim\u00e1tico.<\/p>\n<div class=\"boton-morado\">\n<p><a href=\"https:\/\/ospitalarioakfundazioaeuskadi.org\/es\/quienes-somos\/responsabilidad-social\/medio-ambiente\/\">Leer m\u00e1s \u2192<\/a><\/p>\n<\/div>\n<p>[\/vc_column_text][\/vc_column][\/vc_row][vc_row][vc_column width=\u00bb1\/2&#8243; el_class=\u00bbvc_col-sm-push-6&#8243;][vc_single_image image=\u00bb41837&#8243; img_size=\u00bblarge\u00bb onclick=\u00bbcustom_link\u00bb link=\u00bbhttps:\/\/www.ospitalarioakfundazioaeuskadi.org\/es\/quienes-somos\/responsabilidad-social\/euskera\/\u00bb][\/vc_column][vc_column width=\u00bb1\/2&#8243; el_class=\u00bbvc_col-sm-pull-6&#8243;][vc_column_text css=\u00bb\u00bb el_class=\u00bbalter-1&#8243;]<\/p>\n<h2><a href=\"https:\/\/ospitalarioakfundazioaeuskadi.org\/es\/quienes-somos\/responsabilidad-social\/euskera\/\">Euskera<\/a><\/h2>\n<p>Con el fin de garantizar el derecho de pacientes, familias y personal a utilizar la lengua vasca, <strong>Ospitalarioak Fundazioa Euskadi<\/strong>\u00a0dispone de una <strong>Comisi\u00f3n de Euskera<\/strong>, que tiene, entre otras atribuciones, la de desarrollar los contenidos del <strong>Plan de Euskera<\/strong>.<\/p>\n<div class=\"boton-morado\">\n<p><a href=\"https:\/\/ospitalarioakfundazioaeuskadi.org\/es\/quienes-somos\/responsabilidad-social\/euskera\/\">Leer m\u00e1s \u2192<\/a><\/p>\n<\/div>\n<p>[\/vc_column_text][\/vc_column][\/vc_row][vc_row][vc_column width=\u00bb1\/2&#8243;][vc_single_image image=\u00bb30507&#8243; img_size=\u00bblarge\u00bb onclick=\u00bbcustom_link\u00bb link=\u00bbhttps:\/\/www.ospitalarioakfundazioaeuskadi.org\/es\/quienes-somos\/responsabilidad-social\/deporte-adaptado\/\u00bb][\/vc_column][vc_column width=\u00bb1\/2&#8243;][vc_column_text el_class=\u00bbalter-2&#8243;]<\/p>\n<h2><a href=\"https:\/\/ospitalarioakfundazioaeuskadi.org\/es\/quienes-somos\/responsabilidad-social\/deporte-adaptado\/\">Deporte adaptado<\/a><\/h2>\n<p>Adem\u00e1s de nuestra intervenci\u00f3n en el proceso rehabilitador, en Aita Menni tratamos de facilitar a las personas con diferencias funcionales o con enfermedad mental el acceso a actividades de ocio y relaci\u00f3n social. Con ese objetivo, creamos la\u00a0 <strong>Agrupaci\u00f3n Deportiva Aita Menni (ADAM).<\/strong><\/p>\n<div class=\"boton-morado\">\n<p><a href=\"https:\/\/ospitalarioakfundazioaeuskadi.org\/es\/quienes-somos\/responsabilidad-social\/deporte-adaptado\/\">Leer m\u00e1s \u2192<\/a><\/p>\n<\/div>\n<p>[\/vc_column_text][\/vc_column][\/vc_row]<\/p>\n<\/div>","protected":false},"excerpt":{"rendered":"<div class=\"entry-summary\">\n Responsabilidad social En Ospitalarioak Fundazioa Euskadi, integramos en nuestra gesti\u00f3n la preocupaci\u00f3n por generar un impacto positivo en nuestro entorno laboral, social y medioambiental, y en nuestra relaci\u00f3n con la comunidad en la que&hellip;\n<\/div>\n<div class=\"link-more\"><a href=\"https:\/\/ospitalarioakfundazioaeuskadi.org\/es\/quienes-somos\/responsabilidad-social\/\" class=\"more-link\">Seguir leyendo<span class=\"screen-reader-text\"> &ldquo;Responsabilidad social&rdquo;<\/span>&hellip;<\/a><\/div>\n","protected":false},"author":1,"featured_media":0,"parent":24466,"menu_order":20,"comment_status":"closed","ping_status":"closed","template":"templates\/sin-head-h1.php","meta":{"footnotes":""},"class_list":["post-24506","page","type-page","status-publish","hentry","entry"],"_links":{"self":[{"href":"https:\/\/ospitalarioakfundazioaeuskadi.org\/es\/wp-json\/wp\/v2\/pages\/24506","targetHints":{"allow":["GET"]}}],"collection":[{"href":"https:\/\/ospitalarioakfundazioaeuskadi.org\/es\/wp-json\/wp\/v2\/pages"}],"about":[{"href":"https:\/\/ospitalarioakfundazioaeuskadi.org\/es\/wp-json\/wp\/v2\/types\/page"}],"author":[{"embeddable":true,"href":"https:\/\/ospitalarioakfundazioaeuskadi.org\/es\/wp-json\/wp\/v2\/users\/1"}],"replies":[{"embeddable":true,"href":"https:\/\/ospitalarioakfundazioaeuskadi.org\/es\/wp-json\/wp\/v2\/comments?post=24506"}],"version-history":[{"count":3,"href":"https:\/\/ospitalarioakfundazioaeuskadi.org\/es\/wp-json\/wp\/v2\/pages\/24506\/revisions"}],"predecessor-version":[{"id":70894,"href":"https:\/\/ospitalarioakfundazioaeuskadi.org\/es\/wp-json\/wp\/v2\/pages\/24506\/revisions\/70894"}],"up":[{"embeddable":true,"href":"https:\/\/ospitalarioakfundazioaeuskadi.org\/es\/wp-json\/wp\/v2\/pages\/24466"}],"wp:attachment":[{"href":"https:\/\/ospitalarioakfundazioaeuskadi.org\/es\/wp-json\/wp\/v2\/media?parent=24506"}],"curies":[{"name":"wp","href":"https:\/\/api.w.org\/{rel}","templated":true}]}}