{"id":24521,"date":"2021-09-25T18:06:41","date_gmt":"2021-09-25T18:06:41","guid":{"rendered":"http:\/\/194.35.43.170\/~aitamenninueva\/?page_id=24521"},"modified":"2025-12-05T14:23:02","modified_gmt":"2025-12-05T12:23:02","slug":"voluntariado","status":"publish","type":"page","link":"https:\/\/ospitalarioakfundazioaeuskadi.org\/es\/hospitalidad\/voluntariado\/","title":{"rendered":"Voluntariado"},"content":{"rendered":"<div class=\"wpb-content-wrapper\"><p>[vc_row][vc_column width=\u00bb1\/2&#8243; el_class=\u00bbvc_col-sm-push-6&#8243;][vc_single_image image=\u00bb38965&#8243; img_size=\u00bblarge\u00bb alignment=\u00bbcenter\u00bb el_class=\u00bb.sombra-1&#8243;][\/vc_column][vc_column width=\u00bb1\/2&#8243; el_class=\u00bbvc_col-sm-pull-6&#8243;][vc_column_text css=\u00bb\u00bb el_class=\u00bbalter-1&#8243;]<\/p>\n<h1>Voluntariado<\/h1>\n<p>El <strong>voluntariado<\/strong> es una de las expresiones m\u00e1s claras de solidaridad, que mira de forma positiva, que expresa el respeto pleno por la persona, que hace visible el compromiso hospitalario de ayudar a encontrar el propio proyecto de vida y a conseguir la felicidad.<\/p>\n<p><strong>Ser voluntario\/a en Ospitalarioak Fundazioa Euskadi es m\u00e1s que hacer voluntariado. Es una actitud de vida, un valor a\u00f1adido que va configurando en la persona valores esenciales que, puestos al servicio de los dem\u00e1s, hacen que el mundo sea cada vez m\u00e1s humano, m\u00e1s habitable, m\u00e1s amable.<\/strong><\/p>\n<p>La aportaci\u00f3n de nuestras voluntarias y voluntarios en tareas de <strong>acompa\u00f1amiento<\/strong> y <strong>humanizaci\u00f3n de la asistencia<\/strong> es fundamental, ya que ofrecen su tiempo y compa\u00f1\u00eda estableciendo una relaci\u00f3n puramente humana entre personas que se reconocen iguales.[\/vc_column_text][\/vc_column][\/vc_row][vc_row gap=\u00bb35&#8243;][vc_column width=\u00bb1\/2&#8243;][vc_column_text css=\u00bb\u00bb]Alrededor de un centenar de personas colaboran con <strong>Ospitalarioak Fundazioa Euskadi<\/strong>\u00a0realizando voluntariado.<\/p>\n<ul>\n<li><strong>Acompa\u00f1amientos<\/strong> dentro y fuera de los centros.<\/li>\n<li><strong>Talleres<\/strong> grupales.<\/li>\n<li><strong>Actividades<\/strong> de verano.<\/li>\n<\/ul>\n<p>[\/vc_column_text][\/vc_column][vc_column width=\u00bb1\/2&#8243;][vc_column_text]Nuestro voluntariado se distingue por su <strong>acogida gratuita y solidaria a la persona necesitada<\/strong> y vulnerable; se inspira en los valores y principios de la congregaci\u00f3n de las <a href=\"https:\/\/www.hospitalarias.org\" rel=\"nofollow noopener\" target=\"_blank\">Hermanas Hospitalarias<\/a>, fundada por <strong>San Benito Menni<\/strong> junto con <strong>Mar\u00eda Josefa Recio<\/strong> y <strong>Mar\u00eda Angustias Gim\u00e9nez<\/strong>. En torno a la <a href=\"https:\/\/ospitalarioakfundazioaeuskadi.org\/es\/hospitalidad\/valores-hospitalarios\/\">Hospitalidad<\/a> que nos define, resaltamos <strong>tres grandes valores<\/strong> que alientan y conducen el voluntariado hospitalario:[\/vc_column_text][\/vc_column][\/vc_row][vc_row gap=\u00bb35&#8243;][vc_column width=\u00bb1\/3&#8243;][vc_column_text el_class=\u00bbrg-20&#8243;]La <strong>dignidad de la persona enferma<\/strong>, de modo especial la aquejada por el dolor mental, la discapacidad, la marginaci\u00f3n, la pobreza.[\/vc_column_text][\/vc_column][vc_column width=\u00bb1\/3&#8243;][vc_column_text el_class=\u00bbrg-20&#8243;]<strong>La gratuidad voluntaria<\/strong>. Entrega de tiempo y trabajo, como fruto de una exigencia interior y de una sensibilidad por la necesidad de los otros.[\/vc_column_text][\/vc_column][vc_column width=\u00bb1\/3&#8243;][vc_column_text el_class=\u00bbrg-20&#8243;]<strong>La solidaridad humana<\/strong>. Acercarse a los bordes del camino. Construir un mundo m\u00e1s humano y m\u00e1s justo.[\/vc_column_text][\/vc_column][\/vc_row][vc_row el_class=\u00bbcentrado\u00bb][vc_column][vc_column_text css=\u00bb\u00bb]<\/p>\n<h2 style=\"text-align: center;\"><span style=\"background-color: var(--color_content_background); color: var(--color_content_text); font-family: var(--typography_fonts_text);\">V\u00eddeo: hacer voluntariado<\/span><\/h2>\n<p>[\/vc_column_text][vc_column_text el_class=\u00bbcentrado\u00bb]<div class=\"cookieconsent-optout-marketing\">\n<div class=\"alert alert-warning\">Este contenido est\u00e1 alojado en un proveedor externo. Si quieres verlo, debes <a href=\"javascript:Cookiebot.renew()\" style=\"cursor:pointer;text-decoration:underline;\">aceptar las cookies de la categor\u00eda \"Otras\"<\/a> en la Configuraci\u00f3n de Cookies.<\/div><\/div>\n<p><iframe loading=\"lazy\" title=\"Voluntariado en el Hospital Aita Menni\" width=\"889\" height=\"500\" src=\"https:\/\/www.youtube.com\/embed\/ZbNriFEStqg?feature=oembed\" frameborder=\"0\" allow=\"accelerometer; autoplay; clipboard-write; encrypted-media; gyroscope; picture-in-picture; web-share\" referrerpolicy=\"strict-origin-when-cross-origin\" allowfullscreen><\/iframe><\/p>\n<p>[\/vc_column_text][\/vc_column][\/vc_row][vc_row full_width=\u00bbstretch_row\u00bb css=\u00bb.vc_custom_1647453597960{background-color: rgba(120,205,209,0.23) !important;*background-color: rgb(120,205,209) !important;}\u00bb][vc_column][vc_column_text css=\u00bb\u00bb el_class=\u00bb.blanco\u00bb]<\/p>\n<h3 style=\"text-align: center; border: 0;\">Buscamos personas que quieran compartir una parte de su tiempo haciendo compa\u00f1\u00eda a personas con enfermedad mental o personas mayores.<\/h3>\n<p>[\/vc_column_text][vc_column_text css=\u00bb\u00bb]<\/p>\n<h3 style=\"text-align: center; border: 0;\"><strong>\u00a1Te buscamos a ti!<\/strong><\/h3>\n<p>[\/vc_column_text][vc_column_text css=\u00bb\u00bb el_class=\u00bbcentrado\u00bb]<\/p>\n<p style=\"margin-bottom: var(--golden_rem);\"><span style=\"font-weight: bold;\">Egoitz Zabala Sagarna<\/span><br \/>\n<a href=\"mailto:egoitz.zabala@fundacionhospitalarias.org\">egoitz.zabala@fundacionhospitalarias.org<\/a><br \/>\nTel. 943 794 411oitz.<\/p>\n<p>[\/vc_column_text][\/vc_column][\/vc_row][vc_row full_width=\u00bbstretch_row\u00bb el_class=\u00bbnot\u00bb][vc_column][vc_column_text]<\/p>\n\n\n\n<div id=\"wpv-view-layout-40875-CATTR2d45bd5c5fa743c26ba41ba91978c2aa\" class=\"js-wpv-view-layout js-wpv-layout-responsive js-wpv-view-layout-40875-CATTR2d45bd5c5fa743c26ba41ba91978c2aa\" data-viewnumber=\"40875-CATTR2d45bd5c5fa743c26ba41ba91978c2aa\" data-pagination=\"{&quot;id&quot;:40875,&quot;query&quot;:&quot;normal&quot;,&quot;type&quot;:&quot;disabled&quot;,&quot;effect&quot;:&quot;slideh&quot;,&quot;duration&quot;:350,&quot;speed&quot;:5,&quot;pause_on_hover&quot;:&quot;enabled&quot;,&quot;stop_rollover&quot;:&quot;false&quot;,&quot;cache_pages&quot;:&quot;enabled&quot;,&quot;preload_images&quot;:&quot;enabled&quot;,&quot;preload_pages&quot;:&quot;enabled&quot;,&quot;preload_reach&quot;:1,&quot;spinner&quot;:&quot;disabled&quot;,&quot;spinner_image&quot;:&quot;https:\/\/www.aita-menni.org\/wp-content\/plugins\/toolset-blocks\/embedded\/res\/img\/ajax-loader2.svg&quot;,&quot;callback_next&quot;:&quot;&quot;,&quot;manage_history&quot;:&quot;disabled&quot;,&quot;has_controls_in_form&quot;:&quot;disabled&quot;,&quot;infinite_tolerance&quot;:100,&quot;max_pages&quot;:1,&quot;page&quot;:1,&quot;base_permalink&quot;:&quot;\/es\/wp-json\/wp\/v2\/pages\/24521?wpv_view_count=40875-CATTR2d45bd5c5fa743c26ba41ba91978c2aa&amp;wpv_paged=WPV_PAGE_NUM&quot;,&quot;loop&quot;:{&quot;type&quot;:&quot;&quot;,&quot;name&quot;:&quot;&quot;,&quot;data&quot;:[],&quot;id&quot;:0}}\" data-permalink=\"\/es\/wp-json\/wp\/v2\/pages\/24521?wpv_view_count=40875-CATTR2d45bd5c5fa743c26ba41ba91978c2aa\">\n\n\t\n<h2 style=\"text-align:center;\">Actualidad<\/h2>\n<div class=\"sli\">\n\n\t\n\t\t<div class=\"diapo\"><div style=\"margin-bottom:0px;padding-bottom:20px;\">\n<article>\n<figure><a href=\"https:\/\/ospitalarioakfundazioaeuskadi.org\/es\/jornada-identidad-valores-hospitalarios-octubre-2025\/\"><img loading=\"lazy\" decoding=\"async\" width=\"425\" height=\"319\" src=\"https:\/\/ospitalarioakfundazioaeuskadi.org\/wp-content\/uploads\/2025\/10\/20251028-formacion-valores-3-425x319.jpg\" class=\"attachment-medium size-medium cropar wp-post-image\" alt=\"Un grupo de personas sentadas atiende las explicaciones de un hombre que se\u00f1ala una pantalla\" srcset=\"https:\/\/ospitalarioakfundazioaeuskadi.org\/wp-content\/uploads\/2025\/10\/20251028-formacion-valores-3-425x319.jpg 425w, https:\/\/ospitalarioakfundazioaeuskadi.org\/wp-content\/uploads\/2025\/10\/20251028-formacion-valores-3-768x576.jpg 768w, https:\/\/ospitalarioakfundazioaeuskadi.org\/wp-content\/uploads\/2025\/10\/20251028-formacion-valores-3.jpg 850w\" sizes=\"auto, (max-width: 425px) 100vw, 425px\" title=\"\"><\/a><\/figure>\n<p><time>30 de octubre de 2025<\/time><\/p>\n<h3 class=\"morado\"><a href=\"https:\/\/ospitalarioakfundazioaeuskadi.org\/es\/jornada-identidad-valores-hospitalarios-octubre-2025\/\">\u00abHospitalidad que transforma vidas\u00bb: profundizando en los valores que nos inspiran<\/a><\/h3>\n<\/article>\n<\/div>\n<\/div>\n\t\n\t\t<div class=\"diapo\"><div style=\"margin-bottom:0px;padding-bottom:20px;\">\n<article>\n<figure><a href=\"https:\/\/ospitalarioakfundazioaeuskadi.org\/es\/reunion-equipo-unidad-salud-mental-liberia\/\"><img loading=\"lazy\" decoding=\"async\" width=\"425\" height=\"319\" src=\"https:\/\/ospitalarioakfundazioaeuskadi.org\/wp-content\/uploads\/2024\/09\/20240917-reunion-liberia-425x319.jpg\" class=\"attachment-medium size-medium cropar wp-post-image\" alt=\"De izquierda a derecha, Mikel Tellaeche, Cecilia \u00c1lvarez, Cristina Bressel, Enrique Gonz\u00e1lez, Macarena Aspiunza y Egoitz Zabala.\" srcset=\"https:\/\/ospitalarioakfundazioaeuskadi.org\/wp-content\/uploads\/2024\/09\/20240917-reunion-liberia-425x319.jpg 425w, https:\/\/ospitalarioakfundazioaeuskadi.org\/wp-content\/uploads\/2024\/09\/20240917-reunion-liberia-768x576.jpg 768w, https:\/\/ospitalarioakfundazioaeuskadi.org\/wp-content\/uploads\/2024\/09\/20240917-reunion-liberia.jpg 850w\" sizes=\"auto, (max-width: 425px) 100vw, 425px\" title=\"\"><\/a><\/figure>\n<p><time>18 de septiembre de 2024<\/time><\/p>\n<h3 class=\"morado\"><a href=\"https:\/\/ospitalarioakfundazioaeuskadi.org\/es\/reunion-equipo-unidad-salud-mental-liberia\/\">Reuni\u00f3n del equipo asistencial de apoyo a la Unidad de Salud Mental de Liberia<\/a><\/h3>\n<\/article>\n<\/div>\n<\/div>\n\t\n\t\t<div class=\"diapo\"><div style=\"margin-bottom:0px;padding-bottom:20px;\">\n<article>\n<figure><a href=\"https:\/\/ospitalarioakfundazioaeuskadi.org\/es\/homenaje-hospitalidad-lourdes-gipuzkoa\/\"><img loading=\"lazy\" decoding=\"async\" width=\"425\" height=\"319\" src=\"https:\/\/ospitalarioakfundazioaeuskadi.org\/wp-content\/uploads\/2024\/04\/hospitalarias-aita-menni-hospitalidad-lourdes-425x319.jpg\" class=\"attachment-medium size-medium cropar wp-post-image\" alt=\"Respresentantes de Hermanas Hospitalarias Aita Menni y de la Hospitalidad de Lourdes en Gipuzkoa\" srcset=\"https:\/\/ospitalarioakfundazioaeuskadi.org\/wp-content\/uploads\/2024\/04\/hospitalarias-aita-menni-hospitalidad-lourdes-425x319.jpg 425w, https:\/\/ospitalarioakfundazioaeuskadi.org\/wp-content\/uploads\/2024\/04\/hospitalarias-aita-menni-hospitalidad-lourdes-768x576.jpg 768w, https:\/\/ospitalarioakfundazioaeuskadi.org\/wp-content\/uploads\/2024\/04\/hospitalarias-aita-menni-hospitalidad-lourdes.jpg 850w\" sizes=\"auto, (max-width: 425px) 100vw, 425px\" title=\"\"><\/a><\/figure>\n<p><time>25 de abril de 2024<\/time><\/p>\n<h3 class=\"morado\"><a href=\"https:\/\/ospitalarioakfundazioaeuskadi.org\/es\/homenaje-hospitalidad-lourdes-gipuzkoa\/\">Homenajeamos a la Hospitalidad de Lourdes de Gipuzkoa<\/a><\/h3>\n<\/article>\n<\/div>\n<\/div>\n\t\n\t\t<div class=\"diapo\"><div style=\"margin-bottom:0px;padding-bottom:20px;\">\n<article>\n<figure><a href=\"https:\/\/ospitalarioakfundazioaeuskadi.org\/es\/hermanas-hospitalarias-congreso-nacional-voluntariado\/\"><img loading=\"lazy\" decoding=\"async\" width=\"425\" height=\"319\" src=\"https:\/\/ospitalarioakfundazioaeuskadi.org\/wp-content\/uploads\/2023\/10\/III-Congreso-Nacional-de-Voluntariado-425x319.jpg\" class=\"attachment-medium size-medium cropar wp-post-image\" alt=\"El grupo de personas voluntarias de Hermanas Hospitalarias Aita Menni asistente al Congreso.\" srcset=\"https:\/\/ospitalarioakfundazioaeuskadi.org\/wp-content\/uploads\/2023\/10\/III-Congreso-Nacional-de-Voluntariado-425x319.jpg 425w, https:\/\/ospitalarioakfundazioaeuskadi.org\/wp-content\/uploads\/2023\/10\/III-Congreso-Nacional-de-Voluntariado-768x576.jpg 768w, https:\/\/ospitalarioakfundazioaeuskadi.org\/wp-content\/uploads\/2023\/10\/III-Congreso-Nacional-de-Voluntariado.jpg 850w\" sizes=\"auto, (max-width: 425px) 100vw, 425px\" title=\"\"><\/a><\/figure>\n<p><time>3 de octubre de 2023<\/time><\/p>\n<h3 class=\"morado\"><a href=\"https:\/\/ospitalarioakfundazioaeuskadi.org\/es\/hermanas-hospitalarias-congreso-nacional-voluntariado\/\">Volvemos del III Congreso Nacional de Voluntariado con el coraz\u00f3n lleno<\/a><\/h3>\n<\/article>\n<\/div>\n<\/div>\n\t\n\t\t<div class=\"diapo\"><div style=\"margin-bottom:0px;padding-bottom:20px;\">\n<article>\n<figure><a href=\"https:\/\/ospitalarioakfundazioaeuskadi.org\/es\/sor-inca-gonzalez-premio-anesvad-heallth\/\"><img loading=\"lazy\" decoding=\"async\" width=\"425\" height=\"284\" src=\"https:\/\/ospitalarioakfundazioaeuskadi.org\/wp-content\/uploads\/2023\/05\/20230509-anesvad-inca-gonzalez-1-425x284.jpg\" class=\"attachment-medium size-medium cropar wp-post-image\" alt=\"Sor Encarnaci\u00f3n Gonz\u00e1lez recibe el premio de la Fundaci\u00f3n Anesvad\" srcset=\"https:\/\/ospitalarioakfundazioaeuskadi.org\/wp-content\/uploads\/2023\/05\/20230509-anesvad-inca-gonzalez-1-425x284.jpg 425w, https:\/\/ospitalarioakfundazioaeuskadi.org\/wp-content\/uploads\/2023\/05\/20230509-anesvad-inca-gonzalez-1-768x512.jpg 768w, https:\/\/ospitalarioakfundazioaeuskadi.org\/wp-content\/uploads\/2023\/05\/20230509-anesvad-inca-gonzalez-1.jpg 850w\" sizes=\"auto, (max-width: 425px) 100vw, 425px\" title=\"\"><\/a><\/figure>\n<p><time>10 de mayo de 2023<\/time><\/p>\n<h3 class=\"morado\"><a href=\"https:\/\/ospitalarioakfundazioaeuskadi.org\/es\/sor-inca-gonzalez-premio-anesvad-heallth\/\">Anesvad premia los 30 a\u00f1os de sor \u201cInca\u201d Gonz\u00e1lez como misionera en Liberia<\/a><\/h3>\n<\/article>\n<\/div>\n<\/div>\n\t\n\t\t<div class=\"diapo\"><div style=\"margin-bottom:0px;padding-bottom:20px;\">\n<article>\n<figure><a href=\"https:\/\/ospitalarioakfundazioaeuskadi.org\/es\/gracias-por-todo-sor-nieves-y-sor-juliana\/\"><img loading=\"lazy\" decoding=\"async\" width=\"373\" height=\"425\" src=\"https:\/\/ospitalarioakfundazioaeuskadi.org\/wp-content\/uploads\/2023\/02\/sor-nieves-y-sor-juliana-425x484.jpg\" class=\"attachment-medium size-medium cropar wp-post-image\" alt=\"Sor Nieves Ajona Sanz y sor Juliana P\u00e9rez Mart\u00edn\" srcset=\"https:\/\/ospitalarioakfundazioaeuskadi.org\/wp-content\/uploads\/2023\/02\/sor-nieves-y-sor-juliana-425x484.jpg 425w, https:\/\/ospitalarioakfundazioaeuskadi.org\/wp-content\/uploads\/2023\/02\/sor-nieves-y-sor-juliana-768x875.jpg 768w, https:\/\/ospitalarioakfundazioaeuskadi.org\/wp-content\/uploads\/2023\/02\/sor-nieves-y-sor-juliana.jpg 850w\" sizes=\"auto, (max-width: 373px) 100vw, 373px\" title=\"\"><\/a><\/figure>\n<p><time>24 de febrero de 2023<\/time><\/p>\n<h3 class=\"morado\"><a href=\"https:\/\/ospitalarioakfundazioaeuskadi.org\/es\/gracias-por-todo-sor-nieves-y-sor-juliana\/\">\u00a1Gracias por todo, sor Nieves y sor Juliana!<\/a><\/h3>\n<\/article>\n<\/div>\n<\/div>\n\t\n\t\t<div class=\"diapo\"><div style=\"margin-bottom:0px;padding-bottom:20px;\">\n<article>\n<figure><a href=\"https:\/\/ospitalarioakfundazioaeuskadi.org\/es\/animas-participar-nuestro-campo-trabajo-15007\/\"><img loading=\"lazy\" decoding=\"async\" width=\"425\" height=\"296\" src=\"https:\/\/ospitalarioakfundazioaeuskadi.org\/wp-content\/uploads\/2022\/09\/campo-de-trabajo-aita-menni2017\ufe561.jpg\" class=\"attachment-medium size-medium cropar wp-post-image\" alt=\"Actividades del grupo de participantes de nuestro campo de trabajo 2017\u00a0\" title=\"\"><\/a><\/figure>\n<p><time>15 de junio de 2022<\/time><\/p>\n<h3 class=\"morado\"><a href=\"https:\/\/ospitalarioakfundazioaeuskadi.org\/es\/animas-participar-nuestro-campo-trabajo-15007\/\">\u00bfTe animas a participar en nuestro campo de trabajo del Hospital Aita Menni?<\/a><\/h3>\n<\/article>\n<\/div>\n<\/div>\n\t\n\t\t<div class=\"diapo\"><div style=\"margin-bottom:0px;padding-bottom:20px;\">\n<article>\n<figure><a href=\"https:\/\/ospitalarioakfundazioaeuskadi.org\/es\/homenaje-nuestro-querido-juan-carlos-14897\/\"><img loading=\"lazy\" decoding=\"async\" width=\"425\" height=\"258\" src=\"https:\/\/ospitalarioakfundazioaeuskadi.org\/wp-content\/uploads\/2022\/04\/homenaje-juan-carlos-irizar-744x452.jpg\" class=\"attachment-medium size-medium cropar wp-post-image\" alt=\"Imagen del documental sobre Juan Carlos Irizar\" srcset=\"https:\/\/ospitalarioakfundazioaeuskadi.org\/wp-content\/uploads\/2022\/04\/homenaje-juan-carlos-irizar-744x452.jpg 744w, https:\/\/ospitalarioakfundazioaeuskadi.org\/wp-content\/uploads\/2022\/04\/homenaje-juan-carlos-irizar-768x466.jpg 768w, https:\/\/ospitalarioakfundazioaeuskadi.org\/wp-content\/uploads\/2022\/04\/homenaje-juan-carlos-irizar.jpg 850w\" sizes=\"auto, (max-width: 425px) 100vw, 425px\" title=\"\"><\/a><\/figure>\n<p><time>25 de abril de 2022<\/time><\/p>\n<h3 class=\"morado\"><a href=\"https:\/\/ospitalarioakfundazioaeuskadi.org\/es\/homenaje-nuestro-querido-juan-carlos-14897\/\">Homenaje a nuestro querido Juan Carlos Irizar en el Aquarium<\/a><\/h3>\n<\/article>\n<\/div>\n<\/div>\n\t\n\t\t<div class=\"diapo\"><div style=\"margin-bottom:0px;padding-bottom:20px;\">\n<article>\n<figure><a href=\"https:\/\/ospitalarioakfundazioaeuskadi.org\/es\/onate-rinde-homenaje-juan-carlos-14605\/\"><img loading=\"lazy\" decoding=\"async\" width=\"425\" height=\"319\" src=\"https:\/\/ospitalarioakfundazioaeuskadi.org\/wp-content\/uploads\/2022\/09\/juan-carlos-irizar\ufe560.jpg\" class=\"attachment-medium size-medium cropar wp-post-image\" alt=\"Actuaci\u00f3n de Juan Carlos Irizar con el coro Ametsa por el X aniversario de CRPS de Beasain en la que nos hace entrega de una composici\u00f3n dedicada al propio centro.\" title=\"\"><\/a><\/figure>\n<p><time>23 de noviembre de 2021<\/time><\/p>\n<h3 class=\"morado\"><a href=\"https:\/\/ospitalarioakfundazioaeuskadi.org\/es\/onate-rinde-homenaje-juan-carlos-14605\/\">O\u00f1ate rinde homenaje a Juan Carlos Irizar<\/a><\/h3>\n<\/article>\n<\/div>\n<\/div>\n\t\n\t\t<div class=\"diapo\"><div style=\"margin-bottom:0px;padding-bottom:20px;\">\n<article>\n<figure><a href=\"https:\/\/ospitalarioakfundazioaeuskadi.org\/es\/mucho-carino-mucha-entrega-vida-14502\/\"><\/a><\/figure>\n<p><time>4 de octubre de 2021<\/time><\/p>\n<h3 class=\"morado\"><a href=\"https:\/\/ospitalarioakfundazioaeuskadi.org\/es\/mucho-carino-mucha-entrega-vida-14502\/\">\u00abHay mucho cari\u00f1o y mucha entrega con la vida de los pacientes\u00bb<\/a><\/h3>\n<\/article>\n<\/div>\n<\/div>\n\t\n\t\t<div class=\"diapo\"><div style=\"margin-bottom:0px;padding-bottom:20px;\">\n<article>\n<figure><a href=\"https:\/\/ospitalarioakfundazioaeuskadi.org\/es\/legado-benito-menni-lecciones-pasado-14312\/\"><img loading=\"lazy\" decoding=\"async\" width=\"300\" height=\"165\" src=\"https:\/\/ospitalarioakfundazioaeuskadi.org\/wp-content\/uploads\/2021\/09\/vida-y-obra-padre-menni-0-300x165.jpg\" class=\"attachment-medium size-medium cropar wp-post-image\" alt=\"San Benito Menniren ondarea\" srcset=\"https:\/\/ospitalarioakfundazioaeuskadi.org\/wp-content\/uploads\/2021\/09\/vida-y-obra-padre-menni-0-300x165.jpg 300w, https:\/\/ospitalarioakfundazioaeuskadi.org\/wp-content\/uploads\/2021\/09\/vida-y-obra-padre-menni-0.jpg 535w\" sizes=\"auto, (max-width: 300px) 100vw, 300px\" title=\"\"><\/a><\/figure>\n<p><time>29 de abril de 2021<\/time><\/p>\n<h3 class=\"morado\"><a href=\"https:\/\/ospitalarioakfundazioaeuskadi.org\/es\/legado-benito-menni-lecciones-pasado-14312\/\">El legado de San Benito Menni, lecciones del pasado para afrontar nuestro tiempo<\/a><\/h3>\n<\/article>\n<\/div>\n<\/div>\n\t\n\t\t<div class=\"diapo\"><div style=\"margin-bottom:0px;padding-bottom:20px;\">\n<article>\n<figure><a href=\"https:\/\/ospitalarioakfundazioaeuskadi.org\/es\/goian-bego-descansa-juan-carlos-14318\/\"><img loading=\"lazy\" decoding=\"async\" width=\"300\" height=\"200\" src=\"https:\/\/ospitalarioakfundazioaeuskadi.org\/wp-content\/uploads\/2021\/09\/irizar-2-1-300x200.jpg\" class=\"attachment-medium size-medium cropar wp-post-image\" alt=\"GOIAN BEGO\" srcset=\"https:\/\/ospitalarioakfundazioaeuskadi.org\/wp-content\/uploads\/2021\/09\/irizar-2-1-300x200.jpg 300w, https:\/\/ospitalarioakfundazioaeuskadi.org\/wp-content\/uploads\/2021\/09\/irizar-2-1.jpg 535w\" sizes=\"auto, (max-width: 300px) 100vw, 300px\" title=\"\"><\/a><\/figure>\n<p><time>23 de abril de 2021<\/time><\/p>\n<h3 class=\"morado\"><a href=\"https:\/\/ospitalarioakfundazioaeuskadi.org\/es\/goian-bego-descansa-juan-carlos-14318\/\">Goian bego. Descansa en paz, Juan Carlos Irizar<\/a><\/h3>\n<\/article>\n<\/div>\n<\/div>\n\t\n\t\n<\/div>\n<div class=\"boton-morado\" style=\"padding-top:40px;\"><p style=\"text-align: center;\"><a title=\"Todas las noticias\" href=\"https:\/\/www.aita-menni.org\/es\/comunicacion\/actualidad\/\" rel=\"nofollow noopener\" target=\"_blank\">Todas las noticias \u2192<\/a><\/p><\/div>\n\t\n\t\n<\/div>\n<p>[\/vc_column_text][\/vc_column][\/vc_row][vc_row full_width=\u00bbstretch_row\u00bb][vc_column][vc_column_text]\n\n\n<div id=\"wpv-view-layout-41727-CATTR2d45bd5c5fa743c26ba41ba91978c2aa\" class=\"js-wpv-view-layout js-wpv-layout-responsive js-wpv-view-layout-41727-CATTR2d45bd5c5fa743c26ba41ba91978c2aa\" data-viewnumber=\"41727-CATTR2d45bd5c5fa743c26ba41ba91978c2aa\" data-pagination=\"{&quot;id&quot;:41727,&quot;query&quot;:&quot;normal&quot;,&quot;type&quot;:&quot;disabled&quot;,&quot;effect&quot;:&quot;fade&quot;,&quot;duration&quot;:500,&quot;speed&quot;:5,&quot;pause_on_hover&quot;:&quot;enabled&quot;,&quot;stop_rollover&quot;:&quot;false&quot;,&quot;cache_pages&quot;:&quot;enabled&quot;,&quot;preload_images&quot;:&quot;enabled&quot;,&quot;preload_pages&quot;:&quot;enabled&quot;,&quot;preload_reach&quot;:1,&quot;spinner&quot;:&quot;builtin&quot;,&quot;spinner_image&quot;:&quot;https:\/\/www.aita-menni.org\/wp-content\/plugins\/toolset-blocks\/embedded\/res\/img\/ajax-loader.gif&quot;,&quot;callback_next&quot;:&quot;&quot;,&quot;manage_history&quot;:&quot;enabled&quot;,&quot;has_controls_in_form&quot;:&quot;disabled&quot;,&quot;infinite_tolerance&quot;:&quot;0&quot;,&quot;max_pages&quot;:1,&quot;page&quot;:1,&quot;base_permalink&quot;:&quot;\/es\/wp-json\/wp\/v2\/pages\/24521?wpv_view_count=41727-CATTR2d45bd5c5fa743c26ba41ba91978c2aa&amp;wpv_paged=WPV_PAGE_NUM&quot;,&quot;loop&quot;:{&quot;type&quot;:&quot;&quot;,&quot;name&quot;:&quot;&quot;,&quot;data&quot;:[],&quot;id&quot;:0}}\" data-permalink=\"\/es\/wp-json\/wp\/v2\/pages\/24521?wpv_view_count=41727-CATTR2d45bd5c5fa743c26ba41ba91978c2aa\">\n\n\t\n<div style=\"margin-top:80px;\"><h2 style=\"text-align:center;\">Art\u00edculos<\/h2><\/div>\n<div class=\"sli-a\">\n\t\n\t\n      <div class=\"diapo\"><!-- <figure><a href=\"[wpv-post-url]\" title=\"[wpv-post-title]\">[wpv-post-featured-image size='medium' class='cropar']<\/a><\/figure> -->\n<h3 class=\"morado\"><a href=\"https:\/\/ospitalarioakfundazioaeuskadi.org\/es\/articulo\/voluntariado-euskadi-mertxe-arrasate\/\">Voluntariado en Euskadi: Mertxe, 91 a\u00f1os y 23 acompa\u00f1ando en Arrasate<\/a><\/h3>\n<time>2 de marzo de 2026<\/time>\n<p>\n\n\n\n\t\n\t\n\t\t<strong><\/strong>\n\t\n\n<\/p><\/div>\n\t\n\t\n<\/div>\n<div class=\"boton-morado\" style=\"padding-top:40px;\"><p style=\"text-align: center;\"><a title=\"Todos los art\u00edculos\" href=\"https:\/\/www.aita-menni.org\/es\/comunicacion\/articulos\/\" rel=\"nofollow noopener\" target=\"_blank\">Todos los art\u00edculos \u2192<\/a><\/p><\/div>\n\t\n\t\n<\/div>\n[\/vc_column_text][\/vc_column][\/vc_row]<\/p>\n<\/div>","protected":false},"excerpt":{"rendered":"<div class=\"link-more\"><a href=\"https:\/\/ospitalarioakfundazioaeuskadi.org\/es\/hospitalidad\/voluntariado\/\" class=\"more-link\">Seguir leyendo<span class=\"screen-reader-text\"> &ldquo;Voluntariado&rdquo;<\/span>&hellip;<\/a><\/div>\n","protected":false},"author":1,"featured_media":0,"parent":24472,"menu_order":97,"comment_status":"closed","ping_status":"closed","template":"templates\/sin-head-h1.php","meta":{"footnotes":""},"class_list":["post-24521","page","type-page","status-publish","hentry","entry"],"_links":{"self":[{"href":"https:\/\/ospitalarioakfundazioaeuskadi.org\/es\/wp-json\/wp\/v2\/pages\/24521","targetHints":{"allow":["GET"]}}],"collection":[{"href":"https:\/\/ospitalarioakfundazioaeuskadi.org\/es\/wp-json\/wp\/v2\/pages"}],"about":[{"href":"https:\/\/ospitalarioakfundazioaeuskadi.org\/es\/wp-json\/wp\/v2\/types\/page"}],"author":[{"embeddable":true,"href":"https:\/\/ospitalarioakfundazioaeuskadi.org\/es\/wp-json\/wp\/v2\/users\/1"}],"replies":[{"embeddable":true,"href":"https:\/\/ospitalarioakfundazioaeuskadi.org\/es\/wp-json\/wp\/v2\/comments?post=24521"}],"version-history":[{"count":4,"href":"https:\/\/ospitalarioakfundazioaeuskadi.org\/es\/wp-json\/wp\/v2\/pages\/24521\/revisions"}],"predecessor-version":[{"id":77143,"href":"https:\/\/ospitalarioakfundazioaeuskadi.org\/es\/wp-json\/wp\/v2\/pages\/24521\/revisions\/77143"}],"up":[{"embeddable":true,"href":"https:\/\/ospitalarioakfundazioaeuskadi.org\/es\/wp-json\/wp\/v2\/pages\/24472"}],"wp:attachment":[{"href":"https:\/\/ospitalarioakfundazioaeuskadi.org\/es\/wp-json\/wp\/v2\/media?parent=24521"}],"curies":[{"name":"wp","href":"https:\/\/api.w.org\/{rel}","templated":true}]}}