{"id":24546,"date":"2021-09-25T18:40:30","date_gmt":"2021-09-25T18:40:30","guid":{"rendered":"http:\/\/194.35.43.170\/~aitamenninueva\/?page_id=24546"},"modified":"2022-11-02T16:22:08","modified_gmt":"2022-11-02T16:22:08","slug":"memorias-y-publicaciones","status":"publish","type":"page","link":"https:\/\/ospitalarioakfundazioaeuskadi.org\/es\/comunicacion\/memorias-y-publicaciones\/","title":{"rendered":"Memorias y publicaciones"},"content":{"rendered":"<div class=\"wpb-content-wrapper\"><p>[vc_row][vc_column width=\u00bb2\/3&#8243;][vc_column_text]<\/p>\n<h1>Memorias y publicaciones<\/h1>\n<h2 class=\"ray-333\">Marco de Identidad (s\u00edntesis)<\/h2>\n<p>El <strong>Marco de Identidad<\/strong> de Hermanas Hospitalarias narra qui\u00e9nes somos, qu\u00e9 hacemos, por qu\u00e9 lo hacemos y c\u00f3mo lo hacemos. Es el documento institucional para la misi\u00f3n compartida; la referencia imprescindible com\u00fan para las pol\u00edticas de direcci\u00f3n, organizaci\u00f3n y gesti\u00f3n, para todos los centros en cada lugar de nuestra presencia, para la actividad de cada servicio, para los comportamientos concretos de quienes formamos la Instituci\u00f3n Hospitalaria.<\/p>\n<p><strong>El Marco de Identidad te ayuda a conocer nuestra Cultura Hospitalaria.<\/strong><\/p>\n<div class=\"docu\" style=\"border-top: 1px solid #cccccc; text-decoration: none;\"><a title=\"Marco de Identidad de Hermanas Hospitalasrias\" href=\"https:\/\/www.ospitalarioakfundazioaeuskadi.org\/wp-content\/uploads\/documentos\/marco-identidad-hermanas-hospitalarias.pdf\" target=\"_new\" rel=\"noopener\">Marco de Identidad de Hermanas Hospitalarias <i class=\"far fa-file-pdf\" style=\"float: right;\"><\/i><\/a><\/div>\n<p>[\/vc_column_text][\/vc_column][vc_column width=\u00bb1\/3&#8243;][vc_single_image image=\u00bb41894&#8243; alignment=\u00bbcenter\u00bb onclick=\u00bbcustom_link\u00bb link=\u00bbhttps:\/\/www.ospitalarioakfundazioaeuskadi.org\/wp-content\/uploads\/documentos\/marco-identidad-hermanas-hospitalarias.pdf\u00bb][\/vc_column][\/vc_row][vc_row gap=\u00bb35&#8243; css=\u00bb.vc_custom_1652801584494{margin-top: 40px !important;border-top-width: 1px !important;padding-top: 40px !important;border-top-color: #cccccc !important;border-top-style: solid !important;}\u00bb][vc_column width=\u00bb1\/2&#8243;][vc_column_text]<\/p>\n<h2 class=\"ray-333\">Memorias anuales de actividad<\/h2>\n<p>[\/vc_column_text][vc_column_text]\n\n\n<div id=\"wpv-view-layout-38863\" class=\"js-wpv-view-layout js-wpv-layout-responsive js-wpv-view-layout-38863\" data-viewnumber=\"38863\" data-pagination=\"{&quot;id&quot;:38863,&quot;query&quot;:&quot;normal&quot;,&quot;type&quot;:&quot;disabled&quot;,&quot;effect&quot;:&quot;fade&quot;,&quot;duration&quot;:500,&quot;speed&quot;:5,&quot;pause_on_hover&quot;:&quot;enabled&quot;,&quot;stop_rollover&quot;:&quot;false&quot;,&quot;cache_pages&quot;:&quot;enabled&quot;,&quot;preload_images&quot;:&quot;enabled&quot;,&quot;preload_pages&quot;:&quot;enabled&quot;,&quot;preload_reach&quot;:1,&quot;spinner&quot;:&quot;builtin&quot;,&quot;spinner_image&quot;:&quot;https:\/\/www.aita-menni.org\/wp-content\/plugins\/toolset-blocks\/embedded\/res\/img\/ajax-loader.gif&quot;,&quot;callback_next&quot;:&quot;&quot;,&quot;manage_history&quot;:&quot;enabled&quot;,&quot;has_controls_in_form&quot;:&quot;disabled&quot;,&quot;infinite_tolerance&quot;:&quot;0&quot;,&quot;max_pages&quot;:1,&quot;page&quot;:1,&quot;base_permalink&quot;:&quot;\/es\/wp-json\/wp\/v2\/pages\/24546?wpv_view_count=38863&amp;wpv_paged=WPV_PAGE_NUM&quot;,&quot;loop&quot;:{&quot;type&quot;:&quot;&quot;,&quot;name&quot;:&quot;&quot;,&quot;data&quot;:[],&quot;id&quot;:0}}\" data-permalink=\"\/es\/wp-json\/wp\/v2\/pages\/24546?wpv_view_count=38863\">\n\n\t\n\t\n\t\n\t\t<div style=\"margin-bottom:20px;\"><a class=\"enla\" title=\"Descargar Memoria 2024\" href=\"https:\/\/www.aita-menni.org\/wp-content\/uploads\/documentos\/txostena-2024-memoria-es.pdf\" target=\"_new\" rel=\"noopener nofollow\"><img loading=\"lazy\" decoding=\"async\" width=\"200\" height=\"200\" src=\"https:\/\/ospitalarioakfundazioaeuskadi.org\/wp-content\/uploads\/2025\/08\/memoria-2024-es-200x200.jpg\" class=\"attachment-thumbnail size-thumbnail wp-post-image\" alt=\"Portada de la Memoria 2024 de Hermanas Hospitalarias Aita Menni\" title=\"\"><\/a><\/div>\n<a style=\"text-decoration:none;\" title=\"Descargar Memoria 2024\" href=\"https:\/\/www.aita-menni.org\/wp-content\/uploads\/documentos\/txostena-2024-memoria-es.pdf\" target=\"_new\" rel=\"noopener nofollow\"><div class=\"docu\">Memoria 2024 <i class=\"far fa-file-pdf\" style=\"float:right;\"><\/i><\/div><\/a>\n\n\t\n\t\n\t\n\t\n<\/div>\n[\/vc_column_text][vc_column_text css=\u00bb.vc_custom_1644089210566{margin-top: -35px !important;}\u00bb]\n\n\n<div id=\"wpv-view-layout-38797\" class=\"js-wpv-view-layout js-wpv-layout-responsive js-wpv-view-layout-38797\" data-viewnumber=\"38797\" data-pagination=\"{&quot;id&quot;:38797,&quot;query&quot;:&quot;normal&quot;,&quot;type&quot;:&quot;disabled&quot;,&quot;effect&quot;:&quot;fade&quot;,&quot;duration&quot;:500,&quot;speed&quot;:5,&quot;pause_on_hover&quot;:&quot;enabled&quot;,&quot;stop_rollover&quot;:&quot;false&quot;,&quot;cache_pages&quot;:&quot;enabled&quot;,&quot;preload_images&quot;:&quot;enabled&quot;,&quot;preload_pages&quot;:&quot;enabled&quot;,&quot;preload_reach&quot;:1,&quot;spinner&quot;:&quot;builtin&quot;,&quot;spinner_image&quot;:&quot;https:\/\/www.aita-menni.org\/wp-content\/plugins\/toolset-blocks\/embedded\/res\/img\/ajax-loader.gif&quot;,&quot;callback_next&quot;:&quot;&quot;,&quot;manage_history&quot;:&quot;enabled&quot;,&quot;has_controls_in_form&quot;:&quot;disabled&quot;,&quot;infinite_tolerance&quot;:&quot;0&quot;,&quot;max_pages&quot;:-17,&quot;page&quot;:1,&quot;base_permalink&quot;:&quot;\/es\/wp-json\/wp\/v2\/pages\/24546?wpv_view_count=38797&amp;wpv_paged=WPV_PAGE_NUM&quot;,&quot;loop&quot;:{&quot;type&quot;:&quot;&quot;,&quot;name&quot;:&quot;&quot;,&quot;data&quot;:[],&quot;id&quot;:0}}\" data-permalink=\"\/es\/wp-json\/wp\/v2\/pages\/24546?wpv_view_count=38797\">\n\n\t\n\t\n\t\n\t\t\n\t\t<div class=\"row \">\n\t\t\t<div class=\"col-md-6\"><a class=\"enla\" title=\"Descargar Memoria 2023\" href=\"https:\/\/www.aita-menni.org\/wp-content\/uploads\/documentos\/txostena-2023-memoria-es.pdf\" target=\"_new\" rel=\"noopener nofollow\"><div class=\"docu\">Memoria 2023 <i class=\"far fa-file-pdf\" style=\"float:right;\"><\/i>\n  <span style=\"color:#535354;\"><\/span><\/div><\/a><\/div>\n\t\t\n\t\t\n\t\t\t<div class=\"col-md-6\"><a class=\"enla\" title=\"Descargar Memoria 2022\" href=\"https:\/\/www.aita-menni.org\/wp-content\/uploads\/documentos\/txostena-2022-memoria-es.pdf\" target=\"_new\" rel=\"noopener nofollow\"><div class=\"docu\">Memoria 2022 <i class=\"far fa-file-pdf\" style=\"float:right;\"><\/i>\n  <span style=\"color:#535354;\"><\/span><\/div><\/a><\/div>\n\t\t<\/div>\n\t\t\n\t\t\n\t\t<div class=\"row \">\n\t\t\t<div class=\"col-md-6\"><a class=\"enla\" title=\"Descargar Memoria 2021\" href=\"https:\/\/www.aita-menni.org\/wp-content\/uploads\/documentos\/txostena-2021-memoria-es.pdf\" target=\"_new\" rel=\"noopener nofollow\"><div class=\"docu\">Memoria 2021 <i class=\"far fa-file-pdf\" style=\"float:right;\"><\/i>\n  <span style=\"color:#535354;\"><\/span><\/div><\/a><\/div>\n\t\t\n\t\t\n\t\t\t<div class=\"col-md-6\"><a class=\"enla\" title=\"Descargar Memoria 2020\" href=\"https:\/\/www.aita-menni.org\/wp-content\/uploads\/documentos\/txostena-2020-memoria-es.pdf\" target=\"_new\" rel=\"noopener nofollow\"><div class=\"docu\">Memoria 2020 <i class=\"far fa-file-pdf\" style=\"float:right;\"><\/i>\n  <span style=\"color:#535354;\"><\/span><\/div><\/a><\/div>\n\t\t<\/div>\n\t\t\n\t\t\n\t\t<div class=\"row \">\n\t\t\t<div class=\"col-md-6\"><a class=\"enla\" title=\"Descargar Memoria 2019\" href=\"https:\/\/www.aita-menni.org\/wp-content\/uploads\/documentos\/txostena-2019-memoria-es.pdf\" target=\"_new\" rel=\"noopener nofollow\"><div class=\"docu\">Memoria 2019 <i class=\"far fa-file-pdf\" style=\"float:right;\"><\/i>\n  <span style=\"color:#535354;\"><\/span><\/div><\/a><\/div>\n\t\t\n\t\t\n\t\t\t<div class=\"col-md-6\"><a class=\"enla\" title=\"Descargar Memoria 2018\" href=\"https:\/\/www.aita-menni.org\/wp-content\/uploads\/documentos\/txostena-2018-memoria.pdf\" target=\"_new\" rel=\"noopener nofollow\"><div class=\"docu\">Memoria 2018 <i class=\"far fa-file-pdf\" style=\"float:right;\"><\/i>\n  <span style=\"color:#535354;\"><\/span><\/div><\/a><\/div>\n\t\t<\/div>\n\t\t\n\t\t\n\t\t<div class=\"row \">\n\t\t\t<div class=\"col-md-6\"><a class=\"enla\" title=\"Descargar Memoria 2017\" href=\"https:\/\/www.aita-menni.org\/wp-content\/uploads\/documentos\/txostena-2017-memoria.pdf\" target=\"_new\" rel=\"noopener nofollow\"><div class=\"docu\">Memoria 2017 <i class=\"far fa-file-pdf\" style=\"float:right;\"><\/i>\n  <span style=\"color:#535354;\"><\/span><\/div><\/a><\/div>\n\t\t\n\t\t\n\t\t\t<div class=\"col-md-6\"><a class=\"enla\" title=\"Descargar Memoria 2016\" href=\"https:\/\/www.aita-menni.org\/wp-content\/uploads\/documentos\/txostena-2016-memoria.pdf\" target=\"_new\" rel=\"noopener nofollow\"><div class=\"docu\">Memoria 2016 <i class=\"far fa-file-pdf\" style=\"float:right;\"><\/i>\n  <span style=\"color:#535354;\"><\/span><\/div><\/a><\/div>\n\t\t<\/div>\n\t\t\n\t\t\n\t\t<div class=\"row \">\n\t\t\t<div class=\"col-md-6\"><a class=\"enla\" title=\"Descargar Memoria 2015\" href=\"https:\/\/www.aita-menni.org\/wp-content\/uploads\/documentos\/txostena-2015-memoria.pdf\" target=\"_new\" rel=\"noopener nofollow\"><div class=\"docu\">Memoria 2015 <i class=\"far fa-file-pdf\" style=\"float:right;\"><\/i>\n  <span style=\"color:#535354;\"><\/span><\/div><\/a><\/div>\n\t\t\n\t\t\n\t\t\t<div class=\"col-md-6\"><a class=\"enla\" title=\"Descargar Memoria 2014\" href=\"https:\/\/www.aita-menni.org\/wp-content\/uploads\/documentos\/txostena-2014-memoria.pdf\" target=\"_new\" rel=\"noopener nofollow\"><div class=\"docu\">Memoria 2014 <i class=\"far fa-file-pdf\" style=\"float:right;\"><\/i>\n  <span style=\"color:#535354;\"><\/span><\/div><\/a><\/div>\n\t\t<\/div>\n\t\t\n\t\t\n\t\t<div class=\"row \">\n\t\t\t<div class=\"col-md-6\"><a class=\"enla\" title=\"Descargar Memoria 2012 y 2013\" href=\"https:\/\/www.aita-menni.org\/wp-content\/uploads\/documentos\/txostena-2012-2013-memoria.pdf\" target=\"_new\" rel=\"noopener nofollow\"><div class=\"docu\">Memoria 2012 y 2013 <i class=\"far fa-file-pdf\" style=\"float:right;\"><\/i>\n  <span style=\"color:#535354;\"><\/span><\/div><\/a><\/div>\n\t\t\n\t\t\n\t\t\t<div class=\"col-md-6\"><a class=\"enla\" title=\"Descargar Memoria 2011\" href=\"https:\/\/www.aita-menni.org\/wp-content\/uploads\/documentos\/txostena-2011-memoria.pdf\" target=\"_new\" rel=\"noopener nofollow\"><div class=\"docu\">Memoria 2011 <i class=\"far fa-file-pdf\" style=\"float:right;\"><\/i>\n  <span style=\"color:#535354;\"><\/span><\/div><\/a><\/div>\n\t\t<\/div>\n\t\t\n\t\t\n\t\t<div class=\"row \">\n\t\t\t<div class=\"col-md-6\"><a class=\"enla\" title=\"Descargar Memoria 2010\" href=\"https:\/\/www.aita-menni.org\/wp-content\/uploads\/documentos\/txostena-2010-memoria.pdf\" target=\"_new\" rel=\"noopener nofollow\"><div class=\"docu\">Memoria 2010 <i class=\"far fa-file-pdf\" style=\"float:right;\"><\/i>\n  <span style=\"color:#535354;\"><\/span><\/div><\/a><\/div>\n\t\t\n\t\t\n\t\t\t<div class=\"col-md-6\"><a class=\"enla\" title=\"Descargar Memoria 2009\" href=\"https:\/\/www.aita-menni.org\/wp-content\/uploads\/documentos\/txostena-2009-memoria.pdf\" target=\"_new\" rel=\"noopener nofollow\"><div class=\"docu\">Memoria 2009 <i class=\"far fa-file-pdf\" style=\"float:right;\"><\/i>\n  <span style=\"color:#535354;\"><\/span><\/div><\/a><\/div>\n\t\t<\/div>\n\t\t\n\t\t\n\t\t<div class=\"row \">\n\t\t\t<div class=\"col-md-6\"><a class=\"enla\" title=\"Descargar Memoria 2008\" href=\"https:\/\/www.aita-menni.org\/wp-content\/uploads\/documentos\/txostena-2008-memoria.pdf\" target=\"_new\" rel=\"noopener nofollow\"><div class=\"docu\">Memoria 2008 <i class=\"far fa-file-pdf\" style=\"float:right;\"><\/i>\n  <span style=\"color:#535354;\"><\/span><\/div><\/a><\/div>\n\t\t\n\t\t\n\t\t\t<div class=\"col-md-6\"><a class=\"enla\" title=\"Descargar Memoria 2007\" href=\"https:\/\/www.aita-menni.org\/wp-content\/uploads\/2022\/01\/txostena-2007-memoria.pdf\" target=\"_new\" rel=\"noopener nofollow\"><div class=\"docu\">Memoria 2007 <i class=\"far fa-file-pdf\" style=\"float:right;\"><\/i>\n  <span style=\"color:#535354;\"><\/span><\/div><\/a><\/div>\n\t\t<\/div>\n\t\t\n\t\t\n\t\t<div class=\"row \">\n\t\t\t<div class=\"col-md-6\"><a class=\"enla\" title=\"Descargar Memoria 2006\" href=\"https:\/\/www.aita-menni.org\/wp-content\/uploads\/2022\/01\/txostena-2006-memoria.pdf\" target=\"_new\" rel=\"noopener nofollow\"><div class=\"docu\">Memoria 2006 <i class=\"far fa-file-pdf\" style=\"float:right;\"><\/i>\n  <span style=\"color:#535354;\"><\/span><\/div><\/a><\/div>\n\t\t\n\t\t\t<div class=\"col-md-6\"><\/div>\n\t\t<\/div>\n\t\n\t\n\t\n\t\n<\/div>\n[\/vc_column_text][\/vc_column][vc_column width=\u00bb1\/2&#8243;][vc_column_text]<\/p>\n<h2 class=\"ray-333\">Otras publicaciones<\/h2>\n<p>[\/vc_column_text][vc_column_text]\n\n\n<div id=\"wpv-view-layout-38867\" class=\"js-wpv-view-layout js-wpv-layout-responsive js-wpv-view-layout-38867\" data-viewnumber=\"38867\" data-pagination=\"{&quot;id&quot;:38867,&quot;query&quot;:&quot;normal&quot;,&quot;type&quot;:&quot;disabled&quot;,&quot;effect&quot;:&quot;fade&quot;,&quot;duration&quot;:500,&quot;speed&quot;:5,&quot;pause_on_hover&quot;:&quot;enabled&quot;,&quot;stop_rollover&quot;:&quot;false&quot;,&quot;cache_pages&quot;:&quot;enabled&quot;,&quot;preload_images&quot;:&quot;enabled&quot;,&quot;preload_pages&quot;:&quot;enabled&quot;,&quot;preload_reach&quot;:1,&quot;spinner&quot;:&quot;builtin&quot;,&quot;spinner_image&quot;:&quot;https:\/\/www.aita-menni.org\/wp-content\/plugins\/toolset-blocks\/embedded\/res\/img\/ajax-loader.gif&quot;,&quot;callback_next&quot;:&quot;&quot;,&quot;manage_history&quot;:&quot;enabled&quot;,&quot;has_controls_in_form&quot;:&quot;disabled&quot;,&quot;infinite_tolerance&quot;:&quot;0&quot;,&quot;max_pages&quot;:1,&quot;page&quot;:1,&quot;base_permalink&quot;:&quot;\/es\/wp-json\/wp\/v2\/pages\/24546?wpv_view_count=38867&amp;wpv_paged=WPV_PAGE_NUM&quot;,&quot;loop&quot;:{&quot;type&quot;:&quot;&quot;,&quot;name&quot;:&quot;&quot;,&quot;data&quot;:[],&quot;id&quot;:0}}\" data-permalink=\"\/es\/wp-json\/wp\/v2\/pages\/24546?wpv_view_count=38867\">\n\n\t\n\t\n\t\n\t\t<div style=\"margin-bottom:20px;\"><a class=\"enla\" title=\"Descargar C\u00f3digo de Conducta\" href=\"https:\/\/www.aita-menni.org\/wp-content\/uploads\/documentos\/codigo-conducta-hermanas-hospitalarias.pdf\" target=\"_new\" rel=\"noopener nofollow\"><img loading=\"lazy\" decoding=\"async\" class=\"attachment-152x198 size-152x198\" src=\"https:\/\/ospitalarioakfundazioaeuskadi.org\/wp-content\/uploads\/2022\/02\/codigo-de-conducta-hermanas-hospitalarias-wpv_152x198.jpg\" width=\"152\" height=\"198\" alt=\"C\u00f3digo de Conducta de Hermanas Hospitalarias\" title=\"\"><\/a><\/div><a style=\"text-decoration:none;\" title=\"Descargar C\u00f3digo de Conducta\" href=\"https:\/\/www.aita-menni.org\/wp-content\/uploads\/documentos\/codigo-conducta-hermanas-hospitalarias.pdf\" target=\"_new\" rel=\"noopener nofollow\"><div class=\"docu\">C\u00f3digo de Conducta <i class=\"far fa-file-pdf\" style=\"float:right;\"><\/i>\n  <span style=\"color:#535354;\"><p>Recoge los principios \u00e9ticos y normas de comportamiento que deben regir la actuaci\u00f3n de las personas que integran la Comunidad Hospitalaria, y en especial la de quienes trabajan en la Instituci\u00f3n o desarrollan acciones de voluntariado en ella.<\/p>\n<\/span><\/div><\/a>\n\n\t\n\t\n\t\n\t\n<\/div>\n[\/vc_column_text][vc_column_text css=\u00bb.vc_custom_1644089987904{margin-top: -35px !important;}\u00bb]\n\n\n<div id=\"wpv-view-layout-38802\" class=\"js-wpv-view-layout js-wpv-layout-responsive js-wpv-view-layout-38802\" data-viewnumber=\"38802\" data-pagination=\"{&quot;id&quot;:38802,&quot;query&quot;:&quot;normal&quot;,&quot;type&quot;:&quot;disabled&quot;,&quot;effect&quot;:&quot;fade&quot;,&quot;duration&quot;:500,&quot;speed&quot;:5,&quot;pause_on_hover&quot;:&quot;enabled&quot;,&quot;stop_rollover&quot;:&quot;false&quot;,&quot;cache_pages&quot;:&quot;enabled&quot;,&quot;preload_images&quot;:&quot;enabled&quot;,&quot;preload_pages&quot;:&quot;enabled&quot;,&quot;preload_reach&quot;:1,&quot;spinner&quot;:&quot;builtin&quot;,&quot;spinner_image&quot;:&quot;https:\/\/www.aita-menni.org\/wp-content\/plugins\/toolset-blocks\/embedded\/res\/img\/ajax-loader.gif&quot;,&quot;callback_next&quot;:&quot;&quot;,&quot;manage_history&quot;:&quot;enabled&quot;,&quot;has_controls_in_form&quot;:&quot;disabled&quot;,&quot;infinite_tolerance&quot;:&quot;0&quot;,&quot;max_pages&quot;:-8,&quot;page&quot;:1,&quot;base_permalink&quot;:&quot;\/es\/wp-json\/wp\/v2\/pages\/24546?wpv_view_count=38802&amp;wpv_paged=WPV_PAGE_NUM&quot;,&quot;loop&quot;:{&quot;type&quot;:&quot;&quot;,&quot;name&quot;:&quot;&quot;,&quot;data&quot;:[],&quot;id&quot;:0}}\" data-permalink=\"\/es\/wp-json\/wp\/v2\/pages\/24546?wpv_view_count=38802\">\n\n\t\n\t\n\t\n\t\t<a class=\"enla\" title=\"Descargar Volver a conducir tras un da\u00f1o cerebral\" href=\"https:\/\/www.aita-menni.org\/wp-content\/uploads\/2022\/01\/guia-conducir-dc-baja.pdf\" target=\"_new\" rel=\"noopener nofollow\"><div class=\"docu\">Volver a conducir tras un da\u00f1o cerebral <i class=\"far fa-file-pdf\" style=\"float:right;\"><\/i>\n  <span style=\"color:#535354;\"><p>Gu\u00eda para pacientes y familiares.<\/p>\n<\/span><\/div><\/a>\n\n\t\n\t\t<a class=\"enla\" title=\"Descargar Gu\u00eda para la prevenci\u00f3n secundaria del ictus\" href=\"https:\/\/www.aita-menni.org\/wp-content\/documentos\/guia-prevencion-secundaria-ictus.pdf\" target=\"_new\" rel=\"noopener nofollow\"><div class=\"docu\">Gu\u00eda para la prevenci\u00f3n secundaria del ictus <i class=\"far fa-file-pdf\" style=\"float:right;\"><\/i>\n  <span style=\"color:#535354;\"><p>Procedimientos para prevenir la repetici\u00f3n de un ictus en los meses o a\u00f1os posteriores al primero.<\/p>\n<\/span><\/div><\/a>\n\n\t\n\t\t<a class=\"enla\" title=\"Descargar Gu\u00eda para el manejo de la disfagia\" href=\"https:\/\/www.aita-menni.org\/wp-content\/uploads\/2022\/01\/guia-para-el-manejo-de-la-disfagia.pdf\" target=\"_new\" rel=\"noopener nofollow\"><div class=\"docu\">Gu\u00eda para el manejo de la disfagia <i class=\"far fa-file-pdf\" style=\"float:right;\"><\/i>\n  <span style=\"color:#535354;\"><p>Pautas para personas con problemas de degluci\u00f3n.<\/p>\n<\/span><\/div><\/a>\n\n\t\n\t\t<a class=\"enla\" title=\"Descargar Gu\u00eda para el manejo de la disartria\" href=\"https:\/\/www.aita-menni.org\/wp-content\/uploads\/2022\/02\/guia-para-el-manejo-de-la-disartria.pdf\" target=\"_new\" rel=\"noopener nofollow\"><div class=\"docu\">Gu\u00eda para el manejo de la disartria <i class=\"far fa-file-pdf\" style=\"float:right;\"><\/i>\n  <span style=\"color:#535354;\"><p>Pautas para personas con problemas en el habla.<\/p>\n<\/span><\/div><\/a>\n\n\t\n\t\t<a class=\"enla\" title=\"Descargar Gu\u00eda para el manejo de la afasia\" href=\"https:\/\/www.aita-menni.org\/wp-content\/uploads\/2022\/02\/guia-para-el-manejo-de-la-afasia.pdf\" target=\"_new\" rel=\"noopener nofollow\"><div class=\"docu\">Gu\u00eda para el manejo de la afasia <i class=\"far fa-file-pdf\" style=\"float:right;\"><\/i>\n  <span style=\"color:#535354;\"><p>Pautas para personas con problemas de comunicaci\u00f3n.<\/p>\n<\/span><\/div><\/a>\n\n\t\n\t\t<a class=\"enla\" title=\"Descargar Manual de ayudas externas\" href=\"https:\/\/www.aita-menni.org\/\/wp-content\/uploads\/documentos\/manual-ayudas-externas-dano-cerebral.pdf\" target=\"_new\" rel=\"noopener nofollow\"><div class=\"docu\">Manual de ayudas externas <i class=\"far fa-file-pdf\" style=\"float:right;\"><\/i>\n  <span style=\"color:#535354;\"><p>Cat\u00e1logo de ayudas externas y modificaciones del hogar que contribuyen a la autonom\u00eda y calidad de vida de personas con discapacidad de origen neurol\u00f3gico. A\u00f1o 2005.<\/p>\n<\/span><\/div><\/a>\n\n\t\n\t\t<a class=\"enla\" title=\"Descargar Plan estrat\u00e9gico Euskara\" href=\"https:\/\/ospitalarioakfundazioaeuskadi.org\/wp-content\/uploads\/2026\/03\/Euskararen-Plan-Estrategikoa_2024-2027_Aita-Menni.pdf\" target=\"_new\" rel=\"noopener\"><div class=\"docu\">Plan estrat\u00e9gico Euskara <i class=\"far fa-file-pdf\" style=\"float:right;\"><\/i>\n  <span style=\"color:#535354;\"><p>Plan marco para el fomento y normalizaci\u00f3n del uso del Euskera en el \u00e1mbito laboral<\/p>\n<\/span><\/div><\/a>\n\n\t\n\t\t<a class=\"enla\" title=\"Descargar Diccionario castellano &#8211; euskera\" href=\"https:\/\/www.aita-menni.org\/wp-content\/uploads\/2022\/10\/aita-menni-diccionario-hiztegia.pdf\" target=\"_new\" rel=\"noopener nofollow\"><div class=\"docu\">Diccionario castellano &#8211; euskera <i class=\"far fa-file-pdf\" style=\"float:right;\"><\/i>\n  <span style=\"color:#535354;\"><p>Con palabras, frases y expresiones de uso com\u00fan en el \u00e1mbito sociosanitario.<\/p>\n<\/span><\/div><\/a>\n\n\t\n\t\n\t\n\t\n<\/div>\n[\/vc_column_text][\/vc_column][\/vc_row]<\/p>\n<\/div>","protected":false},"excerpt":{"rendered":"<div class=\"link-more\"><a href=\"https:\/\/ospitalarioakfundazioaeuskadi.org\/es\/comunicacion\/memorias-y-publicaciones\/\" class=\"more-link\">Seguir leyendo<span class=\"screen-reader-text\"> &ldquo;Memorias y publicaciones&rdquo;<\/span>&hellip;<\/a><\/div>\n","protected":false},"author":1,"featured_media":0,"parent":24475,"menu_order":109,"comment_status":"closed","ping_status":"closed","template":"templates\/sin-head-h1.php","meta":{"footnotes":""},"class_list":["post-24546","page","type-page","status-publish","hentry","entry"],"_links":{"self":[{"href":"https:\/\/ospitalarioakfundazioaeuskadi.org\/es\/wp-json\/wp\/v2\/pages\/24546","targetHints":{"allow":["GET"]}}],"collection":[{"href":"https:\/\/ospitalarioakfundazioaeuskadi.org\/es\/wp-json\/wp\/v2\/pages"}],"about":[{"href":"https:\/\/ospitalarioakfundazioaeuskadi.org\/es\/wp-json\/wp\/v2\/types\/page"}],"author":[{"embeddable":true,"href":"https:\/\/ospitalarioakfundazioaeuskadi.org\/es\/wp-json\/wp\/v2\/users\/1"}],"replies":[{"embeddable":true,"href":"https:\/\/ospitalarioakfundazioaeuskadi.org\/es\/wp-json\/wp\/v2\/comments?post=24546"}],"version-history":[{"count":4,"href":"https:\/\/ospitalarioakfundazioaeuskadi.org\/es\/wp-json\/wp\/v2\/pages\/24546\/revisions"}],"predecessor-version":[{"id":55705,"href":"https:\/\/ospitalarioakfundazioaeuskadi.org\/es\/wp-json\/wp\/v2\/pages\/24546\/revisions\/55705"}],"up":[{"embeddable":true,"href":"https:\/\/ospitalarioakfundazioaeuskadi.org\/es\/wp-json\/wp\/v2\/pages\/24475"}],"wp:attachment":[{"href":"https:\/\/ospitalarioakfundazioaeuskadi.org\/es\/wp-json\/wp\/v2\/media?parent=24546"}],"curies":[{"name":"wp","href":"https:\/\/api.w.org\/{rel}","templated":true}]}}