{"id":37450,"date":"2021-11-08T18:45:36","date_gmt":"2021-11-08T18:45:36","guid":{"rendered":"http:\/\/194.35.43.170\/~aitamenninueva\/?page_id=37450"},"modified":"2025-01-08T08:47:42","modified_gmt":"2025-01-08T08:47:42","slug":"politica-de-privacidad","status":"publish","type":"page","link":"https:\/\/ospitalarioakfundazioaeuskadi.org\/es\/politica-de-privacidad\/","title":{"rendered":"Pol\u00edtica de privacidad"},"content":{"rendered":"<h1>Pol\u00edtica de privacidad<\/h1>\n<p><strong>\u00daltima actualizaci\u00f3n:<\/strong> 7 de enero de 2025.<\/p>\n<p>FUNDACI\u00d3N HOSPITALARIAS EUSKADI est\u00e1 especialmente sensibilizada en la protecci\u00f3n de datos de car\u00e1cter personal de las personas usuarias de los servicios del sitio web. Mediante la presente \u2018Pol\u00edtica de privacidad\u2019 (en adelante, la Pol\u00edtica) FUNDACI\u00d3N HOSPITALARIAS EUSKADI informa a las personas usuarias del sitio web ospitalarioakfundazioaeuskadi.org de los usos a los que se someten los datos de car\u00e1cter personal que se recaban en este sitio web, con el fin de que decidan, libre y voluntariamente, si desean facilitar la informaci\u00f3n solicitada.<\/p>\n<p>FUNDACI\u00d3N HOSPITALARIAS EUSKADI se reserva la facultad de modificar esta Pol\u00edtica con el objeto de adaptarla a novedades legislativas, criterios jurisprudenciales, pr\u00e1cticas del sector, o intereses de la entidad. Cualquier modificaci\u00f3n en la misma ser\u00e1 anunciada con la debida antelaci\u00f3n, a fin de que tenga perfecto conocimiento de su contenido.<\/p>\n<h3>1.1 Responsable<\/h3>\n<p>El responsable del tratamiento de los datos de car\u00e1cter personal es:<\/p>\n<p><strong>FUNDACI\u00d3N HOSPITALARIAS EUSKADI<br \/>\n<\/strong><span style=\"background-color: var(--color_content_background); color: var(--color_content_text); font-family: var(--typography_fonts_text);\">B\u00ba Gesalibar, 15 &#8211; 20500 Arrasate-Mondrag\u00f3n (Gipuzkoa)<br \/>\n<\/span>CIF: R2802790B<br \/>\n<a href=\"\/\">https:\/\/ospitalarioakfundazioaeuskadi.org<\/a><br \/>\nTel\u00e9fono: (+34) 943 794411<br \/>\nE-mail: <a href=\"mailto:dpd.euskadi@fundacionhospitalarias.org\">dpd.euskadi@fundacionhospitalarias.org<\/a><\/p>\n<h3>1.2 Finalidad del tratamiento<\/h3>\n<p>La finalidad de la recogida y tratamiento de los datos personales, a trav\u00e9s de los correos y formularios electr\u00f3nicos puestos por FUNDACI\u00d3N HOSPITALARIAS EUSKADI a disposici\u00f3n de las personas usuarias, responde, seg\u00fan el caso concreto:<\/p>\n<ul>\n<li>A la necesidad de gestionar y atender las solicitudes de informaci\u00f3n, dudas o sugerencias.<\/li>\n<li>A la necesidad de gestionar las suscripciones a los boletines informativos de la entidad<\/li>\n<li>A la necesidad de gestionar las solicitudes de empleo que pudieran ser remitidas a FUNDACI\u00d3N HOSPITALARIAS EUSKADI.<\/li>\n<\/ul>\n<p>De acuerdo a las finalidades descritas, el tipo de datos que se tratan principalmente son: datos identificativos y datos adicionales de otros datos (metadatos de comunicaciones electr\u00f3nicas), adem\u00e1s de datos acad\u00e9micos y profesionales.<\/p>\n<h3>1.3 Plazo de conservaci\u00f3n<\/h3>\n<p>Los datos personales proporcionados se conservar\u00e1n durante el plazo correspondiente para cumplir con las obligaciones legales, o hasta que se solicite su supresi\u00f3n por parte de la persona interesada legitimada para ello.<\/p>\n<p>Los datos basados en el consentimiento se mantendr\u00e1n mientras la persona interesada no revoque dicho consentimiento, siendo a partir de ese momento cuando se proceder\u00e1 a la supresi\u00f3n de los mismos, siempre y cuando una obligaci\u00f3n legal no nos limite esta posibilidad.<\/p>\n<p>De manera espec\u00edfica, los datos curriculares tendr\u00e1n un plazo de conservaci\u00f3n de 1 a\u00f1o, a partir del cual ser\u00e1n borrados en cumplimiento de los principios legislativos que rigen esta materia.<\/p>\n<h3>1.4 Legitimaci\u00f3n<\/h3>\n<p>FUNDACI\u00d3N HOSPITALARIAS EUSKADI est\u00e1 legitimada al tratamiento de datos personales, de acuerdo al consentimiento otorgado por la persona interesada para uno o varios fines espec\u00edficos, tal y como recoge el art\u00edculo 6.1. a) del Reglamento General de Protecci\u00f3n de Datos.<\/p>\n<p>No obstante, y en los casos en los que este consentimiento no sea de aplicaci\u00f3n, cabe recordar que la licitud o legitimaci\u00f3n del tratamiento podr\u00e1 ajustarse a otras condiciones legales previstas en el art\u00edculo 6 del citado Reglamento General, por ejemplo, como cuando el tratamiento sea necesario para la ejecuci\u00f3n de un contrato en el que la persona interesada es parte o dicho tratamiento sea necesario para la satisfacci\u00f3n de intereses leg\u00edtimos por parte de FUNDACI\u00d3N HOSPITALARIAS EUSKADI.<\/p>\n<h3>1.5 Exactitud de los datos<\/h3>\n<p>La persona usuaria garantiza que los datos aportados son verdaderos, exactos, completos y actualizados, siendo responsable de cualquier da\u00f1o o perjuicio, directo o indirecto, que pudiera ocasionarse como consecuencia del incumplimiento de tal obligaci\u00f3n.<\/p>\n<p>Con el fin de que los datos obrantes en nuestros ficheros, inform\u00e1ticos y\/o en papel, siempre correspondan a la realidad, se tratar\u00e1n de mantener actualizados. De manera que, a estos efectos, la persona usuaria deber\u00e1 realizar los cambios, directamente, cuando as\u00ed est\u00e9 habilitado o comunic\u00e1ndose, por medio fehaciente, al \u00e1rea o departamento correspondiente a FUNDACI\u00d3N HOSPITALARIAS EUSKADI.<\/p>\n<h3>1.6 Personas destinatarias<\/h3>\n<p>Los datos personales recabados a trav\u00e9s del correo electr\u00f3nico, mensajes de consulta o formularios propiedad del responsable del tratamiento no ser\u00e1n cedidos o comunicados a terceras personas o entidades, salvo en los supuestos necesarios para el desarrollo, control y cumplimiento de las finalidad\/es expresada\/s, en los supuestos previstos en la Ley, as\u00ed como en los casos espec\u00edficos, de los que se informe expresamente a la persona usuaria.<\/p>\n<h3>1.7 Extranet<\/h3>\n<p>Adem\u00e1s de las direcciones de email o formularios de contacto existentes, FUNDACI\u00d3N HOSPITALARIAS EUSKADI podr\u00eda disponer de una extranet para la relaci\u00f3n con proveedores, clientes, familiares de personas usuarias, personas voluntarias o cualquier otra persona o entidad vinculada a la instituci\u00f3n a trav\u00e9s de la web.<\/p>\n<p>En este sentido, la presente Pol\u00edtica es tambi\u00e9n de aplicaci\u00f3n a las actividades de tratamiento que se realicen en la misma.<\/p>\n<p>Todas las personas usuarias deber\u00e1n aceptar expresamente esta Pol\u00edtica, as\u00ed como las Condiciones Generales de Uso del Sitio Web contenidas en el Aviso Legal, en el momento del registro en la herramienta.<\/p>\n<h3>1.8 Comentarios sobre textos y\/o fotograf\u00edas<\/h3>\n<p>Debido a la posibilidad de introducir comentarios al pie de algunos textos de los sitios web, en los que se publican tambi\u00e9n fotograf\u00edas, tendremos que tener en cuenta que podr\u00e1 existir informaci\u00f3n de car\u00e1cter personal de forma adicional a la informaci\u00f3n que se env\u00eda\/recibe a trav\u00e9s de email\/formularios de contacto, concretamente la que se intercambia en la propia herramienta a trav\u00e9s de los comentarios de las personas usuarias.<\/p>\n<p>Con car\u00e1cter general, la presente Pol\u00edtica es aplicable a las personas usuarias de dichos emplazamientos que quieran participar en los mismos realizando comunicaciones de alg\u00fan tipo.<\/p>\n<p>Adem\u00e1s, conforme a la idiosincrasia de este tipo de herramientas, la aceptaci\u00f3n de esta Pol\u00edtica y la participaci\u00f3n de las personas usuarias en las mismas implicar\u00e1 expresamente que las personas interesadas consienten la publicaci\u00f3n de los datos personales que ellas mismas introduzcan en el texto que publiquen en el comentario correspondiente. No obstante, con car\u00e1cter general, estas personas usuarias deber\u00e1n ser conscientes tambi\u00e9n de que la informaci\u00f3n publicada en este sentido puede llegar a tener una difusi\u00f3n masiva o universal, debiendo adoptar las cautelas que ellas mismas estimen oportunas.<\/p>\n<p>FUNDACI\u00d3N HOSPITALARIAS EUSKADI podr\u00e1 proporcionar unas buenas pr\u00e1cticas o normas de gesti\u00f3n de comentarios, a parte de la citada Pol\u00edtica, que todas las personas usuarias deber\u00e1n respetar, con el objetivo de proteger en la mayor medida posible la informaci\u00f3n de car\u00e1cter personal de estas personas usuarias.<\/p>\n<h3>1.9 Derechos de las personas usuarias<\/h3>\n<p>La persona interesada en el tratamiento de sus datos personales, en todo caso, podr\u00e1 ejercitar los derechos que le asisten de acuerdo con el RGPD, y que son:<\/p>\n<ul>\n<li>derecho a solicitar el acceso a los datos personales relativos a la persona interesada<\/li>\n<li>derecho a solicitar su rectificaci\u00f3n o supresi\u00f3n<\/li>\n<li>derecho a solicitar la limitaci\u00f3n de su tratamiento<\/li>\n<li>derecho a oponerse al tratamiento<\/li>\n<li>derecho a la portabilidad de los datos<\/li>\n<\/ul>\n<p>La persona interesada podr\u00e1 ejercitar tales derechos mediante solicitud identific\u00e1ndose mediante su D.N.I, y en la que especificar\u00e1 cu\u00e1l de estos solicita sea satisfecho, remitida a la direcci\u00f3n: FUNDACI\u00d3N HOSPITALARIAS EUSKADI, con domicilio social a estos efectos en B\u00ba Gesalibar, 15 &#8211; 20500 Arrasate-Mondrag\u00f3n (Gipuzkoa).<\/p>\n<h3>1.10 Medidas de seguridad<\/h3>\n<p>Igualmente, aplicar\u00e1 las medidas t\u00e9cnicas y organizativas apropiadas, a fin de garantizar la seguridad y confidencialidad de los datos almacenados, evitando as\u00ed su alteraci\u00f3n, p\u00e9rdida, tratamiento o acceso no autorizado; teniendo en cuenta el estado de la t\u00e9cnica, los costes de aplicaci\u00f3n, y la naturaleza, el alcance, el contexto y los fines del tratamiento, as\u00ed como riesgos de probabilidad y gravedad asociadas a cada uno de los tratamientos.<\/p>\n<p>Si tiene alguna pregunta sobre esta \u2018Pol\u00edtica de privacidad\u2019, rogamos que se ponga en contacto con nuestra instituci\u00f3n enviando un email a: <a href=\"mailto:dpd.euskadi@fundacionhospitalarias.org\">dpd.euskadi@fundacionhospitalarias.org<\/a>.<\/p>\n<h3>1.11 Videovigilancia<\/h3>\n<p>FUNDACION HOSPITALARIAS EUSKADI informa espec\u00edficamente de que dispone de sistemas de videovigilancia en sus centros a fin de:<\/p>\n<ul>\n<li>salvaguardar la seguridad, material y personal, en las instalaciones o dependencias, al amparo del inter\u00e9s leg\u00edtimo del responsable al que hace referencia el art. 6.1 f) del RGPD.<\/li>\n<li>vigilar la comisi\u00f3n de hechos que pudieran ser constitutivos de delito o sanci\u00f3n administrativa y control laboral con arreglo al art. 6.1 c) del RGPD en cumplimiento de la obligaci\u00f3n legal recogida en el art. 20.3 del Estatuto de los Trabajadores que confiere al empresario la facultad de adoptar medidas de vigilancia y control para el cumplimiento por parte de los trabajadores de sus obligaciones y deberes laborales.<\/li>\n<\/ul>\n<p>El Responsable del Tratamiento es el que se identifica al inicio de esta pol\u00edtica.<\/p>\n<p>Como se ha especificado anteriormente, puede ejercitar sus derechos de acceso, limitaci\u00f3n del tratamiento y, en su caso, supresi\u00f3n, ante el Responsable del Tratamiento, FUNDACION HOSPITALARIAS EUSKADI, presentando un escrito identific\u00e1ndose mediante su DNI o documento identificativo equivalente, y foto personal actualizada, a FUNDACION HOSPITALARIAS EUSKADI, Barrio Gesalibar, n\u00ba 15 \u2013 20500 Arrasate-Mondrag\u00f3n (Gipuzkoa), o bien envi\u00e1ndolo a trav\u00e9s de correo electr\u00f3nico a la direcci\u00f3n: <a href=\"mailto:dpd.euskadi@fundacionhospitalarias.org\">dpd.euskadi@fundacionhospitalarias.org<\/a><\/p>\n<p>Las im\u00e1genes ser\u00e1n conservadas por un plazo m\u00e1ximo de 30 d\u00edas, si bien podr\u00e1n ser conservadas por un tiempo superior en caso de que se hayan captado im\u00e1genes de hechos il\u00edcitos o irregulares, y deban ponerse a disposici\u00f3n de las Fuerzas y Cuerpos de Seguridad u \u00f3rganos jurisdiccionales. De forma adicional, la videovigilancia no causar\u00e1 decisiones automatizadas sobre el interesado.<\/p>\n<p>Las im\u00e1genes pueden ser tratadas o cedidas a: (i) la empresa de seguridad contratada, en su caso, para la instalaci\u00f3n y mantenimiento de las c\u00e1maras, (ii) las Fuerzas y Cuerpos de Seguridad, as\u00ed como \u00f3rganos judiciales, en los supuestos previstos, seg\u00fan Ley. Adem\u00e1s, no se prev\u00e9n transferencias internacionales de estos datos.<\/p>\n<p>Asimismo, en caso de considerar vulnerado su derecho a la protecci\u00f3n de datos personales, podr\u00e1 interponer una reclamaci\u00f3n ante la Agencia Espa\u00f1ola de Protecci\u00f3n de Datos (<a href=\"https:\/\/www.aepd.es\" rel=\"nofollow noopener\" target=\"_blank\">www.aepd.es<\/a>).<\/p>\n<p>&nbsp;<\/p>\n<p>&nbsp;<\/p>\n<p>&nbsp;<\/p>\n","protected":false},"excerpt":{"rendered":"<div class=\"entry-summary\">\nPol\u00edtica de privacidad \u00daltima actualizaci\u00f3n: 7 de enero de 2025. FUNDACI\u00d3N HOSPITALARIAS EUSKADI est\u00e1 especialmente sensibilizada en la protecci\u00f3n de datos de car\u00e1cter personal de las personas usuarias de los servicios del sitio web. Mediante la presente \u2018Pol\u00edtica de privacidad\u2019&hellip;\n<\/div>\n<div class=\"link-more\"><a href=\"https:\/\/ospitalarioakfundazioaeuskadi.org\/es\/politica-de-privacidad\/\" class=\"more-link\">Seguir leyendo<span class=\"screen-reader-text\"> &ldquo;Pol\u00edtica de privacidad&rdquo;<\/span>&hellip;<\/a><\/div>\n","protected":false},"author":1,"featured_media":0,"parent":0,"menu_order":114,"comment_status":"closed","ping_status":"closed","template":"templates\/sin-head-h1.php","meta":{"footnotes":""},"class_list":["post-37450","page","type-page","status-publish","hentry","entry"],"_links":{"self":[{"href":"https:\/\/ospitalarioakfundazioaeuskadi.org\/es\/wp-json\/wp\/v2\/pages\/37450","targetHints":{"allow":["GET"]}}],"collection":[{"href":"https:\/\/ospitalarioakfundazioaeuskadi.org\/es\/wp-json\/wp\/v2\/pages"}],"about":[{"href":"https:\/\/ospitalarioakfundazioaeuskadi.org\/es\/wp-json\/wp\/v2\/types\/page"}],"author":[{"embeddable":true,"href":"https:\/\/ospitalarioakfundazioaeuskadi.org\/es\/wp-json\/wp\/v2\/users\/1"}],"replies":[{"embeddable":true,"href":"https:\/\/ospitalarioakfundazioaeuskadi.org\/es\/wp-json\/wp\/v2\/comments?post=37450"}],"version-history":[{"count":3,"href":"https:\/\/ospitalarioakfundazioaeuskadi.org\/es\/wp-json\/wp\/v2\/pages\/37450\/revisions"}],"predecessor-version":[{"id":70925,"href":"https:\/\/ospitalarioakfundazioaeuskadi.org\/es\/wp-json\/wp\/v2\/pages\/37450\/revisions\/70925"}],"wp:attachment":[{"href":"https:\/\/ospitalarioakfundazioaeuskadi.org\/es\/wp-json\/wp\/v2\/media?parent=37450"}],"curies":[{"name":"wp","href":"https:\/\/api.w.org\/{rel}","templated":true}]}}