{"id":39350,"date":"2022-03-02T16:48:34","date_gmt":"2022-03-02T16:48:34","guid":{"rendered":"http:\/\/194.35.43.170\/~aitamenninueva\/?page_id=39350"},"modified":"2022-10-27T14:22:35","modified_gmt":"2022-10-27T14:22:35","slug":"consolidacion-como-gran-centro-psiquiatrico","status":"publish","type":"page","link":"https:\/\/ospitalarioakfundazioaeuskadi.org\/es\/quienes-somos\/nuestra-historia\/consolidacion-como-gran-centro-psiquiatrico\/","title":{"rendered":"La consolidaci\u00f3n como un gran centro psiqui\u00e1trico"},"content":{"rendered":"<div class=\"wpb-content-wrapper\"><p>[vc_row gap=\u00bb35&#8243;][vc_column width=\u00bb2\/3&#8243;][vc_column_text]<\/p>\n<h1>La consolidaci\u00f3n como un gran centro psiqui\u00e1trico<\/h1>\n<p>Dado el n\u00famero de pacientes que dependiendo de las Diputaciones se encontraban en otros psiqui\u00e1tricos, desde su misma fundaci\u00f3n el Hospital Aita Menni debi\u00f3 hacer un gran esfuerzo para aumentar su capacidad. De este modo, toda la primera \u00e9poca de su historia est\u00e1 marcada por las obras continuas de remodelaci\u00f3n y construcci\u00f3n de nuevos pabellones.<\/p>\n<p>En 1900 se adquirieron los caser\u00edos Elezgarai, Ugalde y Errotaetxe, as\u00ed como diversos terrenos. De este modo, el hospital podr\u00eda ampliar sus instalaciones o bien podr\u00eda beneficiarse de las explotaciones ganaderas y agr\u00edcolas de los mencionados caser\u00edos para el abastecimiento de hermanas y pacientes.<\/p>\n<p>Ese mismo a\u00f1o, se construy\u00f3 el Pabell\u00f3n del Sagrado Coraz\u00f3n de Jes\u00fas, destinado a atender enfermas pensionistas particulares.<\/p>\n<p>Entre los a\u00f1os 1904 y 1910 se edific\u00f3 el Pabell\u00f3n de San Benito para enfermas pensionadas por las Diputaciones Provinciales. Constaba de dos naves paralelas unidas en uno de sus extremos por una galer\u00eda y en el otro por un edificio de tres pisos. Dispon\u00eda de sala de estar, comedores, cocina, enfermer\u00eda de som\u00e1ticas, dormitorios y una secci\u00f3n de ba\u00f1os y de limpieza.[\/vc_column_text][vc_single_image image=\u00bb39320&#8243; img_size=\u00bbfull\u00bb onclick=\u00bblink_image\u00bb][vc_column_text]Las obras continuaron pr\u00e1cticamente de manera ininterrumpida a uno y otro lado de la carretera que va de Mondrag\u00f3n a Aramaiona y en 1921 se construy\u00f3 un t\u00fanel por debajo de ella, de manera que el paso desde los pabellones de un lado a los del otro no requiriera cruzar la carretera.<\/p>\n<p>En 1923 se edific\u00f3 el Pabell\u00f3n de San Jos\u00e9.<\/p>\n<p>Ese mismo a\u00f1o se construy\u00f3 otro pabell\u00f3n que constituir\u00eda la Clausura de las Hermanas. Con una capacidad para m\u00e1s de 130 personas, dispon\u00eda de cocina para enfermas pensionistas, cocina para toda la casa, roper\u00eda, costureros, despensa, etc. La construcci\u00f3n de los pabellones de San Jos\u00e9 y Clausura requirieron el embocinamiento del r\u00edo en una longitud de 60 metros y el derribo de antiguos lavaderos y galer\u00edas de enlace, as\u00ed como del caser\u00edo Errotaetxe.<\/p>\n<p>En 1924 qued\u00f3 terminada la Clausura y se levant\u00f3 un nuevo pabell\u00f3n para enfermas de beneficencia, el de San Juan de Dios.<\/p>\n<p>En 1927, el Excmo. Sr. Obispo de Vitoria, Dr. D. Leopoldo Eijo y Garay, bendijo, consagr\u00f3 e inaugur\u00f3 la Iglesia de la Casa de Salud, en un acto al que asistieron las autoridades locales y provinciales. El proyecto fue obra del arquitecto Sr. Urcola y la primera piedra la bendijo y puso el Cardenal Arzobispo de Toledo, Dr. Reig.<\/p>\n<p>La primera \u00e9poca del Hospital Aita Menni estuvo marcada por las obras constantes de ampliaci\u00f3n y remodelaci\u00f3n de instalaciones. Las sucesivas ampliaciones de capacidad quedan reflejadas en el aumento constante del n\u00famero de pacientes atendidas.<\/p>\n<p>Durante esta primera \u00e9poca se dot\u00f3 a los diferentes pabellones de agua potable y caliente para usos higi\u00e9nicos, sanitarios e hidroter\u00e1picos y se instal\u00f3 el alumbrado el\u00e9ctrico en sustituci\u00f3n de los quinqu\u00e9s de petr\u00f3leo.<\/p>\n<p>Los pabellones que se fueron construyendo ten\u00edan anejos espaciosos jardines en los que se plantaron \u00e1rboles para permitir a las enfermas ingresadas \u201cdisfrutar de la libertad compatible con su estado\u201d.[\/vc_column_text][\/vc_column][vc_column width=\u00bb1\/3&#8243;][vc_single_image image=\u00bb39351&#8243; img_size=\u00bbfull\u00bb onclick=\u00bblink_image\u00bb][vc_single_image image=\u00bb39353&#8243; img_size=\u00bbfull\u00bb onclick=\u00bblink_image\u00bb][vc_single_image image=\u00bb39359&#8243; img_size=\u00bbfull\u00bb onclick=\u00bblink_image\u00bb][vc_single_image image=\u00bb39322&#8243; img_size=\u00bbfull\u00bb onclick=\u00bblink_image\u00bb][vc_single_image image=\u00bb39363&#8243; img_size=\u00bbfull\u00bb onclick=\u00bblink_image\u00bb][vc_single_image image=\u00bb39378&#8243; img_size=\u00bbfull\u00bb onclick=\u00bblink_image\u00bb][\/vc_column][\/vc_row][vc_row gap=\u00bb35&#8243;][vc_column width=\u00bb2\/3&#8243;][vc_column_text]<\/p>\n<h2>El equipo asistencial<\/h2>\n<p>Las Hermanas Hospitalarias se encargaban de la atenci\u00f3n permanente de las pacientes ingresadas. El tama\u00f1o de la Comunidad de Hermanas creci\u00f3 paralelamente al de pacientes ingresadas, pasando de 12 hermanas en 1898 a 78 en 1930.<\/p>\n<p>En esta primera \u00e9poca, el equipo asistencial estaba integrado exclusivamente por facultativos y Hermanas Hospitalarias. Un reducido n\u00famero de personal exterior estaba contratado para realizar tareas propias de oficios varios.<\/p>\n<p>[\/vc_column_text][vc_column_text]<\/p>\n<h2>La concepci\u00f3n de la enfermedad mental y su tratamiento<\/h2>\n<p>En la primera mitad del siglo XIX dominaba la clasificaci\u00f3n de Esquirol que agrupaba las enfermedades mentales seg\u00fan bases puramente sintom\u00e1ticas y psicol\u00f3gicas. Cuando se inaugur\u00f3 el Hospital Aita Menni, la psiquiatr\u00eda iniciaba su verdadera etapa cient\u00edfica y el Dr. A\u00f1ibarro adopt\u00f3 la clasificaci\u00f3n de Morel que se basaba en la idea de la \u201cdegeneraci\u00f3n hereditaria\u201d o involuci\u00f3n biol\u00f3gica que se produce en el enfermo mental hasta descender a variedades humanas inferiores o previas a la genealog\u00eda del hombre.<\/p>\n<p>A falta de recursos terap\u00e9uticos espec\u00edficos y eficaces para la curaci\u00f3n de las diferentes enfermedades mentales, los tratamientos de esta \u00e9poca se orientaban a crear las condiciones m\u00e1s favorables para la recuperaci\u00f3n natural de la enfermedad.<\/p>\n<p>La vida cotidiana de las pacientes se enriquec\u00eda con diversas actividades de ocio como la representaci\u00f3n de obras de teatro o paseos por los alrededores del sanatorio. Tambi\u00e9n se dispon\u00eda de un sal\u00f3n de lectura con una biblioteca surtida de obras recreativas y en d\u00edas festivos se organizaban veladas con representaciones de sainete, proyecciones cinematogr\u00e1ficas y audiciones de gram\u00f3fono.<\/p>\n<p>En los espacios que rodeaban los diferentes pabellones se dispon\u00eda de huertas y corrales de f\u00e1cil acceso en los que las enfermas desarrollaban actividades de laborterapia al aire libre. La terapia ocupacional se utiliz\u00f3 en el Hospital Aita Menni desde el principio, desarroll\u00e1ndose diversas actividades de esta \u00edndole. Tambi\u00e9n se dispon\u00eda de un taller en el que las pacientes realizaban diversos trabajos de costura.<\/p>\n<p>Los medicamentos disponibles a principios de siglo se reduc\u00edan a hipn\u00f3ticos para combatir el insomnio -tales como el cloral, el bromuro o el opio- y los sedantes utilizados contra la ansiedad -derivados del opio, hach\u00eds, belladona, escopolamina-. Adem\u00e1s, sobre la base de que el paciente man\u00edaco presenta problemas digestivos por una deficiente masticaci\u00f3n de los alimentos, se utilizaban reconstituyentes y laxantes.<\/p>\n<p>Entre los diferentes m\u00e9todos de la \u00e9poca, era ampliamente utilizado el de la narcosis prolongada, consistente en mantener a los pacientes durante varios d\u00edas bajo los efectos de hipn\u00f3ticos, interrumpiendo su acci\u00f3n \u00fanicamente para permitirles realizar sus funciones vitales. A partir de 1917 se introdujo la t\u00e9cnica de la piretoterapia que consist\u00eda en la producci\u00f3n de fiebre por medio de diferentes agentes, tales como suspensiones coloidales de oro o plata, nucleinato s\u00f3dico o l\u00edtico, esencia de trementina, alb\u00faminas bacterianas, suspensiones oleosas de azufre o formas benignas de paludismo.<\/p>\n<p>Otro tratamiento ampliamente utilizado era la hidroterapia, un antiguo m\u00e9todo universalizado por Kraepelin, que consist\u00eda en la utilizaci\u00f3n del ba\u00f1o a temperaturas diferentes en tiempos tambi\u00e9n diferentes seg\u00fan los cuadros cl\u00ednicos. En general se pretend\u00eda sedar al paciente en estados de agitaci\u00f3n o estimularlo en estados de postraci\u00f3n.[\/vc_column_text][\/vc_column][vc_column width=\u00bb1\/3&#8243;][vc_single_image image=\u00bb39366&#8243; img_size=\u00bbfull\u00bb onclick=\u00bblink_image\u00bb][vc_single_image image=\u00bb39370&#8243; img_size=\u00bbfull\u00bb onclick=\u00bblink_image\u00bb][vc_single_image image=\u00bb39375&#8243; img_size=\u00bbfull\u00bb onclick=\u00bblink_image\u00bb][vc_single_image image=\u00bb39378&#8243; img_size=\u00bbfull\u00bb onclick=\u00bblink_image\u00bb][\/vc_column][\/vc_row]<\/p>\n<\/div>","protected":false},"excerpt":{"rendered":"<div class=\"entry-summary\">\n La consolidaci\u00f3n como un gran centro psiqui\u00e1trico Dado el n\u00famero de pacientes que dependiendo de las Diputaciones se encontraban en otros psiqui\u00e1tricos, desde su misma fundaci\u00f3n el Hospital Aita Menni debi\u00f3 hacer un gran esfuerzo para aumentar&hellip;\n<\/div>\n<div class=\"link-more\"><a href=\"https:\/\/ospitalarioakfundazioaeuskadi.org\/es\/quienes-somos\/nuestra-historia\/consolidacion-como-gran-centro-psiquiatrico\/\" class=\"more-link\">Seguir leyendo<span class=\"screen-reader-text\"> &ldquo;La consolidaci\u00f3n como un gran centro psiqui\u00e1trico&rdquo;<\/span>&hellip;<\/a><\/div>\n","protected":false},"author":1,"featured_media":39320,"parent":24504,"menu_order":10,"comment_status":"closed","ping_status":"closed","template":"templates\/sin-head-h1.php","meta":{"footnotes":""},"class_list":["post-39350","page","type-page","status-publish","has-post-thumbnail","hentry","entry"],"_links":{"self":[{"href":"https:\/\/ospitalarioakfundazioaeuskadi.org\/es\/wp-json\/wp\/v2\/pages\/39350","targetHints":{"allow":["GET"]}}],"collection":[{"href":"https:\/\/ospitalarioakfundazioaeuskadi.org\/es\/wp-json\/wp\/v2\/pages"}],"about":[{"href":"https:\/\/ospitalarioakfundazioaeuskadi.org\/es\/wp-json\/wp\/v2\/types\/page"}],"author":[{"embeddable":true,"href":"https:\/\/ospitalarioakfundazioaeuskadi.org\/es\/wp-json\/wp\/v2\/users\/1"}],"replies":[{"embeddable":true,"href":"https:\/\/ospitalarioakfundazioaeuskadi.org\/es\/wp-json\/wp\/v2\/comments?post=39350"}],"version-history":[{"count":3,"href":"https:\/\/ospitalarioakfundazioaeuskadi.org\/es\/wp-json\/wp\/v2\/pages\/39350\/revisions"}],"predecessor-version":[{"id":55598,"href":"https:\/\/ospitalarioakfundazioaeuskadi.org\/es\/wp-json\/wp\/v2\/pages\/39350\/revisions\/55598"}],"up":[{"embeddable":true,"href":"https:\/\/ospitalarioakfundazioaeuskadi.org\/es\/wp-json\/wp\/v2\/pages\/24504"}],"wp:featuredmedia":[{"embeddable":true,"href":"https:\/\/ospitalarioakfundazioaeuskadi.org\/es\/wp-json\/wp\/v2\/media\/39320"}],"wp:attachment":[{"href":"https:\/\/ospitalarioakfundazioaeuskadi.org\/es\/wp-json\/wp\/v2\/media?parent=39350"}],"curies":[{"name":"wp","href":"https:\/\/api.w.org\/{rel}","templated":true}]}}