{"id":39438,"date":"2022-03-02T19:57:48","date_gmt":"2022-03-02T19:57:48","guid":{"rendered":"http:\/\/194.35.43.170\/~aitamenninueva\/?page_id=39438"},"modified":"2022-10-27T14:33:43","modified_gmt":"2022-10-27T14:33:43","slug":"introduccion-psicofarmacos","status":"publish","type":"page","link":"https:\/\/ospitalarioakfundazioaeuskadi.org\/es\/quienes-somos\/nuestra-historia\/introduccion-psicofarmacos\/","title":{"rendered":"La introducci\u00f3n de los psicof\u00e1rmacos"},"content":{"rendered":"<div class=\"wpb-content-wrapper\"><p>[vc_row gap=\u00bb35&#8243;][vc_column width=\u00bb2\/3&#8243;][vc_column_text]<\/p>\n<h1>La introducci\u00f3n de los psicof\u00e1rmacos<\/h1>\n<p>En la segunda mitad de los a\u00f1os 40 se descubri\u00f3 un potente antihistam\u00ednico que mostr\u00f3 propiedades sedantes sobre el sistema nervioso central. Se trataba de la prometazina (Fenergan\u00ae). A partir de las expectativas que abri\u00f3 este descubrimiento para el tratamiento de las enfermedades mentales, se desarrollaron nuevas investigaciones que desembocaron en el descubrimiento de la clorpromazina (Largactil\u00ae) en diciembre de 1950. La revoluci\u00f3n de la psicofarmacolog\u00eda hab\u00eda comenzado.<\/p>\n<p>A partir de ese momento, los avances en este terreno se sucedieron a un ritmo vertiginoso: en 1952 se aisl\u00f3 la reserpina a partir de la ra\u00edz de la Rauwolfia serpentina; en 1955 se sintetiz\u00f3 el clordiazep\u00f3xido, abriendo el camino de los ansiol\u00edticos benzodiazep\u00ednicos; en 1956 se descubri\u00f3 el efecto antidepresivo de la iproniazida, precursor de los inhibidores de la monoaminooxidasa; en 1957 se produjo el descubrimiento del primer antidepresivo tric\u00edclico, la imipramina.<\/p>\n<p>Aunque el marco legal vigente en esta \u00e9poca segu\u00eda siendo el establecido por el Real Decreto de 1931, estos descubrimientos tuvieron una gran importancia en la atenci\u00f3n psiqui\u00e1trica en general y en el Hospital Aita Menni en particular puesto que, a partir de la introducci\u00f3n progresiva de estos f\u00e1rmacos, muchos enfermos pudieron evolucionar favorablemente, lo que dio lugar a que el censo de pacientes comenzara a disminuir por primera vez en la historia del hospital. Como consecuencia, en estos a\u00f1os los trabajos materiales fueron dirigidos principalmente a tareas de mantenimiento y acomodaci\u00f3n de subestructuras a necesidades variables.[\/vc_column_text][vc_single_image image=\u00bb39439&#8243; img_size=\u00bbfull\u00bb onclick=\u00bblink_image\u00bb][\/vc_column][vc_column width=\u00bb1\/3&#8243;][\/vc_column][\/vc_row][vc_row gap=\u00bb35&#8243;][vc_column width=\u00bb2\/3&#8243;][vc_column_text]<\/p>\n<h2>El equipo asistencial<\/h2>\n<p>A partir de los a\u00f1os 50, el n\u00famero de hermanas que formaban la comunidad de Santa \u00c1gueda fue disminuyendo, tanto por el descenso progresivo del n\u00famero de pacientes atendidas como por la incorporaci\u00f3n, a partir de los a\u00f1os setenta, de personal auxiliar laico.<\/p>\n<p>Como en \u00e9pocas anteriores, la responsabilidad de la asistencia a las enfermas reca\u00eda en el personal facultativo y en las Hermanas Hospitalarias. Sin embargo, en 1969 se produjo un cambio importante en la composici\u00f3n del equipo asistencial con la incorporaci\u00f3n de una nueva disciplina en la atenci\u00f3n a los pacientes: la Asistencia Social.[\/vc_column_text][vc_column_text]<\/p>\n<h2>Diagn\u00f3stico y tratamiento<\/h2>\n<p>Durante buena parte de esta \u00e9poca sigui\u00f3 en vigor el sistema de clasificaci\u00f3n de las enfermedades de Kraepelin, aunque con las incorporaciones obligadas de Bleuler, Krestchmer, Jaspers y Kurt Schneider. En torno a 1970, se introdujo en el Hospital Aita Menni el uso de una clasificaci\u00f3n internacional, la CIE-8.<\/p>\n<p>En relaci\u00f3n con el tratamiento, los nuevos psicof\u00e1rmacos que se iban descubriendo se fueron incorporando progresivamente al arsenal terap\u00e9utico utilizado en el hospital. Tanto antidepresivos como ansiol\u00edticos y fundamentalmente antipsic\u00f3ticos se fueron aplicando para combatir los s\u00edntomas de las pacientes, obteni\u00e9ndose en muchos casos resultados satisfactorios que permitieron el alta de las mismas o, al menos, una mejora sustancial en su calidad de vida, lo cual permit\u00eda, entre otras cosas, ocupar su tiempo en diversas actividades productivas.<\/p>\n<p>De hecho, a ra\u00edz del fuerte desarrollo industrial de la comarca, surgieron oportunidades para que las pacientes realizaran trabajos de manufactura para empresas ubicadas en el entorno del hospital y as\u00ed, en 1959, se puso en marcha un peque\u00f1o taller en el que unas pocas pacientes confeccionaban ropa de trabajo para una f\u00e1brica de Bergara. Este taller aument\u00f3 r\u00e1pidamente su producci\u00f3n hasta contar con 38 m\u00e1quinas de coser. En 1962 se abri\u00f3 otro taller de punto que realizaba trabajos para una empresa de San Sebasti\u00e1n. Aunque inicialmente las pacientes mostraban cierta resistencia a participar en estos trabajos, pronto la superaron, tanto por el est\u00edmulo que constantemente recib\u00edan del personal asistencial como por el dinero que obten\u00edan a cambio de su trabajo, lo que les permit\u00eda disponer de ingresos para sus gastos personales.<\/p>\n<p>Entre 1968 y 1975 se montaron, en diferentes pabellones, los llamados talleres auxiliares en los que se hac\u00edan grapas, hebillas y cadenetas, moldes de resina, mu\u00f1ecos de espuma, envasado de bisagras, tirafondos, tornillos, etc. y en 1972 comenzaron a funcionar un taller de cartonaje y un taller de llaves que en la actualidad mantienen su actividad.[\/vc_column_text][\/vc_column][vc_column width=\u00bb1\/3&#8243;][vc_single_image image=\u00bb39445&#8243; img_size=\u00bbfull\u00bb onclick=\u00bblink_image\u00bb][vc_single_image image=\u00bb39447&#8243; img_size=\u00bbfull\u00bb onclick=\u00bblink_image\u00bb][vc_single_image image=\u00bb39450&#8243; img_size=\u00bbfull\u00bb onclick=\u00bblink_image\u00bb][vc_single_image image=\u00bb39452&#8243; img_size=\u00bbfull\u00bb onclick=\u00bblink_image\u00bb][\/vc_column][\/vc_row]<\/p>\n<\/div>","protected":false},"excerpt":{"rendered":"<div class=\"entry-summary\">\n La introducci\u00f3n de los psicof\u00e1rmacos En la segunda mitad de los a\u00f1os 40 se descubri\u00f3 un potente antihistam\u00ednico que mostr\u00f3 propiedades sedantes sobre el sistema nervioso central. Se trataba de la prometazina (Fenergan\u00ae). A partir de las&hellip;\n<\/div>\n<div class=\"link-more\"><a href=\"https:\/\/ospitalarioakfundazioaeuskadi.org\/es\/quienes-somos\/nuestra-historia\/introduccion-psicofarmacos\/\" class=\"more-link\">Seguir leyendo<span class=\"screen-reader-text\"> &ldquo;La introducci\u00f3n de los psicof\u00e1rmacos&rdquo;<\/span>&hellip;<\/a><\/div>\n","protected":false},"author":1,"featured_media":39439,"parent":24504,"menu_order":12,"comment_status":"closed","ping_status":"closed","template":"templates\/sin-head-h1.php","meta":{"footnotes":""},"class_list":["post-39438","page","type-page","status-publish","has-post-thumbnail","hentry","entry"],"_links":{"self":[{"href":"https:\/\/ospitalarioakfundazioaeuskadi.org\/es\/wp-json\/wp\/v2\/pages\/39438","targetHints":{"allow":["GET"]}}],"collection":[{"href":"https:\/\/ospitalarioakfundazioaeuskadi.org\/es\/wp-json\/wp\/v2\/pages"}],"about":[{"href":"https:\/\/ospitalarioakfundazioaeuskadi.org\/es\/wp-json\/wp\/v2\/types\/page"}],"author":[{"embeddable":true,"href":"https:\/\/ospitalarioakfundazioaeuskadi.org\/es\/wp-json\/wp\/v2\/users\/1"}],"replies":[{"embeddable":true,"href":"https:\/\/ospitalarioakfundazioaeuskadi.org\/es\/wp-json\/wp\/v2\/comments?post=39438"}],"version-history":[{"count":3,"href":"https:\/\/ospitalarioakfundazioaeuskadi.org\/es\/wp-json\/wp\/v2\/pages\/39438\/revisions"}],"predecessor-version":[{"id":55605,"href":"https:\/\/ospitalarioakfundazioaeuskadi.org\/es\/wp-json\/wp\/v2\/pages\/39438\/revisions\/55605"}],"up":[{"embeddable":true,"href":"https:\/\/ospitalarioakfundazioaeuskadi.org\/es\/wp-json\/wp\/v2\/pages\/24504"}],"wp:featuredmedia":[{"embeddable":true,"href":"https:\/\/ospitalarioakfundazioaeuskadi.org\/es\/wp-json\/wp\/v2\/media\/39439"}],"wp:attachment":[{"href":"https:\/\/ospitalarioakfundazioaeuskadi.org\/es\/wp-json\/wp\/v2\/media?parent=39438"}],"curies":[{"name":"wp","href":"https:\/\/api.w.org\/{rel}","templated":true}]}}