{"id":39455,"date":"2022-03-02T20:51:14","date_gmt":"2022-03-02T20:51:14","guid":{"rendered":"http:\/\/194.35.43.170\/~aitamenninueva\/?page_id=39455"},"modified":"2022-10-27T14:38:53","modified_gmt":"2022-10-27T14:38:53","slug":"transformacion-hospital-decadas","status":"publish","type":"page","link":"https:\/\/ospitalarioakfundazioaeuskadi.org\/es\/quienes-somos\/nuestra-historia\/transformacion-hospital-decadas\/","title":{"rendered":"Transformaci\u00f3n del Hospital en la d\u00e9cada de los 80 y 90 del s. XX"},"content":{"rendered":"<div class=\"wpb-content-wrapper\"><p>[vc_row gap=\u00bb35&#8243;][vc_column width=\u00bb2\/3&#8243;][vc_column_text]<\/p>\n<h1>Transformaci\u00f3n del Hospital Aita Menni en la d\u00e9cada de los 80 y 90 del s. XX<\/h1>\n<p>Con la llegada de la democracia, la asistencia a los enfermos mentales sali\u00f3 del \u00e1mbito del Ministerio de la Gobernaci\u00f3n para entrar dentro de la asistencia sanitaria general y, por tanto, entre las competencias del Ministerio de Sanidad (reforma del C\u00f3digo Civil de 1983). En la Ley General de Sanidad de 1986 se recog\u00eda la planificaci\u00f3n de los servicios de asistencia psiqui\u00e1trica poniendo especial \u00e9nfasis en el\u00a0<strong>desarrollo de la asistencia extrahospitalaria<\/strong>\u00a0a trav\u00e9s de servicios comunitarios como consultorios, hospitales de d\u00eda, centros laborales protegidos para discapacidades ps\u00edquicas u hogares asistidos en la comunidad. Por otra parte, se creaban unidades psiqui\u00e1tricas para la atenci\u00f3n de casos agudos en los hospitales generales as\u00ed como unidades de rehabilitaci\u00f3n en r\u00e9gimen de media estancia en los hospitales psiqui\u00e1tricos y establecimientos residenciales de larga estancia.<\/p>\n<p>[\/vc_column_text][\/vc_column][vc_column width=\u00bb1\/3&#8243;][\/vc_column][\/vc_row][vc_row gap=\u00bb35&#8243;][vc_column width=\u00bb2\/3&#8243;][vc_column_text]Por otra parte, en la Comunidad Aut\u00f3noma Vasca se elabor\u00f3 un Plan de Asistencia Psiqui\u00e1trica y Salud Mental a partir del cual se fueron creando los diferentes dispositivos asistenciales haciendo especial hincapi\u00e9 en la red de centros de salud mental y en las unidades psiqui\u00e1tricas de corta estancia en los hospitales generales. Simult\u00e1neamente, en 1983 se cre\u00f3 el\u00a0<a title=\"Osakidetza\" href=\"http:\/\/www.osakidetza.euskadi.net\/\" target=\"_blank\" rel=\"noopener nofollow\">Servicio Vasco de Salud\u2013Osakidetza<\/a>\u00a0\u00a0para la gesti\u00f3n de los servicios sanitarios de la comunidad aut\u00f3noma, aunque hasta 1985 las competencias en salud mental permanecieron bajo la responsabilidad de las diputaciones forales. A partir de entonces,\u00a0<strong>el Hospital Aita Menni concert\u00f3 las estancias de sus pacientes\u00a0<\/strong>con estas instituciones dependientes del Departamento de Sanidad del Gobierno Vasco.<\/p>\n<p>En este contexto, el Hospital Aita Menni se renov\u00f3 para convertirse en un<strong>\u00a0instrumento moderno de terapia y rehabilitaci\u00f3n de las funciones ps\u00edquicas y sociales<\/strong>\u00a0deterioradas por la enfermedad mental, orientando su actividad a las pacientes que requer\u00edan estancias prolongadas en el hospital. Para ello, se consider\u00f3 muy importante proceder a la renovaci\u00f3n de las instalaciones con una reorganizaci\u00f3n global.<\/p>\n<p>Ante la funci\u00f3n concreta que el Hospital Aita Menni deb\u00eda cumplir en el marco asistencial vigente, se construy\u00f3 un\u00a0<strong>nuevo espacio hospitalario y residencial<\/strong>\u00a0cuyas obras comenzaron en 1981.[\/vc_column_text][vc_single_image image=\u00bb39499&#8243; img_size=\u00bbfull\u00bb onclick=\u00bblink_image\u00bb][\/vc_column][vc_column width=\u00bb1\/3&#8243;][\/vc_column][\/vc_row][vc_row gap=\u00bb35&#8243; css=\u00bb.vc_custom_1666881511493{padding-bottom: 60px !important;}\u00bb][vc_column width=\u00bb2\/3&#8243;][vc_column_text]Los criterios que se siguieron en el dise\u00f1o de los espacios del nuevo hospital fueron los siguientes:<\/p>\n<ul>\n<li>Crear espacios que permitieran la convivencia de grupos de pacientes con identidad propia.<\/li>\n<li>Ordenar flujos de movimiento que facilitaran la actividad y estimularan la comunicaci\u00f3n.<\/li>\n<li>Establecer ambientes pr\u00f3ximos a los est\u00e1ndares de vida de la sociedad circundante.<\/li>\n<li>Proporcionar espacios privados a cada paciente individual.<\/li>\n<li>Dotar al hospital de medios materiales y t\u00e9cnicos que lo facultaran para ofrecer una moderna asistencia psiqui\u00e1trica.<\/li>\n<\/ul>\n<p>Tras la construcci\u00f3n de las nuevas instalaciones y la asunci\u00f3n del trabajo en equipo multidisciplinar, el Hospital Aita Menni se encontraba en una situaci\u00f3n en que se hab\u00edan renovado profundamente sus estructuras f\u00edsicas y se hab\u00eda iniciado un proceso de incorporaci\u00f3n de profesionales con inquietudes y con iniciativas. Adem\u00e1s, en 1988 se separaron las responsabilidades de la Superiora de la Comunidad y de la Gerencia del Hospital, de manera que una persona pudiera centrarse espec\u00edficamente en el desarrollo de la obra hospitalaria. En definitiva, a finales de los a\u00f1os ochenta se daban las condiciones id\u00f3neas para que se plantearan nuevos retos con los que intentar ofrecer un servicio a la sociedad del entorno.[\/vc_column_text][vc_single_image image=\u00bb39460&#8243; img_size=\u00bbfull\u00bb onclick=\u00bblink_image\u00bb][vc_column_text]Durante los a\u00f1os noventa se produce una actualizaci\u00f3n de la misi\u00f3n asistencial del hospital mediante la diversificaci\u00f3n de servicios, pasando de la atenci\u00f3n a enfermas psiqui\u00e1tricas de larga estancia a la oferta de atenci\u00f3n a pacientes de ambos sexos y de diversos grupos de edad, en \u00e1mbitos asistenciales no s\u00f3lo hospitalarios sino tambi\u00e9n comunitarios, incidiendo en todos los casos en programas terap\u00e9uticos y rehabilitadores y abordando nuevas patolog\u00edas mentales como el\u00a0<a title=\"El da\u00f1o cerebral \" href=\"http:\/\/www.xn--daocerebral-2db.es\/el-dano-cerebral\/\" rel=\"nofollow noopener\" target=\"_blank\">da\u00f1o cerebral<\/a>. En este proceso de cambio se produce la b\u00fasqueda de nuevas fuentes de financiaci\u00f3n de la actividad asistencial, pasando de una financiaci\u00f3n exclusivamente p\u00fablica a un modelo mixto.<\/p>\n<p>La d\u00e9cada de los noventa vio nacer nuevos proyectos que marcar\u00edan el futuro desarrollo del hospital. Citamos a continuaci\u00f3n los m\u00e1s importantes:<\/p>\n<ul>\n<li>1991, <a href=\"https:\/\/ospitalarioakfundazioaeuskadi.org\/es\/centro\/hospital-dia-arrasate-mondragon\/\"><strong>Hospital de d\u00eda<\/strong><\/a>\u00a0para personas con enfermedad mental severa en el entorno urbano de Arrasate.<\/li>\n<li>1992, <a href=\"https:\/\/ospitalarioakfundazioaeuskadi.org\/es\/unidad\/unidad-de-media-estancia\/\"><strong>Unidad de Media Estancia<\/strong><\/a>\u00a0para pacientes psiqui\u00e1tricos que requieren una atenci\u00f3n m\u00e1s prolongada que la que pueden ofrecer las unidades de agudos.<\/li>\n<li>1992, <a href=\"https:\/\/ospitalarioakfundazioaeuskadi.org\/es\/unidad\/dano-cerebral-hospitalizacion-mondragon\/\"><strong>Unidad de Da\u00f1o Cerebral<\/strong><\/a>\u00a0dedicada a la rehabilitaci\u00f3n de pacientes que han sufrido una lesi\u00f3n cerebral.<\/li>\n<li>1997, <a href=\"https:\/\/ospitalarioakfundazioaeuskadi.org\/es\/?post_type=centro&#038;p=37487\"><strong>Centro de D\u00eda Psicogeri\u00e1trico<\/strong><\/a>, ubicado en Mondrag\u00f3n y dirigido a la comarca del Alto Deba, que atiende a ancianos con d\u00e9ficits cognitivos y funcionales.<\/li>\n<li>1997, <a href=\"https:\/\/ospitalarioakfundazioaeuskadi.org\/es\/centro\/centro-dano-cerebral-aita-menni-bilbao\/\"><strong>Centro de Neurorrehabilitaci\u00f3n en Bilbao<\/strong><\/a>, que permite ofrecer rehabilitaci\u00f3n multidisciplinar en r\u00e9gimen ambulatorio.<\/li>\n<li>A lo largo de toda la d\u00e9cada se pusieron en marcha <strong style=\"background-color: var(--color_content_background); color: var(--color_content_text); font-family: var(--typography_fonts_text);\">6 pisos en Arrasate\u00a0<\/strong><span style=\"background-color: var(--color_content_background); color: var(--color_content_text); font-family: var(--typography_fonts_text);\">dedicados a la reinserci\u00f3n comunitaria de personas con enfermedad mental grave.<\/span><\/li>\n<\/ul>\n<p>[\/vc_column_text][\/vc_column][vc_column width=\u00bb1\/3&#8243;][vc_single_image image=\u00bb39481&#8243; img_size=\u00bbfull\u00bb onclick=\u00bblink_image\u00bb][vc_single_image image=\u00bb39493&#8243; img_size=\u00bbfull\u00bb onclick=\u00bblink_image\u00bb][vc_single_image image=\u00bb39495&#8243; img_size=\u00bbfull\u00bb onclick=\u00bblink_image\u00bb][vc_single_image image=\u00bb39505&#8243; img_size=\u00bbfull\u00bb onclick=\u00bblink_image\u00bb][vc_single_image image=\u00bb39502&#8243; img_size=\u00bbfull\u00bb onclick=\u00bblink_image\u00bb][\/vc_column][\/vc_row][vc_row full_width=\u00bbstretch_row\u00bb gap=\u00bb35&#8243; css=\u00bb.vc_custom_1665568351009{padding-top: 60px !important;padding-bottom: 60px !important;background-color: #f5f5f5 !important;}\u00bb][vc_column width=\u00bb1\/2&#8243;][vc_single_image image=\u00bb39508&#8243; img_size=\u00bbfull\u00bb onclick=\u00bblink_image\u00bb][vc_column_text]<\/p>\n<h2>Centenario de la Congregaci\u00f3n de las Hermanas Hospitalarias<\/h2>\n<p>En 1981 se celebr\u00f3 el <strong>Centenario de la Congregaci\u00f3n de las Hermanas Hospitalarias del Sagrado Coraz\u00f3n de Jes\u00fas<\/strong> con diversos actos, entre los que cabe destacar una eucarist\u00eda presidida por el Obispo de San Sebasti\u00e1n, Monse\u00f1or Jos\u00e9 M\u00aa Seti\u00e9n, y una fiesta en el Pabell\u00f3n San Jos\u00e9.[\/vc_column_text][\/vc_column][vc_column width=\u00bb1\/2&#8243;][vc_single_image image=\u00bb39511&#8243; img_size=\u00bbfull\u00bb onclick=\u00bblink_image\u00bb][vc_column_text]<\/p>\n<h2>Beatificaci\u00f3n de Benito Menni<\/h2>\n<p>El 23 de junio de 1985, en la Bas\u00edlica de San Pedro de Roma, se celebr\u00f3 la <strong>ceremonia de beatificaci\u00f3n<\/strong> del fundador del Hospital y de la Congregaci\u00f3n de Hermanas Hospitalarias, <strong>Benito Menni<\/strong>. El acto fue presidido por el Papa Juan Pablo II y se vivi\u00f3 con gran intensidad den el Hospital Aita Menni. Un grupo ode hermanas, colaboradores y pacientes se desplaz\u00f3 a Roma para asistir a la ceremonia, en representaci\u00f3n de toda la Comunidad Hospitalaria de Santa \u00c1gueda.[\/vc_column_text][\/vc_column][\/vc_row]<\/p>\n<\/div>","protected":false},"excerpt":{"rendered":"<div class=\"entry-summary\">\n Transformaci\u00f3n del Hospital Aita Menni en la d\u00e9cada de los 80 y 90 del s. XX Con la llegada de la democracia, la asistencia a los enfermos mentales sali\u00f3 del \u00e1mbito del Ministerio de la Gobernaci\u00f3n para&hellip;\n<\/div>\n<div class=\"link-more\"><a href=\"https:\/\/ospitalarioakfundazioaeuskadi.org\/es\/quienes-somos\/nuestra-historia\/transformacion-hospital-decadas\/\" class=\"more-link\">Seguir leyendo<span class=\"screen-reader-text\"> &ldquo;Transformaci\u00f3n del Hospital en la d\u00e9cada de los 80 y 90 del s. XX&rdquo;<\/span>&hellip;<\/a><\/div>\n","protected":false},"author":1,"featured_media":0,"parent":24504,"menu_order":13,"comment_status":"closed","ping_status":"closed","template":"templates\/sin-head-h1.php","meta":{"footnotes":""},"class_list":["post-39455","page","type-page","status-publish","hentry","entry"],"_links":{"self":[{"href":"https:\/\/ospitalarioakfundazioaeuskadi.org\/es\/wp-json\/wp\/v2\/pages\/39455","targetHints":{"allow":["GET"]}}],"collection":[{"href":"https:\/\/ospitalarioakfundazioaeuskadi.org\/es\/wp-json\/wp\/v2\/pages"}],"about":[{"href":"https:\/\/ospitalarioakfundazioaeuskadi.org\/es\/wp-json\/wp\/v2\/types\/page"}],"author":[{"embeddable":true,"href":"https:\/\/ospitalarioakfundazioaeuskadi.org\/es\/wp-json\/wp\/v2\/users\/1"}],"replies":[{"embeddable":true,"href":"https:\/\/ospitalarioakfundazioaeuskadi.org\/es\/wp-json\/wp\/v2\/comments?post=39455"}],"version-history":[{"count":3,"href":"https:\/\/ospitalarioakfundazioaeuskadi.org\/es\/wp-json\/wp\/v2\/pages\/39455\/revisions"}],"predecessor-version":[{"id":39457,"href":"https:\/\/ospitalarioakfundazioaeuskadi.org\/es\/wp-json\/wp\/v2\/pages\/39455\/revisions\/39457"}],"up":[{"embeddable":true,"href":"https:\/\/ospitalarioakfundazioaeuskadi.org\/es\/wp-json\/wp\/v2\/pages\/24504"}],"wp:attachment":[{"href":"https:\/\/ospitalarioakfundazioaeuskadi.org\/es\/wp-json\/wp\/v2\/media?parent=39455"}],"curies":[{"name":"wp","href":"https:\/\/api.w.org\/{rel}","templated":true}]}}