{"id":39520,"date":"2022-03-07T18:31:36","date_gmt":"2022-03-07T18:31:36","guid":{"rendered":"http:\/\/194.35.43.170\/~aitamenninueva\/?page_id=39520"},"modified":"2025-11-05T15:32:52","modified_gmt":"2025-11-05T13:32:52","slug":"hospital-aita-menni-hoy","status":"publish","type":"page","link":"https:\/\/ospitalarioakfundazioaeuskadi.org\/es\/quienes-somos\/nuestra-historia\/hospital-aita-menni-hoy\/","title":{"rendered":"Aita Menni en el siglo XXI"},"content":{"rendered":"<div class=\"wpb-content-wrapper\"><p>[vc_row gap=\u00bb35&#8243;][vc_column width=\u00bb2\/3&#8243;][vc_column_text]<\/p>\n<h1>Aita Menni en el siglo XXI<\/h1>\n<p>La \u00faltima d\u00e9cada del siglo XX marc\u00f3 una direcci\u00f3n clara: la\u00a0<strong>diversificaci\u00f3n de servicios<\/strong>, la\u00a0<strong>atenci\u00f3n fuera del hospital<\/strong>\u00a0y el\u00a0<strong>acercamiento\u00a0<\/strong>de peque\u00f1os dispositivos a los lugares de residencia de la ciudadan\u00eda. El hospital psiqui\u00e1trico de anta\u00f1o alumbraba un proyecto de\u00a0<strong>hospital polivalente abierto a las nuevas problem\u00e1ticas<\/strong>\u00a0de salud que afectaban a las personas con trastornos psiqui\u00e1tricos y otros trastornos cerebrales cr\u00f3nicos. La idea de proveer de\u00a0<strong>continuidad de cuidados<\/strong> empujaba a traspasar los muros del antiguo sanatorio para ofrecer asistencia en formatos de centro de d\u00eda, de consulta externa o de atenci\u00f3n domiciliaria.[\/vc_column_text][\/vc_column][vc_column width=\u00bb1\/3&#8243;][\/vc_column][\/vc_row][vc_row gap=\u00bb35&#8243;][vc_column width=\u00bb2\/3&#8243;][vc_single_image image=\u00bb39521&#8243; img_size=\u00bbfull\u00bb onclick=\u00bblink_image\u00bb][vc_column_text css=\u00bb\u00bb]Los proyectos dejaron de ser financiados s\u00f3lo por el Departamento de Sanidad. Las diputaciones a trav\u00e9s de sus Servicios Sociales pasaron a ser instituciones importantes para el desarrollo de los dispositivos de<strong>\u00a0atenci\u00f3n a personas dependientes o con problemas cr\u00f3nicos de salud<\/strong>. Las mutuas de accidentes laborales, las compa\u00f1\u00edas de seguro de autom\u00f3vil, el paciente privado, el Departamento de Interior del Gobierno Vasco, el de Educaci\u00f3n y el propio Servicio Vasco de Salud &#8211; Osakidetza completaron el abanico de clientes del hospital.<\/p>\n<p>As\u00ed, la atenci\u00f3n a las\u00a0<a title=\"Personas mayores\" href=\"https:\/\/ospitalarioakfundazioaeuskadi.org\/es\/que-hacemos\/persona-mayor\/\" target=\"_blank\" rel=\"noopener\">personas mayores<\/a>\u00a0dependientes, las personas con\u00a0<a title=\"Da\u00f1o cerebral adquirido\" href=\"https:\/\/ospitalarioakfundazioaeuskadi.org\/es\/que-hacemos\/neurorrehabilitacion-dano-cerebral\/\" target=\"_blank\" rel=\"noopener\">da\u00f1o cerebral adquirido<\/a>, los <a href=\"https:\/\/ospitalarioakfundazioaeuskadi.org\/es\/que-hacemos\/salud-mental\/\">trastornos psiqui\u00e1tricos<\/a> graves, la discapacidad intelectual con alteraciones de conducta o la <a title=\"Psiquiatr\u00eda Legal\" href=\"https:\/\/www.ospitalarioakfundazioaeuskadi.org\/unidad\/unidad-de-psiquiatria-legal-2\/\" target=\"_blank\" rel=\"noopener\">psiquiatr\u00eda legal<\/a> han sido los focos de actividad del hospital en la primera d\u00e9cada del siglo XXI. En las\u00a0<a title=\"Memorias de actividad\" href=\"https:\/\/ospitalarioakfundazioaeuskadi.org\/es\/comunicacion\/memorias-y-publicaciones\/\" target=\"_blank\" rel=\"noopener\">memorias<\/a> se recoge la actividad por servicios y tipos de dispositivos y en el resto de este sitio web se describe con mayor detalle cada una de estas \u00e1reas de actividad.<\/p>\n<p>Y en <strong>enero de 2025<\/strong> tuvo lugar otro gran cambio en nuestra instituci\u00f3n: <strong>la actividad asistencial de Hermanas Hospitalarias fue transferida a la Fundaci\u00f3n Hospitalarias<\/strong>, que <a href=\"https:\/\/ospitalarioakfundazioaeuskadi.org\/es\/nace-fundacion-hospitalarias\/\">en el Pa\u00eds Vasco tom\u00f3 el nombre de Ospitalarioak Fundazioa Euskadi<\/a>.<\/p>\n<p>[\/vc_column_text][\/vc_column][vc_column width=\u00bb1\/3&#8243;][vc_single_image image=\u00bb39525&#8243; img_size=\u00bbfull\u00bb onclick=\u00bblink_image\u00bb][\/vc_column][\/vc_row]<\/p>\n<\/div>","protected":false},"excerpt":{"rendered":"<div class=\"entry-summary\">\n Aita Menni en el siglo XXI La \u00faltima d\u00e9cada del siglo XX marc\u00f3 una direcci\u00f3n clara: la\u00a0diversificaci\u00f3n de servicios, la\u00a0atenci\u00f3n fuera del hospital\u00a0y el\u00a0acercamiento\u00a0de peque\u00f1os dispositivos a los lugares de residencia de la ciudadan\u00eda. El hospital psiqui\u00e1trico&hellip;\n<\/div>\n<div class=\"link-more\"><a href=\"https:\/\/ospitalarioakfundazioaeuskadi.org\/es\/quienes-somos\/nuestra-historia\/hospital-aita-menni-hoy\/\" class=\"more-link\">Seguir leyendo<span class=\"screen-reader-text\"> &ldquo;Aita Menni en el siglo XXI&rdquo;<\/span>&hellip;<\/a><\/div>\n","protected":false},"author":1,"featured_media":0,"parent":24504,"menu_order":14,"comment_status":"closed","ping_status":"closed","template":"templates\/sin-head-h1.php","meta":{"footnotes":""},"class_list":["post-39520","page","type-page","status-publish","hentry","entry"],"_links":{"self":[{"href":"https:\/\/ospitalarioakfundazioaeuskadi.org\/es\/wp-json\/wp\/v2\/pages\/39520","targetHints":{"allow":["GET"]}}],"collection":[{"href":"https:\/\/ospitalarioakfundazioaeuskadi.org\/es\/wp-json\/wp\/v2\/pages"}],"about":[{"href":"https:\/\/ospitalarioakfundazioaeuskadi.org\/es\/wp-json\/wp\/v2\/types\/page"}],"author":[{"embeddable":true,"href":"https:\/\/ospitalarioakfundazioaeuskadi.org\/es\/wp-json\/wp\/v2\/users\/1"}],"replies":[{"embeddable":true,"href":"https:\/\/ospitalarioakfundazioaeuskadi.org\/es\/wp-json\/wp\/v2\/comments?post=39520"}],"version-history":[{"count":3,"href":"https:\/\/ospitalarioakfundazioaeuskadi.org\/es\/wp-json\/wp\/v2\/pages\/39520\/revisions"}],"predecessor-version":[{"id":76585,"href":"https:\/\/ospitalarioakfundazioaeuskadi.org\/es\/wp-json\/wp\/v2\/pages\/39520\/revisions\/76585"}],"up":[{"embeddable":true,"href":"https:\/\/ospitalarioakfundazioaeuskadi.org\/es\/wp-json\/wp\/v2\/pages\/24504"}],"wp:attachment":[{"href":"https:\/\/ospitalarioakfundazioaeuskadi.org\/es\/wp-json\/wp\/v2\/media?parent=39520"}],"curies":[{"name":"wp","href":"https:\/\/api.w.org\/{rel}","templated":true}]}}