{"id":39687,"date":"2022-03-08T12:32:34","date_gmt":"2022-03-08T12:32:34","guid":{"rendered":"http:\/\/194.35.43.170\/~aitamenninueva\/?page_id=39687"},"modified":"2025-01-08T01:23:03","modified_gmt":"2025-01-08T01:23:03","slug":"atencion-sociosanitaria","status":"publish","type":"page","link":"https:\/\/ospitalarioakfundazioaeuskadi.org\/es\/que-hacemos\/atencion-sociosanitaria\/","title":{"rendered":"Atenci\u00f3n sociosanitaria"},"content":{"rendered":"<div class=\"wpb-content-wrapper\"><p>[vc_row full_width=\u00bbstretch_row\u00bb][vc_column width=\u00bb1\/2&#8243; el_class=\u00bbvc_col-sm-push-6&#8243;][vc_column_text]<\/p>\n<figure><img loading=\"lazy\" decoding=\"async\" width=\"790\" height=\"527\" src=\"https:\/\/ospitalarioakfundazioaeuskadi.org\/wp-content\/uploads\/2022\/02\/hospital-eibar.jpg\" class=\"attachment-large size-large wp-post-image\" alt=\"Hospital de Eibar\" srcset=\"https:\/\/ospitalarioakfundazioaeuskadi.org\/wp-content\/uploads\/2022\/02\/hospital-eibar.jpg 790w, https:\/\/ospitalarioakfundazioaeuskadi.org\/wp-content\/uploads\/2022\/02\/hospital-eibar-744x496.jpg 744w, https:\/\/ospitalarioakfundazioaeuskadi.org\/wp-content\/uploads\/2022\/02\/hospital-eibar-768x512.jpg 768w\" sizes=\"auto, (max-width: 790px) 100vw, 790px\" title=\"\"><\/figure>\n<p>[\/vc_column_text][\/vc_column][vc_column width=\u00bb1\/2&#8243; el_class=\u00bbvc_col-sm-pull-6&#8243;][vc_single_image image=\u00bb39945&#8243; img_size=\u00bb120&#215;110&#8243; el_class=\u00bbicono-por\u00bb][vc_column_text css=\u00bb\u00bb el_class=\u00bbalter-1-icon\u00bb]<\/p>\n<h1>Atenci\u00f3n sociosanitaria<\/h1>\n<p><strong>Cuidados sociosanitarios especializados.<\/strong><\/p>\n<p><b>Ospitalarioak Fundazioa Euskadi <\/b>gestiona para la Diputaci\u00f3n Foral de Gipuzkoa las dos <strong>Unidades Residenciales Sociosanitarias<\/strong> del Hospital de Eibar, donde se atiende a personas en situaci\u00f3n de dependencia permanente o transitoria que presentan necesidades intensas de cuidados sanitarios y sociales, con un nivel de atenci\u00f3n intermedio entre la hospitalizaci\u00f3n sanitaria y la atenci\u00f3n en el domicilio habitual o residencia social.[\/vc_column_text][\/vc_column][\/vc_row][vc_row][vc_column][vc_column_text]En estas Unidades se atiende <strong>de forma temporal y transitoria<\/strong> a personas que presentan, durante tiempo limitado, necesidades de atenci\u00f3n simult\u00e1neas sanitarias y sociales que, por motivos diversos, no pueden garantizarse en su domicilio o en recursos sociosanitarios comunitarios.<\/p>\n<p>Las Unidades est\u00e1n dotadas de personal m\u00e9dico, de enfermer\u00eda y de cuidados, y disponen de un equipamiento superior al de un centro gerontol\u00f3gico.[\/vc_column_text][vc_column_text css=\u00bb.vc_custom_1667661594144{margin-bottom: 0px !important;}\u00bb]<\/p>\n<h2>Perfiles de pacientes<\/h2>\n<p>Los <strong>perfiles<\/strong> de pacientes que atendemos son los siguientes:[\/vc_column_text][vc_row_inner gap=\u00bb35&#8243;][vc_column_inner width=\u00bb1\/2&#8243;][vc_column_text el_class=\u00bbcaja\u00bb]<\/p>\n<h3>Cuidados paliativos<\/h3>\n<p>Personas diagnosticadas de un proceso terminal con una supervivencia estimada inferior al a\u00f1o, que no precisen de un ingreso hospitalario.[\/vc_column_text][vc_column_text el_class=\u00bbcaja\u00bb]<\/p>\n<h3>Convalecencia<\/h3>\n<p>Personas que tras superar la fase aguda de su enfermedad, no requieran una unidad de media estancia hospitalaria, o habiendo \u00e9sta finalizado requieran una continuidad de cuidados con el objetivo de mejor\u00eda o estabilizaci\u00f3n.[\/vc_column_text][vc_column_text el_class=\u00bbcaja\u00bb]<\/p>\n<h3>Enfermedades infectocontagiosas<\/h3>\n<p>Personas que presentan colonizaci\u00f3n o enfermedad infecto contagiosa estabilizada \u2014Covid-19 o similares, SARM, etc\u2014, que no requieran de un ingreso hospitalario, pero requieran de medidas de aislamiento o de seguimiento de tratamiento o tratamiento directamente observado.[\/vc_column_text][\/vc_column_inner][vc_column_inner width=\u00bb1\/2&#8243;][vc_column_text el_class=\u00bbcaja\u00bb]<\/p>\n<h3>Trastornos de conducta<\/h3>\n<p>Personas diagnosticadas de deterioro cognitivo y\/o discapacidad intelectual\u00a0 y trastornos de conducta, que no requieran un ingreso hospitalario, pero requieran un recurso de contenci\u00f3n hasta ajuste de tratamiento.[\/vc_column_text][vc_column_text el_class=\u00bbcaja\u00bb]<\/p>\n<h3>Tr\u00e1nsito a un recurso social<\/h3>\n<p>Personas que dadas sus necesidades de atenci\u00f3n sanitaria y necesidad de cuidados podr\u00edan ser atendidas en un recurso social de alojamiento o en algunos casos en el domicilio habitual con articulaci\u00f3n de recursos sociosanitarios comunitarios pero por circunstancias diversas esto no es posible en este momento.[\/vc_column_text][\/vc_column_inner][\/vc_row_inner][vc_row_inner][vc_column_inner][vc_column_text]\n\n\n<div id=\"wpv-view-layout-40710\" class=\"js-wpv-view-layout js-wpv-layout-responsive js-wpv-view-layout-40710\" data-viewnumber=\"40710\" data-pagination=\"{&quot;id&quot;:40710,&quot;query&quot;:&quot;normal&quot;,&quot;type&quot;:&quot;disabled&quot;,&quot;effect&quot;:&quot;fade&quot;,&quot;duration&quot;:500,&quot;speed&quot;:5,&quot;pause_on_hover&quot;:&quot;enabled&quot;,&quot;stop_rollover&quot;:&quot;false&quot;,&quot;cache_pages&quot;:&quot;enabled&quot;,&quot;preload_images&quot;:&quot;enabled&quot;,&quot;preload_pages&quot;:&quot;enabled&quot;,&quot;preload_reach&quot;:1,&quot;spinner&quot;:&quot;builtin&quot;,&quot;spinner_image&quot;:&quot;https:\/\/www.aita-menni.org\/wp-content\/plugins\/toolset-blocks\/embedded\/res\/img\/ajax-loader.gif&quot;,&quot;callback_next&quot;:&quot;&quot;,&quot;manage_history&quot;:&quot;enabled&quot;,&quot;has_controls_in_form&quot;:&quot;disabled&quot;,&quot;infinite_tolerance&quot;:&quot;0&quot;,&quot;max_pages&quot;:0,&quot;page&quot;:1,&quot;base_permalink&quot;:&quot;\/es\/wp-json\/wp\/v2\/pages\/39687?wpv_view_count=40710&amp;wpv_paged=WPV_PAGE_NUM&quot;,&quot;loop&quot;:{&quot;type&quot;:&quot;&quot;,&quot;name&quot;:&quot;&quot;,&quot;data&quot;:[],&quot;id&quot;:0}}\" data-permalink=\"\/es\/wp-json\/wp\/v2\/pages\/39687?wpv_view_count=40710\">\n\n\t\n<h2 style=\"text-align:center;\">Centros<\/h2>\n<div class=\"sli-i\">\n\t\n\t\n      <div class=\"diapo\"><div class=\"caja\">\n<p class=\"loc\">Eibar (Gipuzkoa)<\/p>\n<h3 class=\"h2\" style=\"margin-top:14px;\"><a href=\"https:\/\/ospitalarioakfundazioaeuskadi.org\/es\/centro\/hospital-de-eibar-unidad-sociosanitaria\/\">Hospital de Eibar &#8211; Unidad Sociosanitaria<\/a><\/h2>\nAvenida Otaola, 6-8.<br \/>\n20600 Eibar<br \/>\nTel: +34 943 26 75 00<br \/>\n\n<div class=\"boton-morado\"><a href=\"https:\/\/ospitalarioakfundazioaeuskadi.org\/es\/centro\/hospital-de-eibar-unidad-sociosanitaria\/\" title=\"Hospital de Eibar &#8211; Unidad Sociosanitaria\">M\u00e1s informaci\u00f3n \u2192<\/a><\/div><\/div><\/div>\n\t\n\t\n<\/div>\n\t\n\t\n<\/div>\n[\/vc_column_text][\/vc_column_inner][\/vc_row_inner][\/vc_column][\/vc_row][vc_row full_width=\u00bbstretch_row_content\u00bb el_class=\u00bbnot\u00bb css=\u00bb.vc_custom_1659382313760{padding-right: 40px !important;padding-left: 40px !important;}\u00bb][vc_column][vc_column_text]\n\n\n<div id=\"wpv-view-layout-40904\" class=\"js-wpv-view-layout js-wpv-layout-responsive js-wpv-view-layout-40904\" data-viewnumber=\"40904\" data-pagination=\"{&quot;id&quot;:40904,&quot;query&quot;:&quot;normal&quot;,&quot;type&quot;:&quot;disabled&quot;,&quot;effect&quot;:&quot;fade&quot;,&quot;duration&quot;:500,&quot;speed&quot;:5,&quot;pause_on_hover&quot;:&quot;enabled&quot;,&quot;stop_rollover&quot;:&quot;false&quot;,&quot;cache_pages&quot;:&quot;enabled&quot;,&quot;preload_images&quot;:&quot;enabled&quot;,&quot;preload_pages&quot;:&quot;enabled&quot;,&quot;preload_reach&quot;:1,&quot;spinner&quot;:&quot;builtin&quot;,&quot;spinner_image&quot;:&quot;https:\/\/www.aita-menni.org\/wp-content\/plugins\/toolset-blocks\/embedded\/res\/img\/ajax-loader.gif&quot;,&quot;callback_next&quot;:&quot;&quot;,&quot;manage_history&quot;:&quot;enabled&quot;,&quot;has_controls_in_form&quot;:&quot;disabled&quot;,&quot;infinite_tolerance&quot;:&quot;0&quot;,&quot;max_pages&quot;:1,&quot;page&quot;:1,&quot;base_permalink&quot;:&quot;\/es\/wp-json\/wp\/v2\/pages\/39687?wpv_view_count=40904&amp;wpv_paged=WPV_PAGE_NUM&quot;,&quot;loop&quot;:{&quot;type&quot;:&quot;&quot;,&quot;name&quot;:&quot;&quot;,&quot;data&quot;:[],&quot;id&quot;:0}}\" data-permalink=\"\/es\/wp-json\/wp\/v2\/pages\/39687?wpv_view_count=40904\">\n\n\t\n<h2 style=\"text-align:center;\">Actualidad<\/h2>\n<div class=\"sli\">\n\n\t\n      <div class=\"diapo\"><div style=\"margin-bottom:0px;padding-bottom:20px;\">\n<figure><a href=\"https:\/\/ospitalarioakfundazioaeuskadi.org\/es\/enfermeria_en_salud_mental\/\"><\/a><\/figure>\n<p><time>30 de marzo de 2026<\/time><\/p>\n<h3 class=\"morado\"><a href=\"https:\/\/ospitalarioakfundazioaeuskadi.org\/es\/enfermeria_en_salud_mental\/\">Enfermer\u00eda en salud mental: formaci\u00f3n, pr\u00e1cticas y futuro profesional en Gipuzkoa<\/a><\/h3>\n<\/div>\n<\/div>\n\t\n      <div class=\"diapo\"><div style=\"margin-bottom:0px;padding-bottom:20px;\">\n<figure><a href=\"https:\/\/ospitalarioakfundazioaeuskadi.org\/es\/8-marzo-mujeres-discapacidad-salud-mental\/\"><\/a><\/figure>\n<p><time>6 de marzo de 2026<\/time><\/p>\n<h3 class=\"morado\"><a href=\"https:\/\/ospitalarioakfundazioaeuskadi.org\/es\/8-marzo-mujeres-discapacidad-salud-mental\/\">8 de marzo mujeres con discapacidad y salud mental.<\/a><\/h3>\n<\/div>\n<\/div>\n\t\n      <div class=\"diapo\"><div style=\"margin-bottom:0px;padding-bottom:20px;\">\n<figure><a href=\"https:\/\/ospitalarioakfundazioaeuskadi.org\/es\/reminiscencia-una-poderosa-herramienta-para-que-las-personas-con-demencia-puedan-recordar\/\"><\/a><\/figure>\n<p><time>18 de febrero de 2026<\/time><\/p>\n<h3 class=\"morado\"><a href=\"https:\/\/ospitalarioakfundazioaeuskadi.org\/es\/reminiscencia-una-poderosa-herramienta-para-que-las-personas-con-demencia-puedan-recordar\/\">Reminiscencia: una poderosa herramienta para que las personas con demencia puedan recordar<\/a><\/h3>\n<\/div>\n<\/div>\n\t\n      <div class=\"diapo\"><div style=\"margin-bottom:0px;padding-bottom:20px;\">\n<figure><a href=\"https:\/\/ospitalarioakfundazioaeuskadi.org\/es\/rehabilitacion-entornos-reales\/\"><\/a><\/figure>\n<p><time>30 de enero de 2026<\/time><\/p>\n<h3 class=\"morado\"><a href=\"https:\/\/ospitalarioakfundazioaeuskadi.org\/es\/rehabilitacion-entornos-reales\/\">Rehabilitaci\u00f3n en entornos reales: una experiencia de gran impacto para aprender, decidir y participar<\/a><\/h3>\n<\/div>\n<\/div>\n\t\n      <div class=\"diapo\"><div style=\"margin-bottom:0px;padding-bottom:20px;\">\n<figure><a href=\"https:\/\/ospitalarioakfundazioaeuskadi.org\/es\/nuestro-sistema-de-gestion-de-la-seguridad-del-paciente-aportando-valor-en-la-reduccion-de-los-riesgos\/\"><img loading=\"lazy\" decoding=\"async\" width=\"425\" height=\"239\" src=\"https:\/\/ospitalarioakfundazioaeuskadi.org\/wp-content\/uploads\/2024\/10\/Mandos-intermedios-SP-425x239.jpg\" class=\"attachment-medium size-medium cropar wp-post-image\" alt=\"Tres mujeres vestidas con batas blancas posan delante de una pizarra digital\" srcset=\"https:\/\/ospitalarioakfundazioaeuskadi.org\/wp-content\/uploads\/2024\/10\/Mandos-intermedios-SP-425x239.jpg 425w, https:\/\/ospitalarioakfundazioaeuskadi.org\/wp-content\/uploads\/2024\/10\/Mandos-intermedios-SP-850x478.jpg 850w, https:\/\/ospitalarioakfundazioaeuskadi.org\/wp-content\/uploads\/2024\/10\/Mandos-intermedios-SP-768x432.jpg 768w, https:\/\/ospitalarioakfundazioaeuskadi.org\/wp-content\/uploads\/2024\/10\/Mandos-intermedios-SP.jpg 1200w\" sizes=\"auto, (max-width: 425px) 100vw, 425px\" title=\"\"><\/a><\/figure>\n<p><time>25 de noviembre de 2024<\/time><\/p>\n<h3 class=\"morado\"><a href=\"https:\/\/ospitalarioakfundazioaeuskadi.org\/es\/nuestro-sistema-de-gestion-de-la-seguridad-del-paciente-aportando-valor-en-la-reduccion-de-los-riesgos\/\">Nuestro Sistema de Gesti\u00f3n de la Seguridad del Paciente, aportando valor en la reducci\u00f3n de los riesgos<\/a><\/h3>\n<\/div>\n<\/div>\n\t\n      <div class=\"diapo\"><div style=\"margin-bottom:0px;padding-bottom:20px;\">\n<figure><a href=\"https:\/\/ospitalarioakfundazioaeuskadi.org\/es\/hermanas-hospitalarias-aita-menni-con-el-dia-internacional-de-la-proteccion-de-datos\/\"><img loading=\"lazy\" decoding=\"async\" width=\"425\" height=\"239\" src=\"https:\/\/ospitalarioakfundazioaeuskadi.org\/wp-content\/uploads\/2024\/01\/Dia-de-Proteccion-de-datos-28-de-enero-2024-1-425x239.jpg\" class=\"attachment-medium size-medium cropar wp-post-image\" alt=\"\" srcset=\"https:\/\/ospitalarioakfundazioaeuskadi.org\/wp-content\/uploads\/2024\/01\/Dia-de-Proteccion-de-datos-28-de-enero-2024-1-425x239.jpg 425w, https:\/\/ospitalarioakfundazioaeuskadi.org\/wp-content\/uploads\/2024\/01\/Dia-de-Proteccion-de-datos-28-de-enero-2024-1-850x478.jpg 850w, https:\/\/ospitalarioakfundazioaeuskadi.org\/wp-content\/uploads\/2024\/01\/Dia-de-Proteccion-de-datos-28-de-enero-2024-1-768x432.jpg 768w, https:\/\/ospitalarioakfundazioaeuskadi.org\/wp-content\/uploads\/2024\/01\/Dia-de-Proteccion-de-datos-28-de-enero-2024-1-1536x864.jpg 1536w, https:\/\/ospitalarioakfundazioaeuskadi.org\/wp-content\/uploads\/2024\/01\/Dia-de-Proteccion-de-datos-28-de-enero-2024-1.jpg 1920w\" sizes=\"auto, (max-width: 425px) 100vw, 425px\" title=\"\"><\/a><\/figure>\n<p><time>26 de enero de 2024<\/time><\/p>\n<h3 class=\"morado\"><a href=\"https:\/\/ospitalarioakfundazioaeuskadi.org\/es\/hermanas-hospitalarias-aita-menni-con-el-dia-internacional-de-la-proteccion-de-datos\/\">Hermanas Hospitalarias Aita Menni, con el D\u00eda Internacional de la Protecci\u00f3n de Datos<\/a><\/h3>\n<\/div>\n<\/div>\n\t\n      <div class=\"diapo\"><div style=\"margin-bottom:0px;padding-bottom:20px;\">\n<figure><a href=\"https:\/\/ospitalarioakfundazioaeuskadi.org\/es\/jornada-en-aita-menni-sobre-la-disfagia-como-riesgo-de-seguridad\/\"><img loading=\"lazy\" decoding=\"async\" width=\"425\" height=\"239\" src=\"https:\/\/ospitalarioakfundazioaeuskadi.org\/wp-content\/uploads\/2023\/12\/Jornada_Disfagia20122023-425x239.jpg\" class=\"attachment-medium size-medium cropar wp-post-image\" alt=\"Un grupo de personas en un peque\u00f1o auditorio escuchando una intervenci\u00f3n\" srcset=\"https:\/\/ospitalarioakfundazioaeuskadi.org\/wp-content\/uploads\/2023\/12\/Jornada_Disfagia20122023-425x239.jpg 425w, https:\/\/ospitalarioakfundazioaeuskadi.org\/wp-content\/uploads\/2023\/12\/Jornada_Disfagia20122023-768x432.jpg 768w, https:\/\/ospitalarioakfundazioaeuskadi.org\/wp-content\/uploads\/2023\/12\/Jornada_Disfagia20122023.jpg 850w\" sizes=\"auto, (max-width: 425px) 100vw, 425px\" title=\"\"><\/a><\/figure>\n<p><time>22 de diciembre de 2023<\/time><\/p>\n<h3 class=\"morado\"><a href=\"https:\/\/ospitalarioakfundazioaeuskadi.org\/es\/jornada-en-aita-menni-sobre-la-disfagia-como-riesgo-de-seguridad\/\">Jornada en Aita Menni sobre la disfagia como riesgo de seguridad<\/a><\/h3>\n<\/div>\n<\/div>\n\t\n      <div class=\"diapo\"><div style=\"margin-bottom:0px;padding-bottom:20px;\">\n<figure><a href=\"https:\/\/ospitalarioakfundazioaeuskadi.org\/es\/ruben-de-pedro-el-tratamiento-sociocomunitario-asertivo-es-la-psiquiatria-del-futuro\/\"><img loading=\"lazy\" decoding=\"async\" width=\"425\" height=\"239\" src=\"https:\/\/ospitalarioakfundazioaeuskadi.org\/wp-content\/uploads\/2023\/04\/Ruben-de-Pedro-y-Eglee-Castillo-425x239.jpg\" class=\"attachment-medium size-medium cropar wp-post-image\" alt=\"El psiquiatra de Osakidetza Rub\u00e9n de Pedro, durante su charla, junto a la doctora Eglee Castillo, m\u00e9dica responsable de Unidades de Larga Estancia de Hermanas Hospitalarias Aita Menni\" srcset=\"https:\/\/ospitalarioakfundazioaeuskadi.org\/wp-content\/uploads\/2023\/04\/Ruben-de-Pedro-y-Eglee-Castillo-425x239.jpg 425w, https:\/\/ospitalarioakfundazioaeuskadi.org\/wp-content\/uploads\/2023\/04\/Ruben-de-Pedro-y-Eglee-Castillo-768x432.jpg 768w, https:\/\/ospitalarioakfundazioaeuskadi.org\/wp-content\/uploads\/2023\/04\/Ruben-de-Pedro-y-Eglee-Castillo.jpg 850w\" sizes=\"auto, (max-width: 425px) 100vw, 425px\" title=\"\"><\/a><\/figure>\n<p><time>24 de abril de 2023<\/time><\/p>\n<h3 class=\"morado\"><a href=\"https:\/\/ospitalarioakfundazioaeuskadi.org\/es\/ruben-de-pedro-el-tratamiento-sociocomunitario-asertivo-es-la-psiquiatria-del-futuro\/\">Rub\u00e9n de Pedro: \u201cEl tratamiento sociocomunitario asertivo es la psiquiatr\u00eda del futuro\u201d<\/a><\/h3>\n<\/div>\n<\/div>\n\t\n      <div class=\"diapo\"><div style=\"margin-bottom:0px;padding-bottom:20px;\">\n<figure><a href=\"https:\/\/ospitalarioakfundazioaeuskadi.org\/es\/aita-menni-jornada-centros-libres-sujeciones-hospitalarias\/\"><img loading=\"lazy\" decoding=\"async\" width=\"425\" height=\"239\" src=\"https:\/\/ospitalarioakfundazioaeuskadi.org\/wp-content\/uploads\/2023\/03\/jornada-sujeciones-425x239.jpg\" class=\"attachment-medium size-medium cropar wp-post-image\" alt=\"Entrega de la Acreditaci\u00f3n Oro al Centro Asistencial Hermanas Hospitalarias Palencia\" srcset=\"https:\/\/ospitalarioakfundazioaeuskadi.org\/wp-content\/uploads\/2023\/03\/jornada-sujeciones-425x239.jpg 425w, https:\/\/ospitalarioakfundazioaeuskadi.org\/wp-content\/uploads\/2023\/03\/jornada-sujeciones-850x478.jpg 850w, https:\/\/ospitalarioakfundazioaeuskadi.org\/wp-content\/uploads\/2023\/03\/jornada-sujeciones-768x432.jpg 768w, https:\/\/ospitalarioakfundazioaeuskadi.org\/wp-content\/uploads\/2023\/03\/jornada-sujeciones-1536x864.jpg 1536w, https:\/\/ospitalarioakfundazioaeuskadi.org\/wp-content\/uploads\/2023\/03\/jornada-sujeciones.jpg 1920w\" sizes=\"auto, (max-width: 425px) 100vw, 425px\" title=\"\"><\/a><\/figure>\n<p><time>6 de marzo de 2023<\/time><\/p>\n<h3 class=\"morado\"><a href=\"https:\/\/ospitalarioakfundazioaeuskadi.org\/es\/aita-menni-jornada-centros-libres-sujeciones-hospitalarias\/\">Aita Menni asiste a la jornada t\u00e9cnica \u00abCentros libres de sujeciones\u00bb de Hermanas Hospitalarias<\/a><\/h3>\n<\/div>\n<\/div>\n\t\n      <div class=\"diapo\"><div style=\"margin-bottom:0px;padding-bottom:20px;\">\n<figure><a href=\"https:\/\/ospitalarioakfundazioaeuskadi.org\/es\/personas-mayores-abuso-alcohol\/\"><img loading=\"lazy\" decoding=\"async\" width=\"425\" height=\"284\" src=\"https:\/\/ospitalarioakfundazioaeuskadi.org\/wp-content\/uploads\/2023\/03\/cerveza-425x284.jpg\" class=\"attachment-medium size-medium cropar wp-post-image\" alt=\"Una jarra rebosante de cerveza\" srcset=\"https:\/\/ospitalarioakfundazioaeuskadi.org\/wp-content\/uploads\/2023\/03\/cerveza-425x284.jpg 425w, https:\/\/ospitalarioakfundazioaeuskadi.org\/wp-content\/uploads\/2023\/03\/cerveza-768x512.jpg 768w, https:\/\/ospitalarioakfundazioaeuskadi.org\/wp-content\/uploads\/2023\/03\/cerveza.jpg 850w\" sizes=\"auto, (max-width: 425px) 100vw, 425px\" title=\"\"><\/a><\/figure>\n<p><time>2 de marzo de 2023<\/time><\/p>\n<h3 class=\"morado\"><a href=\"https:\/\/ospitalarioakfundazioaeuskadi.org\/es\/personas-mayores-abuso-alcohol\/\">La mitad de las personas mayores que abusan del alcohol no est\u00e1n diagnosticadas<\/a><\/h3>\n<\/div>\n<\/div>\n\t\n      <div class=\"diapo\"><div style=\"margin-bottom:0px;padding-bottom:20px;\">\n<figure><a href=\"https:\/\/ospitalarioakfundazioaeuskadi.org\/es\/aita-menni-en-la-nueva-web-de-la-diputacion-sobre-entidades-del-tercer-sector-en-gipuzkoa\/\"><img loading=\"lazy\" decoding=\"async\" width=\"425\" height=\"189\" src=\"https:\/\/ospitalarioakfundazioaeuskadi.org\/wp-content\/uploads\/2023\/03\/aita-menni-eibar-video-425x189.jpg\" class=\"attachment-medium size-medium cropar wp-post-image\" alt=\"Asier, To\u00f1i y Eva en una miniatura del v\u00eddeo de YouTube\" srcset=\"https:\/\/ospitalarioakfundazioaeuskadi.org\/wp-content\/uploads\/2023\/03\/aita-menni-eibar-video-425x189.jpg 425w, https:\/\/ospitalarioakfundazioaeuskadi.org\/wp-content\/uploads\/2023\/03\/aita-menni-eibar-video-768x341.jpg 768w, https:\/\/ospitalarioakfundazioaeuskadi.org\/wp-content\/uploads\/2023\/03\/aita-menni-eibar-video.jpg 850w\" sizes=\"auto, (max-width: 425px) 100vw, 425px\" title=\"\"><\/a><\/figure>\n<p><time>2 de marzo de 2023<\/time><\/p>\n<h3 class=\"morado\"><a href=\"https:\/\/ospitalarioakfundazioaeuskadi.org\/es\/aita-menni-en-la-nueva-web-de-la-diputacion-sobre-entidades-del-tercer-sector-en-gipuzkoa\/\">Aita Menni, en la nueva web de la Diputaci\u00f3n sobre entidades del tercer sector en Gipuzkoa<\/a><\/h3>\n<\/div>\n<\/div>\n\t\n      <div class=\"diapo\"><div style=\"margin-bottom:0px;padding-bottom:20px;\">\n<figure><a href=\"https:\/\/ospitalarioakfundazioaeuskadi.org\/es\/diputado-general-gipuzkoa-transmite-reconocimiento-14254\/\"><img loading=\"lazy\" decoding=\"async\" width=\"300\" height=\"200\" src=\"https:\/\/ospitalarioakfundazioaeuskadi.org\/wp-content\/uploads\/2021\/10\/eibar-0-300x200.jpg\" class=\"attachment-medium size-medium cropar wp-post-image\" alt=\"695 pertsona artatu dira 2020ko martxotik hona Gipuzkoako COVID-19 erreferentzia-zentroetan\" srcset=\"https:\/\/ospitalarioakfundazioaeuskadi.org\/wp-content\/uploads\/2021\/10\/eibar-0-300x200.jpg 300w, https:\/\/ospitalarioakfundazioaeuskadi.org\/wp-content\/uploads\/2021\/10\/eibar-0.jpg 535w\" sizes=\"auto, (max-width: 300px) 100vw, 300px\" title=\"\"><\/a><\/figure>\n<p><time>15 de marzo de 2021<\/time><\/p>\n<h3 class=\"morado\"><a href=\"https:\/\/ospitalarioakfundazioaeuskadi.org\/es\/diputado-general-gipuzkoa-transmite-reconocimiento-14254\/\">El diputado general de Gipuzkoa transmite su \u00abreconocimiento\u00bb a los profesionales de Aita Menni<\/a><\/h3>\n<\/div>\n<\/div>\n\t\n\t\n<\/div>\n<div class=\"boton-morado\" style=\"padding-top:40px;\"><p style=\"text-align: center;\"><a title=\"Todas las noticias\" href=\"https:\/\/www.aita-menni.org\/es\/comunicacion\/actualidad\/\" rel=\"nofollow noopener\" target=\"_blank\">Todas las noticias \u2192<\/a><\/p><\/div>\n\t\n\t\n<\/div>\n\t[\/vc_column_text][\/vc_column][\/vc_row]<\/p>\n<\/div>","protected":false},"excerpt":{"rendered":"<div class=\"link-more\"><a href=\"https:\/\/ospitalarioakfundazioaeuskadi.org\/es\/que-hacemos\/atencion-sociosanitaria\/\" class=\"more-link\">Seguir leyendo<span class=\"screen-reader-text\"> &ldquo;Atenci\u00f3n sociosanitaria&rdquo;<\/span>&hellip;<\/a><\/div>\n","protected":false},"author":1,"featured_media":41935,"parent":24468,"menu_order":82,"comment_status":"closed","ping_status":"closed","template":"templates\/sin-head-h1.php","meta":{"footnotes":""},"class_list":["post-39687","page","type-page","status-publish","has-post-thumbnail","hentry","entry"],"_links":{"self":[{"href":"https:\/\/ospitalarioakfundazioaeuskadi.org\/es\/wp-json\/wp\/v2\/pages\/39687","targetHints":{"allow":["GET"]}}],"collection":[{"href":"https:\/\/ospitalarioakfundazioaeuskadi.org\/es\/wp-json\/wp\/v2\/pages"}],"about":[{"href":"https:\/\/ospitalarioakfundazioaeuskadi.org\/es\/wp-json\/wp\/v2\/types\/page"}],"author":[{"embeddable":true,"href":"https:\/\/ospitalarioakfundazioaeuskadi.org\/es\/wp-json\/wp\/v2\/users\/1"}],"replies":[{"embeddable":true,"href":"https:\/\/ospitalarioakfundazioaeuskadi.org\/es\/wp-json\/wp\/v2\/comments?post=39687"}],"version-history":[{"count":4,"href":"https:\/\/ospitalarioakfundazioaeuskadi.org\/es\/wp-json\/wp\/v2\/pages\/39687\/revisions"}],"predecessor-version":[{"id":70898,"href":"https:\/\/ospitalarioakfundazioaeuskadi.org\/es\/wp-json\/wp\/v2\/pages\/39687\/revisions\/70898"}],"up":[{"embeddable":true,"href":"https:\/\/ospitalarioakfundazioaeuskadi.org\/es\/wp-json\/wp\/v2\/pages\/24468"}],"wp:featuredmedia":[{"embeddable":true,"href":"https:\/\/ospitalarioakfundazioaeuskadi.org\/es\/wp-json\/wp\/v2\/media\/41935"}],"wp:attachment":[{"href":"https:\/\/ospitalarioakfundazioaeuskadi.org\/es\/wp-json\/wp\/v2\/media?parent=39687"}],"curies":[{"name":"wp","href":"https:\/\/api.w.org\/{rel}","templated":true}]}}