{"id":39689,"date":"2022-03-08T12:33:05","date_gmt":"2022-03-08T12:33:05","guid":{"rendered":"http:\/\/194.35.43.170\/~aitamenninueva\/?page_id=39689"},"modified":"2025-01-08T01:26:16","modified_gmt":"2025-01-08T01:26:16","slug":"ayudas-tecnicas-a-la-dependencia","status":"publish","type":"page","link":"https:\/\/ospitalarioakfundazioaeuskadi.org\/es\/que-hacemos\/ayudas-tecnicas-a-la-dependencia\/","title":{"rendered":"Ayudas t\u00e9cnicas a la dependencia"},"content":{"rendered":"<div class=\"wpb-content-wrapper\"><p>[vc_row][vc_column width=\u00bb1\/2&#8243; el_class=\u00bbvc_col-sm-push-6&#8243;][vc_column_text]<\/p>\n<figure><img loading=\"lazy\" decoding=\"async\" width=\"790\" height=\"592\" src=\"https:\/\/ospitalarioakfundazioaeuskadi.org\/wp-content\/uploads\/2022\/02\/etxetek-ondarreta-2.jpg\" class=\"attachment-large size-large wp-post-image\" alt=\"Dependencias del Servicio de Ayudas T\u00e9cnicas Etxetek\" srcset=\"https:\/\/ospitalarioakfundazioaeuskadi.org\/wp-content\/uploads\/2022\/02\/etxetek-ondarreta-2.jpg 790w, https:\/\/ospitalarioakfundazioaeuskadi.org\/wp-content\/uploads\/2022\/02\/etxetek-ondarreta-2-744x558.jpg 744w, https:\/\/ospitalarioakfundazioaeuskadi.org\/wp-content\/uploads\/2022\/02\/etxetek-ondarreta-2-768x576.jpg 768w\" sizes=\"auto, (max-width: 790px) 100vw, 790px\" title=\"\"><\/figure>\n<p>[\/vc_column_text][\/vc_column][vc_column width=\u00bb1\/2&#8243; el_class=\u00bbvc_col-sm-pull-6&#8243;][vc_single_image image=\u00bb43841&#8243; img_size=\u00bb120&#215;110&#8243;][vc_column_text css=\u00bb\u00bb el_class=\u00bbalter-1-icon\u00bb]<\/p>\n<h1>Ayudas t\u00e9cnicas a la dependencia<\/h1>\n<p>Desde 2016, <b>Ospitalarioak Fundazioa Euskadi<\/b>\u00a0gestiona el Servicio de Ayudas T\u00e9cnicas de la Diputaci\u00f3n Foral de Gipuzkoa, <strong>Etxetek<\/strong>. Este servicio facilita ayudas econ\u00f3micas y productos de apoyo \u2014tambi\u00e9n conocidos como ayudas t\u00e9cnicas\u2014 para que personas con niveles de discapacidad y\/o dependencia determinados puedan permanecer en sus domicilio y disponer de autonom\u00eda personal en el desarrollo de actividades de la vida diaria.<\/p>\n<p><b>Ospitalarioak Fundazioa Euskadi<\/b> aporta su conocimiento y experiencia sobre ayudas t\u00e9cnicas para personas con discapacidad, plasmado ya en 2005 en la publicaci\u00f3n pionera <a href=\"https:\/\/ospitalarioakfundazioaeuskadi.org\/es\/publicacion\/manual-de-ayudas-externas\/\">\u00abManual de ayudas externas\u00bb<\/a>, escrita por nuestro <a href=\"https:\/\/ospitalarioakfundazioaeuskadi.org\/es\/que-hacemos\/neurorrehabilitacion-dano-cerebral\/\">Servicio de Da\u00f1o Cerebral<\/a> y, posteriormente, en 2011, en el dise\u00f1o y construcci\u00f3n en el <a href=\"https:\/\/ospitalarioakfundazioaeuskadi.org\/es\/centro\/hospital-aita-menni\/\">Hospital Aita Menni<\/a> de una <strong>vivienda adaptada con control dom\u00f3tico del entorno<\/strong>, que se utiliza para que las personas que han sufrido da\u00f1o cerebral puedan entrenarse en las actividades de la vida diaria antes de regresar a su hogar, y para conocer qu\u00e9 tipo de adaptaciones pueden hacerse en ellas.[\/vc_column_text][\/vc_column][\/vc_row][vc_row][vc_column][vc_column_text el_class=\u00bbray-m-b-3&#8243;]<\/p>\n<h2>Etxetek<\/h2>\n<p><strong>Servicio de Ayudas T\u00e9cnicas de la Diputaci\u00f3n Foral de Gipuzkoa<\/strong>[\/vc_column_text][\/vc_column][\/vc_row][vc_row equal_height=\u00bbyes\u00bb][vc_column width=\u00bb1\/4&#8243;][vc_column_text el_class=\u00bbalter-0&#8243;]<strong>Informaci\u00f3n y orientaci\u00f3n<\/strong> sobre los productos de apoyo existentes y sobre las adaptaciones del entorno f\u00edsico que permiten mejorar la accesibilidad.[\/vc_column_text][\/vc_column][vc_column width=\u00bb1\/4&#8243;][vc_column_text el_class=\u00bbalter-0&#8243;]<strong>Pr\u00e9stamo o cesi\u00f3n temporal<\/strong> de productos de apoyo y ayudas t\u00e9cnicas recuperables necesarias para realizar las actividades de la vida diaria.[\/vc_column_text][\/vc_column][vc_column width=\u00bb1\/4&#8243;][vc_column_text el_class=\u00bbalter-0&#8243;]<\/p>\n<p><strong>Ayudas econ\u00f3micas<\/strong> para la adquisici\u00f3n de productos de apoyo y ayudas t\u00e9cnicas no recuperables.<\/p>\n<p>[\/vc_column_text][\/vc_column][vc_column width=\u00bb1\/4&#8243;][vc_column_text el_class=\u00bbalter-0&#8243;]<\/p>\n<p><strong>Propuestas de adaptaci\u00f3n de la vivienda habitual<\/strong> orientadas a mejorar su grado de accesibilidad y el grado de autonom\u00eda de la persona dentro de ella.<\/p>\n<p>[\/vc_column_text][\/vc_column][\/vc_row][vc_row][vc_column][vc_column_text]<\/p>\n<h3>Normativa<\/h3>\n<div class=\"docu\"><a href=\"https:\/\/egoitza.gipuzkoa.eus\/ogasuna\/normativa\/docs\/0000882c.pdf\" target=\"_blank\" rel=\"noopener nofollow\">Decreto Foral 87\/2008, de 23 de diciembre<\/a>,<i class=\"far fa-file-pdf\" style=\"float: right; color: #8c0052;\"><\/i><br \/>\npor el que se regula la concesi\u00f3n de las ayudas individuales del Programa Etxean dirigidas a personas con discapacidad o en situaci\u00f3n de dependencia.<\/div>\n<p>[\/vc_column_text][vc_row_inner gap=\u00bb35&#8243;][vc_column_inner width=\u00bb1\/2&#8243;][vc_column_text]<\/p>\n<h3>Procedimiento de solicitud de ayudas t\u00e9cnicas y productos de apoyo a la discapacidad \/ dependencia<\/h3>\n<p>Para acceder a las ayudas recogidas en el programa Etxean de la Diputaci\u00f3n Foral de Gipuzkoa es necesario <strong>presentar una solicitud en los Servicios Sociales de Base<\/strong>, a donde se acudir\u00e1 con cita previa.<\/p>\n<p>Conviene aclarar que las personas que han comprado ese tipo de productos de apoyo o adaptado su vivienda antes de presentar la solicitud no podr\u00e1n acceder a las ayudas. El decreto es claro al respecto: \u201cN<em>o se conceder\u00e1n ayudas para productos adquiridos o para obras iniciadas con anterioridad a la solicitud y al informe de orientaci\u00f3n favorable del servicio foral Etxetek<\/em>\u201d.<\/p>\n<p>No hace falta presentar ninguna documentaci\u00f3n relativa al grado de discapacidad o de dependencia puesto que la trabajadora social de base tiene acceso a esta informaci\u00f3n.[\/vc_column_text][\/vc_column_inner][vc_column_inner width=\u00bb1\/2&#8243;][vc_column_text]<\/p>\n<h3>Requisitos<\/h3>\n<ul>\n<li>Tener la calificaci\u00f3n de persona en situaci\u00f3n de dependencia o tener reconocida una discapacidad del 33% o superior.<\/li>\n<li>Tener empadronamiento en Gipuzkoa de al menos 1 a\u00f1o.<\/li>\n<li>No haber recibido una ayuda similar en los 6 a\u00f1os anteriores, salvo causa excepcional debidamente justificada mediante el informe t\u00e9cnico favorable correspondiente.<\/li>\n<li>En el caso de las ayudas que conllevan aportaci\u00f3n econ\u00f3mica de la persona usuaria, no superar el baremo de capacidad econ\u00f3mica establecido en el anexo 3 del Decreto Foral 87\/2008 de 23 de diciembre.<\/li>\n<li>Cualquier ayuda para la accesibilidad urban\u00edstica y de la edificaci\u00f3n s\u00f3lo ser\u00e1 subvencionable si la adaptaci\u00f3n que se solicita cumple todos los criterios de accesibilidad marcados por la normativa vigente sobre accesibilidad. S\u00f3lo se har\u00e1n excepciones en casos de imposibilidad manifiesta, previamente aprobados por el Departamento de Pol\u00edtica Social de la Diputaci\u00f3n Foral de Gipuzkoa.<\/li>\n<li>Las ayudas para la accesibilidad urban\u00edstica y de la edificaci\u00f3n s\u00f3lo se conceder\u00e1n para el domicilio donde se halle empadronada la persona solicitante.<\/li>\n<\/ul>\n<p>[\/vc_column_text][\/vc_column_inner][\/vc_row_inner][\/vc_column][\/vc_row][vc_row][vc_column][vc_column_text]\n\n\n<div id=\"wpv-view-layout-40008\" class=\"js-wpv-view-layout js-wpv-layout-responsive js-wpv-view-layout-40008\" data-viewnumber=\"40008\" data-pagination=\"{&quot;id&quot;:40008,&quot;query&quot;:&quot;normal&quot;,&quot;type&quot;:&quot;disabled&quot;,&quot;effect&quot;:&quot;fade&quot;,&quot;duration&quot;:500,&quot;speed&quot;:5,&quot;pause_on_hover&quot;:&quot;enabled&quot;,&quot;stop_rollover&quot;:&quot;false&quot;,&quot;cache_pages&quot;:&quot;enabled&quot;,&quot;preload_images&quot;:&quot;enabled&quot;,&quot;preload_pages&quot;:&quot;enabled&quot;,&quot;preload_reach&quot;:1,&quot;spinner&quot;:&quot;builtin&quot;,&quot;spinner_image&quot;:&quot;https:\/\/www.aita-menni.org\/wp-content\/plugins\/toolset-blocks\/embedded\/res\/img\/ajax-loader.gif&quot;,&quot;callback_next&quot;:&quot;&quot;,&quot;manage_history&quot;:&quot;enabled&quot;,&quot;has_controls_in_form&quot;:&quot;disabled&quot;,&quot;infinite_tolerance&quot;:&quot;0&quot;,&quot;max_pages&quot;:0,&quot;page&quot;:1,&quot;base_permalink&quot;:&quot;\/es\/wp-json\/wp\/v2\/pages\/39689?wpv_view_count=40008&amp;wpv_paged=WPV_PAGE_NUM&quot;,&quot;loop&quot;:{&quot;type&quot;:&quot;&quot;,&quot;name&quot;:&quot;&quot;,&quot;data&quot;:[],&quot;id&quot;:0}}\" data-permalink=\"\/es\/wp-json\/wp\/v2\/pages\/39689?wpv_view_count=40008\">\n\n\t\n<h3 style=\"text-align:center;\">Centros<\/h3>\n<div class=\"sli-i\">\n\t\n\t\n      <div class=\"diapo\"><div class=\"caja\">\n<p class=\"loc\">San Sebasti\u00e1n (Gipuzkoa)<\/p>\n<h4 style=\"margin-top:14px;\"><a href=\"https:\/\/ospitalarioakfundazioaeuskadi.org\/es\/centro\/etxetek-san-sebastian\/\">Etxetek (oficina y exposici\u00f3n)<\/a><\/h4>\nPaseo de Ondarreta, 7, bajo.<br \/>\n20008 San Sebasti\u00e1n<br \/>\nTel\u00e9fono: +34 943 312 005<br \/>\n<a href=\"mailto:laguntzateknikoak@gipuzkoa.eus\" title=\"laguntzateknikoak@gipuzkoa.eus\">laguntzateknikoak@gipuzkoa.eus<\/a>\n<div class=\"boton-morado\"><a href=\"https:\/\/ospitalarioakfundazioaeuskadi.org\/es\/centro\/etxetek-san-sebastian\/\" title=\"Etxetek (oficina y exposici\u00f3n)\">M\u00e1s informaci\u00f3n \u2192<\/a><\/div><\/div><\/div>\n\t\n      <div class=\"diapo\"><div class=\"caja\">\n<p class=\"loc\">San Sebasti\u00e1n (Gipuzkoa)<\/p>\n<h4 style=\"margin-top:14px;\"><a href=\"https:\/\/ospitalarioakfundazioaeuskadi.org\/es\/centro\/etxetek-san-sebastian-almacen\/\">Etxetek (almac\u00e9n)<\/a><\/h4>\nPaseo Iribar 11, n\u00ba 6 Pabell\u00f3n C-10<br \/>\n20018 San Sebasti\u00e1n<br \/>\nTel\u00e9fono: +34 943 312 005<br \/>\n<a href=\"mailto:laguntzateknikoak@gipuzkoa.eus\" title=\"laguntzateknikoak@gipuzkoa.eus\">laguntzateknikoak@gipuzkoa.eus<\/a>\n<div class=\"boton-morado\"><a href=\"https:\/\/ospitalarioakfundazioaeuskadi.org\/es\/centro\/etxetek-san-sebastian-almacen\/\" title=\"Etxetek (almac\u00e9n)\">M\u00e1s informaci\u00f3n \u2192<\/a><\/div><\/div><\/div>\n\t\n      <div class=\"diapo\"><div class=\"caja\">\n<p class=\"loc\">Eibar (Gipuzkoa)<\/p>\n<h4 style=\"margin-top:14px;\"><a href=\"https:\/\/ospitalarioakfundazioaeuskadi.org\/es\/centro\/etxetek-eibar\/\">Etxetek (oficina)<\/a><\/h4>\nArdantza Kalea 5 y 9.<br \/>\n20600 Eibar<br \/>\nTel\u00e9fono: +34 943 312 005<br \/>\n<a href=\"mailto:laguntzateknikoak@gipuzkoa.eus\" title=\"laguntzateknikoak@gipuzkoa.eus\">laguntzateknikoak@gipuzkoa.eus<\/a>\n<div class=\"boton-morado\"><a href=\"https:\/\/ospitalarioakfundazioaeuskadi.org\/es\/centro\/etxetek-eibar\/\" title=\"Etxetek (oficina)\">M\u00e1s informaci\u00f3n \u2192<\/a><\/div><\/div><\/div>\n\t\n\t\n<\/div>\n\t\n\t\n<\/div>\n\n[\/vc_column_text][\/vc_column][\/vc_row][vc_row full_width=\u00bbstretch_row_content\u00bb el_class=\u00bbnot\u00bb css=\u00bb.vc_custom_1668632894936{padding-right: 40px !important;padding-left: 40px !important;}\u00bb][vc_column][vc_column_text]\n\n\n<div id=\"wpv-view-layout-40911\" class=\"js-wpv-view-layout js-wpv-layout-responsive js-wpv-view-layout-40911\" data-viewnumber=\"40911\" data-pagination=\"{&quot;id&quot;:40911,&quot;query&quot;:&quot;normal&quot;,&quot;type&quot;:&quot;disabled&quot;,&quot;effect&quot;:&quot;fade&quot;,&quot;duration&quot;:500,&quot;speed&quot;:5,&quot;pause_on_hover&quot;:&quot;enabled&quot;,&quot;stop_rollover&quot;:&quot;false&quot;,&quot;cache_pages&quot;:&quot;enabled&quot;,&quot;preload_images&quot;:&quot;enabled&quot;,&quot;preload_pages&quot;:&quot;enabled&quot;,&quot;preload_reach&quot;:1,&quot;spinner&quot;:&quot;builtin&quot;,&quot;spinner_image&quot;:&quot;https:\/\/www.aita-menni.org\/wp-content\/plugins\/toolset-blocks\/embedded\/res\/img\/ajax-loader.gif&quot;,&quot;callback_next&quot;:&quot;&quot;,&quot;manage_history&quot;:&quot;enabled&quot;,&quot;has_controls_in_form&quot;:&quot;disabled&quot;,&quot;infinite_tolerance&quot;:&quot;0&quot;,&quot;max_pages&quot;:1,&quot;page&quot;:1,&quot;base_permalink&quot;:&quot;\/es\/wp-json\/wp\/v2\/pages\/39689?wpv_view_count=40911&amp;wpv_paged=WPV_PAGE_NUM&quot;,&quot;loop&quot;:{&quot;type&quot;:&quot;&quot;,&quot;name&quot;:&quot;&quot;,&quot;data&quot;:[],&quot;id&quot;:0}}\" data-permalink=\"\/es\/wp-json\/wp\/v2\/pages\/39689?wpv_view_count=40911\">\n\n\t\n\t\n\t\t<strong><\/strong>\n\t\n<\/div>\n\t[\/vc_column_text][\/vc_column][\/vc_row][vc_row full_width=\u00bbstretch_row_content\u00bb css=\u00bb.vc_custom_1659382421791{padding-right: 40px !important;padding-left: 40px !important;}\u00bb][vc_column][vc_column_text]\n\n\n<div id=\"wpv-view-layout-41110\" class=\"js-wpv-view-layout js-wpv-layout-responsive js-wpv-view-layout-41110\" data-viewnumber=\"41110\" data-pagination=\"{&quot;id&quot;:41110,&quot;query&quot;:&quot;normal&quot;,&quot;type&quot;:&quot;disabled&quot;,&quot;effect&quot;:&quot;fade&quot;,&quot;duration&quot;:500,&quot;speed&quot;:5,&quot;pause_on_hover&quot;:&quot;enabled&quot;,&quot;stop_rollover&quot;:&quot;false&quot;,&quot;cache_pages&quot;:&quot;enabled&quot;,&quot;preload_images&quot;:&quot;enabled&quot;,&quot;preload_pages&quot;:&quot;enabled&quot;,&quot;preload_reach&quot;:1,&quot;spinner&quot;:&quot;builtin&quot;,&quot;spinner_image&quot;:&quot;https:\/\/www.aita-menni.org\/wp-content\/plugins\/toolset-blocks\/embedded\/res\/img\/ajax-loader.gif&quot;,&quot;callback_next&quot;:&quot;&quot;,&quot;manage_history&quot;:&quot;enabled&quot;,&quot;has_controls_in_form&quot;:&quot;disabled&quot;,&quot;infinite_tolerance&quot;:&quot;0&quot;,&quot;max_pages&quot;:1,&quot;page&quot;:1,&quot;base_permalink&quot;:&quot;\/es\/wp-json\/wp\/v2\/pages\/39689?wpv_view_count=41110&amp;wpv_paged=WPV_PAGE_NUM&quot;,&quot;loop&quot;:{&quot;type&quot;:&quot;&quot;,&quot;name&quot;:&quot;&quot;,&quot;data&quot;:[],&quot;id&quot;:0}}\" data-permalink=\"\/es\/wp-json\/wp\/v2\/pages\/39689?wpv_view_count=41110\">\n\n\t\n<h2 style=\"margin-top:80px;text-align:center;\">Art\u00edculos<\/h2>\n<div class=\"sli-a\">\n\t\n\t\n      <div class=\"diapo\"><!-- <figure><a href=\"[wpv-post-url]\" title=\"[wpv-post-title]\">[wpv-post-featured-image size='medium' class='cropar']<\/a><\/figure> -->\n<h3 class=\"morado\"><a href=\"https:\/\/ospitalarioakfundazioaeuskadi.org\/es\/articulo\/la-sedestacion-individualizada\/\">La sedestaci\u00f3n individualizada<\/a><\/h3>\n<time>13 de octubre de 2022<\/time>\n<div style=\"padding-top:15px;border-top:1px solid #72cdd1;\">\n\t\n\t\n\t\t<address class=\"author vcard autor-2a\"><strong>Jorge Olmo<\/strong><\/address>\n<span class=\"font-1em gris999\" style=\"padding-bottom: 20px;\"><p>Fisioterapeuta. <a href=\"https:\/\/www.aita-menni.org\/es\/que-hacemos\/dano-cerebral\/\" rel=\"nofollow noopener\" target=\"_blank\">Servicio de Neurorrehabilitaci\u00f3n y Da\u00f1o Cerebral<\/a>. <a href=\"\/es\/\">Ospitalarioak Fundazioa Euskadi<\/a>.<\/p>\n<\/span>\n\t\n\t\n    <\/div><\/div>\n\t\n      <div class=\"diapo\"><!-- <figure><a href=\"[wpv-post-url]\" title=\"[wpv-post-title]\">[wpv-post-featured-image size='medium' class='cropar']<\/a><\/figure> -->\n<h3 class=\"morado\"><a href=\"https:\/\/ospitalarioakfundazioaeuskadi.org\/es\/articulo\/sobre-la-nueva-ley-de-apoyo-a-las-personas-con-discapacidad\/\">Sobre la nueva Ley de apoyo a las personas con discapacidad<\/a><\/h3>\n<time>22 de octubre de 2021<\/time>\n<div style=\"padding-top:15px;border-top:1px solid #72cdd1;\">\n\t\n\t\n\t\t<address class=\"author vcard autor-2a\"><strong>Minerva de Cos Moreno<\/strong><\/address>\n<span class=\"font-1em gris999\" style=\"padding-bottom: 20px;\"><p>Trabajadora social de la <a href=\"https:\/\/www.aita-menni.org\/unidad\/unidad-de-discapacidad-intelectual-y-trastornos-del-espectro-autista-con-alteracion-de-conducta\/\" rel=\"nofollow noopener\" target=\"_blank\">Unidad de Discapacidad Intelectual y Trastornos del Espectro Autista con alteraciones de conducta<\/a>.  <a href=\"\/es\/\">Ospitalarioak Fundazioa Euskadi<\/a>.<\/p>\n<\/span>\n\t\n\t\n    <\/div><\/div>\n\t\n      <div class=\"diapo\"><!-- <figure><a href=\"[wpv-post-url]\" title=\"[wpv-post-title]\">[wpv-post-featured-image size='medium' class='cropar']<\/a><\/figure> -->\n<h3 class=\"morado\"><a href=\"https:\/\/ospitalarioakfundazioaeuskadi.org\/es\/articulo\/etxetek-auditoria-gruas-transferencia\/\">Auditor\u00eda del uso de las gr\u00faas de transferencia en el marco del Servicio Foral de Productos de apoyo Etxetek<\/a><\/h3>\n<time>17 de enero de 2018<\/time>\n<div style=\"padding-top:15px;border-top:1px solid #72cdd1;\">\n\t\n\t\n\t\t<address class=\"author vcard autor-2a\"><strong>Sonia Esp\u00edn<\/strong><\/address>\n<span class=\"font-1em gris999\" style=\"padding-bottom: 20px;\"><p>Terapeuta ocupacional. <a href=\"https:\/\/www.aita-menni.org\/es\/que-hacemos\/ayudas-tecnicas-a-la-dependencia\/\" rel=\"nofollow noopener\" target=\"_blank\">Etxetek<\/a>.<\/p>\n<\/span>\n\t\n\t\t<address class=\"author vcard autor-2a\"><strong>Jos\u00e9 Ignacio Quemada Ubis<\/strong><\/address>\n<span class=\"font-1em gris999\" style=\"padding-bottom: 20px;\"><p>Psiquiatra. Director de la <a href=\"https:\/\/da\u00f1ocerebral.es\/la-red-menni\/\" target=\"_blank\" rel=\"noopener nofollow\">Red Menni de Da\u00f1o Cerebral<\/a> de Fundaci\u00f3n Hospitalarias.<\/p>\n<\/span>\n\t\n\t\t<address class=\"author vcard autor-2a\"><strong>Txomin Ruiz de Gauna<\/strong><\/address>\n<span class=\"font-1em gris999\" style=\"padding-bottom: 20px;\"><p>Controller. <a href=\"https:\/\/www.aita-menni.org\/es\/que-hacemos\/ayudas-tecnicas-a-la-dependencia\/\" rel=\"nofollow noopener\" target=\"_blank\">Etxetek<\/a>.<\/p>\n<\/span>\n\t\n\t\n    <\/div><\/div>\n\t\n      <div class=\"diapo\"><!-- <figure><a href=\"[wpv-post-url]\" title=\"[wpv-post-title]\">[wpv-post-featured-image size='medium' class='cropar']<\/a><\/figure> -->\n<h3 class=\"morado\"><a href=\"https:\/\/ospitalarioakfundazioaeuskadi.org\/es\/articulo\/como-hacer-del-bano-una-estancia-accesible-para-personas-con-discapacidad\/\">C\u00f3mo hacer del ba\u00f1o una estancia accesible para personas con discapacidad<\/a><\/h3>\n<time>22 de septiembre de 2017<\/time>\n<div style=\"padding-top:15px;border-top:1px solid #72cdd1;\">\n\t\n\t\n\t\t<address class=\"author vcard autor-2a\"><strong>Marta Garc\u00eda Carmona<\/strong><\/address>\n<span class=\"font-1em gris999\" style=\"padding-bottom: 20px;\"><p>Terapeuta ocupacional. <a href=\"https:\/\/www.aita-menni.org\/que-hacemos\/dano-cerebral\/\" rel=\"nofollow noopener\" target=\"_blank\">Servicio de Neurorrehabilitaci\u00f3n y Da\u00f1o Cerebral<\/a>.  <a href=\"\/es\/\">Ospitalarioak Fundazioa Euskadi<\/a>.<\/p>\n<\/span>\n\t\n\t\n    <\/div><\/div>\n\t\n      <div class=\"diapo\"><!-- <figure><a href=\"[wpv-post-url]\" title=\"[wpv-post-title]\">[wpv-post-featured-image size='medium' class='cropar']<\/a><\/figure> -->\n<h3 class=\"morado\"><a href=\"https:\/\/ospitalarioakfundazioaeuskadi.org\/es\/articulo\/como-cambiar-el-panal-una-persona-acostada-encamada\/\">\u00bfC\u00f3mo cambiar el pa\u00f1al a una persona acostada \/ encamada?<\/a><\/h3>\n<time>14 de junio de 2017<\/time>\n<div style=\"padding-top:15px;border-top:1px solid #72cdd1;\">\n\t\n\t\n\t\t<address class=\"author vcard autor-2a\"><strong>\u00c1rea de Persona Mayor<\/strong><\/address>\n<span class=\"font-1em gris999\" style=\"padding-bottom: 20px;\"><\/span>\n\t\n\t\n    <\/div><\/div>\n\t\n\t\n<\/div>\n<div class=\"boton-morado\" style=\"padding-top:40px;\"><p style=\"text-align: center;\"><a title=\"Ver todos los art\u00edculos\" href=\"https:\/\/www.aita-menni.org\/es\/comunicacion\/articulos\/\" rel=\"nofollow noopener\" target=\"_blank\">Todos los art\u00edculos \u2192<\/a><\/p><\/div>\n\t\n\t\n<\/div>\n[\/vc_column_text][\/vc_column][\/vc_row]<\/p>\n<\/div>","protected":false},"excerpt":{"rendered":"<div class=\"link-more\"><a href=\"https:\/\/ospitalarioakfundazioaeuskadi.org\/es\/que-hacemos\/ayudas-tecnicas-a-la-dependencia\/\" class=\"more-link\">Seguir leyendo<span class=\"screen-reader-text\"> &ldquo;Ayudas t\u00e9cnicas a la dependencia&rdquo;<\/span>&hellip;<\/a><\/div>\n","protected":false},"author":1,"featured_media":39998,"parent":24468,"menu_order":84,"comment_status":"closed","ping_status":"closed","template":"templates\/sin-head-h1.php","meta":{"footnotes":""},"class_list":["post-39689","page","type-page","status-publish","has-post-thumbnail","hentry","entry"],"_links":{"self":[{"href":"https:\/\/ospitalarioakfundazioaeuskadi.org\/es\/wp-json\/wp\/v2\/pages\/39689","targetHints":{"allow":["GET"]}}],"collection":[{"href":"https:\/\/ospitalarioakfundazioaeuskadi.org\/es\/wp-json\/wp\/v2\/pages"}],"about":[{"href":"https:\/\/ospitalarioakfundazioaeuskadi.org\/es\/wp-json\/wp\/v2\/types\/page"}],"author":[{"embeddable":true,"href":"https:\/\/ospitalarioakfundazioaeuskadi.org\/es\/wp-json\/wp\/v2\/users\/1"}],"replies":[{"embeddable":true,"href":"https:\/\/ospitalarioakfundazioaeuskadi.org\/es\/wp-json\/wp\/v2\/comments?post=39689"}],"version-history":[{"count":3,"href":"https:\/\/ospitalarioakfundazioaeuskadi.org\/es\/wp-json\/wp\/v2\/pages\/39689\/revisions"}],"predecessor-version":[{"id":70901,"href":"https:\/\/ospitalarioakfundazioaeuskadi.org\/es\/wp-json\/wp\/v2\/pages\/39689\/revisions\/70901"}],"up":[{"embeddable":true,"href":"https:\/\/ospitalarioakfundazioaeuskadi.org\/es\/wp-json\/wp\/v2\/pages\/24468"}],"wp:featuredmedia":[{"embeddable":true,"href":"https:\/\/ospitalarioakfundazioaeuskadi.org\/es\/wp-json\/wp\/v2\/media\/39998"}],"wp:attachment":[{"href":"https:\/\/ospitalarioakfundazioaeuskadi.org\/es\/wp-json\/wp\/v2\/media?parent=39689"}],"curies":[{"name":"wp","href":"https:\/\/api.w.org\/{rel}","templated":true}]}}