{"id":40151,"date":"2022-03-16T19:20:12","date_gmt":"2022-03-16T19:20:12","guid":{"rendered":"http:\/\/194.35.43.170\/~aitamenninueva\/?page_id=40151"},"modified":"2022-10-27T17:19:48","modified_gmt":"2022-10-27T17:19:48","slug":"deporte-adaptado","status":"publish","type":"page","link":"https:\/\/ospitalarioakfundazioaeuskadi.org\/es\/quienes-somos\/responsabilidad-social\/deporte-adaptado\/","title":{"rendered":"Deporte adaptado"},"content":{"rendered":"<div class=\"wpb-content-wrapper\"><p>[vc_row][vc_column width=\u00bb1\/2&#8243; el_class=\u00bbvc_col-sm-push-6&#8243;][vc_single_image image=\u00bb30830&#8243; img_size=\u00bblarge\u00bb][\/vc_column][vc_column width=\u00bb1\/2&#8243; el_class=\u00bbvc_col-sm-pull-6&#8243;][vc_column_text el_class=\u00bbalter-1&#8243;]<\/p>\n<h1>Deporte adaptado<\/h1>\n<h2>Agrupaci\u00f3n Deportiva Aita Menni (ADAM)<\/h2>\n<p>Finalizado el per\u00edodo rehabilitador, muchas personas afrontan el reto de reincorporarse a la sociedad. Una de las maneras de dar continuidad a la necesaria actividad f\u00edsica, adaptarla a las nuevas caracter\u00edsticas funcionales de la persona y acceder a oportunidades de ocio y relaci\u00f3n social es el deporte adaptado.<\/p>\n<p>Es por ello que desde Aita Menni, y con una vocaci\u00f3n de servicio integral a las personas con diversidad funcional, se puso en marcha en 2013 la <strong>Agrupaci\u00f3n Deportiva Aita Menni (ADAM)<\/strong>.<\/p>\n<p>[\/vc_column_text][\/vc_column][\/vc_row][vc_row full_width=\u00bbstretch_row\u00bb][vc_column][vc_column_text]La iniciativa tuvo su origen en los talleres predeportivos de los centros de <a href=\"https:\/\/ospitalarioakfundazioaeuskadi.org\/es\/que-hacemos\/neurorrehabilitacion-dano-cerebral\/\">da\u00f1o cerebral<\/a> de Aita Menni, y posteriormente se ampli\u00f3 tambi\u00e9n a personas con <a href=\"https:\/\/ospitalarioakfundazioaeuskadi.org\/es\/que-hacemos\/salud-mental\/\">enfermedad mental<\/a>, <a href=\"https:\/\/ospitalarioakfundazioaeuskadi.org\/es\/que-hacemos\/discapacidad-intelectual\/\">discapacidad intelectual<\/a> o <a href=\"https:\/\/ospitalarioakfundazioaeuskadi.org\/es\/que-hacemos\/discapacidad-intelectual\/\">trastornos del espectro autista<\/a>.<\/p>\n<p>En los talleres predeportivos se realizan actividades f\u00edsicas y juegos basados en diferentes deportes. Los objetivos son terap\u00e9uticos y de orientaci\u00f3n deportiva. Primero se valora a los usuarios, se les pregunta sobre las preferencias deportivas para la elecci\u00f3n del deporte y se organizan los talleres desde un enfoque que ayude a conseguir beneficios en la autonom\u00eda a nivel motor (reforzar capacidades, mantenimiento y o restauraci\u00f3n de las funciones motoras afectadas).<\/p>\n<p>Este es un proyecto a largo plazo que se sustenta a trav\u00e9s de patrocinios y aportaciones de las empresas, as\u00ed como de las aportaciones de sus socios.<\/p>\n<p>[\/vc_column_text][vc_column_text]<\/p>\n<h3>Objetivos<\/h3>\n<p>La <strong>Agrupaci\u00f3n Deportiva Aita Menni<\/strong> tiene como finalidad promover y desarrollar la actividad deportiva entre las personas con da\u00f1o cerebral y otras discapacidades de origen neurol\u00f3gico de la Comunidad Aut\u00f3noma del Pa\u00eds Vasco. Se trata de crear grupos de personas con discapacidad que realicen pr\u00e1ctica deportiva y entrenen regularmente. Quienes lo deseen pueden federarse y participar en las distintas competiciones oficiales.<\/p>\n<p>[\/vc_column_text][vc_column_text]<\/p>\n<h3>Modalidades<\/h3>\n<ul>\n<li>Boccia<\/li>\n<li>Ciclismo<\/li>\n<li>Nataci\u00f3n<\/li>\n<li>Tenis de mesa<\/li>\n<li>F\u00fatbol<\/li>\n<\/ul>\n<p>[\/vc_column_text][\/vc_column][\/vc_row][vc_row full_width=\u00bbstretch_row_content\u00bb el_class=\u00bbnot\u00bb css=\u00bb.vc_custom_1659379573947{padding-right: 40px !important;padding-left: 40px !important;}\u00bb][vc_column][vc_column_text]\n\n\n<div id=\"wpv-view-layout-40875-CATTR23a2914c5b75ef24d2d6a40844dc203f\" class=\"js-wpv-view-layout js-wpv-layout-responsive js-wpv-view-layout-40875-CATTR23a2914c5b75ef24d2d6a40844dc203f\" data-viewnumber=\"40875-CATTR23a2914c5b75ef24d2d6a40844dc203f\" data-pagination=\"{&quot;id&quot;:40875,&quot;query&quot;:&quot;normal&quot;,&quot;type&quot;:&quot;disabled&quot;,&quot;effect&quot;:&quot;slideh&quot;,&quot;duration&quot;:350,&quot;speed&quot;:5,&quot;pause_on_hover&quot;:&quot;enabled&quot;,&quot;stop_rollover&quot;:&quot;false&quot;,&quot;cache_pages&quot;:&quot;enabled&quot;,&quot;preload_images&quot;:&quot;enabled&quot;,&quot;preload_pages&quot;:&quot;enabled&quot;,&quot;preload_reach&quot;:1,&quot;spinner&quot;:&quot;disabled&quot;,&quot;spinner_image&quot;:&quot;https:\/\/www.aita-menni.org\/wp-content\/plugins\/toolset-blocks\/embedded\/res\/img\/ajax-loader2.svg&quot;,&quot;callback_next&quot;:&quot;&quot;,&quot;manage_history&quot;:&quot;disabled&quot;,&quot;has_controls_in_form&quot;:&quot;disabled&quot;,&quot;infinite_tolerance&quot;:100,&quot;max_pages&quot;:1,&quot;page&quot;:1,&quot;base_permalink&quot;:&quot;\/es\/wp-json\/wp\/v2\/pages\/40151?wpv_view_count=40875-CATTR23a2914c5b75ef24d2d6a40844dc203f&amp;wpv_paged=WPV_PAGE_NUM&quot;,&quot;loop&quot;:{&quot;type&quot;:&quot;&quot;,&quot;name&quot;:&quot;&quot;,&quot;data&quot;:[],&quot;id&quot;:0}}\" data-permalink=\"\/es\/wp-json\/wp\/v2\/pages\/40151?wpv_view_count=40875-CATTR23a2914c5b75ef24d2d6a40844dc203f\">\n\n\t\n<h2 style=\"text-align:center;\">Actualidad<\/h2>\n<div class=\"sli\">\n\n\t\n\t\t<div class=\"diapo\"><div style=\"margin-bottom:0px;padding-bottom:20px;\">\n<article>\n<figure><a href=\"https:\/\/ospitalarioakfundazioaeuskadi.org\/es\/terapia-asistida-caballos\/\"><img loading=\"lazy\" decoding=\"async\" width=\"319\" height=\"425\" src=\"https:\/\/ospitalarioakfundazioaeuskadi.org\/wp-content\/uploads\/2025\/11\/equinoterapia-1-319x425.jpg\" class=\"attachment-medium size-medium cropar wp-post-image\" alt=\"Un hombre y una mujer j\u00f3venes colocan los arreos a un caballo\" srcset=\"https:\/\/ospitalarioakfundazioaeuskadi.org\/wp-content\/uploads\/2025\/11\/equinoterapia-1-319x425.jpg 319w, https:\/\/ospitalarioakfundazioaeuskadi.org\/wp-content\/uploads\/2025\/11\/equinoterapia-1-768x1025.jpg 768w, https:\/\/ospitalarioakfundazioaeuskadi.org\/wp-content\/uploads\/2025\/11\/equinoterapia-1.jpg 850w\" sizes=\"auto, (max-width: 319px) 100vw, 319px\" title=\"\"><\/a><\/figure>\n<p><time>17 de noviembre de 2025<\/time><\/p>\n<h3 class=\"morado\"><a href=\"https:\/\/ospitalarioakfundazioaeuskadi.org\/es\/terapia-asistida-caballos\/\">Cuando tomar las riendas es m\u00e1s que guiar caballos<\/a><\/h3>\n<\/article>\n<\/div>\n<\/div>\n\t\n\t\t<div class=\"diapo\"><div style=\"margin-bottom:0px;padding-bottom:20px;\">\n<article>\n<figure><a href=\"https:\/\/ospitalarioakfundazioaeuskadi.org\/es\/tres-equipos-de-aita-menni-participan-en-el-x-torneo-de-futbol-why-not\/\"><img loading=\"lazy\" decoding=\"async\" width=\"425\" height=\"239\" src=\"https:\/\/ospitalarioakfundazioaeuskadi.org\/wp-content\/uploads\/2024\/09\/Torneo-Fundacion-Why-not-425x239.jpg\" class=\"attachment-medium size-medium cropar wp-post-image\" alt=\"Un grupo de personas, sobre el c\u00e9sped de un campo de f\u00fatbol con una pancarta en la que se lee &quot;Aupa Aita Menni&quot;\" srcset=\"https:\/\/ospitalarioakfundazioaeuskadi.org\/wp-content\/uploads\/2024\/09\/Torneo-Fundacion-Why-not-425x239.jpg 425w, https:\/\/ospitalarioakfundazioaeuskadi.org\/wp-content\/uploads\/2024\/09\/Torneo-Fundacion-Why-not-850x478.jpg 850w, https:\/\/ospitalarioakfundazioaeuskadi.org\/wp-content\/uploads\/2024\/09\/Torneo-Fundacion-Why-not-768x432.jpg 768w, https:\/\/ospitalarioakfundazioaeuskadi.org\/wp-content\/uploads\/2024\/09\/Torneo-Fundacion-Why-not.jpg 1024w\" sizes=\"auto, (max-width: 425px) 100vw, 425px\" title=\"\"><\/a><\/figure>\n<p><time>23 de septiembre de 2024<\/time><\/p>\n<h3 class=\"morado\"><a href=\"https:\/\/ospitalarioakfundazioaeuskadi.org\/es\/tres-equipos-de-aita-menni-participan-en-el-x-torneo-de-futbol-why-not\/\">Tres equipos de Aita Menni participan en el X Torneo de F\u00fatbol 7 Why Not<\/a><\/h3>\n<\/article>\n<\/div>\n<\/div>\n\t\n\t\t<div class=\"diapo\"><div style=\"margin-bottom:0px;padding-bottom:20px;\">\n<article>\n<figure><a href=\"https:\/\/ospitalarioakfundazioaeuskadi.org\/es\/zubi-etxe-donosti-authentics-cup\/\"><img loading=\"lazy\" decoding=\"async\" width=\"425\" height=\"320\" src=\"https:\/\/ospitalarioakfundazioaeuskadi.org\/wp-content\/uploads\/2024\/07\/Donosti-Cup1-425x320.jpg\" class=\"attachment-medium size-medium cropar wp-post-image\" alt=\"\" srcset=\"https:\/\/ospitalarioakfundazioaeuskadi.org\/wp-content\/uploads\/2024\/07\/Donosti-Cup1-425x320.jpg 425w, https:\/\/ospitalarioakfundazioaeuskadi.org\/wp-content\/uploads\/2024\/07\/Donosti-Cup1-850x641.jpg 850w, https:\/\/ospitalarioakfundazioaeuskadi.org\/wp-content\/uploads\/2024\/07\/Donosti-Cup1-768x579.jpg 768w, https:\/\/ospitalarioakfundazioaeuskadi.org\/wp-content\/uploads\/2024\/07\/Donosti-Cup1.jpg 1181w\" sizes=\"auto, (max-width: 425px) 100vw, 425px\" title=\"\"><\/a><\/figure>\n<p><time>19 de julio de 2024<\/time><\/p>\n<h3 class=\"morado\"><a href=\"https:\/\/ospitalarioakfundazioaeuskadi.org\/es\/zubi-etxe-donosti-authentics-cup\/\">La Selecci\u00f3n de Gipuzkoa, con residentes de Zubi Etxe, gana la Donosti Authentics Cup<\/a><\/h3>\n<\/article>\n<\/div>\n<\/div>\n\t\n\t\t<div class=\"diapo\"><div style=\"margin-bottom:0px;padding-bottom:20px;\">\n<article>\n<figure><a href=\"https:\/\/ospitalarioakfundazioaeuskadi.org\/es\/torneo-futbol-why-not-2023\/\"><img loading=\"lazy\" decoding=\"async\" width=\"425\" height=\"319\" src=\"https:\/\/ospitalarioakfundazioaeuskadi.org\/wp-content\/uploads\/2023\/09\/Torneo-Why-Not-2023-425x319.jpg\" class=\"attachment-medium size-medium cropar wp-post-image\" alt=\"El equipo de Aita Menni\" srcset=\"https:\/\/ospitalarioakfundazioaeuskadi.org\/wp-content\/uploads\/2023\/09\/Torneo-Why-Not-2023-425x319.jpg 425w, https:\/\/ospitalarioakfundazioaeuskadi.org\/wp-content\/uploads\/2023\/09\/Torneo-Why-Not-2023-768x576.jpg 768w, https:\/\/ospitalarioakfundazioaeuskadi.org\/wp-content\/uploads\/2023\/09\/Torneo-Why-Not-2023.jpg 850w\" sizes=\"auto, (max-width: 425px) 100vw, 425px\" title=\"\"><\/a><\/figure>\n<p><time>25 de septiembre de 2023<\/time><\/p>\n<h3 class=\"morado\"><a href=\"https:\/\/ospitalarioakfundazioaeuskadi.org\/es\/torneo-futbol-why-not-2023\/\">Participamos en el Torneo de F\u00fatbol de Why Not<\/a><\/h3>\n<\/article>\n<\/div>\n<\/div>\n\t\n\t\t<div class=\"diapo\"><div style=\"margin-bottom:0px;padding-bottom:20px;\">\n<article>\n<figure><a href=\"https:\/\/ospitalarioakfundazioaeuskadi.org\/es\/aita-menni-patrocina-premio-deportistas-14454\/\"><img loading=\"lazy\" decoding=\"async\" width=\"425\" height=\"284\" src=\"https:\/\/ospitalarioakfundazioaeuskadi.org\/wp-content\/uploads\/2021\/08\/galardon-deporte-adaptado-1-1.jpg\" class=\"attachment-medium size-medium cropar wp-post-image\" alt=\"Entrega del Premio Deportista 5 Estrellas de Deporte Adaptado\" title=\"\"><\/a><\/figure>\n<p><time>10 de agosto de 2021<\/time><\/p>\n<h3 class=\"morado\"><a href=\"https:\/\/ospitalarioakfundazioaeuskadi.org\/es\/aita-menni-patrocina-premio-deportistas-14454\/\">Aita Menni patrocina el Premio Deportistas Cinco Estrellas al Deporte Adaptado<\/a><\/h3>\n<\/article>\n<\/div>\n<\/div>\n\t\n\t\t<div class=\"diapo\"><div style=\"margin-bottom:0px;padding-bottom:20px;\">\n<article>\n<figure><a href=\"https:\/\/ospitalarioakfundazioaeuskadi.org\/es\/roberto-corrales-corredor-yo-puedo\/\"><img loading=\"lazy\" decoding=\"async\" width=\"300\" height=\"215\" src=\"https:\/\/ospitalarioakfundazioaeuskadi.org\/wp-content\/uploads\/2021\/10\/Roberto-Corrales_Aita-Menni-300x215.jpg\" class=\"attachment-medium size-medium cropar wp-post-image\" alt=\"\" srcset=\"https:\/\/ospitalarioakfundazioaeuskadi.org\/wp-content\/uploads\/2021\/10\/Roberto-Corrales_Aita-Menni-300x215.jpg 300w, https:\/\/ospitalarioakfundazioaeuskadi.org\/wp-content\/uploads\/2021\/10\/Roberto-Corrales_Aita-Menni.jpg 600w\" sizes=\"auto, (max-width: 300px) 100vw, 300px\" title=\"\"><\/a><\/figure>\n<p><time>31 de enero de 2020<\/time><\/p>\n<h3 class=\"morado\"><a href=\"https:\/\/ospitalarioakfundazioaeuskadi.org\/es\/roberto-corrales-corredor-yo-puedo\/\">Roberto Corrales, corredor: \u00abYo puedo\u00bb<\/a><\/h3>\n<\/article>\n<\/div>\n<\/div>\n\t\n\t\t<div class=\"diapo\"><div style=\"margin-bottom:0px;padding-bottom:20px;\">\n<article>\n<figure><a href=\"https:\/\/ospitalarioakfundazioaeuskadi.org\/es\/espectacular-urdaibai-13140\/\"><img loading=\"lazy\" decoding=\"async\" width=\"300\" height=\"225\" src=\"https:\/\/ospitalarioakfundazioaeuskadi.org\/wp-content\/uploads\/2021\/09\/adam1-0-300x225.jpg\" class=\"attachment-medium size-medium cropar wp-post-image\" alt=\"Egun ikusgarria Urdaibain\" srcset=\"https:\/\/ospitalarioakfundazioaeuskadi.org\/wp-content\/uploads\/2021\/09\/adam1-0-300x225.jpg 300w, https:\/\/ospitalarioakfundazioaeuskadi.org\/wp-content\/uploads\/2021\/09\/adam1-0.jpg 535w\" sizes=\"auto, (max-width: 300px) 100vw, 300px\" title=\"\"><\/a><\/figure>\n<p><time>2 de agosto de 2019<\/time><\/p>\n<h3 class=\"morado\"><a href=\"https:\/\/ospitalarioakfundazioaeuskadi.org\/es\/espectacular-urdaibai-13140\/\">D\u00eda espectacular en Urdaibai<\/a><\/h3>\n<\/article>\n<\/div>\n<\/div>\n\t\n\t\t<div class=\"diapo\"><div style=\"margin-bottom:0px;padding-bottom:20px;\">\n<article>\n<figure><a href=\"https:\/\/ospitalarioakfundazioaeuskadi.org\/es\/afan-superacion-aitor-francesena-entusiasma-13064\/\"><img loading=\"lazy\" decoding=\"async\" width=\"300\" height=\"300\" src=\"https:\/\/ospitalarioakfundazioaeuskadi.org\/wp-content\/uploads\/2021\/09\/salud-mental-arrasate-0-300x300.jpg\" class=\"attachment-medium size-medium cropar wp-post-image\" alt=\"Aitor Francesenaren hobetzeko grina izugarri gustatu zaio Arrasateko EPSZri\" srcset=\"https:\/\/ospitalarioakfundazioaeuskadi.org\/wp-content\/uploads\/2021\/09\/salud-mental-arrasate-0-300x300.jpg 300w, https:\/\/ospitalarioakfundazioaeuskadi.org\/wp-content\/uploads\/2021\/09\/salud-mental-arrasate-0-150x150.jpg 150w, https:\/\/ospitalarioakfundazioaeuskadi.org\/wp-content\/uploads\/2021\/09\/salud-mental-arrasate-0.jpg 540w\" sizes=\"auto, (max-width: 300px) 100vw, 300px\" title=\"\"><\/a><\/figure>\n<p><time>3 de julio de 2019<\/time><\/p>\n<h3 class=\"morado\"><a href=\"https:\/\/ospitalarioakfundazioaeuskadi.org\/es\/afan-superacion-aitor-francesena-entusiasma-13064\/\">El af\u00e1n de superaci\u00f3n de Aitor Francesena entusiasma al CRPS Arrasate<\/a><\/h3>\n<\/article>\n<\/div>\n<\/div>\n\t\n\t\t<div class=\"diapo\"><div style=\"margin-bottom:0px;padding-bottom:20px;\">\n<article>\n<figure><a href=\"https:\/\/ospitalarioakfundazioaeuskadi.org\/es\/la-agrupacion-deportiva-aita-menni-lista-para-la-nueva-temporada\/\"><img loading=\"lazy\" decoding=\"async\" width=\"300\" height=\"225\" src=\"https:\/\/ospitalarioakfundazioaeuskadi.org\/wp-content\/uploads\/2021\/10\/Presentacion-temporada-ADAM-2018_1-300x225.jpg\" class=\"attachment-medium size-medium cropar wp-post-image\" alt=\"\" srcset=\"https:\/\/ospitalarioakfundazioaeuskadi.org\/wp-content\/uploads\/2021\/10\/Presentacion-temporada-ADAM-2018_1-300x225.jpg 300w, https:\/\/ospitalarioakfundazioaeuskadi.org\/wp-content\/uploads\/2021\/10\/Presentacion-temporada-ADAM-2018_1.jpg 600w\" sizes=\"auto, (max-width: 300px) 100vw, 300px\" title=\"\"><\/a><\/figure>\n<p><time>26 de octubre de 2018<\/time><\/p>\n<h3 class=\"morado\"><a href=\"https:\/\/ospitalarioakfundazioaeuskadi.org\/es\/la-agrupacion-deportiva-aita-menni-lista-para-la-nueva-temporada\/\">La Agrupaci\u00f3n Deportiva Aita Menni, lista para la nueva temporada<\/a><\/h3>\n<\/article>\n<\/div>\n<\/div>\n\t\n\t\t<div class=\"diapo\"><div style=\"margin-bottom:0px;padding-bottom:20px;\">\n<article>\n<figure><a href=\"https:\/\/ospitalarioakfundazioaeuskadi.org\/es\/zarzuela-deporte-exposicion-de-barro-y-mucho-mas-para-celebrar-el-26-de-octubre\/\"><img loading=\"lazy\" decoding=\"async\" width=\"300\" height=\"212\" src=\"https:\/\/ospitalarioakfundazioaeuskadi.org\/wp-content\/uploads\/2021\/10\/Concierto-solidario-300x212.jpg\" class=\"attachment-medium size-medium cropar wp-post-image\" alt=\"\" srcset=\"https:\/\/ospitalarioakfundazioaeuskadi.org\/wp-content\/uploads\/2021\/10\/Concierto-solidario-300x212.jpg 300w, https:\/\/ospitalarioakfundazioaeuskadi.org\/wp-content\/uploads\/2021\/10\/Concierto-solidario.jpg 600w\" sizes=\"auto, (max-width: 300px) 100vw, 300px\" title=\"\"><\/a><\/figure>\n<p><time>19 de octubre de 2018<\/time><\/p>\n<h3 class=\"morado\"><a href=\"https:\/\/ospitalarioakfundazioaeuskadi.org\/es\/zarzuela-deporte-exposicion-de-barro-y-mucho-mas-para-celebrar-el-26-de-octubre\/\">Zarzuela, deporte, exposici\u00f3n de barro y mucho m\u00e1s para celebrar el 26 de octubre<\/a><\/h3>\n<\/article>\n<\/div>\n<\/div>\n\t\n\t\t<div class=\"diapo\"><div style=\"margin-bottom:0px;padding-bottom:20px;\">\n<article>\n<figure><a href=\"https:\/\/ospitalarioakfundazioaeuskadi.org\/es\/actividades-acuaticas-urdaibai-12243\/\"><img loading=\"lazy\" decoding=\"async\" width=\"201\" height=\"300\" src=\"https:\/\/ospitalarioakfundazioaeuskadi.org\/wp-content\/uploads\/2021\/09\/3-0-201x300.jpg\" class=\"attachment-medium size-medium cropar wp-post-image\" alt=\"Uretako jarduerak Urdaibain\" srcset=\"https:\/\/ospitalarioakfundazioaeuskadi.org\/wp-content\/uploads\/2021\/09\/3-0-201x300.jpg 201w, https:\/\/ospitalarioakfundazioaeuskadi.org\/wp-content\/uploads\/2021\/09\/3-0.jpg 300w\" sizes=\"auto, (max-width: 201px) 100vw, 201px\" title=\"\"><\/a><\/figure>\n<p><time>6 de julio de 2018<\/time><\/p>\n<h3 class=\"morado\"><a href=\"https:\/\/ospitalarioakfundazioaeuskadi.org\/es\/actividades-acuaticas-urdaibai-12243\/\">Actividades acu\u00e1ticas en Urdaibai<\/a><\/h3>\n<\/article>\n<\/div>\n<\/div>\n\t\n\t\t<div class=\"diapo\"><div style=\"margin-bottom:0px;padding-bottom:20px;\">\n<article>\n<figure><a href=\"https:\/\/ospitalarioakfundazioaeuskadi.org\/es\/celebramos-benito-menni-fundador-nuestro-12052\/\"><img loading=\"lazy\" decoding=\"async\" width=\"300\" height=\"201\" src=\"https:\/\/ospitalarioakfundazioaeuskadi.org\/wp-content\/uploads\/2021\/09\/2018024-san-benito-menni-alta-27-0-300x201.jpg\" class=\"attachment-medium size-medium cropar wp-post-image\" alt=\"Honela ospatu dugu San Benito Menni ospitalearen fundatzailearen eguna\" srcset=\"https:\/\/ospitalarioakfundazioaeuskadi.org\/wp-content\/uploads\/2021\/09\/2018024-san-benito-menni-alta-27-0-300x201.jpg 300w, https:\/\/ospitalarioakfundazioaeuskadi.org\/wp-content\/uploads\/2021\/09\/2018024-san-benito-menni-alta-27-0.jpg 535w\" sizes=\"auto, (max-width: 300px) 100vw, 300px\" title=\"\"><\/a><\/figure>\n<p><time>25 de abril de 2018<\/time><\/p>\n<h3 class=\"morado\"><a href=\"https:\/\/ospitalarioakfundazioaeuskadi.org\/es\/celebramos-benito-menni-fundador-nuestro-12052\/\">As\u00ed celebramos San Benito Menni, fundador de nuestro hospital<\/a><\/h3>\n<\/article>\n<\/div>\n<\/div>\n\t\n\t\n<\/div>\n<div class=\"boton-morado\" style=\"padding-top:40px;\"><p style=\"text-align: center;\"><a title=\"Todas las noticias\" href=\"https:\/\/www.aita-menni.org\/es\/comunicacion\/actualidad\/\" rel=\"nofollow noopener\" target=\"_blank\">Todas las noticias \u2192<\/a><\/p><\/div>\n\t\n\t\n<\/div>[\/vc_column_text][\/vc_column][\/vc_row][vc_row full_width=\u00bbstretch_row_content\u00bb css=\u00bb.vc_custom_1659379638917{padding-right: 40px !important;padding-left: 40px !important;}\u00bb][vc_column][vc_column_text]\n\n\n<div id=\"wpv-view-layout-41727-CATTR23a2914c5b75ef24d2d6a40844dc203f\" class=\"js-wpv-view-layout js-wpv-layout-responsive js-wpv-view-layout-41727-CATTR23a2914c5b75ef24d2d6a40844dc203f\" data-viewnumber=\"41727-CATTR23a2914c5b75ef24d2d6a40844dc203f\" data-pagination=\"{&quot;id&quot;:41727,&quot;query&quot;:&quot;normal&quot;,&quot;type&quot;:&quot;disabled&quot;,&quot;effect&quot;:&quot;fade&quot;,&quot;duration&quot;:500,&quot;speed&quot;:5,&quot;pause_on_hover&quot;:&quot;enabled&quot;,&quot;stop_rollover&quot;:&quot;false&quot;,&quot;cache_pages&quot;:&quot;enabled&quot;,&quot;preload_images&quot;:&quot;enabled&quot;,&quot;preload_pages&quot;:&quot;enabled&quot;,&quot;preload_reach&quot;:1,&quot;spinner&quot;:&quot;builtin&quot;,&quot;spinner_image&quot;:&quot;https:\/\/www.aita-menni.org\/wp-content\/plugins\/toolset-blocks\/embedded\/res\/img\/ajax-loader.gif&quot;,&quot;callback_next&quot;:&quot;&quot;,&quot;manage_history&quot;:&quot;enabled&quot;,&quot;has_controls_in_form&quot;:&quot;disabled&quot;,&quot;infinite_tolerance&quot;:&quot;0&quot;,&quot;max_pages&quot;:1,&quot;page&quot;:1,&quot;base_permalink&quot;:&quot;\/es\/wp-json\/wp\/v2\/pages\/40151?wpv_view_count=41727-CATTR23a2914c5b75ef24d2d6a40844dc203f&amp;wpv_paged=WPV_PAGE_NUM&quot;,&quot;loop&quot;:{&quot;type&quot;:&quot;&quot;,&quot;name&quot;:&quot;&quot;,&quot;data&quot;:[],&quot;id&quot;:0}}\" data-permalink=\"\/es\/wp-json\/wp\/v2\/pages\/40151?wpv_view_count=41727-CATTR23a2914c5b75ef24d2d6a40844dc203f\">\n\n\t\n<div style=\"margin-top:80px;\"><h2 style=\"text-align:center;\">Art\u00edculos<\/h2><\/div>\n<div class=\"sli-a\">\n\t\n\t\n      <div class=\"diapo\"><!-- <figure><a href=\"[wpv-post-url]\" title=\"[wpv-post-title]\">[wpv-post-featured-image size='medium' class='cropar']<\/a><\/figure> -->\n<h3 class=\"morado\"><a href=\"https:\/\/ospitalarioakfundazioaeuskadi.org\/es\/articulo\/la-sedestacion-individualizada\/\">La sedestaci\u00f3n individualizada<\/a><\/h3>\n<time>13 de octubre de 2022<\/time>\n<div style=\"padding-top:15px;border-top:1px solid #72cdd1;\">\n\t\n\t\n\t\t<address class=\"author vcard autor-2a\"><strong>Jorge Olmo<\/strong><\/address>\n<span class=\"font-1em gris999\" style=\"padding-bottom: 20px;\"><p>Fisioterapeuta. <a href=\"https:\/\/www.aita-menni.org\/es\/que-hacemos\/dano-cerebral\/\" rel=\"nofollow noopener\" target=\"_blank\">Servicio de Neurorrehabilitaci\u00f3n y Da\u00f1o Cerebral<\/a>. <a href=\"\/es\/\">Ospitalarioak Fundazioa Euskadi<\/a>.<\/p>\n<\/span>\n\t\n\t\n    <\/div><\/div>\n\t\n\t\n<\/div>\n<div class=\"boton-morado\" style=\"padding-top:40px;\"><p style=\"text-align: center;\"><a title=\"Todos los art\u00edculos\" href=\"https:\/\/www.aita-menni.org\/es\/comunicacion\/articulos\/\" rel=\"nofollow noopener\" target=\"_blank\">Todos los art\u00edculos \u2192<\/a><\/p><\/div>\n\t\n\t\n<\/div>\n[\/vc_column_text][\/vc_column][\/vc_row]<\/p>\n<\/div>","protected":false},"excerpt":{"rendered":"<div class=\"link-more\"><a href=\"https:\/\/ospitalarioakfundazioaeuskadi.org\/es\/quienes-somos\/responsabilidad-social\/deporte-adaptado\/\" class=\"more-link\">Seguir leyendo<span class=\"screen-reader-text\"> &ldquo;Deporte adaptado&rdquo;<\/span>&hellip;<\/a><\/div>\n","protected":false},"author":1,"featured_media":0,"parent":24506,"menu_order":24,"comment_status":"closed","ping_status":"closed","template":"templates\/sin-head-h1.php","meta":{"footnotes":""},"class_list":["post-40151","page","type-page","status-publish","hentry","entry"],"_links":{"self":[{"href":"https:\/\/ospitalarioakfundazioaeuskadi.org\/es\/wp-json\/wp\/v2\/pages\/40151","targetHints":{"allow":["GET"]}}],"collection":[{"href":"https:\/\/ospitalarioakfundazioaeuskadi.org\/es\/wp-json\/wp\/v2\/pages"}],"about":[{"href":"https:\/\/ospitalarioakfundazioaeuskadi.org\/es\/wp-json\/wp\/v2\/types\/page"}],"author":[{"embeddable":true,"href":"https:\/\/ospitalarioakfundazioaeuskadi.org\/es\/wp-json\/wp\/v2\/users\/1"}],"replies":[{"embeddable":true,"href":"https:\/\/ospitalarioakfundazioaeuskadi.org\/es\/wp-json\/wp\/v2\/comments?post=40151"}],"version-history":[{"count":3,"href":"https:\/\/ospitalarioakfundazioaeuskadi.org\/es\/wp-json\/wp\/v2\/pages\/40151\/revisions"}],"predecessor-version":[{"id":55619,"href":"https:\/\/ospitalarioakfundazioaeuskadi.org\/es\/wp-json\/wp\/v2\/pages\/40151\/revisions\/55619"}],"up":[{"embeddable":true,"href":"https:\/\/ospitalarioakfundazioaeuskadi.org\/es\/wp-json\/wp\/v2\/pages\/24506"}],"wp:attachment":[{"href":"https:\/\/ospitalarioakfundazioaeuskadi.org\/es\/wp-json\/wp\/v2\/media?parent=40151"}],"curies":[{"name":"wp","href":"https:\/\/api.w.org\/{rel}","templated":true}]}}