{"id":40813,"date":"2022-04-06T18:26:48","date_gmt":"2022-04-06T18:26:48","guid":{"rendered":"http:\/\/194.35.43.170\/~aitamenninueva\/?page_id=40813"},"modified":"2025-06-16T09:46:04","modified_gmt":"2025-06-16T09:46:04","slug":"euskera","status":"publish","type":"page","link":"https:\/\/ospitalarioakfundazioaeuskadi.org\/es\/quienes-somos\/responsabilidad-social\/euskera\/","title":{"rendered":"Euskera"},"content":{"rendered":"<div class=\"wpb-content-wrapper\"><p>[vc_row][vc_column width=\u00bb1\/2&#8243; el_class=\u00bbvc_col-sm-push-6&#8243;][vc_column_text]<\/p>\n<figure><img loading=\"lazy\" decoding=\"async\" width=\"535\" height=\"401\" src=\"https:\/\/ospitalarioakfundazioaeuskadi.org\/wp-content\/uploads\/2022\/04\/korrika-aita-menniEFB9960.jpg\" class=\"attachment-large size-large wp-post-image\" alt=\"Una residente de la Residencia San Mart\u00edn de O\u00f1ate porta el testigo de la Korrika de Aita Menni junto a dos responsables del centro.\" title=\"\"><\/figure>\n<p>[\/vc_column_text][\/vc_column][vc_column width=\u00bb1\/2&#8243; el_class=\u00bbvc_col-sm-pull-6&#8243;][vc_column_text el_class=\u00bbalter-1&#8243;]<\/p>\n<h1>Euskera<\/h1>\n<p><strong>Hermanas Hospitalarias Aita Menni<\/strong> dispone de una <strong>Comisi\u00f3n de Euskera<\/strong> que, entre otras funciones, vela por el derecho de pacientes, familias y personal a utilizar la lengua vasca.<\/p>\n<p>La labor que realiza la Comisi\u00f3n de Euskera se plasma en <strong>cuatro \u00e1reas de trabajo<\/strong>:[\/vc_column_text][\/vc_column][\/vc_row][vc_row][vc_column][vc_column_text]<\/p>\n<h2>\u00c1reas de trabajo de la Comisi\u00f3n de Euskera<\/h2>\n<p>[\/vc_column_text][\/vc_column][\/vc_row][vc_row gap=\u00bb35&#8243;][vc_column width=\u00bb1\/2&#8243;][vc_column_text el_class=\u00bbrg-20&#8243;]<\/p>\n<h3>Organizar la aplicaci\u00f3n del euskera en Aita Menni<\/h3>\n<ul>\n<li>Elaboraci\u00f3n y desarrollo de los <strong>Planes de Euskera<\/strong>.<\/li>\n<li>Solicitud y gesti\u00f3n de las <strong>ayudas oficiales<\/strong> para los Planes de Euskera.<\/li>\n<\/ul>\n<p>[\/vc_column_text][vc_column_text el_class=\u00bbrg-20&#8243;]<\/p>\n<h3>Impulsar el conocimiento del euskera<\/h3>\n<ul>\n<li><strong>Clases de euskera<\/strong> de diversos niveles para trabajadoras y trabajadores., cuando existe posibilidad.<\/li>\n<li><strong>Sesiones formativas online<\/strong> cada 15 d\u00edas, cuando hay demanda.<\/li>\n<\/ul>\n<p>[\/vc_column_text][\/vc_column][vc_column width=\u00bb1\/2&#8243;][vc_column_text el_class=\u00bbrg-20&#8243;]<\/p>\n<h3>Impulsar el uso del euskera<\/h3>\n<ul>\n<li><b>Evaluaci\u00f3n del uso<\/b> del euskera en los diversos centros y unidades de Aita Menni.<\/li>\n<li><strong>Traducci\u00f3n<\/strong> de documentos y materiales de comunicaci\u00f3n corporativa.<\/li>\n<li>Elaboraci\u00f3n y distribuci\u00f3n entre el personal de <strong>materiales sencillos<\/strong> para animar al uso del euskera, como el <a href=\"https:\/\/www.ospitalarioakfundazioaeuskadi.org\/wp-content\/uploads\/2022\/10\/aita-menni-diccionario-hiztegia.pdf\">diccionario de t\u00e9rminos habituales<\/a>\u00a0o el bolet\u00edn Gogoan Izan.<\/li>\n<\/ul>\n<p>[\/vc_column_text][vc_column_text el_class=\u00bbrg-20&#8243;]<\/p>\n<h3>Promover un ambiente favorable al euskera<\/h3>\n<ul>\n<li><strong>Celebraci\u00f3n de Euskaraldia<\/strong> con motivo del D\u00eda del Euskera.<\/li>\n<li>Participaci\u00f3n de nuestros centros en <strong>Kilometroak<\/strong> y <strong>Korrika.<\/strong><\/li>\n<li><strong>Actividades<\/strong> enfocadas a visibilizar el euskera en nuestros centros.<\/li>\n<\/ul>\n<p>[\/vc_column_text][\/vc_column][\/vc_row][vc_row][vc_column][vc_column_text]<\/p>\n<h2 class=\"h-subr\">Utilidades<\/h2>\n<p>[\/vc_column_text][vc_row_inner gap=\u00bb35&#8243;][vc_column_inner el_class=\u00bbvc_col-sm-push-6&#8243; width=\u00bb1\/2&#8243;][vc_single_image image=\u00bb40816&#8243; img_size=\u00bblarge\u00bb alignment=\u00bbright\u00bb onclick=\u00bbcustom_link\u00bb img_link_target=\u00bb_blank\u00bb link=\u00bbhttps:\/\/www.ospitalarioakfundazioaeuskadi.org\/wp-content\/uploads\/2022\/10\/aita-menni-diccionario-hiztegia.pdf\u00bb][\/vc_column_inner][vc_column_inner el_class=\u00bbvc_col-sm-pull-6&#8243; width=\u00bb1\/2&#8243;][vc_column_text el_class=\u00bbalter-1&#8243;]<\/p>\n<h3><a href=\"https:\/\/www.ospitalarioakfundazioaeuskadi.org\/wp-content\/documentos\/oinarrizko-liburuxka-2023.pdf\">Folleto b\u00e1sico euskera &#8211; castellano<\/a><\/h3>\n<p>Con palabras, frases y expresiones de uso frecuente en la vida diaria.<\/p>\n<div class=\"boton-morado\"><a href=\"https:\/\/www.ospitalarioakfundazioaeuskadi.org\/wp-content\/documentos\/oinarrizko-liburuxka-2023.pdf\">Descargar folleto (PDF) \u2192<\/a><\/div>\n<p>[\/vc_column_text][vc_column_text el_class=\u00bbalter-1&#8243;]<\/p>\n<h3><a href=\"https:\/\/www.ospitalarioakfundazioaeuskadi.org\/wp-content\/uploads\/2022\/10\/aita-menni-diccionario-hiztegia.pdf\">Diccionario castellano &#8211; euskera<\/a><\/h3>\n<p>Con frases y expresiones que te ser\u00e1n de utilidad en tu d\u00eda a d\u00eda en Hermanas Hospitalarias Aita Menni.<\/p>\n<div class=\"boton-morado\"><a href=\"https:\/\/www.ospitalarioakfundazioaeuskadi.org\/wp-content\/uploads\/2022\/10\/aita-menni-diccionario-hiztegia.pdf\">Descargar diccionario (PDF) \u2192<\/a><\/div>\n<p>[\/vc_column_text][vc_column_text el_class=\u00bbalter-1&#8243;]<\/p>\n<h3>Traductores on-line<\/h3>\n<p>Traductor neuronal Itzuli (Gobierno Vasco)<\/p>\n<div class=\"boton-morado\"><a href=\"https:\/\/www.euskadi.eus\/itzuli\/\" target=\"_new\" rel=\"nofollow noopener\">Traductor on-line Itzuli \u2192<\/a><\/div>\n<div class=\"boton-morado\"><\/div>\n<p>Traductor Elia (Elhuyar)<\/p>\n<div class=\"boton-morado\"><a href=\"https:\/\/elia.eus\/traductor\" target=\"_new\" rel=\"nofollow noopener\">Traductor on-line Elia \u2192<\/a><\/div>\n<p>[\/vc_column_text][\/vc_column_inner][\/vc_row_inner][\/vc_column][\/vc_row][vc_row full_width=\u00bbstretch_row_content\u00bb el_class=\u00bbnot\u00bb css=\u00bb.vc_custom_1659379358231{padding-right: 40px !important;padding-left: 40px !important;}\u00bb][vc_column][vc_column_text]\n\n\n<div id=\"wpv-view-layout-40875-CATTRe222110b73262047ce48a7b2f4abd90f\" class=\"js-wpv-view-layout js-wpv-layout-responsive js-wpv-view-layout-40875-CATTRe222110b73262047ce48a7b2f4abd90f\" data-viewnumber=\"40875-CATTRe222110b73262047ce48a7b2f4abd90f\" data-pagination=\"{&quot;id&quot;:40875,&quot;query&quot;:&quot;normal&quot;,&quot;type&quot;:&quot;disabled&quot;,&quot;effect&quot;:&quot;slideh&quot;,&quot;duration&quot;:350,&quot;speed&quot;:5,&quot;pause_on_hover&quot;:&quot;enabled&quot;,&quot;stop_rollover&quot;:&quot;false&quot;,&quot;cache_pages&quot;:&quot;enabled&quot;,&quot;preload_images&quot;:&quot;enabled&quot;,&quot;preload_pages&quot;:&quot;enabled&quot;,&quot;preload_reach&quot;:1,&quot;spinner&quot;:&quot;disabled&quot;,&quot;spinner_image&quot;:&quot;https:\/\/www.aita-menni.org\/wp-content\/plugins\/toolset-blocks\/embedded\/res\/img\/ajax-loader2.svg&quot;,&quot;callback_next&quot;:&quot;&quot;,&quot;manage_history&quot;:&quot;disabled&quot;,&quot;has_controls_in_form&quot;:&quot;disabled&quot;,&quot;infinite_tolerance&quot;:100,&quot;max_pages&quot;:1,&quot;page&quot;:1,&quot;base_permalink&quot;:&quot;\/es\/wp-json\/wp\/v2\/pages\/40813?wpv_view_count=40875-CATTRe222110b73262047ce48a7b2f4abd90f&amp;wpv_paged=WPV_PAGE_NUM&quot;,&quot;loop&quot;:{&quot;type&quot;:&quot;&quot;,&quot;name&quot;:&quot;&quot;,&quot;data&quot;:[],&quot;id&quot;:0}}\" data-permalink=\"\/es\/wp-json\/wp\/v2\/pages\/40813?wpv_view_count=40875-CATTRe222110b73262047ce48a7b2f4abd90f\">\n\n\t\n<h2 style=\"text-align:center;\">Actualidad<\/h2>\n<div class=\"sli\">\n\n\t\n\t\t<div class=\"diapo\"><div style=\"margin-bottom:0px;padding-bottom:20px;\">\n<article>\n<figure><a href=\"https:\/\/ospitalarioakfundazioaeuskadi.org\/es\/euskara-gara-korrika-2026-una-expresion-colectiva-de-identidad-y-compromiso\/\"><\/a><\/figure>\n<p><time>31 de marzo de 2026<\/time><\/p>\n<h3 class=\"morado\"><a href=\"https:\/\/ospitalarioakfundazioaeuskadi.org\/es\/euskara-gara-korrika-2026-una-expresion-colectiva-de-identidad-y-compromiso\/\">Euskara Gara: Korrika 2026, una expresi\u00f3n colectiva de identidad y compromiso<\/a><\/h3>\n<\/article>\n<\/div>\n<\/div>\n\t\n\t\t<div class=\"diapo\"><div style=\"margin-bottom:0px;padding-bottom:20px;\">\n<article>\n<figure><a href=\"https:\/\/ospitalarioakfundazioaeuskadi.org\/es\/dia-del-euskera-2025\/\"><img loading=\"lazy\" decoding=\"async\" width=\"425\" height=\"351\" src=\"https:\/\/ospitalarioakfundazioaeuskadi.org\/wp-content\/uploads\/2025\/12\/euskararen-eguna-2025-425x351.jpg\" class=\"attachment-medium size-medium cropar wp-post-image\" alt=\"Dos personas mayores, junto a una monitora\" srcset=\"https:\/\/ospitalarioakfundazioaeuskadi.org\/wp-content\/uploads\/2025\/12\/euskararen-eguna-2025-425x351.jpg 425w, https:\/\/ospitalarioakfundazioaeuskadi.org\/wp-content\/uploads\/2025\/12\/euskararen-eguna-2025-768x633.jpg 768w, https:\/\/ospitalarioakfundazioaeuskadi.org\/wp-content\/uploads\/2025\/12\/euskararen-eguna-2025.jpg 850w\" sizes=\"auto, (max-width: 425px) 100vw, 425px\" title=\"\"><\/a><\/figure>\n<p><time>20 de diciembre de 2025<\/time><\/p>\n<h3 class=\"morado\"><a href=\"https:\/\/ospitalarioakfundazioaeuskadi.org\/es\/dia-del-euskera-2025\/\">Euskararen Eguna: cuando la lengua se comparte, se celebra y se cuida<\/a><\/h3>\n<\/article>\n<\/div>\n<\/div>\n\t\n\t\t<div class=\"diapo\"><div style=\"margin-bottom:0px;padding-bottom:20px;\">\n<article>\n<figure><a href=\"https:\/\/ospitalarioakfundazioaeuskadi.org\/es\/2025-concurso-fotografia-comision-euskera\/\"><img loading=\"lazy\" decoding=\"async\" width=\"425\" height=\"319\" src=\"https:\/\/ospitalarioakfundazioaeuskadi.org\/wp-content\/uploads\/2025\/10\/2025-argazki-lehiaketa-1-425x319.jpg\" class=\"attachment-medium size-medium cropar wp-post-image\" alt=\"Montaje con dos im\u00e1genes\" srcset=\"https:\/\/ospitalarioakfundazioaeuskadi.org\/wp-content\/uploads\/2025\/10\/2025-argazki-lehiaketa-1-425x319.jpg 425w, https:\/\/ospitalarioakfundazioaeuskadi.org\/wp-content\/uploads\/2025\/10\/2025-argazki-lehiaketa-1-768x576.jpg 768w, https:\/\/ospitalarioakfundazioaeuskadi.org\/wp-content\/uploads\/2025\/10\/2025-argazki-lehiaketa-1.jpg 850w\" sizes=\"auto, (max-width: 425px) 100vw, 425px\" title=\"\"><\/a><\/figure>\n<p><time>21 de octubre de 2025<\/time><\/p>\n<h3 class=\"morado\"><a href=\"https:\/\/ospitalarioakfundazioaeuskadi.org\/es\/2025-concurso-fotografia-comision-euskera\/\">Unas dunas lejanas y un paisaje oto\u00f1al se llevan el 5\u00ba Concurso de Fotograf\u00eda y Euskera<\/a><\/h3>\n<\/article>\n<\/div>\n<\/div>\n\t\n\t\t<div class=\"diapo\"><div style=\"margin-bottom:0px;padding-bottom:20px;\">\n<article>\n<figure><a href=\"https:\/\/ospitalarioakfundazioaeuskadi.org\/es\/euskaraldia-2025\/\"><img loading=\"lazy\" decoding=\"async\" width=\"425\" height=\"319\" src=\"https:\/\/ospitalarioakfundazioaeuskadi.org\/wp-content\/uploads\/2025\/06\/2025-euskaraldia-musakola-1-425x319.jpg\" class=\"attachment-medium size-medium cropar wp-post-image\" alt=\"Una mujer mayor y otra joven con uniforme sanitario muestra sus chapas de la campa\u00f1a Euskaraldia\" srcset=\"https:\/\/ospitalarioakfundazioaeuskadi.org\/wp-content\/uploads\/2025\/06\/2025-euskaraldia-musakola-1-425x319.jpg 425w, https:\/\/ospitalarioakfundazioaeuskadi.org\/wp-content\/uploads\/2025\/06\/2025-euskaraldia-musakola-1-768x576.jpg 768w, https:\/\/ospitalarioakfundazioaeuskadi.org\/wp-content\/uploads\/2025\/06\/2025-euskaraldia-musakola-1.jpg 850w\" sizes=\"auto, (max-width: 425px) 100vw, 425px\" title=\"\"><\/a><\/figure>\n<p><time>16 de junio de 2025<\/time><\/p>\n<h3 class=\"morado\"><a href=\"https:\/\/ospitalarioakfundazioaeuskadi.org\/es\/euskaraldia-2025\/\">Nuestros centros participan en Euskaraldia 2025<\/a><\/h3>\n<\/article>\n<\/div>\n<\/div>\n\t\n\t\t<div class=\"diapo\"><div style=\"margin-bottom:0px;padding-bottom:20px;\">\n<article>\n<figure><a href=\"https:\/\/ospitalarioakfundazioaeuskadi.org\/es\/4o-concurso-fotografico-comision-euskera\/\"><img loading=\"lazy\" decoding=\"async\" width=\"401\" height=\"425\" src=\"https:\/\/ospitalarioakfundazioaeuskadi.org\/wp-content\/uploads\/2024\/10\/4-concurso-foto-aita-menni-euskera-1-401x425.jpg\" class=\"attachment-medium size-medium cropar wp-post-image\" alt=\"Dos fotograf\u00edas de atardeceres en la playa y en la costa\" srcset=\"https:\/\/ospitalarioakfundazioaeuskadi.org\/wp-content\/uploads\/2024\/10\/4-concurso-foto-aita-menni-euskera-1-401x425.jpg 401w, https:\/\/ospitalarioakfundazioaeuskadi.org\/wp-content\/uploads\/2024\/10\/4-concurso-foto-aita-menni-euskera-1-768x814.jpg 768w, https:\/\/ospitalarioakfundazioaeuskadi.org\/wp-content\/uploads\/2024\/10\/4-concurso-foto-aita-menni-euskera-1.jpg 824w\" sizes=\"auto, (max-width: 401px) 100vw, 401px\" title=\"\"><\/a><\/figure>\n<p><time>17 de octubre de 2024<\/time><\/p>\n<h3 class=\"morado\"><a href=\"https:\/\/ospitalarioakfundazioaeuskadi.org\/es\/4o-concurso-fotografico-comision-euskera\/\">Dos atardeceres ganan el 4\u00ba Concurso Fotogr\u00e1fico de la Comisi\u00f3n de Euskera<\/a><\/h3>\n<\/article>\n<\/div>\n<\/div>\n\t\n\t\t<div class=\"diapo\"><div style=\"margin-bottom:0px;padding-bottom:20px;\">\n<article>\n<figure><a href=\"https:\/\/ospitalarioakfundazioaeuskadi.org\/es\/korrika-2024-euskera\/\"><img loading=\"lazy\" decoding=\"async\" width=\"425\" height=\"271\" src=\"https:\/\/ospitalarioakfundazioaeuskadi.org\/wp-content\/uploads\/2024\/04\/202403-korrika-aita-menni-1-425x271.jpg\" class=\"attachment-medium size-medium cropar wp-post-image\" alt=\"Dos personas usuarias del CRPS de Ir\u00fan, portando el testigo de Korrika\" srcset=\"https:\/\/ospitalarioakfundazioaeuskadi.org\/wp-content\/uploads\/2024\/04\/202403-korrika-aita-menni-1-425x271.jpg 425w, https:\/\/ospitalarioakfundazioaeuskadi.org\/wp-content\/uploads\/2024\/04\/202403-korrika-aita-menni-1-768x489.jpg 768w, https:\/\/ospitalarioakfundazioaeuskadi.org\/wp-content\/uploads\/2024\/04\/202403-korrika-aita-menni-1.jpg 850w\" sizes=\"auto, (max-width: 425px) 100vw, 425px\" title=\"\"><\/a><\/figure>\n<p><time>10 de abril de 2024<\/time><\/p>\n<h3 class=\"morado\"><a href=\"https:\/\/ospitalarioakfundazioaeuskadi.org\/es\/korrika-2024-euskera\/\">En euskera, con orgullo<\/a><\/h3>\n<\/article>\n<\/div>\n<\/div>\n\t\n\t\t<div class=\"diapo\"><div style=\"margin-bottom:0px;padding-bottom:20px;\">\n<article>\n<figure><a href=\"https:\/\/ospitalarioakfundazioaeuskadi.org\/es\/hermanas-hospitalarias-aita-menni-premio-euskera-formacion-profesional-insercion-laboral\/\"><img loading=\"lazy\" decoding=\"async\" width=\"425\" height=\"284\" src=\"https:\/\/ospitalarioakfundazioaeuskadi.org\/wp-content\/uploads\/2024\/02\/aita-menni-lh-duala-euskaraz-1-425x284.jpg\" class=\"attachment-medium size-medium cropar wp-post-image\" alt=\"Dos hombres y dos mujeres, representantes de la Direcci\u00f3n de Aita Menni, el \u00c1rea de Personas y la Comisi\u00f3n de Euskera.\" srcset=\"https:\/\/ospitalarioakfundazioaeuskadi.org\/wp-content\/uploads\/2024\/02\/aita-menni-lh-duala-euskaraz-1-425x284.jpg 425w, https:\/\/ospitalarioakfundazioaeuskadi.org\/wp-content\/uploads\/2024\/02\/aita-menni-lh-duala-euskaraz-1-768x512.jpg 768w, https:\/\/ospitalarioakfundazioaeuskadi.org\/wp-content\/uploads\/2024\/02\/aita-menni-lh-duala-euskaraz-1.jpg 850w\" sizes=\"auto, (max-width: 425px) 100vw, 425px\" title=\"\"><\/a><\/figure>\n<p><time>2 de febrero de 2024<\/time><\/p>\n<h3 class=\"morado\"><a href=\"https:\/\/ospitalarioakfundazioaeuskadi.org\/es\/hermanas-hospitalarias-aita-menni-premio-euskera-formacion-profesional-insercion-laboral\/\">Hermanas Hospitalarias Aita Menni, premiada por su compromiso en la promoci\u00f3n del uso del euskera en el \u00e1mbito socio-econ\u00f3mico<\/a><\/h3>\n<\/article>\n<\/div>\n<\/div>\n\t\n\t\t<div class=\"diapo\"><div style=\"margin-bottom:0px;padding-bottom:20px;\">\n<article>\n<figure><a href=\"https:\/\/ospitalarioakfundazioaeuskadi.org\/es\/euskararen-eguna-2023-residencia-txurdinagabarri\/\"><img loading=\"lazy\" decoding=\"async\" width=\"319\" height=\"425\" src=\"https:\/\/ospitalarioakfundazioaeuskadi.org\/wp-content\/uploads\/2023\/12\/20231202-euskararen-eguna-3-319x425.jpg\" class=\"attachment-medium size-medium cropar wp-post-image\" alt=\"Ikurri\u00f1as, lauburus y otros objetos y s\u00edmbolos relacionados con la cultura y la lengua vascas\" srcset=\"https:\/\/ospitalarioakfundazioaeuskadi.org\/wp-content\/uploads\/2023\/12\/20231202-euskararen-eguna-3-319x425.jpg 319w, https:\/\/ospitalarioakfundazioaeuskadi.org\/wp-content\/uploads\/2023\/12\/20231202-euskararen-eguna-3-768x1024.jpg 768w, https:\/\/ospitalarioakfundazioaeuskadi.org\/wp-content\/uploads\/2023\/12\/20231202-euskararen-eguna-3.jpg 850w\" sizes=\"auto, (max-width: 319px) 100vw, 319px\" title=\"\"><\/a><\/figure>\n<p><time>11 de diciembre de 2023<\/time><\/p>\n<h3 class=\"morado\"><a href=\"https:\/\/ospitalarioakfundazioaeuskadi.org\/es\/euskararen-eguna-2023-residencia-txurdinagabarri\/\">Euskararen Eguna da, txoriburu!<\/a><\/h3>\n<\/article>\n<\/div>\n<\/div>\n\t\n\t\t<div class=\"diapo\"><div style=\"margin-bottom:0px;padding-bottom:20px;\">\n<article>\n<figure><a href=\"https:\/\/ospitalarioakfundazioaeuskadi.org\/es\/hospital-aita-menni-relato-colectivo\/\"><img loading=\"lazy\" decoding=\"async\" width=\"425\" height=\"283\" src=\"https:\/\/ospitalarioakfundazioaeuskadi.org\/wp-content\/uploads\/2023\/09\/relato-colectivo-425x283.jpg\" class=\"attachment-medium size-medium cropar wp-post-image\" alt=\"Unas manos sobre el teclado de un ordenador\" srcset=\"https:\/\/ospitalarioakfundazioaeuskadi.org\/wp-content\/uploads\/2023\/09\/relato-colectivo-425x283.jpg 425w, https:\/\/ospitalarioakfundazioaeuskadi.org\/wp-content\/uploads\/2023\/09\/relato-colectivo-768x511.jpg 768w, https:\/\/ospitalarioakfundazioaeuskadi.org\/wp-content\/uploads\/2023\/09\/relato-colectivo.jpg 850w\" sizes=\"auto, (max-width: 425px) 100vw, 425px\" title=\"\"><\/a><\/figure>\n<p><time>27 de septiembre de 2023<\/time><\/p>\n<h3 class=\"morado\"><a href=\"https:\/\/ospitalarioakfundazioaeuskadi.org\/es\/hospital-aita-menni-relato-colectivo\/\">El Hospital Aita Menni, escenario de un relato policiaco colectivo en euskera<\/a><\/h3>\n<\/article>\n<\/div>\n<\/div>\n\t\n\t\t<div class=\"diapo\"><div style=\"margin-bottom:0px;padding-bottom:20px;\">\n<article>\n<figure><a href=\"https:\/\/ospitalarioakfundazioaeuskadi.org\/es\/aitor-badiola-usuario-crps-irun-15065\/\"><img loading=\"lazy\" decoding=\"async\" width=\"425\" height=\"319\" src=\"https:\/\/ospitalarioakfundazioaeuskadi.org\/wp-content\/uploads\/2022\/10\/foto-aitor-badiola.jpg\" class=\"attachment-medium size-medium cropar wp-post-image\" alt=\"Fotograf\u00eda ganadora, Paz del crep\u00fasculo\" title=\"\"><\/a><\/figure>\n<p><time>6 de octubre de 2022<\/time><\/p>\n<h3 class=\"morado\"><a href=\"https:\/\/ospitalarioakfundazioaeuskadi.org\/es\/aitor-badiola-usuario-crps-irun-15065\/\">Aitor Badiola, usuario del CRPS de Ir\u00fan, gana el II Concurso de Fotograf\u00eda organizado por la Comisi\u00f3n de Euskera<\/a><\/h3>\n<\/article>\n<\/div>\n<\/div>\n\t\n\t\t<div class=\"diapo\"><div style=\"margin-bottom:0px;padding-bottom:20px;\">\n<article>\n<figure><a href=\"https:\/\/ospitalarioakfundazioaeuskadi.org\/es\/preparando-euskaraldia-2022-15056\/\"><img loading=\"lazy\" decoding=\"async\" width=\"425\" height=\"239\" src=\"https:\/\/ospitalarioakfundazioaeuskadi.org\/wp-content\/uploads\/2022\/09\/comision-euskera-1.jpg\" class=\"attachment-medium size-medium cropar wp-post-image\" alt=\"\" title=\"\"><\/a><\/figure>\n<p><time>15 de septiembre de 2022<\/time><\/p>\n<h3 class=\"morado\"><a href=\"https:\/\/ospitalarioakfundazioaeuskadi.org\/es\/preparando-euskaraldia-2022-15056\/\">Preparando Euskaraldia 2022<\/a><\/h3>\n<\/article>\n<\/div>\n<\/div>\n\t\n\t\t<div class=\"diapo\"><div style=\"margin-bottom:0px;padding-bottom:20px;\">\n<article>\n<figure><a href=\"https:\/\/ospitalarioakfundazioaeuskadi.org\/es\/korrika-2022-recorre-distintos-centros-14889\/\"><img loading=\"lazy\" decoding=\"async\" width=\"425\" height=\"319\" src=\"https:\/\/ospitalarioakfundazioaeuskadi.org\/wp-content\/uploads\/2022\/09\/korrika-aita-menni\ufe560.jpg\" class=\"attachment-medium size-medium cropar wp-post-image\" alt=\"\" title=\"\"><\/a><\/figure>\n<p><time>19 de abril de 2022<\/time><\/p>\n<h3 class=\"morado\"><a href=\"https:\/\/ospitalarioakfundazioaeuskadi.org\/es\/korrika-2022-recorre-distintos-centros-14889\/\">La Korrika 2022 recorre los distintos centros de Aita Menni con un testigo propio<\/a><\/h3>\n<\/article>\n<\/div>\n<\/div>\n\t\n\t\n<\/div>\n<div class=\"boton-morado\" style=\"padding-top:40px;\"><p style=\"text-align: center;\"><a title=\"Todas las noticias\" href=\"https:\/\/www.aita-menni.org\/es\/comunicacion\/actualidad\/\" rel=\"nofollow noopener\" target=\"_blank\">Todas las noticias \u2192<\/a><\/p><\/div>\n\t\n\t\n<\/div>[\/vc_column_text][\/vc_column][\/vc_row][vc_row full_width=\u00bbstretch_row\u00bb][vc_column][vc_column_text]\n\n\n<div id=\"wpv-view-layout-41727-CATTRe222110b73262047ce48a7b2f4abd90f\" class=\"js-wpv-view-layout js-wpv-layout-responsive js-wpv-view-layout-41727-CATTRe222110b73262047ce48a7b2f4abd90f\" data-viewnumber=\"41727-CATTRe222110b73262047ce48a7b2f4abd90f\" data-pagination=\"{&quot;id&quot;:41727,&quot;query&quot;:&quot;normal&quot;,&quot;type&quot;:&quot;disabled&quot;,&quot;effect&quot;:&quot;fade&quot;,&quot;duration&quot;:500,&quot;speed&quot;:5,&quot;pause_on_hover&quot;:&quot;enabled&quot;,&quot;stop_rollover&quot;:&quot;false&quot;,&quot;cache_pages&quot;:&quot;enabled&quot;,&quot;preload_images&quot;:&quot;enabled&quot;,&quot;preload_pages&quot;:&quot;enabled&quot;,&quot;preload_reach&quot;:1,&quot;spinner&quot;:&quot;builtin&quot;,&quot;spinner_image&quot;:&quot;https:\/\/www.aita-menni.org\/wp-content\/plugins\/toolset-blocks\/embedded\/res\/img\/ajax-loader.gif&quot;,&quot;callback_next&quot;:&quot;&quot;,&quot;manage_history&quot;:&quot;enabled&quot;,&quot;has_controls_in_form&quot;:&quot;disabled&quot;,&quot;infinite_tolerance&quot;:&quot;0&quot;,&quot;max_pages&quot;:1,&quot;page&quot;:1,&quot;base_permalink&quot;:&quot;\/es\/wp-json\/wp\/v2\/pages\/40813?wpv_view_count=41727-CATTRe222110b73262047ce48a7b2f4abd90f&amp;wpv_paged=WPV_PAGE_NUM&quot;,&quot;loop&quot;:{&quot;type&quot;:&quot;&quot;,&quot;name&quot;:&quot;&quot;,&quot;data&quot;:[],&quot;id&quot;:0}}\" data-permalink=\"\/es\/wp-json\/wp\/v2\/pages\/40813?wpv_view_count=41727-CATTRe222110b73262047ce48a7b2f4abd90f\">\n\n\t\n\t\n\t\t<strong><\/strong>\n\t\n<\/div>\n[\/vc_column_text][\/vc_column][\/vc_row]<\/p>\n<\/div>","protected":false},"excerpt":{"rendered":"<div class=\"entry-summary\">\n  Euskera Hermanas Hospitalarias Aita Menni dispone de una Comisi\u00f3n de Euskera que, entre otras funciones, vela por el derecho de pacientes, familias y personal a utilizar la lengua vasca. La labor que realiza&hellip;\n<\/div>\n<div class=\"link-more\"><a href=\"https:\/\/ospitalarioakfundazioaeuskadi.org\/es\/quienes-somos\/responsabilidad-social\/euskera\/\" class=\"more-link\">Seguir leyendo<span class=\"screen-reader-text\"> &ldquo;Euskera&rdquo;<\/span>&hellip;<\/a><\/div>\n","protected":false},"author":1,"featured_media":46499,"parent":24506,"menu_order":22,"comment_status":"closed","ping_status":"closed","template":"templates\/sin-head-h1.php","meta":{"footnotes":""},"class_list":["post-40813","page","type-page","status-publish","has-post-thumbnail","hentry","entry"],"_links":{"self":[{"href":"https:\/\/ospitalarioakfundazioaeuskadi.org\/es\/wp-json\/wp\/v2\/pages\/40813","targetHints":{"allow":["GET"]}}],"collection":[{"href":"https:\/\/ospitalarioakfundazioaeuskadi.org\/es\/wp-json\/wp\/v2\/pages"}],"about":[{"href":"https:\/\/ospitalarioakfundazioaeuskadi.org\/es\/wp-json\/wp\/v2\/types\/page"}],"author":[{"embeddable":true,"href":"https:\/\/ospitalarioakfundazioaeuskadi.org\/es\/wp-json\/wp\/v2\/users\/1"}],"replies":[{"embeddable":true,"href":"https:\/\/ospitalarioakfundazioaeuskadi.org\/es\/wp-json\/wp\/v2\/comments?post=40813"}],"version-history":[{"count":4,"href":"https:\/\/ospitalarioakfundazioaeuskadi.org\/es\/wp-json\/wp\/v2\/pages\/40813\/revisions"}],"predecessor-version":[{"id":73831,"href":"https:\/\/ospitalarioakfundazioaeuskadi.org\/es\/wp-json\/wp\/v2\/pages\/40813\/revisions\/73831"}],"up":[{"embeddable":true,"href":"https:\/\/ospitalarioakfundazioaeuskadi.org\/es\/wp-json\/wp\/v2\/pages\/24506"}],"wp:featuredmedia":[{"embeddable":true,"href":"https:\/\/ospitalarioakfundazioaeuskadi.org\/es\/wp-json\/wp\/v2\/media\/46499"}],"wp:attachment":[{"href":"https:\/\/ospitalarioakfundazioaeuskadi.org\/es\/wp-json\/wp\/v2\/media?parent=40813"}],"curies":[{"name":"wp","href":"https:\/\/api.w.org\/{rel}","templated":true}]}}