{"id":40989,"date":"2022-04-09T09:20:23","date_gmt":"2022-04-09T09:20:23","guid":{"rendered":"http:\/\/194.35.43.170\/~aitamenninueva\/?page_id=40989"},"modified":"2022-08-11T10:26:56","modified_gmt":"2022-08-11T10:26:56","slug":"articulos","status":"publish","type":"page","link":"https:\/\/ospitalarioakfundazioaeuskadi.org\/es\/comunicacion\/articulos\/","title":{"rendered":"Art\u00edculos"},"content":{"rendered":"<div class=\"wpb-content-wrapper\"><p>[vc_row][vc_column][vc_column_text]<form autocomplete=\"off\" name=\"wpv-filter-40993\" action=\"\/es\/wp-json\/wp\/v2\/pages\/40989?wpv_view_count=40993\" method=\"get\" class=\"wpv-filter-form js-wpv-filter-form js-wpv-filter-form-40993 js-wpv-form-full js-wpv-dps-enabled js-wpv-ajax-results-enabled\" data-viewnumber=\"40993\" data-viewid=\"40993\" data-viewhash=\"eyJuYW1lIjoiYXJ0aWN1bG9zLWVuLWxpc3RhLXRvZG9zLWNvbi1saW5lYS1hc2lzdGVuY2lhbCIsImNhY2hlZCI6Im9mZiJ9\" data-viewwidgetid=\"0\" data-orderby=\"\" data-order=\"\" data-orderbyas=\"\" data-orderbysecond=\"\" data-ordersecond=\"\" data-parametric=\"{&quot;query&quot;:&quot;normal&quot;,&quot;id&quot;:40993,&quot;view_id&quot;:40993,&quot;widget_id&quot;:0,&quot;view_hash&quot;:&quot;40993&quot;,&quot;action&quot;:&quot;\\\/es\\\/wp-json\\\/wp\\\/v2\\\/pages\\\/40989?wpv_view_count=40993&quot;,&quot;sort&quot;:{&quot;orderby&quot;:&quot;&quot;,&quot;order&quot;:&quot;&quot;,&quot;orderby_as&quot;:&quot;&quot;,&quot;orderby_second&quot;:&quot;&quot;,&quot;order_second&quot;:&quot;&quot;},&quot;orderby&quot;:&quot;&quot;,&quot;order&quot;:&quot;&quot;,&quot;orderby_as&quot;:&quot;&quot;,&quot;orderby_second&quot;:&quot;&quot;,&quot;order_second&quot;:&quot;&quot;,&quot;ajax_form&quot;:&quot;&quot;,&quot;ajax_results&quot;:&quot;&quot;,&quot;effect&quot;:&quot;fade&quot;,&quot;prebefore&quot;:&quot;&quot;,&quot;before&quot;:&quot;&quot;,&quot;after&quot;:&quot;&quot;,&quot;attributes&quot;:{&quot;cached&quot;:&quot;off&quot;},&quot;environment&quot;:{&quot;current_post_id&quot;:40989,&quot;parent_post_id&quot;:40989,&quot;parent_term_id&quot;:0,&quot;parent_user_id&quot;:0,&quot;archive&quot;:{&quot;type&quot;:&quot;&quot;,&quot;name&quot;:&quot;&quot;,&quot;data&quot;:[]}},&quot;loop&quot;:{&quot;type&quot;:&quot;&quot;,&quot;name&quot;:&quot;&quot;,&quot;data&quot;:[],&quot;id&quot;:0}}\" data-attributes=\"{&quot;cached&quot;:&quot;off&quot;}\" data-environment=\"{&quot;current_post_id&quot;:40989,&quot;parent_post_id&quot;:40989,&quot;parent_term_id&quot;:0,&quot;parent_user_id&quot;:0,&quot;archive&quot;:{&quot;type&quot;:&quot;&quot;,&quot;name&quot;:&quot;&quot;,&quot;data&quot;:[]}}\"><input type=\"hidden\" class=\"js-wpv-dps-filter-data js-wpv-filter-data-for-this-form\" data-action=\"\/es\/wp-json\/wp\/v2\/pages\/40989?wpv_view_count=40993\" data-page=\"1\" data-ajax=\"enable\" data-effect=\"fade\" data-maxpages=\"9\" data-ajaxprebefore=\"\" data-ajaxbefore=\"\" data-ajaxafter=\"\" \/><input class=\"wpv_view_count wpv_view_count-40993\" type=\"hidden\" name=\"wpv_view_count\" value=\"40993\" \/>\n\n<div id=\"filtro-art\" class=\"row\">\n<div class=\"form-group col-lg-6 fondo-search\">\n\t<label for=\"wpv-post-search\">Buscar todas las palabras:<\/label>\n\t<input type=\"text\" name=\"wpv_post_search\"  class=\"js-wpv-filter-trigger-delayed form-control\" \/> <div style=\"margin-top:10px;\"><button type=\"submit\" class=\"boton-morado wpv-submit-trigger js-wpv-submit-trigger btn\">Buscar<\/button><\/div>\n<\/div>\n<div class=\"form-group col-lg-6\">\n  <span style=\"display:none\" class=\"js-wpv-dps-spinner\"><img decoding=\"async\" src=\"https:\/\/www.aita-menni.org\/wp-content\/plugins\/toolset-blocks\/embedded\/res\/img\/ajax-loader2.svg\" alt=\"\" title=\"\"><\/span>\n\t<label for=\"wpv-linea-asistencial\">En las l\u00edneas asistenciales:<\/label>\n\t<div class=\"form-check\"><input type=\"checkbox\" id=\"linea-asistencial-1-salud-mental\" class=\"js-wpv-filter-trigger form-check-input\" name=\"wpv-linea-asistencial[]\" value=\"1-salud-mental\" \/><label for=\"linea-asistencial-1-salud-mental\" class=\"form-check-label\">Salud mental<\/label><\/div><div class=\"form-check\"><input type=\"checkbox\" id=\"linea-asistencial-2-discapacidad-intelectual\" class=\"js-wpv-filter-trigger form-check-input\" name=\"wpv-linea-asistencial[]\" value=\"2-discapacidad-intelectual\" \/><label for=\"linea-asistencial-2-discapacidad-intelectual\" class=\"form-check-label\">Discapacidad intelectual<\/label><\/div><div class=\"form-check\"><input type=\"checkbox\" id=\"linea-asistencial-3-dano-cerebral\" class=\"js-wpv-filter-trigger form-check-input\" name=\"wpv-linea-asistencial[]\" value=\"3-dano-cerebral\" \/><label for=\"linea-asistencial-3-dano-cerebral\" class=\"form-check-label\">Neurorrehabilitaci\u00f3n y da\u00f1o cerebral<\/label><\/div><div class=\"form-check\"><input type=\"checkbox\" id=\"linea-asistencial-4-persona-mayor\" class=\"js-wpv-filter-trigger form-check-input\" name=\"wpv-linea-asistencial[]\" value=\"4-persona-mayor\" \/><label for=\"linea-asistencial-4-persona-mayor\" class=\"form-check-label\">Persona mayor<\/label><\/div><div class=\"form-check\"><input type=\"checkbox\" id=\"linea-asistencial-5-atencion-sociosanitaria\" class=\"js-wpv-filter-trigger form-check-input\" name=\"wpv-linea-asistencial[]\" value=\"5-atencion-sociosanitaria\" \/><label for=\"linea-asistencial-5-atencion-sociosanitaria\" class=\"form-check-label\">Atenci\u00f3n sociosanitaria<\/label><\/div><div class=\"form-check\"><input type=\"checkbox\" id=\"linea-asistencial-6-ayudas-tecnicas-dependencia\" class=\"js-wpv-filter-trigger form-check-input\" name=\"wpv-linea-asistencial[]\" value=\"6-ayudas-tecnicas-dependencia\" \/><label for=\"linea-asistencial-6-ayudas-tecnicas-dependencia\" class=\"form-check-label\">Ayudas t\u00e9cnicas a la dependencia<\/label><\/div>\n<\/div>\n<\/div>\n\n<\/form>\n<div id=\"wpv-view-layout-40993\" class=\"js-wpv-view-layout js-wpv-layout-responsive js-wpv-view-layout-40993 wpv-pagination js-wpv-layout-has-pagination js-wpv-layout-infinite-scrolling wpv-pagination-preload-images js-wpv-layout-preload-images wpv-pagination-preload-pages js-wpv-layout-preload-pages\" style=\"visibility:hidden;\" data-viewnumber=\"40993\" data-pagination=\"{&quot;id&quot;:40993,&quot;query&quot;:&quot;normal&quot;,&quot;type&quot;:&quot;ajaxed&quot;,&quot;effect&quot;:&quot;infinite&quot;,&quot;duration&quot;:500,&quot;speed&quot;:5,&quot;pause_on_hover&quot;:&quot;enabled&quot;,&quot;stop_rollover&quot;:&quot;false&quot;,&quot;cache_pages&quot;:&quot;enabled&quot;,&quot;preload_images&quot;:&quot;enabled&quot;,&quot;preload_pages&quot;:&quot;enabled&quot;,&quot;preload_reach&quot;:1,&quot;spinner&quot;:&quot;builtin&quot;,&quot;spinner_image&quot;:&quot;https:\/\/www.aita-menni.org\/wp-content\/plugins\/toolset-blocks\/embedded\/res\/img\/ajax-loader2.svg&quot;,&quot;callback_next&quot;:&quot;&quot;,&quot;manage_history&quot;:&quot;enabled&quot;,&quot;has_controls_in_form&quot;:&quot;disabled&quot;,&quot;infinite_tolerance&quot;:100,&quot;max_pages&quot;:9,&quot;page&quot;:1,&quot;base_permalink&quot;:&quot;\/es\/wp-json\/wp\/v2\/pages\/40989?wpv_view_count=40993&amp;wpv_paged=WPV_PAGE_NUM&quot;,&quot;loop&quot;:{&quot;type&quot;:&quot;&quot;,&quot;name&quot;:&quot;&quot;,&quot;data&quot;:[],&quot;id&quot;:0}}\" data-permalink=\"\/es\/wp-json\/wp\/v2\/pages\/40989?wpv_view_count=40993\">\n\n\n\t\n\t<!-- WPV_Infinite_Scroll --><!-- WPV_Infinite_Scroll_Insert -->\n\t\t<div class=\"ray-1\">\n  <article>\n  <div class=\"eti\">\n    <span class=\"etiq-a\">Discapacidad intelectual<\/span>\n  <\/div>\n  <h1 class=\"-h3 f2 morado\" style=\"border-bottom:0;\"><a href=\"https:\/\/ospitalarioakfundazioaeuskadi.org\/es\/articulo\/personas-con-autismo\/\">Acompa\u00f1amiento a familiares de personas con autismo: construir comprensi\u00f3n y apoyo<\/a><\/h1> \n    <time><span style=\"margin-top:0px;margin-bottom:10px;\">10 de marzo de 2026<\/span><\/time>\n    <div style=\"margin-top:10px;\">\n\n\n\n\t\n<div class=\"aut\">\n\t \n\t\n\t\t<div class=\"author\" style=\"margin:0;padding-bottom:0;\"><address class=\"vcard autor-2a\"><strong>Mar\u00eda De La Natividad<\/strong><\/address>\n<span class=\"gris999\" style=\"padding-bottom:0px;\"><p>Psic\u00f3loga de la l\u00ednea de Personas Con Discapacidad<\/p>\n<\/span><\/div>\n\t\n\t\n<\/div>\n\t\n\t\n<\/div>\n  <\/article>\n  <\/div> \n\t\n\t\t<div class=\"ray-1\">\n  <article>\n  <div class=\"eti\">\n    <span class=\"etiq-a\"><\/span>\n  <\/div>\n  <h1 class=\"-h3 f2 morado\" style=\"border-bottom:0;\"><a href=\"https:\/\/ospitalarioakfundazioaeuskadi.org\/es\/articulo\/voluntariado-euskadi-mertxe-arrasate\/\">Voluntariado en Euskadi: Mertxe, 91 a\u00f1os y 23 acompa\u00f1ando en Arrasate<\/a><\/h1> \n    <time><span style=\"margin-top:0px;margin-bottom:10px;\">2 de marzo de 2026<\/span><\/time>\n    <div style=\"margin-top:10px;\">\n\n\n\n\t\n\t\n\t\t<strong><\/strong>\n\t\n<\/div>\n  <\/article>\n  <\/div> \n\t\n\t\t<div class=\"ray-1\">\n  <article>\n  <div class=\"eti\">\n    <span class=\"etiq-a\">Atenci\u00f3n sociosanitaria<\/span> <span class='etiq-a'>Salud mental<\/span>\n  <\/div>\n  <h1 class=\"-h3 f2 morado\" style=\"border-bottom:0;\"><a href=\"https:\/\/ospitalarioakfundazioaeuskadi.org\/es\/articulo\/unidad-de-psiquiatria-legal-en-euskadi\/\">Unidad de Psiquiatr\u00eda Legal en Euskadi: cuando la respuesta debe ser sanitaria<\/a><\/h1> \n    <time><span style=\"margin-top:0px;margin-bottom:10px;\">26 de febrero de 2026<\/span><\/time>\n    <div style=\"margin-top:10px;\">\n\n\n\n\t\n\t\n\t\t<strong><\/strong>\n\t\n<\/div>\n  <\/article>\n  <\/div> \n\t\n\t\t<div class=\"ray-1\">\n  <article>\n  <div class=\"eti\">\n    <span class=\"etiq-a\">Neurorrehabilitaci\u00f3n y da\u00f1o cerebral<\/span>\n  <\/div>\n  <h1 class=\"-h3 f2 morado\" style=\"border-bottom:0;\"><a href=\"https:\/\/ospitalarioakfundazioaeuskadi.org\/es\/articulo\/ia4ictus-inteligencia-artificial-neurorrehabilitacion\/\">IA4ICTUS: Nuevo paradigma de neurorrehabilitaci\u00f3n de precisi\u00f3n apoyado por Inteligencia Artificial<\/a><\/h1> \n    <time><span style=\"margin-top:0px;margin-bottom:10px;\">12 de febrero de 2026<\/span><\/time>\n    <div style=\"margin-top:10px;\">\n\n\n\n\t\n<div class=\"aut\">\n\t \n\t\n\t\t<div class=\"author\" style=\"margin:0;padding-bottom:0;\"><address class=\"vcard autor-2a\"><strong>Dr. Juan Ignacio Mar\u00edn Ojea<\/strong><\/address>\n<span class=\"gris999\" style=\"padding-bottom:0px;\"><p>Especialista en Medicina F\u00edsica y Rehabilitaci\u00f3n. <a href=\"https:\/\/www.aita-menni.org\/es\/que-hacemos\/dano-cerebral\/\" rel=\"nofollow noopener\" target=\"_blank\">Servicio de Neurorrehabilitaci\u00f3n y Da\u00f1o Cerebral<\/a>. <a href=\"\/es\/\">Ospitalarioak Fundazioa Euskadi<\/a>.<\/p>\n<\/span><\/div>\n\t\n\t\n<\/div>\n\t\n\t\n<\/div>\n  <\/article>\n  <\/div> \n\t\n\t\t<div class=\"ray-1\">\n  <article>\n  <div class=\"eti\">\n    <span class=\"etiq-a\">Neurorrehabilitaci\u00f3n y da\u00f1o cerebral<\/span>\n  <\/div>\n  <h1 class=\"-h3 f2 morado\" style=\"border-bottom:0;\"><a href=\"https:\/\/ospitalarioakfundazioaeuskadi.org\/es\/articulo\/ictus-euskadi-neurorrehabilitacion\/\">Ictus en Euskadi: neurorrehabilitaci\u00f3n, innovaci\u00f3n y mejora de la calidad de vida<\/a><\/h1> \n    <time><span style=\"margin-top:0px;margin-bottom:10px;\">7 de febrero de 2026<\/span><\/time>\n    <div style=\"margin-top:10px;\">\n\n\n\n\t\n\t\n\t\t<strong><\/strong>\n\t\n<\/div>\n  <\/article>\n  <\/div> \n\t\n\t\t<div class=\"ray-1\">\n  <article>\n  <div class=\"eti\">\n    <span class=\"etiq-a\"><\/span>\n  <\/div>\n  <h1 class=\"-h3 f2 morado\" style=\"border-bottom:0;\"><a href=\"https:\/\/ospitalarioakfundazioaeuskadi.org\/es\/articulo\/salud-digital-basada-en-valor\/\">Salud digital basada en valor: 5 claves para generar valor real en salud<\/a><\/h1> \n    <time><span style=\"margin-top:0px;margin-bottom:10px;\">24 de enero de 2026<\/span><\/time>\n    <div style=\"margin-top:10px;\">\n\n\n\n\t\n\t\n\t\t<strong><\/strong>\n\t\n<\/div>\n  <\/article>\n  <\/div> \n\t\n\t\t<div class=\"ray-1\">\n  <article>\n  <div class=\"eti\">\n    <span class=\"etiq-a\">Salud mental<\/span>\n  <\/div>\n  <h1 class=\"-h3 f2 morado\" style=\"border-bottom:0;\"><a href=\"https:\/\/ospitalarioakfundazioaeuskadi.org\/es\/articulo\/debriefing-psicologico-una-herramienta-clave-para-prevenir-el-estres-postraumatico-en-emergencias\/\">Debriefing psicol\u00f3gico: una herramienta clave para prevenir el estr\u00e9s postraum\u00e1tico en emergencias<\/a><\/h1> \n    <time><span style=\"margin-top:0px;margin-bottom:10px;\">16 de enero de 2026<\/span><\/time>\n    <div style=\"margin-top:10px;\">\n\n\n\n\t\n\t\n\t\t<strong><\/strong>\n\t\n<\/div>\n  <\/article>\n  <\/div> \n\t\n\t\t<div class=\"ray-1\">\n  <article>\n  <div class=\"eti\">\n    <span class=\"etiq-a\">Discapacidad intelectual<\/span>\n  <\/div>\n  <h1 class=\"-h3 f2 morado\" style=\"border-bottom:0;\"><a href=\"https:\/\/ospitalarioakfundazioaeuskadi.org\/es\/articulo\/romper-el-silencio-sobre-la-sexualidad-en-la-discapacidad-intelectual-una-cuestion-de-derechos-y-salud\/\">Romper el silencio sobre la sexualidad en la discapacidad intelectual, una cuesti\u00f3n de derechos y salud<\/a><\/h1> \n    <time><span style=\"margin-top:0px;margin-bottom:10px;\">14 de enero de 2026<\/span><\/time>\n    <div style=\"margin-top:10px;\">\n\n\n\n\t\n<div class=\"aut\">\n\t \n\t\n\t\t<div class=\"author\" style=\"margin:0;padding-bottom:0;\"><address class=\"vcard autor-2a\"><strong>Ione I\u00f1arra Zarrabe<\/strong><\/address>\n<span class=\"gris999\" style=\"padding-bottom:0px;\"><p>Monitora. Unidad de Discapacidad Intelectual y Trastornos de Conducta. Ospitalarioak Fundazioa Euskadi<\/p>\n<\/span><\/div>\n\t\n\t\n<\/div>\n\t\n\t\n<\/div>\n  <\/article>\n  <\/div> \n\t\n\t\t<div class=\"ray-1\">\n  <article>\n  <div class=\"eti\">\n    <span class=\"etiq-a\">Discapacidad intelectual<\/span> <span class='etiq-a'>Salud mental<\/span>\n  <\/div>\n  <h1 class=\"-h3 f2 morado\" style=\"border-bottom:0;\"><a href=\"https:\/\/ospitalarioakfundazioaeuskadi.org\/es\/articulo\/intervencion-comunitaria-discapacidad-intelectual-enfermedad-mental-trastorno-conducta-leve\/\">Retos y estrategias en la intervenci\u00f3n comunitaria con personas con discapacidad intelectual y\/o enfermedad mental con trastornos de conducta leves: evidencia cient\u00edfica y experiencia pr\u00e1ctica<\/a><\/h1> \n    <time><span style=\"margin-top:0px;margin-bottom:10px;\">27 de noviembre de 2025<\/span><\/time>\n    <div style=\"margin-top:10px;\">\n\n\n\n\t\n<div class=\"aut\">\n\t \n\t\n\t\t<div class=\"author\" style=\"margin:0;padding-bottom:0;\"><address class=\"vcard autor-2a\"><strong>Minerva de Cos Moreno<\/strong><\/address>\n<span class=\"gris999\" style=\"padding-bottom:0px;\"><p>Trabajadora social de la <a href=\"https:\/\/www.aita-menni.org\/unidad\/unidad-de-discapacidad-intelectual-y-trastornos-del-espectro-autista-con-alteracion-de-conducta\/\" rel=\"nofollow noopener\" target=\"_blank\">Unidad de Discapacidad Intelectual y Trastornos del Espectro Autista con alteraciones de conducta<\/a>.  <a href=\"\/es\/\">Ospitalarioak Fundazioa Euskadi<\/a>.<\/p>\n<\/span><\/div>\n\t\n\t\n<\/div>\n\t\n\t\n<\/div>\n  <\/article>\n  <\/div> \n\t\n\t\t<div class=\"ray-1\">\n  <article>\n  <div class=\"eti\">\n    <span class=\"etiq-a\">Neurorrehabilitaci\u00f3n y da\u00f1o cerebral<\/span>\n  <\/div>\n  <h1 class=\"-h3 f2 morado\" style=\"border-bottom:0;\"><a href=\"https:\/\/ospitalarioakfundazioaeuskadi.org\/es\/articulo\/dano-cerebral-inteligencia-artificial-juan-marin\/\">Inteligencia artificial en la valoraci\u00f3n y el diagn\u00f3stico en da\u00f1o cerebral: de los modelos predictivos a la pr\u00e1ctica cl\u00ednica diaria<\/a><\/h1> \n    <time><span style=\"margin-top:0px;margin-bottom:10px;\">20 de noviembre de 2025<\/span><\/time>\n    <div style=\"margin-top:10px;\">\n\n\n\n\t\n<div class=\"aut\">\n\t \n\t\n\t\t<div class=\"author\" style=\"margin:0;padding-bottom:0;\"><address class=\"vcard autor-2a\"><strong>Dr. Juan Ignacio Mar\u00edn Ojea<\/strong><\/address>\n<span class=\"gris999\" style=\"padding-bottom:0px;\"><p>Especialista en Medicina F\u00edsica y Rehabilitaci\u00f3n. <a href=\"https:\/\/www.aita-menni.org\/es\/que-hacemos\/dano-cerebral\/\" rel=\"nofollow noopener\" target=\"_blank\">Servicio de Neurorrehabilitaci\u00f3n y Da\u00f1o Cerebral<\/a>. <a href=\"\/es\/\">Ospitalarioak Fundazioa Euskadi<\/a>.<\/p>\n<\/span><\/div>\n\t\n\t\n<\/div>\n\t\n\t\n<\/div>\n  <\/article>\n  <\/div> \n\t\n\t\t<div class=\"ray-1\">\n  <article>\n  <div class=\"eti\">\n    <span class=\"etiq-a\">Discapacidad intelectual<\/span> <span class='etiq-a'>Salud mental<\/span>\n  <\/div>\n  <h1 class=\"-h3 f2 morado\" style=\"border-bottom:0;\"><a href=\"https:\/\/ospitalarioakfundazioaeuskadi.org\/es\/articulo\/equinoterapia-beneficios-enfermedad-mental-discapacidad-intelectual\/\">Equinoterapia en enfermedad mental y discapacidad intelectual: beneficios de la terapia asistida con caballos<\/a><\/h1> \n    <time><span style=\"margin-top:0px;margin-bottom:10px;\">17 de noviembre de 2025<\/span><\/time>\n    <div style=\"margin-top:10px;\">\n\n\n\n\t\n<div class=\"aut\">\n\t \n\t\n\t\t<div class=\"author\" style=\"margin:0;padding-bottom:0;\"><address class=\"vcard autor-2a\"><strong>Amaia Segovia Aranzabal<\/strong><\/address>\n<span class=\"gris999\" style=\"padding-bottom:0px;\"><p>Coordinadora del Servicio de Rehabilitaci\u00f3n y Dinamizaci\u00f3n Social. <a href=\"\/es\/\">Ospitalarioak Fundazioa Euskadi<\/a>.<\/p>\n<\/span><\/div>\n\t\n\t\n<\/div>\n\t\n\t\n<\/div>\n  <\/article>\n  <\/div> \n\t\n\t\t<div class=\"ray-1\">\n  <article>\n  <div class=\"eti\">\n    <span class=\"etiq-a\">Discapacidad intelectual<\/span>\n  <\/div>\n  <h1 class=\"-h3 f2 morado\" style=\"border-bottom:0;\"><a href=\"https:\/\/ospitalarioakfundazioaeuskadi.org\/es\/articulo\/el-envejecimiento-acelerado-en-el-trastorno-del-espectro-autista-una-realidad-poco-explorada\/\">El envejecimiento  acelerado en el trastorno del espectro autista, una realidad poco explorada<\/a><\/h1> \n    <time><span style=\"margin-top:0px;margin-bottom:10px;\">30 de octubre de 2025<\/span><\/time>\n    <div style=\"margin-top:10px;\">\n\n\n\n\t\n<div class=\"aut\">\n\t \n\t\n\t\t<div class=\"author\" style=\"margin:0;padding-bottom:0;\"><address class=\"vcard autor-2a\"><strong>Mar\u00eda de la Natividad L\u00e1zaro<\/strong><\/address>\n<span class=\"gris999\" style=\"padding-bottom:0px;\"><p>Psic\u00f3loga. <a href=\"https:\/\/ospitalarioakfundazioaeuskadi.org\/es\/que-hacemos\/discapacidad-intelectual\/\">Unidad de Discapacidad Intelectual y Trastornos del Espectro Autista con alteraci\u00f3n de conducta<\/a>. <a title=\"Ospitalarioak Fundazioa Euskadi\" href=\"\/es\/\">Ospitalarioak Fundazioa Euskadi.<\/a><\/p>\n<\/span><\/div>\n\t\n\t\n<\/div>\n\t\n\t\n<\/div>\n  <\/article>\n  <\/div> \n\t\n\t\t<div class=\"ray-1\">\n  <article>\n  <div class=\"eti\">\n    <span class=\"etiq-a\">Discapacidad intelectual<\/span>\n  <\/div>\n  <h1 class=\"-h3 f2 morado\" style=\"border-bottom:0;\"><a href=\"https:\/\/ospitalarioakfundazioaeuskadi.org\/es\/articulo\/horticultura-terapeutica-discapacidad-intelectual\/\">Beneficios de la horticultura terap\u00e9utica en personas con discapacidad intelectual<\/a><\/h1> \n    <time><span style=\"margin-top:0px;margin-bottom:10px;\">22 de octubre de 2025<\/span><\/time>\n    <div style=\"margin-top:10px;\">\n\n\n\n\t\n<div class=\"aut\">\n\t \n\t\n\t\t<div class=\"author\" style=\"margin:0;padding-bottom:0;\"><address class=\"vcard autor-2a\"><strong>Izar Larra\u00f1aga Escarza<\/strong><\/address>\n<span class=\"gris999\" style=\"padding-bottom:0px;\"><p>Monitora. <a href=\"https:\/\/ospitalarioakfundazioaeuskadi.org\/es\/que-hacemos\/discapacidad-intelectual\/\">Unidad de Discapacidad Intelectual y Trastornos del Espectro Autista<\/a>. <a href=\"\/es\/\">Ospitalarioak Fundazioa Euskadi<\/a>.<\/p>\n<\/span><\/div>\n\t\n\t\n<\/div>\n\t\n\t\n<\/div>\n  <\/article>\n  <\/div> \n\t\n\t\t<div class=\"ray-1\">\n  <article>\n  <div class=\"eti\">\n    <span class=\"etiq-a\">Discapacidad intelectual<\/span>\n  <\/div>\n  <h1 class=\"-h3 f2 morado\" style=\"border-bottom:0;\"><a href=\"https:\/\/ospitalarioakfundazioaeuskadi.org\/es\/articulo\/duelo-discapacidad-intelectual\/\">Afrontamiento del duelo en personas con discapacidad intelectual: una revisi\u00f3n y an\u00e1lisis<\/a><\/h1> \n    <time><span style=\"margin-top:0px;margin-bottom:10px;\">30 de septiembre de 2025<\/span><\/time>\n    <div style=\"margin-top:10px;\">\n\n\n\n\t\n<div class=\"aut\">\n\t \n\t\n\t\t<div class=\"author\" style=\"margin:0;padding-bottom:0;\"><address class=\"vcard autor-2a\"><strong>Leire Zamora Birichinaga<\/strong><\/address>\n<span class=\"gris999\" style=\"padding-bottom:0px;\"><p>Psic\u00f3loga general sanitaria. M\u00e1ster en Psicolog\u00eda Cl\u00ednica. <a href=\"\/es\/\">Ospitalarioak Fundazioa Euskadi<\/a>.<\/p>\n<\/span><\/div>\n\t\n\t\n<\/div>\n\t\n\t\n<\/div>\n  <\/article>\n  <\/div> \n\t\n\t\t<div class=\"ray-1\">\n  <article>\n  <div class=\"eti\">\n    <span class=\"etiq-a\">Neurorrehabilitaci\u00f3n y da\u00f1o cerebral<\/span>\n  <\/div>\n  <h1 class=\"-h3 f2 morado\" style=\"border-bottom:0;\"><a href=\"https:\/\/ospitalarioakfundazioaeuskadi.org\/es\/articulo\/rehabilitacion-dano-cerebral-expectativas-pronostico\/\">Pron\u00f3stico y expectativas en la rehabilitaci\u00f3n del da\u00f1o cerebral: hacia un modelo de acompa\u00f1amiento honesto<\/a><\/h1> \n    <time><span style=\"margin-top:0px;margin-bottom:10px;\">20 de junio de 2025<\/span><\/time>\n    <div style=\"margin-top:10px;\">\n\n\n\n\t\n<div class=\"aut\">\n\t \n\t\n\t\t<div class=\"author\" style=\"margin:0;padding-bottom:0;\"><address class=\"vcard autor-2a\"><strong>Dr. Juan Ignacio Mar\u00edn Ojea<\/strong><\/address>\n<span class=\"gris999\" style=\"padding-bottom:0px;\"><p>Especialista en Medicina F\u00edsica y Rehabilitaci\u00f3n. <a href=\"https:\/\/www.aita-menni.org\/es\/que-hacemos\/dano-cerebral\/\" rel=\"nofollow noopener\" target=\"_blank\">Servicio de Neurorrehabilitaci\u00f3n y Da\u00f1o Cerebral<\/a>. <a href=\"\/es\/\">Ospitalarioak Fundazioa Euskadi<\/a>.<\/p>\n<\/span><\/div>\n\t\n\t\n<\/div>\n\t\n\t\n<\/div>\n  <\/article>\n  <\/div> \n\t<!-- WPV_Infinite_Scroll -->\n\t\n\t\n\t\n<\/div>\n[\/vc_column_text][\/vc_column][\/vc_row]<\/p>\n<\/div>","protected":false},"excerpt":{"rendered":"<div class=\"link-more\"><a href=\"https:\/\/ospitalarioakfundazioaeuskadi.org\/es\/comunicacion\/articulos\/\" class=\"more-link\">Seguir leyendo<span class=\"screen-reader-text\"> &ldquo;Art\u00edculos&rdquo;<\/span>&hellip;<\/a><\/div>\n","protected":false},"author":1,"featured_media":0,"parent":24475,"menu_order":103,"comment_status":"closed","ping_status":"closed","template":"templates\/sin-head-h1.php","meta":{"footnotes":""},"class_list":["post-40989","page","type-page","status-publish","hentry","entry"],"_links":{"self":[{"href":"https:\/\/ospitalarioakfundazioaeuskadi.org\/es\/wp-json\/wp\/v2\/pages\/40989","targetHints":{"allow":["GET"]}}],"collection":[{"href":"https:\/\/ospitalarioakfundazioaeuskadi.org\/es\/wp-json\/wp\/v2\/pages"}],"about":[{"href":"https:\/\/ospitalarioakfundazioaeuskadi.org\/es\/wp-json\/wp\/v2\/types\/page"}],"author":[{"embeddable":true,"href":"https:\/\/ospitalarioakfundazioaeuskadi.org\/es\/wp-json\/wp\/v2\/users\/1"}],"replies":[{"embeddable":true,"href":"https:\/\/ospitalarioakfundazioaeuskadi.org\/es\/wp-json\/wp\/v2\/comments?post=40989"}],"version-history":[{"count":3,"href":"https:\/\/ospitalarioakfundazioaeuskadi.org\/es\/wp-json\/wp\/v2\/pages\/40989\/revisions"}],"predecessor-version":[{"id":41221,"href":"https:\/\/ospitalarioakfundazioaeuskadi.org\/es\/wp-json\/wp\/v2\/pages\/40989\/revisions\/41221"}],"up":[{"embeddable":true,"href":"https:\/\/ospitalarioakfundazioaeuskadi.org\/es\/wp-json\/wp\/v2\/pages\/24475"}],"wp:attachment":[{"href":"https:\/\/ospitalarioakfundazioaeuskadi.org\/es\/wp-json\/wp\/v2\/media?parent=40989"}],"curies":[{"name":"wp","href":"https:\/\/api.w.org\/{rel}","templated":true}]}}