{"id":41528,"date":"2022-04-14T15:24:43","date_gmt":"2022-04-14T15:24:43","guid":{"rendered":"http:\/\/194.35.43.170\/~aitamenninueva\/?page_id=41528"},"modified":"2022-11-30T08:19:03","modified_gmt":"2022-11-30T08:19:03","slug":"nuestro-modelo-asistencial","status":"publish","type":"page","link":"https:\/\/ospitalarioakfundazioaeuskadi.org\/es\/que-hacemos\/persona-mayor\/nuestro-modelo-asistencial\/","title":{"rendered":"Nuestro modelo asistencial"},"content":{"rendered":"<div class=\"wpb-content-wrapper\"><p>[vc_row][vc_column width=\u00bb1\/2&#8243; el_class=\u00bbvc_col-sm-push-6&#8243;][vc_column_text]<\/p>\n<figure><img loading=\"lazy\" decoding=\"async\" width=\"425\" height=\"283\" src=\"https:\/\/ospitalarioakfundazioaeuskadi.org\/wp-content\/uploads\/2022\/04\/aita-menni-personas-mayores-744x495.jpg\" class=\"attachment-medium size-medium wp-post-image\" alt=\"Residente y auxiliar en una de las Residencias de personas mayores de Aita Menni\" srcset=\"https:\/\/ospitalarioakfundazioaeuskadi.org\/wp-content\/uploads\/2022\/04\/aita-menni-personas-mayores-744x495.jpg 744w, https:\/\/ospitalarioakfundazioaeuskadi.org\/wp-content\/uploads\/2022\/04\/aita-menni-personas-mayores-768x511.jpg 768w, https:\/\/ospitalarioakfundazioaeuskadi.org\/wp-content\/uploads\/2022\/04\/aita-menni-personas-mayores.jpg 790w\" sizes=\"auto, (max-width: 425px) 100vw, 425px\" title=\"\"><\/figure>\n<p>[\/vc_column_text][\/vc_column][vc_column width=\u00bb1\/2&#8243; el_class=\u00bbvc_col-sm-pull-6&#8243;][vc_column_text el_class=\u00bbalter-1&#8243;]<\/p>\n<h1>Nuestro modelo asistencial<\/h1>\n<p>La asistencia y el cuidado que proporcionamos en nuestras <strong>residencias<\/strong> y <strong>centros de d\u00eda<\/strong> de personas mayores se basan en dos principios:<\/p>\n<ul>\n<li><strong>Envejecimiento activo<\/strong><\/li>\n<li><strong>Atenci\u00f3n centrada en la persona<\/strong><\/li>\n<\/ul>\n<p>[\/vc_column_text][\/vc_column][\/vc_row][vc_row gap=\u00bb35&#8243;][vc_column width=\u00bb1\/2&#8243;][vc_column_text el_class=\u00bbray-m-b-3&#8243;]<\/p>\n<h2>Envejecimiento activo<\/h2>\n<p>[\/vc_column_text][vc_column_text]<\/p>\n<p>La <strong>Organizaci\u00f3n Mundial de la Salud (OMS)<\/strong> define en 1947 la <strong>salud<\/strong> no solamente como la ausencia de enfermedad, sino tambi\u00e9n como un<strong> estado de bienestar f\u00edsico, emocional y social<\/strong>.<\/p>\n<p>En relaci\u00f3n al <strong>envejecimiento<\/strong>, y aplicable igualmente al proceso de envejecer asociado a d\u00e9ficits y discapacidad, la OMS habla m\u00e1s recientemente del <strong>envejecimiento activo como aquel proceso en el que se priman los siguientes aspectos<\/strong>:<\/p>\n<ul>\n<li><strong>Salud<\/strong><\/li>\n<li><strong>Seguridad<\/strong><\/li>\n<li><strong>Participaci\u00f3n<\/strong><\/li>\n<li><strong>Aprendizaje<\/strong><\/li>\n<\/ul>\n<p>Debemos procurar en nuestros Centros Residenciales atender estos cuatro aspectos, amold\u00e1ndolos al nivel de discapacidad de cada residente, pero siempre orientados a promover la salud, desde un entorno seguro, en el que se pueda participar de manera activa con distintos grados de implicaci\u00f3n, y en el que se faciliten nuevas oportunidades y experiencias facilitadoras de desarrollo personal.<\/p>\n<p>[\/vc_column_text][\/vc_column][vc_column width=\u00bb1\/2&#8243;][vc_column_text el_class=\u00bbray-m-b-3&#8243;]<\/p>\n<h2>Atenci\u00f3n centrada en la persona<\/h2>\n<p>[\/vc_column_text][vc_column_text]Ya desde el a\u00f1o 2000 se est\u00e1 enfatizando la importancia de un modelo de cuidado\/atenci\u00f3n centrado en la persona como forma de mejorar la calidad de vida de las personas mayores (Beavis, D. y cols, 2002).<\/p>\n<p>Este modelo de atenci\u00f3n (cuidado) centrado en la persona tambi\u00e9n se ha dado en personas con demencia (Van Zdelhoff, E. y cols, 2011).<\/p>\n<p><strong>La atenci\u00f3n centrada en la persona se basa en la autonom\u00eda y la participaci\u00f3n.<\/strong><\/p>\n<p><strong>La persona es el centro del proceso de intervenci\u00f3n<\/strong>, por encima del saber profesional y de las necesidades organizativas, y su <strong>dignidad<\/strong> y sus <strong>derechos<\/strong> deben ser reconocidos y asegurados en todo momento.<\/p>\n<p>Para conseguir esto en un entorno residencial es necesario flexibilidad, adaptaci\u00f3n y di\u00e1logo continuo para realizar ajustes permanentes.<\/p>\n<p>Se trata, en definitiva de desarrollar la metodolog\u00eda necesaria para <strong>lograr que sea la propia persona adulta con discapacidad quien planifique y tome decisiones sobre su propia vida<\/strong> y sobre los objetivos que tenga en la medida de sus posibilidades.<\/p>\n<p>En resumen, el planteamiento global desde el que se fundamenta la asistencia es el de <strong>potenciar el envejecimiento activo mediante el impulso de la participaci\u00f3n desde una visi\u00f3n centrada en la persona<\/strong>. Esto demanda sistemas organizativos m\u00e1s flexibles (Mart\u00ednez, T., 2011).[\/vc_column_text][\/vc_column][\/vc_row][vc_row][vc_column][vc_column_text el_class=\u00bbray-m-b-3&#8243;]<\/p>\n<h2>Metodolog\u00eda de trabajo<\/h2>\n<p>[\/vc_column_text][vc_row_inner gap=\u00bb35&#8243;][vc_column_inner width=\u00bb1\/2&#8243;][vc_column_text]<\/p>\n<h3>Equipos multidisciplinares<\/h3>\n<p>Nuestros <strong>equipos<\/strong> est\u00e1n compuestos por diferentes profesionales que trabajan de manera conjunta para atender las necesidades f\u00edsicas, psicol\u00f3gicas, emocionales, funcionales y espirituales:<\/p>\n<ul>\n<li>Personal m\u00e9dico<\/li>\n<li>Personal de enfermer\u00eda<\/li>\n<li>Psic\u00f3logas y psic\u00f3logos<\/li>\n<li>Trabajadoras y trabajadores sociales<\/li>\n<li>Personal auxiliar (cuidadoras)<\/li>\n<li>Fisioterapeutas<\/li>\n<li>Terapeutas ocupacionales<\/li>\n<li>Monitoras y monitores de tiempo libre<\/li>\n<\/ul>\n<p>[\/vc_column_text][\/vc_column_inner][vc_column_inner width=\u00bb1\/2&#8243;][vc_column_text]<\/p>\n<h3>Innovaci\u00f3n y mejora continua<\/h3>\n<p>Innovamos para mejorar y conseguir una <strong>asistencia de calidad<\/strong>. Para ello, actualizamos nuestra asistencia incorporando los avances tecnol\u00f3gicos del momento, y revisamos de manera constante nuestra forma de actuaci\u00f3n acorde a nuestros principios de asistencia.<\/p>\n<p>Nuestros Centros est\u00e1n <strong>certificados<\/strong> conforme a <strong>normativa ISO: 9001<\/strong>.<\/p>\n<p><img loading=\"lazy\" decoding=\"async\" class=\"size-full wp-image-42061 aligncenter\" src=\"https:\/\/www.ospitalarioakfundazioaeuskadi.org\/wp-content\/uploads\/2022\/04\/ISO9001_aenor.jpg\" alt=\"Icono de la certificaci\u00f3n ISO 9001 de AENOR\" width=\"100\" height=\"182\" title=\"\">[\/vc_column_text][\/vc_column_inner][\/vc_row_inner][\/vc_column][\/vc_row][vc_row gap=\u00bb35&#8243; css=\u00bb.vc_custom_1665158645255{margin-top: 40px !important;}\u00bb][vc_column width=\u00bb1\/2&#8243;][vc_column_text el_class=\u00bbcaja\u00bb]<\/p>\n<h2><a href=\"https:\/\/ospitalarioakfundazioaeuskadi.org\/es\/que-hacemos\/persona-mayor\/nuestro-modelo-asistencial\/cuidado-personas-mayores-residencia\/\">Cuidado de personas mayores en Residencias<\/a><\/h2>\n<p>El servicio de atenci\u00f3n residencial es un recurso que tiene como finalidad proporcionar una <strong>atenci\u00f3n personal integral y continua en el tiempo<\/strong>. Est\u00e1 destinado fundamentalmente a aquellas personas mayores de 60 a\u00f1os, dependientes, que presentan necesidades de atenci\u00f3n residencial permanente o temporal.<\/p>\n<div class=\"boton-morado\">\n<p><a href=\"https:\/\/ospitalarioakfundazioaeuskadi.org\/es\/que-hacemos\/persona-mayor\/nuestro-modelo-asistencial\/cuidado-personas-mayores-residencia\/\">M\u00e1s informaci\u00f3n \u2192<\/a><\/p>\n<\/div>\n<p>[\/vc_column_text][\/vc_column][vc_column width=\u00bb1\/2&#8243;][vc_column_text el_class=\u00bbcaja\u00bb]<\/p>\n<h2><a href=\"https:\/\/ospitalarioakfundazioaeuskadi.org\/es\/que-hacemos\/persona-mayor\/nuestro-modelo-asistencial\/cuidado-personas-mayores-centro-dia\/\">Cuidado de personas mayores en Centros de D\u00eda<\/a><\/h2>\n<p>El\u00a0<strong>Centro de D\u00eda<\/strong>\u00a0es un recurso asistencial que nace con la finalidad de proporcionar <strong>cuidados de mantenimiento y rehabilitaci\u00f3n<\/strong> a ancianos en situaci\u00f3n de dependencia. Con ello se propone facilitar la permanencia de estas personas en su entorno familiar y social el mayor tiempo y con el mejor nivel funcional y de calidad de vida posibles.<\/p>\n<div class=\"boton-morado\">\n<p><a href=\"https:\/\/ospitalarioakfundazioaeuskadi.org\/es\/que-hacemos\/persona-mayor\/nuestro-modelo-asistencial\/cuidado-personas-mayores-centro-dia\/\">M\u00e1s informaci\u00f3n \u2192<\/a><\/p>\n<\/div>\n<p>[\/vc_column_text][\/vc_column][\/vc_row][vc_row full_width=\u00bbstretch_row_content\u00bb css=\u00bb.vc_custom_1665161784980{padding-right: 40px !important;padding-left: 40px !important;}\u00bb][vc_column][vc_column_text]<span style=\"background-color: var(--color_content_background); color: var(--color_content_text); font-family: var(--typography_fonts_text);\">\n\n\n<div id=\"wpv-view-layout-38093\" class=\"js-wpv-view-layout js-wpv-layout-responsive js-wpv-view-layout-38093\" data-viewnumber=\"38093\" data-pagination=\"{&quot;id&quot;:38093,&quot;query&quot;:&quot;normal&quot;,&quot;type&quot;:&quot;disabled&quot;,&quot;effect&quot;:&quot;fade&quot;,&quot;duration&quot;:500,&quot;speed&quot;:5,&quot;pause_on_hover&quot;:&quot;enabled&quot;,&quot;stop_rollover&quot;:&quot;false&quot;,&quot;cache_pages&quot;:&quot;enabled&quot;,&quot;preload_images&quot;:&quot;enabled&quot;,&quot;preload_pages&quot;:&quot;enabled&quot;,&quot;preload_reach&quot;:1,&quot;spinner&quot;:&quot;builtin&quot;,&quot;spinner_image&quot;:&quot;https:\/\/www.aita-menni.org\/wp-content\/plugins\/toolset-blocks\/embedded\/res\/img\/ajax-loader.gif&quot;,&quot;callback_next&quot;:&quot;&quot;,&quot;manage_history&quot;:&quot;enabled&quot;,&quot;has_controls_in_form&quot;:&quot;disabled&quot;,&quot;infinite_tolerance&quot;:&quot;0&quot;,&quot;max_pages&quot;:0,&quot;page&quot;:1,&quot;base_permalink&quot;:&quot;\/es\/wp-json\/wp\/v2\/pages\/41528?wpv_view_count=38093&amp;wpv_paged=WPV_PAGE_NUM&quot;,&quot;loop&quot;:{&quot;type&quot;:&quot;&quot;,&quot;name&quot;:&quot;&quot;,&quot;data&quot;:[],&quot;id&quot;:0}}\" data-permalink=\"\/es\/wp-json\/wp\/v2\/pages\/41528?wpv_view_count=38093\">\n\n\t\n<h2 style=\"text-align:center;\">Centros de personas mayores<\/h2>\n<div class=\"sli\">\n\n\t\t\n          <div class=\"diapo\"><div id=\"caja\" class=\"caja\"><figure><img loading=\"lazy\" decoding=\"async\" width=\"200\" height=\"112\" src=\"https:\/\/ospitalarioakfundazioaeuskadi.org\/wp-content\/uploads\/2022\/03\/hospital-aita-menni-2019-744x418.jpg\" class=\"attachment-thumbnail size-thumbnail wp-post-image\" alt=\"Hospital de Ospitalarioak Fundazioa Euskadi en Arrasate \/ Mondrag\u00f3n\" title=\"\"><\/figure><p class=\"loc\">Arrasate \/ Mondrag\u00f3n (Gipuzkoa)<\/p>\n<h3><a href=\"https:\/\/ospitalarioakfundazioaeuskadi.org\/es\/centro\/hospital-aita-menni\/\">Ospitalarioak Fundazioa Euskadi (antes Hospital Aita Menni)<\/a><\/h3>\n<p>Tel\u00e9fono: +34 943 794 411<\/p>\n<p><a href=\"mailto:recepcion.euskadi@fundacionhospitalarias.org\" title=\"recepcion.euskadi@fundacionhospitalarias.org\">recepcion.euskadi@fundacionhospitalarias.org<\/a><\/p>\n<div id=\"\" class=\"boton-blanco\"><a href=\"https:\/\/ospitalarioakfundazioaeuskadi.org\/es\/centro\/hospital-aita-menni\/\" title=\"Ospitalarioak Fundazioa Euskadi (antes Hospital Aita Menni)\">Ver centro \u2192<\/a><\/div><\/div><\/div>\n\t\n          <div class=\"diapo\"><div id=\"caja\" class=\"caja\"><figure><img loading=\"lazy\" decoding=\"async\" width=\"200\" height=\"200\" src=\"https:\/\/ospitalarioakfundazioaeuskadi.org\/wp-content\/uploads\/2023\/11\/hospitalarias-aita-meni-musakola-2-200x200.jpg\" class=\"attachment-thumbnail size-thumbnail wp-post-image\" alt=\"Fachada del Centro Musakola de Hermanas Hospitalarias Aita Menni\" title=\"\"><\/figure><p class=\"loc\">Arrasate \/ Mondrag\u00f3n (Gipuzkoa)<\/p>\n<h3><a href=\"https:\/\/ospitalarioakfundazioaeuskadi.org\/es\/centro\/centro-musakola\/\">Centro Musakola<\/a><\/h3>\n<p>Tel\u00e9fono: +34 943 318 740<\/p>\n<p><\/p>\n<div id=\"\" class=\"boton-blanco\"><a href=\"https:\/\/ospitalarioakfundazioaeuskadi.org\/es\/centro\/centro-musakola\/\" title=\"Centro Musakola\">Ver centro \u2192<\/a><\/div><\/div><\/div>\n\t\n          <div class=\"diapo\"><div id=\"caja\" class=\"caja\"><figure><img loading=\"lazy\" decoding=\"async\" width=\"200\" height=\"112\" src=\"https:\/\/ospitalarioakfundazioaeuskadi.org\/wp-content\/uploads\/2021\/12\/residencia-mayores-txurdinagabarri-exterior-1-744x418.jpg\" class=\"attachment-thumbnail size-thumbnail wp-post-image\" alt=\"Exterior de la Residencia de personas mayores Txurdinagabarri de Bilbao\" title=\"\"><\/figure><p class=\"loc\">Bilbao (Bizkaia)<\/p>\n<h3><a href=\"https:\/\/ospitalarioakfundazioaeuskadi.org\/es\/centro\/residencia-mayores-bilbao-txurdinagabarri\/\">Residencia de Personas Mayores Txurdinagabarri<\/a><\/h3>\n<p>Tel\u00e9fono: +34 944 598 047<\/p>\n<p><a href=\"mailto:recepcion.txurdinaga.aitamenni@hospitalarias.es\" title=\"recepcion.txurdinaga.aitamenni@hospitalarias.es\">recepcion.txurdinaga.aitamenni@hospitalarias.es<\/a><\/p>\n<div id=\"\" class=\"boton-blanco\"><a href=\"https:\/\/ospitalarioakfundazioaeuskadi.org\/es\/centro\/residencia-mayores-bilbao-txurdinagabarri\/\" title=\"Residencia de Personas Mayores Txurdinagabarri\">Ver centro \u2192<\/a><\/div><\/div><\/div>\n\t\n          <div class=\"diapo\"><div id=\"caja\" class=\"caja\"><figure><img loading=\"lazy\" decoding=\"async\" width=\"200\" height=\"112\" src=\"https:\/\/ospitalarioakfundazioaeuskadi.org\/wp-content\/uploads\/2021\/12\/residencia-mayores-barabdiaran-durango-3-744x418.jpg\" class=\"attachment-thumbnail size-thumbnail wp-post-image\" alt=\"Patio de la Residencia de personas mayores Barandiaran de Durango, Bizkaia\" title=\"\"><\/figure><p class=\"loc\">Durango (Bizkaia)<\/p>\n<h3><a href=\"https:\/\/ospitalarioakfundazioaeuskadi.org\/es\/centro\/residencia-mayores-durango-barandiaran\/\">Residencia de Personas Mayores Joxe Miel Barandiaran<\/a><\/h3>\n<p>Tel\u00e9fono: +34 946 215 438<\/p>\n<p><a href=\"mailto:recepcion.jmbarandia.aitamenni@hospitalarias.es\" title=\"recepcion.jmbarandia.aitamenni@hospitalarias.es\">recepcion.jmbarandia.aitamenni@hospitalarias.es<\/a><\/p>\n<div id=\"\" class=\"boton-blanco\"><a href=\"https:\/\/ospitalarioakfundazioaeuskadi.org\/es\/centro\/residencia-mayores-durango-barandiaran\/\" title=\"Residencia de Personas Mayores Joxe Miel Barandiaran\">Ver centro \u2192<\/a><\/div><\/div><\/div>\n\t\n          <div class=\"diapo\"><div id=\"caja\" class=\"caja\"><figure><img loading=\"lazy\" decoding=\"async\" width=\"200\" height=\"112\" src=\"https:\/\/ospitalarioakfundazioaeuskadi.org\/wp-content\/uploads\/2021\/12\/residencia-personas-mayores-san-martin-onate-1-744x418.jpg\" class=\"attachment-thumbnail size-thumbnail wp-post-image\" alt=\"Residencia de Personas Mayores San Mart\u00edn de O\u00f1ate\" title=\"\"><\/figure><p class=\"loc\">O\u00f1ate (Gipuzkoa)<\/p>\n<h3><a href=\"https:\/\/ospitalarioakfundazioaeuskadi.org\/es\/centro\/residencia-mayores-onate-san-martin\/\">Residencia de Personas Mayores San Mart\u00edn<\/a><\/h3>\n<p>Tel\u00e9fono: +34 943 716 448<\/p>\n<p><a href=\"mailto:sanmartin.aitamenni@hospitalarias.es\" title=\"sanmartin.aitamenni@hospitalarias.es\">sanmartin.aitamenni@hospitalarias.es<\/a><\/p>\n<div id=\"\" class=\"boton-blanco\"><a href=\"https:\/\/ospitalarioakfundazioaeuskadi.org\/es\/centro\/residencia-mayores-onate-san-martin\/\" title=\"Residencia de Personas Mayores San Mart\u00edn\">Ver centro \u2192<\/a><\/div><\/div><\/div>\n\t\n          <div class=\"diapo\"><div id=\"caja\" class=\"caja\"><figure><img loading=\"lazy\" decoding=\"async\" width=\"200\" height=\"112\" src=\"https:\/\/ospitalarioakfundazioaeuskadi.org\/wp-content\/uploads\/2021\/12\/residencia-mayores-txurdinagabarri-exterior-1-744x418.jpg\" class=\"attachment-thumbnail size-thumbnail wp-post-image\" alt=\"Exterior de la Residencia de personas mayores Txurdinagabarri de Bilbao\" title=\"\"><\/figure><p class=\"loc\">Bilbao (Bizkaia)<\/p>\n<h3><a href=\"https:\/\/ospitalarioakfundazioaeuskadi.org\/es\/centro\/centro-dia-mayores-bilbao-txurdinagabarri\/\">Centro de D\u00eda de Personas Mayores Txurdinagabarri<\/a><\/h3>\n<p>Tel\u00e9fono: +34 944 598 047<\/p>\n<p><a href=\"mailto:cdiatxurdinaga.aitamenni@hospitalarias.es\" title=\"cdiatxurdinaga.aitamenni@hospitalarias.es\">cdiatxurdinaga.aitamenni@hospitalarias.es<\/a><\/p>\n<div id=\"\" class=\"boton-blanco\"><a href=\"https:\/\/ospitalarioakfundazioaeuskadi.org\/es\/centro\/centro-dia-mayores-bilbao-txurdinagabarri\/\" title=\"Centro de D\u00eda de Personas Mayores Txurdinagabarri\">Ver centro \u2192<\/a><\/div><\/div><\/div>\n\t\n          <div class=\"diapo\"><div id=\"caja\" class=\"caja\"><figure><img loading=\"lazy\" decoding=\"async\" width=\"200\" height=\"112\" src=\"https:\/\/ospitalarioakfundazioaeuskadi.org\/wp-content\/uploads\/2021\/12\/residencia-mayores-barabdiaran-durango-6-744x418.jpg\" class=\"attachment-thumbnail size-thumbnail wp-post-image\" alt=\"Exterior de la Residencia de personas mayores Barandiaran de Durango, Bizkaia\" title=\"\"><\/figure><p class=\"loc\">Durango (Bizkaia)<\/p>\n<h3><a href=\"https:\/\/ospitalarioakfundazioaeuskadi.org\/es\/centro\/centro-dia-mayores-durango-barandiaran\/\">Centro de D\u00eda de Personas Mayores Joxe Miel Barandiaran<\/a><\/h3>\n<p>Tel\u00e9fono: +34 946 215 438<\/p>\n<p><a href=\"mailto:cdiadurango.aitamenni@hospitalarias.es\" title=\"cdiadurango.aitamenni@hospitalarias.es\">cdiadurango.aitamenni@hospitalarias.es<\/a><\/p>\n<div id=\"\" class=\"boton-blanco\"><a href=\"https:\/\/ospitalarioakfundazioaeuskadi.org\/es\/centro\/centro-dia-mayores-durango-barandiaran\/\" title=\"Centro de D\u00eda de Personas Mayores Joxe Miel Barandiaran\">Ver centro \u2192<\/a><\/div><\/div><\/div>\n\t\n          <div class=\"diapo\"><div id=\"caja\" class=\"caja\"><figure><img loading=\"lazy\" decoding=\"async\" width=\"200\" height=\"112\" src=\"https:\/\/ospitalarioakfundazioaeuskadi.org\/wp-content\/uploads\/2021\/12\/residencia-personas-mayores-san-martin-onate-1-744x418.jpg\" class=\"attachment-thumbnail size-thumbnail wp-post-image\" alt=\"Residencia de Personas Mayores San Mart\u00edn de O\u00f1ate\" title=\"\"><\/figure><p class=\"loc\">O\u00f1ate (Gipuzkoa)<\/p>\n<h3><a href=\"https:\/\/ospitalarioakfundazioaeuskadi.org\/es\/centro\/centro-dia-mayores-onate-san-martin\/\">Centro de D\u00eda de Personas Mayores San Mart\u00edn<\/a><\/h3>\n<p>Tel\u00e9fono: +34 943 716 448<\/p>\n<p><a href=\"mailto:sanmartin.aitamenni@hospitalarias.es\" title=\"sanmartin.aitamenni@hospitalarias.es\">sanmartin.aitamenni@hospitalarias.es<\/a><\/p>\n<div id=\"\" class=\"boton-blanco\"><a href=\"https:\/\/ospitalarioakfundazioaeuskadi.org\/es\/centro\/centro-dia-mayores-onate-san-martin\/\" title=\"Centro de D\u00eda de Personas Mayores San Mart\u00edn\">Ver centro \u2192<\/a><\/div><\/div><\/div>\n\t\n          <div class=\"diapo\"><div id=\"caja\" class=\"caja\"><figure><img loading=\"lazy\" decoding=\"async\" width=\"200\" height=\"112\" src=\"https:\/\/ospitalarioakfundazioaeuskadi.org\/wp-content\/uploads\/2021\/12\/centro-dia-mayores-bergara-1-1-744x418.jpg\" class=\"attachment-thumbnail size-thumbnail wp-post-image\" alt=\"Centro de d\u00eda de personas mayores de Bergara\" title=\"\"><\/figure><p class=\"loc\">Bergara (Gipuzkoa)<\/p>\n<h3><a href=\"https:\/\/ospitalarioakfundazioaeuskadi.org\/es\/centro\/centro-dia-mayores-bergara\/\">Centro de D\u00eda de Personas Mayores<\/a><\/h3>\n<p>Tel\u00e9fono: +34 943 760 976<\/p>\n<p><a href=\"mailto:cdpmbergara.aitamenni@hospitalarias.es\" title=\"cdpmbergara.aitamenni@hospitalarias.es\">cdpmbergara.aitamenni@hospitalarias.es<\/a><\/p>\n<div id=\"\" class=\"boton-blanco\"><a href=\"https:\/\/ospitalarioakfundazioaeuskadi.org\/es\/centro\/centro-dia-mayores-bergara\/\" title=\"Centro de D\u00eda de Personas Mayores\">Ver centro \u2192<\/a><\/div><\/div><\/div>\n\t\n\n<\/div>\n\t\n\t\n<\/div><\/span>[\/vc_column_text][\/vc_column][\/vc_row]<\/p>\n<\/div>","protected":false},"excerpt":{"rendered":"<div class=\"link-more\"><a href=\"https:\/\/ospitalarioakfundazioaeuskadi.org\/es\/que-hacemos\/persona-mayor\/nuestro-modelo-asistencial\/\" class=\"more-link\">Seguir leyendo<span class=\"screen-reader-text\"> &ldquo;Nuestro modelo asistencial&rdquo;<\/span>&hellip;<\/a><\/div>\n","protected":false},"author":1,"featured_media":42071,"parent":24490,"menu_order":33,"comment_status":"closed","ping_status":"closed","template":"templates\/sin-head-h1.php","meta":{"footnotes":""},"class_list":["post-41528","page","type-page","status-publish","has-post-thumbnail","hentry","entry"],"_links":{"self":[{"href":"https:\/\/ospitalarioakfundazioaeuskadi.org\/es\/wp-json\/wp\/v2\/pages\/41528","targetHints":{"allow":["GET"]}}],"collection":[{"href":"https:\/\/ospitalarioakfundazioaeuskadi.org\/es\/wp-json\/wp\/v2\/pages"}],"about":[{"href":"https:\/\/ospitalarioakfundazioaeuskadi.org\/es\/wp-json\/wp\/v2\/types\/page"}],"author":[{"embeddable":true,"href":"https:\/\/ospitalarioakfundazioaeuskadi.org\/es\/wp-json\/wp\/v2\/users\/1"}],"replies":[{"embeddable":true,"href":"https:\/\/ospitalarioakfundazioaeuskadi.org\/es\/wp-json\/wp\/v2\/comments?post=41528"}],"version-history":[{"count":3,"href":"https:\/\/ospitalarioakfundazioaeuskadi.org\/es\/wp-json\/wp\/v2\/pages\/41528\/revisions"}],"predecessor-version":[{"id":56519,"href":"https:\/\/ospitalarioakfundazioaeuskadi.org\/es\/wp-json\/wp\/v2\/pages\/41528\/revisions\/56519"}],"up":[{"embeddable":true,"href":"https:\/\/ospitalarioakfundazioaeuskadi.org\/es\/wp-json\/wp\/v2\/pages\/24490"}],"wp:featuredmedia":[{"embeddable":true,"href":"https:\/\/ospitalarioakfundazioaeuskadi.org\/es\/wp-json\/wp\/v2\/media\/42071"}],"wp:attachment":[{"href":"https:\/\/ospitalarioakfundazioaeuskadi.org\/es\/wp-json\/wp\/v2\/media?parent=41528"}],"curies":[{"name":"wp","href":"https:\/\/api.w.org\/{rel}","templated":true}]}}