{"id":41817,"date":"2022-04-20T16:02:59","date_gmt":"2022-04-20T16:02:59","guid":{"rendered":"http:\/\/194.35.43.170\/~aitamenninueva\/?page_id=41817"},"modified":"2022-10-27T15:30:28","modified_gmt":"2022-10-27T15:30:28","slug":"medio-ambiente","status":"publish","type":"page","link":"https:\/\/ospitalarioakfundazioaeuskadi.org\/es\/quienes-somos\/responsabilidad-social\/medio-ambiente\/","title":{"rendered":"Medio ambiente"},"content":{"rendered":"<div class=\"wpb-content-wrapper\"><p>[vc_row][vc_column width=\u00bb1\/2&#8243; el_class=\u00bbvc_col-sm-push-6&#8243;][vc_single_image image=\u00bb41842&#8243; img_size=\u00bblarge\u00bb][\/vc_column][vc_column width=\u00bb1\/2&#8243; el_class=\u00bbvc_col-sm-pull-6&#8243;][vc_column_text el_class=\u00bbalter-1&#8243;]<\/p>\n<h1>Medio ambiente<\/h1>\n<p>Hermanas Hospitalarias Aita Menni participa del compromiso social e institucional de su entorno en la defensa del medio natural y la lucha contra el cambio clim\u00e1tico, y organiza su gesti\u00f3n medioambiental en <strong>tres ejes de actuaci\u00f3n principales<\/strong>:[\/vc_column_text][\/vc_column][\/vc_row][vc_row gap=\u00bb35&#8243;][vc_column width=\u00bb1\/2&#8243;][vc_column_text el_class=\u00bbrg-20&#8243;]<\/p>\n<h2>Gesti\u00f3n de residuos<\/h2>\n<p>Se realiza la gesti\u00f3n de estos materiales:<\/p>\n<ul>\n<li class=\"p1\"><strong><span class=\"s1\">Sanitarios asimilables a urbanos<\/span><\/strong> (materia org\u00e1nica, envases vac\u00edos de pl\u00e1stico, cart\u00f3n\/papel, cristal\/vidrio, pilas, met\u00e1licos, madera y ropa).<\/li>\n<li class=\"p1\"><strong><span class=\"s1\">Residuos sanitarios<\/span>, biopeligrosos o <span class=\"s1\">residuos sanitarios especiales<\/span><\/strong> (secreciones, fluidos biol\u00f3gicos, materiales en contacto con estos fluidos&#8230;).<\/li>\n<li class=\"p1\"><strong><span class=\"s1\">Citot\u00f3xicos<\/span><\/strong> (medicamentos caducados, fluorescentes, term\u00f3metros, agujas, t\u00f3ner, lubricantes&#8230;).<\/li>\n<\/ul>\n<p>Adem\u00e1s, se realizan otras acciones relacionadas, como:<\/p>\n<ul>\n<li class=\"p1\"><strong><span class=\"s1\">Compostaje<\/span><\/strong> en Hospital Aita Menni de restos de poda y jardiner\u00eda, realizado por pacientes.<\/li>\n<li class=\"p1\"><strong>Reutilizaci\u00f3n y reciclaje<\/strong> de diversos materiales en los talleres ocupacionales de pacientes, tales como palets, cart\u00f3n, telas, papel&#8230; Con ellos se elaboran productos destinados a la venta y obtenci\u00f3n de fondos destinados a <a href=\"https:\/\/ospitalarioakfundazioaeuskadi.org\/es\/hospitalidad\/solidaridad\/\">proyectos solidarios<\/a>.<\/li>\n<\/ul>\n<p>[\/vc_column_text][\/vc_column][vc_column width=\u00bb1\/2&#8243;][vc_column_text el_class=\u00bbrg-20&#8243;]<\/p>\n<h2>Optimizaci\u00f3n de consumos<\/h2>\n<p>Aita Menni tiene entre sus objetivos medioambientales optimizar los consumos energ\u00e9ticos, y para ello implanta medidas como las siguientes:<\/p>\n<ul>\n<li><strong>Auditor\u00edas<\/strong> energ\u00e9ticas.<\/li>\n<li><strong>Sustituci\u00f3n progresiva de maquinaria<\/strong> por otras con consumos m\u00e1s eficientes de electricidad, gas y agua.<\/li>\n<li class=\"p1\"><strong><span class=\"s1\">Detectores de movimiento<\/span><\/strong> para ahorro energ\u00e9tico en determinadas zonas.<\/li>\n<li class=\"p2\"><strong><span class=\"s2\">Cambio de <\/span>luminarias<\/strong> de LED<span class=\"s2\">.<\/span><\/li>\n<li class=\"p2\"><span class=\"s2\">Mejora de <\/span><strong>cierres estructurales<\/strong><span class=\"s2\">.<\/span><\/li>\n<li class=\"p1\">Sustituci\u00f3n de <strong><span class=\"s1\">ventanas<\/span><\/strong>.<\/li>\n<\/ul>\n<p>[\/vc_column_text][vc_column_text el_class=\u00bbrg-20&#8243;]<\/p>\n<h2>Control de emisiones<\/h2>\n<p>Entre las principales medidas se encuentran:<\/p>\n<ul>\n<li class=\"p1\"><strong><span class=\"s1\">Iniciativa Compartir Coche<\/span><\/strong><span class=\"s1\">, enfocada a que nuestro personal optimice el uso de veh\u00edculos compartiendo los traslados al trabajo<\/span>.<\/li>\n<li>Instalaci\u00f3n de <strong>cargadores para veh\u00edculos el\u00e9ctricos<\/strong>.<\/li>\n<li>Utilizaci\u00f3n de <strong>productos de alimentaci\u00f3n obtenidos de productores locales<\/strong> (Km. 0).<\/li>\n<li>Uso de <strong>productos de limpieza con certificaci\u00f3n ecol\u00f3gica<\/strong> y envases reciclables.<\/li>\n<\/ul>\n<p>[\/vc_column_text][\/vc_column][\/vc_row][vc_row full_width=\u00bbstretch_row_content\u00bb el_class=\u00bbnot\u00bb css=\u00bb.vc_custom_1659379284125{padding-right: 40px !important;padding-left: 40px !important;}\u00bb][vc_column][vc_column_text]<span style=\"background-color: var(--color_content_background); color: var(--color_content_text); font-family: var(--typography_fonts_text);\">\n\n\n<div id=\"wpv-view-layout-40875-CATTR6e8e3897de25311d076a1ffa6e51a003\" class=\"js-wpv-view-layout js-wpv-layout-responsive js-wpv-view-layout-40875-CATTR6e8e3897de25311d076a1ffa6e51a003\" data-viewnumber=\"40875-CATTR6e8e3897de25311d076a1ffa6e51a003\" data-pagination=\"{&quot;id&quot;:40875,&quot;query&quot;:&quot;normal&quot;,&quot;type&quot;:&quot;disabled&quot;,&quot;effect&quot;:&quot;slideh&quot;,&quot;duration&quot;:350,&quot;speed&quot;:5,&quot;pause_on_hover&quot;:&quot;enabled&quot;,&quot;stop_rollover&quot;:&quot;false&quot;,&quot;cache_pages&quot;:&quot;enabled&quot;,&quot;preload_images&quot;:&quot;enabled&quot;,&quot;preload_pages&quot;:&quot;enabled&quot;,&quot;preload_reach&quot;:1,&quot;spinner&quot;:&quot;disabled&quot;,&quot;spinner_image&quot;:&quot;https:\/\/www.aita-menni.org\/wp-content\/plugins\/toolset-blocks\/embedded\/res\/img\/ajax-loader2.svg&quot;,&quot;callback_next&quot;:&quot;&quot;,&quot;manage_history&quot;:&quot;disabled&quot;,&quot;has_controls_in_form&quot;:&quot;disabled&quot;,&quot;infinite_tolerance&quot;:100,&quot;max_pages&quot;:1,&quot;page&quot;:1,&quot;base_permalink&quot;:&quot;\/es\/wp-json\/wp\/v2\/pages\/41817?wpv_view_count=40875-CATTR6e8e3897de25311d076a1ffa6e51a003&amp;wpv_paged=WPV_PAGE_NUM&quot;,&quot;loop&quot;:{&quot;type&quot;:&quot;&quot;,&quot;name&quot;:&quot;&quot;,&quot;data&quot;:[],&quot;id&quot;:0}}\" data-permalink=\"\/es\/wp-json\/wp\/v2\/pages\/41817?wpv_view_count=40875-CATTR6e8e3897de25311d076a1ffa6e51a003\">\n\n\t\n<h2 style=\"text-align:center;\">Actualidad<\/h2>\n<div class=\"sli\">\n\n\t\n\t\t<div class=\"diapo\"><div style=\"margin-bottom:0px;padding-bottom:20px;\">\n<article>\n<figure><a href=\"https:\/\/ospitalarioakfundazioaeuskadi.org\/es\/dia-medio-ambiente-2025\/\"><img loading=\"lazy\" decoding=\"async\" width=\"425\" height=\"239\" src=\"https:\/\/ospitalarioakfundazioaeuskadi.org\/wp-content\/uploads\/2025\/06\/Visita_Garbigune_Arrasate-425x239.jpg\" class=\"attachment-medium size-medium cropar wp-post-image\" alt=\"Varias personas, en el garbigune de Arrasate\" srcset=\"https:\/\/ospitalarioakfundazioaeuskadi.org\/wp-content\/uploads\/2025\/06\/Visita_Garbigune_Arrasate-425x239.jpg 425w, https:\/\/ospitalarioakfundazioaeuskadi.org\/wp-content\/uploads\/2025\/06\/Visita_Garbigune_Arrasate-850x478.jpg 850w, https:\/\/ospitalarioakfundazioaeuskadi.org\/wp-content\/uploads\/2025\/06\/Visita_Garbigune_Arrasate-768x432.jpg 768w, https:\/\/ospitalarioakfundazioaeuskadi.org\/wp-content\/uploads\/2025\/06\/Visita_Garbigune_Arrasate.jpg 1024w\" sizes=\"auto, (max-width: 425px) 100vw, 425px\" title=\"\"><\/a><\/figure>\n<p><time>5 de junio de 2025<\/time><\/p>\n<h3 class=\"morado\"><a href=\"https:\/\/ospitalarioakfundazioaeuskadi.org\/es\/dia-medio-ambiente-2025\/\">Junio, un mes para reforzar nuestro compromiso con el medio ambiente y la sostenibilidad<\/a><\/h3>\n<\/article>\n<\/div>\n<\/div>\n\t\n\t\t<div class=\"diapo\"><div style=\"margin-bottom:0px;padding-bottom:20px;\">\n<article>\n<figure><a href=\"https:\/\/ospitalarioakfundazioaeuskadi.org\/es\/dia-mundial-medio-ambiente-2024\/\"><img loading=\"lazy\" decoding=\"async\" width=\"425\" height=\"310\" src=\"https:\/\/ospitalarioakfundazioaeuskadi.org\/wp-content\/uploads\/2024\/05\/UDALATX-Ura-eta-atxa-425x310.jpg\" class=\"attachment-medium size-medium cropar wp-post-image\" alt=\"Cartel del documental Udalatx\" srcset=\"https:\/\/ospitalarioakfundazioaeuskadi.org\/wp-content\/uploads\/2024\/05\/UDALATX-Ura-eta-atxa-425x310.jpg 425w, https:\/\/ospitalarioakfundazioaeuskadi.org\/wp-content\/uploads\/2024\/05\/UDALATX-Ura-eta-atxa-850x619.jpg 850w, https:\/\/ospitalarioakfundazioaeuskadi.org\/wp-content\/uploads\/2024\/05\/UDALATX-Ura-eta-atxa-768x560.jpg 768w, https:\/\/ospitalarioakfundazioaeuskadi.org\/wp-content\/uploads\/2024\/05\/UDALATX-Ura-eta-atxa.jpg 1024w\" sizes=\"auto, (max-width: 425px) 100vw, 425px\" title=\"\"><\/a><\/figure>\n<p><time>5 de junio de 2024<\/time><\/p>\n<h3 class=\"morado\"><a href=\"https:\/\/ospitalarioakfundazioaeuskadi.org\/es\/dia-mundial-medio-ambiente-2024\/\">Nos unimos al D\u00eda Mundial del Medio Ambiente<\/a><\/h3>\n<\/article>\n<\/div>\n<\/div>\n\t\n\t\t<div class=\"diapo\"><div style=\"margin-bottom:0px;padding-bottom:20px;\">\n<article>\n<figure><a href=\"https:\/\/ospitalarioakfundazioaeuskadi.org\/es\/dedicamos-dias-concienciacion-medioambiental-15104\/\"><img loading=\"lazy\" decoding=\"async\" width=\"425\" height=\"319\" src=\"https:\/\/ospitalarioakfundazioaeuskadi.org\/wp-content\/uploads\/2022\/11\/mes-de-la-concienciacion-medioambiental-744x558.jpg\" class=\"attachment-medium size-medium cropar wp-post-image\" alt=\"Mes de la Concienciaci\u00f3n Medioambiental en el Hospital Aita Menni\" srcset=\"https:\/\/ospitalarioakfundazioaeuskadi.org\/wp-content\/uploads\/2022\/11\/mes-de-la-concienciacion-medioambiental-744x558.jpg 744w, https:\/\/ospitalarioakfundazioaeuskadi.org\/wp-content\/uploads\/2022\/11\/mes-de-la-concienciacion-medioambiental-768x576.jpg 768w, https:\/\/ospitalarioakfundazioaeuskadi.org\/wp-content\/uploads\/2022\/11\/mes-de-la-concienciacion-medioambiental.jpg 850w\" sizes=\"auto, (max-width: 425px) 100vw, 425px\" title=\"\"><\/a><\/figure>\n<p><time>14 de noviembre de 2022<\/time><\/p>\n<h3 class=\"morado\"><a href=\"https:\/\/ospitalarioakfundazioaeuskadi.org\/es\/dedicamos-dias-concienciacion-medioambiental-15104\/\">Dedicamos 30 d\u00edas a la concienciaci\u00f3n medioambiental<\/a><\/h3>\n<\/article>\n<\/div>\n<\/div>\n\t\n\t\t<div class=\"diapo\"><div style=\"margin-bottom:0px;padding-bottom:20px;\">\n<article>\n<figure><a href=\"https:\/\/ospitalarioakfundazioaeuskadi.org\/es\/taller-reprografia-encuadernacion-recibe-encargos-14411\/\"><img loading=\"lazy\" decoding=\"async\" width=\"236\" height=\"300\" src=\"https:\/\/ospitalarioakfundazioaeuskadi.org\/wp-content\/uploads\/2021\/09\/taller-reprografia-1-0-236x300.jpg\" class=\"attachment-medium size-medium cropar wp-post-image\" alt=\"Erreprografia eta koadernaketa tailerrak enkarguak jaso ditu!\" srcset=\"https:\/\/ospitalarioakfundazioaeuskadi.org\/wp-content\/uploads\/2021\/09\/taller-reprografia-1-0-236x300.jpg 236w, https:\/\/ospitalarioakfundazioaeuskadi.org\/wp-content\/uploads\/2021\/09\/taller-reprografia-1-0.jpg 535w\" sizes=\"auto, (max-width: 236px) 100vw, 236px\" title=\"\"><\/a><\/figure>\n<p><time>22 de junio de 2021<\/time><\/p>\n<h3 class=\"morado\"><a href=\"https:\/\/ospitalarioakfundazioaeuskadi.org\/es\/taller-reprografia-encuadernacion-recibe-encargos-14411\/\">El Taller de reprograf\u00eda y encuadernaci\u00f3n \u00a1recibe encargos!<\/a><\/h3>\n<\/article>\n<\/div>\n<\/div>\n\t\n\t\t<div class=\"diapo\"><div style=\"margin-bottom:0px;padding-bottom:20px;\">\n<article>\n<figure><a href=\"https:\/\/ospitalarioakfundazioaeuskadi.org\/es\/nuestra-lavanderia-ejemplo-eficiencia-energetica-12679\/\"><img loading=\"lazy\" decoding=\"async\" width=\"300\" height=\"225\" src=\"https:\/\/ospitalarioakfundazioaeuskadi.org\/wp-content\/uploads\/2021\/09\/lavanderia2-0-300x225.jpg\" class=\"attachment-medium size-medium cropar wp-post-image\" alt=\"Gure garbitegia\" srcset=\"https:\/\/ospitalarioakfundazioaeuskadi.org\/wp-content\/uploads\/2021\/09\/lavanderia2-0-300x225.jpg 300w, https:\/\/ospitalarioakfundazioaeuskadi.org\/wp-content\/uploads\/2021\/09\/lavanderia2-0.jpg 535w\" sizes=\"auto, (max-width: 300px) 100vw, 300px\" title=\"\"><\/a><\/figure>\n<p><time>15 de noviembre de 2019<\/time><\/p>\n<h3 class=\"morado\"><a href=\"https:\/\/ospitalarioakfundazioaeuskadi.org\/es\/nuestra-lavanderia-ejemplo-eficiencia-energetica-12679\/\">Nuestra lavander\u00eda, un ejemplo de eficiencia energ\u00e9tica y barrera sanitaria<\/a><\/h3>\n<\/article>\n<\/div>\n<\/div>\n\t\n\t\t<div class=\"diapo\"><div style=\"margin-bottom:0px;padding-bottom:20px;\">\n<article>\n<figure><a href=\"https:\/\/ospitalarioakfundazioaeuskadi.org\/es\/taller-solidario-12982\/\"><img loading=\"lazy\" decoding=\"async\" width=\"203\" height=\"300\" src=\"https:\/\/ospitalarioakfundazioaeuskadi.org\/wp-content\/uploads\/2021\/09\/catalogo-munecas-hospital-de-dia-0-203x300.jpg\" class=\"attachment-medium size-medium cropar wp-post-image\" alt=\"Tailer oso solidarioa\" srcset=\"https:\/\/ospitalarioakfundazioaeuskadi.org\/wp-content\/uploads\/2021\/09\/catalogo-munecas-hospital-de-dia-0-203x300.jpg 203w, https:\/\/ospitalarioakfundazioaeuskadi.org\/wp-content\/uploads\/2021\/09\/catalogo-munecas-hospital-de-dia-0.jpg 535w\" sizes=\"auto, (max-width: 203px) 100vw, 203px\" title=\"\"><\/a><\/figure>\n<p><time>28 de mayo de 2019<\/time><\/p>\n<h3 class=\"morado\"><a href=\"https:\/\/ospitalarioakfundazioaeuskadi.org\/es\/taller-solidario-12982\/\">Un taller muy solidario<\/a><\/h3>\n<\/article>\n<\/div>\n<\/div>\n\t\n\t\t<div class=\"diapo\"><div style=\"margin-bottom:0px;padding-bottom:20px;\">\n<article>\n<figure><a href=\"https:\/\/ospitalarioakfundazioaeuskadi.org\/es\/hace-extrano-hablar-arteterapia-11376\/\"><img loading=\"lazy\" decoding=\"async\" width=\"223\" height=\"300\" src=\"https:\/\/ospitalarioakfundazioaeuskadi.org\/wp-content\/uploads\/2021\/09\/el-beso-1-223x300.jpg\" class=\"attachment-medium size-medium cropar wp-post-image\" alt=\"&quot;Ez zaigu arraroa egiten jendeak arteterapiaren berri izatea&quot;\" srcset=\"https:\/\/ospitalarioakfundazioaeuskadi.org\/wp-content\/uploads\/2021\/09\/el-beso-1-223x300.jpg 223w, https:\/\/ospitalarioakfundazioaeuskadi.org\/wp-content\/uploads\/2021\/09\/el-beso-1.jpg 537w\" sizes=\"auto, (max-width: 223px) 100vw, 223px\" title=\"\"><\/a><\/figure>\n<p><time>23 de agosto de 2017<\/time><\/p>\n<h3 class=\"morado\"><a href=\"https:\/\/ospitalarioakfundazioaeuskadi.org\/es\/hace-extrano-hablar-arteterapia-11376\/\">\u00abNo se nos hace extra\u00f1o o\u00edr hablar de arteterapia\u00bb<\/a><\/h3>\n<\/article>\n<\/div>\n<\/div>\n\t\n\t\t<div class=\"diapo\"><div style=\"margin-bottom:0px;padding-bottom:20px;\">\n<article>\n<figure><a href=\"https:\/\/ospitalarioakfundazioaeuskadi.org\/es\/talleres-ocupacionales-prelaborales-aita-menni-11211\/\"><img loading=\"lazy\" decoding=\"async\" width=\"300\" height=\"168\" src=\"https:\/\/ospitalarioakfundazioaeuskadi.org\/wp-content\/uploads\/2021\/09\/img_20170505_161435-0-300x168.jpg\" class=\"attachment-medium size-medium cropar wp-post-image\" alt=\"Aita Menniko tailer okupazional eta lan aurrekoek hazkunde betean ospatu dute Lanaren Eguna\" srcset=\"https:\/\/ospitalarioakfundazioaeuskadi.org\/wp-content\/uploads\/2021\/09\/img_20170505_161435-0-300x168.jpg 300w, https:\/\/ospitalarioakfundazioaeuskadi.org\/wp-content\/uploads\/2021\/09\/img_20170505_161435-0.jpg 535w\" sizes=\"auto, (max-width: 300px) 100vw, 300px\" title=\"\"><\/a><\/figure>\n<p><time>10 de mayo de 2017<\/time><\/p>\n<h3 class=\"morado\"><a href=\"https:\/\/ospitalarioakfundazioaeuskadi.org\/es\/talleres-ocupacionales-prelaborales-aita-menni-11211\/\">Los talleres ocupacionales y prelaborales de Aita Menni celebran el D\u00eda del Trabajo en pleno crecimiento<\/a><\/h3>\n<\/article>\n<\/div>\n<\/div>\n\t\n\t\t<div class=\"diapo\"><div style=\"margin-bottom:0px;padding-bottom:20px;\">\n<article>\n<figure><a href=\"https:\/\/ospitalarioakfundazioaeuskadi.org\/es\/crps-arrasate-visita-planta-separacion-10906\/\"><img loading=\"lazy\" decoding=\"async\" width=\"300\" height=\"225\" src=\"https:\/\/ospitalarioakfundazioaeuskadi.org\/wp-content\/uploads\/2021\/09\/reciclaje-1-0-300x225.jpg\" class=\"attachment-medium size-medium cropar wp-post-image\" alt=\"Arrasateko EPSZ Legazpiko Ontziak Sailkatzeko Plantara eta Epeleko Araztegira joan da\" srcset=\"https:\/\/ospitalarioakfundazioaeuskadi.org\/wp-content\/uploads\/2021\/09\/reciclaje-1-0-300x225.jpg 300w, https:\/\/ospitalarioakfundazioaeuskadi.org\/wp-content\/uploads\/2021\/09\/reciclaje-1-0.jpg 535w\" sizes=\"auto, (max-width: 300px) 100vw, 300px\" title=\"\"><\/a><\/figure>\n<p><time>28 de diciembre de 2016<\/time><\/p>\n<h3 class=\"morado\"><a href=\"https:\/\/ospitalarioakfundazioaeuskadi.org\/es\/crps-arrasate-visita-planta-separacion-10906\/\">Como parte del taller de reciclaje, el CRPS de Arrasate visita la Planta de Separaci\u00f3n de Envases de Legazpi y la Depuradora de Epele<\/a><\/h3>\n<\/article>\n<\/div>\n<\/div>\n\t\n\t\t<div class=\"diapo\"><div style=\"margin-bottom:0px;padding-bottom:20px;\">\n<article>\n<figure><a href=\"https:\/\/ospitalarioakfundazioaeuskadi.org\/es\/celebramos-mayo-pacientes-trabajan-nuestros-10357\/\"><img loading=\"lazy\" decoding=\"async\" width=\"300\" height=\"191\" src=\"https:\/\/ospitalarioakfundazioaeuskadi.org\/wp-content\/uploads\/2021\/09\/trabajo1-0-300x191.jpg\" class=\"attachment-medium size-medium cropar wp-post-image\" alt=\"Gure okupazio-tailerretan lan egiten duten pazienteekin ospatu genuen maiatzaren 1a\" srcset=\"https:\/\/ospitalarioakfundazioaeuskadi.org\/wp-content\/uploads\/2021\/09\/trabajo1-0-300x191.jpg 300w, https:\/\/ospitalarioakfundazioaeuskadi.org\/wp-content\/uploads\/2021\/09\/trabajo1-0.jpg 535w\" sizes=\"auto, (max-width: 300px) 100vw, 300px\" title=\"\"><\/a><\/figure>\n<p><time>13 de mayo de 2016<\/time><\/p>\n<h3 class=\"morado\"><a href=\"https:\/\/ospitalarioakfundazioaeuskadi.org\/es\/celebramos-mayo-pacientes-trabajan-nuestros-10357\/\">Celebramos el 1\u00ba de Mayo con los pacientes que trabajan en los talleres ocupacionales<\/a><\/h3>\n<\/article>\n<\/div>\n<\/div>\n\t\n\t\t<div class=\"diapo\"><div style=\"margin-bottom:0px;padding-bottom:20px;\">\n<article>\n<figure><a href=\"https:\/\/ospitalarioakfundazioaeuskadi.org\/es\/nuevo-taller-terapeutico-taller-reciclaje-10212\/\"><img loading=\"lazy\" decoding=\"async\" width=\"300\" height=\"201\" src=\"https:\/\/ospitalarioakfundazioaeuskadi.org\/wp-content\/uploads\/2021\/09\/taller-reciclaje-papel-0-300x201.jpg\" class=\"attachment-medium size-medium cropar wp-post-image\" alt=\"Tailer terapeutiko berria:  papera birziklatzeko tailerra\" srcset=\"https:\/\/ospitalarioakfundazioaeuskadi.org\/wp-content\/uploads\/2021\/09\/taller-reciclaje-papel-0-300x201.jpg 300w, https:\/\/ospitalarioakfundazioaeuskadi.org\/wp-content\/uploads\/2021\/09\/taller-reciclaje-papel-0.jpg 535w\" sizes=\"auto, (max-width: 300px) 100vw, 300px\" title=\"\"><\/a><\/figure>\n<p><time>17 de marzo de 2016<\/time><\/p>\n<h3 class=\"morado\"><a href=\"https:\/\/ospitalarioakfundazioaeuskadi.org\/es\/nuevo-taller-terapeutico-taller-reciclaje-10212\/\">Nuevo taller terap\u00e9utico: taller de reciclaje de papel<\/a><\/h3>\n<\/article>\n<\/div>\n<\/div>\n\t\n\t\t<div class=\"diapo\"><div style=\"margin-bottom:0px;padding-bottom:20px;\">\n<article>\n<figure><a href=\"https:\/\/ospitalarioakfundazioaeuskadi.org\/es\/labores-trapillo-area-larga-estancia-9328\/\"><img loading=\"lazy\" decoding=\"async\" width=\"300\" height=\"169\" src=\"https:\/\/ospitalarioakfundazioaeuskadi.org\/wp-content\/uploads\/2021\/09\/img-20150619-wa0000-0-300x169.jpg\" class=\"attachment-medium size-medium cropar wp-post-image\" alt=\"\u201cZapitxoz egindako lanak\u201d B Egonaldi Luzeko Unitatean\" srcset=\"https:\/\/ospitalarioakfundazioaeuskadi.org\/wp-content\/uploads\/2021\/09\/img-20150619-wa0000-0-300x169.jpg 300w, https:\/\/ospitalarioakfundazioaeuskadi.org\/wp-content\/uploads\/2021\/09\/img-20150619-wa0000-0.jpg 530w\" sizes=\"auto, (max-width: 300px) 100vw, 300px\" title=\"\"><\/a><\/figure>\n<p><time>23 de junio de 2015<\/time><\/p>\n<h3 class=\"morado\"><a href=\"https:\/\/ospitalarioakfundazioaeuskadi.org\/es\/labores-trapillo-area-larga-estancia-9328\/\">\u00abLabores de trapillo\u00bb en el \u00c1rea de Larga Estancia B<\/a><\/h3>\n<\/article>\n<\/div>\n<\/div>\n\t\n\t\n<\/div>\n<div class=\"boton-morado\" style=\"padding-top:40px;\"><p style=\"text-align: center;\"><a title=\"Todas las noticias\" href=\"https:\/\/www.aita-menni.org\/es\/comunicacion\/actualidad\/\" rel=\"nofollow noopener\" target=\"_blank\">Todas las noticias \u2192<\/a><\/p><\/div>\n\t\n\t\n<\/div><\/span>[\/vc_column_text][\/vc_column][\/vc_row]<\/p>\n<\/div>","protected":false},"excerpt":{"rendered":"<div class=\"entry-summary\">\n Medio ambiente Hermanas Hospitalarias Aita Menni participa del compromiso social e institucional de su entorno en la defensa del medio natural y la lucha contra el cambio clim\u00e1tico, y organiza su gesti\u00f3n&hellip;\n<\/div>\n<div class=\"link-more\"><a href=\"https:\/\/ospitalarioakfundazioaeuskadi.org\/es\/quienes-somos\/responsabilidad-social\/medio-ambiente\/\" class=\"more-link\">Seguir leyendo<span class=\"screen-reader-text\"> &ldquo;Medio ambiente&rdquo;<\/span>&hellip;<\/a><\/div>\n","protected":false},"author":1,"featured_media":0,"parent":24506,"menu_order":21,"comment_status":"closed","ping_status":"closed","template":"templates\/sin-head-h1.php","meta":{"footnotes":""},"class_list":["post-41817","page","type-page","status-publish","hentry","entry"],"_links":{"self":[{"href":"https:\/\/ospitalarioakfundazioaeuskadi.org\/es\/wp-json\/wp\/v2\/pages\/41817","targetHints":{"allow":["GET"]}}],"collection":[{"href":"https:\/\/ospitalarioakfundazioaeuskadi.org\/es\/wp-json\/wp\/v2\/pages"}],"about":[{"href":"https:\/\/ospitalarioakfundazioaeuskadi.org\/es\/wp-json\/wp\/v2\/types\/page"}],"author":[{"embeddable":true,"href":"https:\/\/ospitalarioakfundazioaeuskadi.org\/es\/wp-json\/wp\/v2\/users\/1"}],"replies":[{"embeddable":true,"href":"https:\/\/ospitalarioakfundazioaeuskadi.org\/es\/wp-json\/wp\/v2\/comments?post=41817"}],"version-history":[{"count":4,"href":"https:\/\/ospitalarioakfundazioaeuskadi.org\/es\/wp-json\/wp\/v2\/pages\/41817\/revisions"}],"predecessor-version":[{"id":55617,"href":"https:\/\/ospitalarioakfundazioaeuskadi.org\/es\/wp-json\/wp\/v2\/pages\/41817\/revisions\/55617"}],"up":[{"embeddable":true,"href":"https:\/\/ospitalarioakfundazioaeuskadi.org\/es\/wp-json\/wp\/v2\/pages\/24506"}],"wp:attachment":[{"href":"https:\/\/ospitalarioakfundazioaeuskadi.org\/es\/wp-json\/wp\/v2\/media?parent=41817"}],"curies":[{"name":"wp","href":"https:\/\/api.w.org\/{rel}","templated":true}]}}