{"id":42080,"date":"2022-04-25T17:45:43","date_gmt":"2022-04-25T17:45:43","guid":{"rendered":"http:\/\/194.35.43.170\/~aitamenninueva\/?page_id=42080"},"modified":"2022-11-02T16:18:27","modified_gmt":"2022-11-02T16:18:27","slug":"cuidado-personas-mayores-residencia","status":"publish","type":"page","link":"https:\/\/ospitalarioakfundazioaeuskadi.org\/es\/que-hacemos\/persona-mayor\/nuestro-modelo-asistencial\/cuidado-personas-mayores-residencia\/","title":{"rendered":"Cuidado de personas mayores en residencias"},"content":{"rendered":"<div class=\"wpb-content-wrapper\"><p>[vc_row][vc_column width=\u00bb1\/2&#8243; el_class=\u00bbvc_col-sm-push-6&#8243;][vc_column_text]<\/p>\n<figure><\/figure>\n<p>[\/vc_column_text][\/vc_column][vc_column width=\u00bb1\/2&#8243; el_class=\u00bbvc_col-sm-pull-6&#8243;][vc_column_text el_class=\u00bbalter-1&#8243;]<\/p>\n<h1>Cuidado de personas mayores en residencias<\/h1>\n<h1><\/h1>\n<p>Nuestro proyecto asistencial se basa en un <strong>modelo residencial asistido y especializado<\/strong> que, con un <strong>clima de atenci\u00f3n humanizado y c\u00e1lido<\/strong>, presta una <strong>asistencia integral profesionalizada<\/strong>, encaminada a lograr la mejor calidad de vida de las personas atendidas, respetando tanto los derechos de las personas usuarias como las de sus familiares.<\/p>\n<p>El servicio de atenci\u00f3n residencial es un recurso que tiene como finalidad proporcionar una atenci\u00f3n personal integral y continua en el tiempo. Est\u00e1 destinado fundamentalmente a aquellas personas mayores de 60 a\u00f1os, dependientes, que presentan necesidades de atenci\u00f3n residencial permanente o temporal.<\/p>\n<p>Nuestras Residencias se caracterizan por ser centros abiertos a la comunidad, polivalentes y multifuncionales, con diferentes recursos adaptados a las necesidades cambiantes de los usuarios.[\/vc_column_text][\/vc_column][\/vc_row][vc_row gap=\u00bb35&#8243;][vc_column width=\u00bb1\/2&#8243;][vc_column_text el_class=\u00bbray-m-b-3&#8243;]<\/p>\n<h2>Objetivos<\/h2>\n<p>[\/vc_column_text][vc_column_text el_class=\u00bbray-m-b-3&#8243;]<\/p>\n<ul>\n<li><strong>Fomentar la autonom\u00eda personal de las personas mayores<\/strong> en funci\u00f3n de su grado de dependencia f\u00edsica o ps\u00edquica para que puedan llevar un tipo de vida lo mas normalizado posible.<\/li>\n<li><strong>Potenciar la participaci\u00f3n activa<\/strong> en la vida social de la residencia.<\/li>\n<li><strong>Mantener las relaciones<\/strong> familiares, sociales pol\u00edticas y culturales en el entorno de la comunidad.<\/li>\n<li><strong>Controlar y seguir terap\u00e9uticamente las enfermedades<\/strong> y trastornos detectados.<\/li>\n<\/ul>\n<p>[\/vc_column_text][\/vc_column][vc_column width=\u00bb1\/2&#8243;][vc_column_text el_class=\u00bbray-m-b-3&#8243;]<\/p>\n<h2>Equipo multidisciplinar<\/h2>\n<p>[\/vc_column_text][vc_column_text el_class=\u00bbray-m-b-3&#8243;]Nuestros equipos est\u00e1n compuestos por diferentes profesionales que trabajan de manera conjunta para atender las necesidades f\u00edsicas, psicol\u00f3gicas, emocionales, funcionales y espirituales:<\/p>\n<ul>\n<li style=\"list-style-type: none;\">\n<ul>\n<li>Personal m\u00e9dico<\/li>\n<li>Personal de enfermer\u00eda<\/li>\n<li>Psic\u00f3logas y psic\u00f3logos<\/li>\n<li>Trabajadoras y trabajadores sociales<\/li>\n<li>Personal auxiliar (cuidadoras)<\/li>\n<li>Fisioterapeutas<\/li>\n<li>Terapeutas ocupacionales<\/li>\n<li>Monitoras y monitores de tiempo libre<\/li>\n<\/ul>\n<\/li>\n<\/ul>\n<p>[\/vc_column_text][\/vc_column][\/vc_row][vc_row][vc_column][vc_column_text el_class=\u00bbray-m-b-3&#8243;]<\/p>\n<h2>\u00c1reas de asistencia<\/h2>\n<p>[\/vc_column_text][vc_row_inner gap=\u00bb35&#8243;][vc_column_inner width=\u00bb1\/2&#8243;][vc_column_text]<\/p>\n<h3>Atenci\u00f3n sanitaria<\/h3>\n<p>El <strong>servicio medico<\/strong> de la residencia act\u00faa como m\u00e9dico de familia de los residentes, coordinando la actuaci\u00f3n con los servicios de salud comunitarios (urgencias, consultas de especialidad\u2026.).<\/p>\n<p>Complementariamente, <strong>nuestras residencias ofrecen un servicio adicional y especializado para la asistencia de los residentes con patolog\u00eda psiqui\u00e1trica<\/strong>, derivando a servicios externos \u00fanicamente aquellos casos que por la gravedad de la patolog\u00eda requieran de atenci\u00f3n especifica (riesgo autol\u00edtico).[\/vc_column_text][vc_column_text]<\/p>\n<h3>Higiene<\/h3>\n<p>Se presta asistencia en el <strong>aseo y cuidados personales<\/strong> a todas las personas usuarias en funci\u00f3n de sus necesidades y con el debido respeto a su intimidad.[\/vc_column_text][vc_column_text]<\/p>\n<h3>Readaptaci\u00f3n para las actividades de la vida diaria<\/h3>\n<p>Se trata de actividades o programas que fomenten el <strong>desarrollo de las capacidades motoras, ocupacionales y relacionales<\/strong> en sus distintos niveles.<\/p>\n<p>Se abordan temas relacionados con la conservaci\u00f3n de la integridad f\u00edsica y ps\u00edquica, \u00e9sta \u00faltima a trav\u00e9s de aspectos relacionados con la imagen corporal en relaci\u00f3n a s\u00ed mismo y la pr\u00e1ctica de habilidades instrumentales de diversa complejidad que potencien la autonom\u00eda en relaci\u00f3n con el entorno.<\/p>\n<h4>Rehabilitaci\u00f3n Funcional<\/h4>\n<p>Se abordan temas relacionados con la <strong>conservaci\u00f3n de la integridad f\u00edsica y ps\u00edquica<\/strong>, esta \u00faltima a trav\u00e9s de aspectos relacionados con la imagen corporal en relaci\u00f3n a s\u00ed mismo y la pr\u00e1ctica de habilidades instrumentales de diversa complejidad que potencien la autonom\u00eda en relaci\u00f3n con el entorno. El programa de actividades se realiza aprovechando los momentos naturales que el funcionamiento del centro favorece como son el momento de acogida y despedida, las distintas comidas y los momentos de aseo e higiene personal:<\/p>\n<ul>\n<li><strong>Entrenamiento en habilidades cotidianas.<\/strong> Est\u00e1 destinado a mantener y\/o potenciar las habilidades de la vida diaria, incidiendo en aqu\u00e9llas que realicen en funci\u00f3n de la autonom\u00eda conservada.<\/li>\n<li><strong>Programa de autocuidados.<\/strong> Tiene como objetivo el mantener y\/o potenciar las capacidades que a\u00fan conservan pero no las ejercitan, mostr\u00e1ndoles la importancia del cuidado personal y aleccion\u00e1ndoles o ense\u00f1\u00e1ndoles habilidades que ayuden a mejorar su apariencia f\u00edsica. Del mismo modo, se orientar\u00e1 esta actividad a la prestaci\u00f3n de ayuda para cubrir las necesidades que la persona mayor no puede satisfacer por falta de autonom\u00eda y que no puedan ser cubiertas por los familiares del mismo. Incluir\u00e1 planificaci\u00f3n diaria de actividades orientada al desarrollo de las capacidades personales.<\/li>\n<li><strong>Educaci\u00f3n sanitaria.<\/strong> Supone un entrenamiento en el mantenimiento de conductas de salud, adecuadas a las capacidades de los sujetos.<\/li>\n<\/ul>\n<p>[\/vc_column_text][vc_column_text]<\/p>\n<h3>Gimnasia y mantenimiento<\/h3>\n<h4>Rehabilitaci\u00f3n f\u00edsica<\/h4>\n<p>Est\u00e1 orientada a la prevenci\u00f3n y tratamiento de d\u00e9ficits psicomotores, abordando aspectos f\u00edsicos, ps\u00edquicos y sociales.<\/p>\n<p>El programa integra las siguientes <strong>actividades<\/strong>:<\/p>\n<ul>\n<li><strong>Movilizaci\u00f3n.<\/strong> Realizada de una forma constante, programada y met\u00f3dica consigue resultados que afectan a la esfera psicol\u00f3gica, social y f\u00edsica.<\/li>\n<li><strong>Gimnasia de mantenimiento.<\/strong> Destinada a la realizaci\u00f3n de ejercicios f\u00edsicos de mantenimiento y recuperaci\u00f3n.<\/li>\n<li><strong>Relajaci\u00f3n.<\/strong> La utilizaci\u00f3n de esta t\u00e9cnica puede resultar adecuado y gratificante en muchos casos.<\/li>\n<\/ul>\n<p>[\/vc_column_text][vc_column_text]<\/p>\n<h3>Dinamizaci\u00f3n sociocultural<\/h3>\n<p><strong>Ocio y Tiempo Libre<\/strong> se dirige al entretenimiento y potenciaci\u00f3n de habilidades manuales creativas as\u00ed como a desarrollar la participaci\u00f3n social, imprescindibles para avanzar en el proceso de integraci\u00f3n y mantenimiento activo de las personas mayores en la comunidad. El programa integra las siguientes <strong>actividades<\/strong>:<\/p>\n<ul>\n<li><strong>Manualidades.<\/strong> Se utiliza la actividad como elemento de trabajo sobre aspectos psicomotores finos y gruesos, trabajando aspectos grupales y de autovaloraci\u00f3n.<\/li>\n<li><strong>Ludoterapia.<\/strong> El juego tambi\u00e9n supone una forma v\u00e1lida de estimulaci\u00f3n.<\/li>\n<li>A<strong>nimaci\u00f3n sociocultural y relaci\u00f3n con la comunidad.<\/strong> Supone un acercamiento a la realidad circundante desde una perspectiva de ocio, y generadora de un espacio de socializaci\u00f3n y relaci\u00f3n tanto a nivel interno del Centro como, e igualmente importante, con el mundo externo al mismo.<\/li>\n<\/ul>\n<p>[\/vc_column_text][vc_column_text]<\/p>\n<h3>Programa de Atenci\u00f3n Pastoral<\/h3>\n<p>Su objetivo es asistir de forma efectiva las <strong>necesidades de tipo espiritual y religioso<\/strong> de los usuarios atendidos. As\u00ed, se contribuye a dar sentido a los a\u00f1os en medio de un ambiente familiar y humanizado, dando respuestas a las necesidades humanas y espirituales de los usuarios, sean creyentes o no, y ofreciendo cauces para reavivar y revitalizar los valores que han vivido a lo largo de su vida.[\/vc_column_text][\/vc_column_inner][vc_column_inner width=\u00bb1\/2&#8243;][vc_column_text]<\/p>\n<h3>Asistencia psicol\u00f3gica<\/h3>\n<p>Se presta <strong>asistencia psicol\u00f3gica<\/strong> a las personas usuarias que la precisan mediante dos \u00e1mbitos de actuaci\u00f3n:<\/p>\n<h4>Intervenci\u00f3n individualizada<\/h4>\n<p>Intervenci\u00f3n en funciones psicoafectivas: b\u00e1sico desde el alto nivel de prevalencia de trastornos afectivos que se suele producir en personas mayores institucionalizadas y\/o con una situaci\u00f3n de dependencia. Se centra deforma fundamental en el tratamiento paliativo y preventivo de la depresi\u00f3n y ansiedad.<\/p>\n<h5>Tratamiento de la depresi\u00f3n<\/h5>\n<p>Se trata de un abordaje centrado en varias \u00e1reas de intervenci\u00f3n:<\/p>\n<ul>\n<li><strong>Informaci\u00f3n<\/strong> acerca de los mecanismos de la depresi\u00f3n y la comprensi\u00f3n de la relaci\u00f3n pensamiento \u2013 sentimiento \u2013 afecto.<\/li>\n<li><strong>Apoyo psicol\u00f3gico:<\/strong> espacio para la expresi\u00f3n de dificultades, problemas, preocupaciones.<\/li>\n<li>B\u00fasqueda y planificaci\u00f3n conjunta de <strong>actividades potencialmente gratificantes<\/strong>.<\/li>\n<\/ul>\n<h5>Tratamiento de la ansiedad<\/h5>\n<p>Se trata de un abordaje centrado en varias \u00e1reas de intervenci\u00f3n:<\/p>\n<ul>\n<li><strong>Informaci\u00f3n<\/strong> acerca de los mecanismos generadores de estr\u00e9s.<\/li>\n<li><strong>Entrenamiento en relajaci\u00f3n:<\/strong> debido a las caracter\u00edsticas f\u00edsicas de los usuarios se opta por una estrategia mixta basada en los principios de relajaci\u00f3n aut\u00f3gena.<\/li>\n<li><strong>Estrategias de afrontamiento de estr\u00e9s:<\/strong> identificaci\u00f3n de fuentes de estr\u00e9s y mecanismos de afrontamiento.<\/li>\n<\/ul>\n<h4>Intervenci\u00f3n grupal<\/h4>\n<h5>Estimulaci\u00f3n cognoscitiva<\/h5>\n<p>Se fundamenta en la plasticidad inherente del cerebro que facilita que algunos de los d\u00e9ficits que se producen en patolog\u00edas defectuales a nivel de funcionamiento cognoscitivo sean reversibles o puedan ser compensados por medio de un nuevo aprendizaje o sobreaprendizaje. Del mismo modo, existe cada vez una mayor evidencia emp\u00edrica que sit\u00faa la estimulaci\u00f3n cognoscitiva como una forma v\u00e1lida de prevenci\u00f3n de d\u00e9ficits cognoscitivos posteriores. Es por ello que el \u00e1mbito de aplicaci\u00f3n de este programa debe ser la persona mayor, est\u00e9 sana o mentalmente afecta.<\/p>\n<p>El programa integra las siguientes <strong>actividades<\/strong>:<\/p>\n<ul>\n<li><strong>Buenos d\u00edas \u2013 Orientaci\u00f3n en la realidad.<\/strong> Se trata de un m\u00e9todo de tratamiento de la confusi\u00f3n, desorientaci\u00f3n y p\u00e9rdida de memoria, mediante la estimulaci\u00f3n de los pacientes sobre hechos acerca de s\u00ed mismos y de su entorno.<\/li>\n<li><strong>Reminiscencia.<\/strong> Pretende rememorar el pasado en el presente con el objetivo de reorientar al anciano abordando el \u00e1rea emocional.<\/li>\n<li><strong>Psicoestimulaci\u00f3n.<\/strong> Tiene por objeto el abordaje de p\u00e9rdidas cognoscitivas propias de los trastornos demenciales y potenciar las capacidades existentes en el individuo.<\/li>\n<li><strong>Intervenci\u00f3n en memoria.<\/strong> Tiene como objeto el trabajar desde un aspecto preventivo, as\u00ed como paliativo. Las bases sobre las que se va a fundamentar la intervenci\u00f3n figuran en el anexo correspondiente, siendo necesario adaptar el contenido mostrado a las realidades de los potenciales grupos de intervenci\u00f3n.<\/li>\n<li><strong>Actualidad y grupos de discusi\u00f3n.<\/strong> Aglutina aspectos de reorientaci\u00f3n, comunicaci\u00f3n y pensamiento abstracto en una actividad, en apariencia, natural, de conversaci\u00f3n en torno a un tema.<\/li>\n<li><strong>Musicoterapia.<\/strong> Su objetivo es el de emplear la m\u00fasica como forma de entrenamiento en habilidades psicomotrices, relajaci\u00f3n, expresividad emocional\u2026, pero adem\u00e1s como forma v\u00e1lida de estimulaci\u00f3n cognoscitiva.<\/li>\n<\/ul>\n<p>[\/vc_column_text][vc_column_text]<\/p>\n<h3>Asistencia social<\/h3>\n<p>Se presta el servicio de asistencia social a las personas usuarias que lo precisen en funci\u00f3n de sus necesidades (orientaci\u00f3n sobre recursos\u2026).[\/vc_column_text][vc_column_text]<\/p>\n<h3>Atenci\u00f3n a las familias<\/h3>\n<p>La familia es un agente necesario a considerar en la atenci\u00f3n a la persona mayor, ya que esta asistencia no se concibe sin tener en cuenta el entorno.<\/p>\n<p>El abordaje se centra en:<\/p>\n<ul>\n<li><strong>Informaci\u00f3n referente al centr<\/strong>o, as\u00ed como a la situaci\u00f3n del familiar atendido en el mismo, resolviendo todas las dudas posibles.<\/li>\n<li><strong>Formaci\u00f3n y capacitaci\u00f3n<\/strong> en estrategias de afrontamiento de posibles problemas que puedan surgir en la relaci\u00f3n usuario-familia.<\/li>\n<li><strong>Apoyo psicol\u00f3gico<\/strong>, mediante abordaje grupal \u2013 grupos de apoyo, as\u00ed como individualizado.<\/li>\n<\/ul>\n<p>[\/vc_column_text][vc_column_text]<\/p>\n<h3>Servicios de restauraci\u00f3n y lavander\u00eda<\/h3>\n<p>El servicio de restauraci\u00f3n se realiza respetando el cumplimiento de una correcta nutrici\u00f3n, adapt\u00e1ndose en cantidad, calidad y variedad a las necesidades espec\u00edficas de las personas usuarias. En caso necesario, y bajo la supervisi\u00f3n de personal sanitario, se elaboran <strong>dietas espec\u00edficas<\/strong> para cada patolog\u00eda.[\/vc_column_text][\/vc_column_inner][\/vc_row_inner][\/vc_column][\/vc_row][vc_row full_width=\u00bbstretch_row_content\u00bb css=\u00bb.vc_custom_1665163951704{padding-right: 40px !important;padding-left: 40px !important;background-color: #efefef !important;}\u00bb][vc_column][vc_column_text]\n\n\n<div id=\"wpv-view-layout-54258\" class=\"js-wpv-view-layout js-wpv-layout-responsive js-wpv-view-layout-54258\" data-viewnumber=\"54258\" data-pagination=\"{&quot;id&quot;:54258,&quot;query&quot;:&quot;normal&quot;,&quot;type&quot;:&quot;disabled&quot;,&quot;effect&quot;:&quot;fade&quot;,&quot;duration&quot;:500,&quot;speed&quot;:5,&quot;pause_on_hover&quot;:&quot;enabled&quot;,&quot;stop_rollover&quot;:&quot;false&quot;,&quot;cache_pages&quot;:&quot;enabled&quot;,&quot;preload_images&quot;:&quot;enabled&quot;,&quot;preload_pages&quot;:&quot;enabled&quot;,&quot;preload_reach&quot;:1,&quot;spinner&quot;:&quot;builtin&quot;,&quot;spinner_image&quot;:&quot;https:\/\/www.aita-menni.org\/wp-content\/plugins\/toolset-blocks\/embedded\/res\/img\/ajax-loader.gif&quot;,&quot;callback_next&quot;:&quot;&quot;,&quot;manage_history&quot;:&quot;enabled&quot;,&quot;has_controls_in_form&quot;:&quot;disabled&quot;,&quot;infinite_tolerance&quot;:&quot;0&quot;,&quot;max_pages&quot;:0,&quot;page&quot;:1,&quot;base_permalink&quot;:&quot;\/es\/wp-json\/wp\/v2\/pages\/42080?wpv_view_count=54258&amp;wpv_paged=WPV_PAGE_NUM&quot;,&quot;loop&quot;:{&quot;type&quot;:&quot;&quot;,&quot;name&quot;:&quot;&quot;,&quot;data&quot;:[],&quot;id&quot;:0}}\" data-permalink=\"\/es\/wp-json\/wp\/v2\/pages\/42080?wpv_view_count=54258\">\n\n\t\n<h2 style=\"text-align:center;\">Residencias<\/h2>\n<div class=\"sli\">\n\n\t\t\n          <div class=\"diapo\"><div id=\"caja\" class=\"caja\"><figure><img loading=\"lazy\" decoding=\"async\" width=\"425\" height=\"283\" src=\"https:\/\/ospitalarioakfundazioaeuskadi.org\/wp-content\/uploads\/2022\/03\/hospital-aita-menni-2019-744x496.jpg\" class=\"attachment-medium size-medium wp-post-image\" alt=\"Hospital de Ospitalarioak Fundazioa Euskadi en Arrasate \/ Mondrag\u00f3n\" srcset=\"https:\/\/ospitalarioakfundazioaeuskadi.org\/wp-content\/uploads\/2022\/03\/hospital-aita-menni-2019-744x496.jpg 744w, https:\/\/ospitalarioakfundazioaeuskadi.org\/wp-content\/uploads\/2022\/03\/hospital-aita-menni-2019-768x512.jpg 768w, https:\/\/ospitalarioakfundazioaeuskadi.org\/wp-content\/uploads\/2022\/03\/hospital-aita-menni-2019.jpg 790w\" sizes=\"auto, (max-width: 425px) 100vw, 425px\" title=\"\"><\/figure><p class=\"loc\">Arrasate \/ Mondrag\u00f3n (Gipuzkoa)<\/p>\n<h3><a href=\"https:\/\/ospitalarioakfundazioaeuskadi.org\/es\/centro\/hospital-aita-menni\/\">Ospitalarioak Fundazioa Euskadi (antes Hospital Aita Menni)<\/a><\/h3>\n<p>Tel: +34 943 794 411<\/p>\n<p><a href=\"mailto:recepcion.euskadi@fundacionhospitalarias.org\" title=\"recepcion.euskadi@fundacionhospitalarias.org\">recepcion.euskadi@fundacionhospitalarias.org<\/a><\/p>\n<div id=\"\" class=\"boton-blanco\"><a href=\"https:\/\/ospitalarioakfundazioaeuskadi.org\/es\/centro\/hospital-aita-menni\/\" title=\"Ospitalarioak Fundazioa Euskadi (antes Hospital Aita Menni)\">Ver residencia \u2192<\/a><\/div><\/div><\/div>\n\t\n          <div class=\"diapo\"><div id=\"caja\" class=\"caja\"><figure><img loading=\"lazy\" decoding=\"async\" width=\"425\" height=\"283\" src=\"https:\/\/ospitalarioakfundazioaeuskadi.org\/wp-content\/uploads\/2021\/12\/residencia-mayores-txurdinagabarri-exterior-1-744x496.jpg\" class=\"attachment-medium size-medium wp-post-image\" alt=\"Exterior de la Residencia de personas mayores Txurdinagabarri de Bilbao\" srcset=\"https:\/\/ospitalarioakfundazioaeuskadi.org\/wp-content\/uploads\/2021\/12\/residencia-mayores-txurdinagabarri-exterior-1-744x496.jpg 744w, https:\/\/ospitalarioakfundazioaeuskadi.org\/wp-content\/uploads\/2021\/12\/residencia-mayores-txurdinagabarri-exterior-1-768x512.jpg 768w, https:\/\/ospitalarioakfundazioaeuskadi.org\/wp-content\/uploads\/2021\/12\/residencia-mayores-txurdinagabarri-exterior-1.jpg 790w\" sizes=\"auto, (max-width: 425px) 100vw, 425px\" title=\"\"><\/figure><p class=\"loc\">Bilbao (Bizkaia)<\/p>\n<h3><a href=\"https:\/\/ospitalarioakfundazioaeuskadi.org\/es\/centro\/residencia-mayores-bilbao-txurdinagabarri\/\">Residencia de Personas Mayores Txurdinagabarri<\/a><\/h3>\n<p>Tel: +34 944 598 047<\/p>\n<p><a href=\"mailto:recepcion.txurdinaga.aitamenni@hospitalarias.es\" title=\"recepcion.txurdinaga.aitamenni@hospitalarias.es\">recepcion.txurdinaga.aitamenni@hospitalarias.es<\/a><\/p>\n<div id=\"\" class=\"boton-blanco\"><a href=\"https:\/\/ospitalarioakfundazioaeuskadi.org\/es\/centro\/residencia-mayores-bilbao-txurdinagabarri\/\" title=\"Residencia de Personas Mayores Txurdinagabarri\">Ver residencia \u2192<\/a><\/div><\/div><\/div>\n\t\n          <div class=\"diapo\"><div id=\"caja\" class=\"caja\"><figure><img loading=\"lazy\" decoding=\"async\" width=\"425\" height=\"283\" src=\"https:\/\/ospitalarioakfundazioaeuskadi.org\/wp-content\/uploads\/2021\/12\/residencia-mayores-barabdiaran-durango-3-744x495.jpg\" class=\"attachment-medium size-medium wp-post-image\" alt=\"Patio de la Residencia de personas mayores Barandiaran de Durango, Bizkaia\" srcset=\"https:\/\/ospitalarioakfundazioaeuskadi.org\/wp-content\/uploads\/2021\/12\/residencia-mayores-barabdiaran-durango-3-744x495.jpg 744w, https:\/\/ospitalarioakfundazioaeuskadi.org\/wp-content\/uploads\/2021\/12\/residencia-mayores-barabdiaran-durango-3-768x511.jpg 768w, https:\/\/ospitalarioakfundazioaeuskadi.org\/wp-content\/uploads\/2021\/12\/residencia-mayores-barabdiaran-durango-3.jpg 790w\" sizes=\"auto, (max-width: 425px) 100vw, 425px\" title=\"\"><\/figure><p class=\"loc\">Durango (Bizkaia)<\/p>\n<h3><a href=\"https:\/\/ospitalarioakfundazioaeuskadi.org\/es\/centro\/residencia-mayores-durango-barandiaran\/\">Residencia de Personas Mayores Joxe Miel Barandiaran<\/a><\/h3>\n<p>Tel: +34 946 215 438<\/p>\n<p><a href=\"mailto:recepcion.jmbarandia.aitamenni@hospitalarias.es\" title=\"recepcion.jmbarandia.aitamenni@hospitalarias.es\">recepcion.jmbarandia.aitamenni@hospitalarias.es<\/a><\/p>\n<div id=\"\" class=\"boton-blanco\"><a href=\"https:\/\/ospitalarioakfundazioaeuskadi.org\/es\/centro\/residencia-mayores-durango-barandiaran\/\" title=\"Residencia de Personas Mayores Joxe Miel Barandiaran\">Ver residencia \u2192<\/a><\/div><\/div><\/div>\n\t\n          <div class=\"diapo\"><div id=\"caja\" class=\"caja\"><figure><img loading=\"lazy\" decoding=\"async\" width=\"425\" height=\"283\" src=\"https:\/\/ospitalarioakfundazioaeuskadi.org\/wp-content\/uploads\/2021\/12\/residencia-personas-mayores-san-martin-onate-1-744x496.jpg\" class=\"attachment-medium size-medium wp-post-image\" alt=\"Residencia de Personas Mayores San Mart\u00edn de O\u00f1ate\" srcset=\"https:\/\/ospitalarioakfundazioaeuskadi.org\/wp-content\/uploads\/2021\/12\/residencia-personas-mayores-san-martin-onate-1-744x496.jpg 744w, https:\/\/ospitalarioakfundazioaeuskadi.org\/wp-content\/uploads\/2021\/12\/residencia-personas-mayores-san-martin-onate-1-768x512.jpg 768w, https:\/\/ospitalarioakfundazioaeuskadi.org\/wp-content\/uploads\/2021\/12\/residencia-personas-mayores-san-martin-onate-1.jpg 790w\" sizes=\"auto, (max-width: 425px) 100vw, 425px\" title=\"\"><\/figure><p class=\"loc\">O\u00f1ate (Gipuzkoa)<\/p>\n<h3><a href=\"https:\/\/ospitalarioakfundazioaeuskadi.org\/es\/centro\/residencia-mayores-onate-san-martin\/\">Residencia de Personas Mayores San Mart\u00edn<\/a><\/h3>\n<p>Tel: +34 943 716 448<\/p>\n<p><a href=\"mailto:sanmartin.aitamenni@hospitalarias.es\" title=\"sanmartin.aitamenni@hospitalarias.es\">sanmartin.aitamenni@hospitalarias.es<\/a><\/p>\n<div id=\"\" class=\"boton-blanco\"><a href=\"https:\/\/ospitalarioakfundazioaeuskadi.org\/es\/centro\/residencia-mayores-onate-san-martin\/\" title=\"Residencia de Personas Mayores San Mart\u00edn\">Ver residencia \u2192<\/a><\/div><\/div><\/div>\n\t\n\n<\/div>\n\t\n\t\n<\/div>[\/vc_column_text][\/vc_column][\/vc_row]<\/p>\n<\/div>","protected":false},"excerpt":{"rendered":"<div class=\"link-more\"><a href=\"https:\/\/ospitalarioakfundazioaeuskadi.org\/es\/que-hacemos\/persona-mayor\/nuestro-modelo-asistencial\/cuidado-personas-mayores-residencia\/\" class=\"more-link\">Seguir leyendo<span class=\"screen-reader-text\"> &ldquo;Cuidado de personas mayores en residencias&rdquo;<\/span>&hellip;<\/a><\/div>\n","protected":false},"author":1,"featured_media":0,"parent":41528,"menu_order":35,"comment_status":"closed","ping_status":"closed","template":"templates\/sin-head-h1.php","meta":{"footnotes":""},"class_list":["post-42080","page","type-page","status-publish","hentry","entry"],"_links":{"self":[{"href":"https:\/\/ospitalarioakfundazioaeuskadi.org\/es\/wp-json\/wp\/v2\/pages\/42080","targetHints":{"allow":["GET"]}}],"collection":[{"href":"https:\/\/ospitalarioakfundazioaeuskadi.org\/es\/wp-json\/wp\/v2\/pages"}],"about":[{"href":"https:\/\/ospitalarioakfundazioaeuskadi.org\/es\/wp-json\/wp\/v2\/types\/page"}],"author":[{"embeddable":true,"href":"https:\/\/ospitalarioakfundazioaeuskadi.org\/es\/wp-json\/wp\/v2\/users\/1"}],"replies":[{"embeddable":true,"href":"https:\/\/ospitalarioakfundazioaeuskadi.org\/es\/wp-json\/wp\/v2\/comments?post=42080"}],"version-history":[{"count":3,"href":"https:\/\/ospitalarioakfundazioaeuskadi.org\/es\/wp-json\/wp\/v2\/pages\/42080\/revisions"}],"predecessor-version":[{"id":54266,"href":"https:\/\/ospitalarioakfundazioaeuskadi.org\/es\/wp-json\/wp\/v2\/pages\/42080\/revisions\/54266"}],"up":[{"embeddable":true,"href":"https:\/\/ospitalarioakfundazioaeuskadi.org\/es\/wp-json\/wp\/v2\/pages\/41528"}],"wp:attachment":[{"href":"https:\/\/ospitalarioakfundazioaeuskadi.org\/es\/wp-json\/wp\/v2\/media?parent=42080"}],"curies":[{"name":"wp","href":"https:\/\/api.w.org\/{rel}","templated":true}]}}