{"id":54242,"date":"2022-10-07T16:07:18","date_gmt":"2022-10-07T16:07:18","guid":{"rendered":"http:\/\/194.35.43.170\/~aitamenninueva\/?page_id=54242"},"modified":"2022-12-06T19:01:58","modified_gmt":"2022-12-06T19:01:58","slug":"cuidado-personas-mayores-centro-dia","status":"publish","type":"page","link":"https:\/\/ospitalarioakfundazioaeuskadi.org\/es\/que-hacemos\/persona-mayor\/nuestro-modelo-asistencial\/cuidado-personas-mayores-centro-dia\/","title":{"rendered":"Cuidado de personas mayores en centros de d\u00eda"},"content":{"rendered":"<div class=\"wpb-content-wrapper\"><p>[vc_row][vc_column width=\u00bb1\/2&#8243; el_class=\u00bbvc_col-sm-push-6&#8243;][vc_column_text]<\/p>\n<figure><img loading=\"lazy\" decoding=\"async\" width=\"425\" height=\"319\" src=\"https:\/\/ospitalarioakfundazioaeuskadi.org\/wp-content\/uploads\/2022\/11\/centro-dia-persona-mayor-744x558.jpg\" class=\"attachment-medium size-medium wp-post-image\" alt=\"Una mujer mayor usuaria de un centro de d\u00eda se r\u00ede junto a una profesional del mismo\" srcset=\"https:\/\/ospitalarioakfundazioaeuskadi.org\/wp-content\/uploads\/2022\/11\/centro-dia-persona-mayor-744x558.jpg 744w, https:\/\/ospitalarioakfundazioaeuskadi.org\/wp-content\/uploads\/2022\/11\/centro-dia-persona-mayor-768x576.jpg 768w, https:\/\/ospitalarioakfundazioaeuskadi.org\/wp-content\/uploads\/2022\/11\/centro-dia-persona-mayor.jpg 850w\" sizes=\"auto, (max-width: 425px) 100vw, 425px\" title=\"\"><\/figure>\n<p>[\/vc_column_text][\/vc_column][vc_column width=\u00bb1\/2&#8243; el_class=\u00bbvc_col-sm-pull-6&#8243;][vc_column_text el_class=\u00bbalter-1&#8243;]<\/p>\n<h1>Cuidado de personas mayores en centros de d\u00eda<\/h1>\n<p>El\u00a0<strong>Centro de D\u00eda<\/strong> es un recurso asistencial que nace con la finalidad de proporcionar cuidados de mantenimiento y rehabilitaci\u00f3n a personas mayores en situaci\u00f3n de dependencia. Con ello se propone facilitar la permanencia de estas personas en su entorno familiar y social el mayor tiempo y con el mejor nivel funcional y de calidad de vida posibles.<\/p>\n<p>[\/vc_column_text][\/vc_column][\/vc_row][vc_row gap=\u00bb35&#8243;][vc_column width=\u00bb1\/2&#8243;][vc_column_text el_class=\u00bbray-m-b-3&#8243;]<\/p>\n<h2>Objetivos<\/h2>\n<p>[\/vc_column_text][vc_column_text el_class=\u00bbray-m-b-3&#8243;]<\/p>\n<ul>\n<li><strong>Rehabilitaci\u00f3n funcional.<\/strong> Posibilitada mediante la aplicaci\u00f3n de programas espec\u00edficos destinados al tratamiento de los d\u00e9ficits funcionales y psicosociales y la potenciaci\u00f3n de las capacidades con atenci\u00f3n especial a aquellas de mayor riesgo de deterioro.<\/li>\n<li><strong>Atenci\u00f3n sanitaria.<\/strong>\u00a0Seguimiento en coordinaci\u00f3n con Centros de Salud y Centros de Salud Mental. Educaci\u00f3n en la Salud tanto para usuarios como para familiares y controles peri\u00f3dicos de salud.<\/li>\n<li><strong>Atenci\u00f3n y soporte social a la persona usuaria y a su entorno.<\/strong> En especial, buscando el mantenimiento del usuario en el medio extrahospitalario.<\/li>\n<\/ul>\n<p>[\/vc_column_text][\/vc_column][vc_column width=\u00bb1\/2&#8243;][vc_column_text el_class=\u00bbray-m-b-3&#8243;]<\/p>\n<h2>Equipo multidisciplinar<\/h2>\n<p>[\/vc_column_text][vc_column_text el_class=\u00bbray-m-b-3&#8243;]Nuestros equipos est\u00e1n compuestos por diferentes profesionales que trabajan de manera conjunta para atender las necesidades f\u00edsicas, psicol\u00f3gicas, emocionales, funcionales y espirituales:<\/p>\n<ul>\n<li style=\"list-style-type: none;\">\n<ul>\n<li>Personal de enfermer\u00eda<\/li>\n<li>Psic\u00f3logas y psic\u00f3logos<\/li>\n<li>Trabajadoras y trabajadores sociales<\/li>\n<li>Personal auxiliar de cl\u00ednica<\/li>\n<li>Monitoras y monitores de tiempo libre<\/li>\n<\/ul>\n<\/li>\n<\/ul>\n<p>[\/vc_column_text][\/vc_column][\/vc_row][vc_row][vc_column][vc_column_text el_class=\u00bbray-m-b-3&#8243;]<\/p>\n<h2>Programas y actividades<\/h2>\n<p>El Centro establece, previo acuerdo con la familia, un <strong>periodo de adaptaci\u00f3n individualizado<\/strong> durante el cual el usuario acude al Centro a tiempo parcial, facilit\u00e1ndole una adaptaci\u00f3n progresiva.<\/p>\n<p>Asimismo, el Centro de D\u00eda asigna a cada persona usuaria una <strong>auxiliar de referencia,<\/strong> que ser\u00e1 la persona que, de forma personalizada, realizar\u00e1 un acompa\u00f1amiento y apoyo individualizado tanto durante el proceso inicial de adaptaci\u00f3n como posteriormente durante su estancia en el Centro hasta el alta, canalizando la informaci\u00f3n entre la familia y el resto del equipo del centro de referencia.<\/p>\n<p>Durante el mencionado periodo de adaptaci\u00f3n, se realiza una <strong>evaluaci\u00f3n multidisciplinar<\/strong> de la situaci\u00f3n psicof\u00edsica y social de la persona usuaria con intervenci\u00f3n de todo el Equipo Terap\u00e9utico del Centro.<\/p>\n<p>De acuerdo con los resultados de dicha evaluaci\u00f3n, se establece el <strong>Plan de Atenci\u00f3n individualizado,<\/strong> que recoge los objetivos y actuaciones asistenciales a realizar con la persona usuaria. Este Plan es presentado a la persona usuaria y\/o familia y analizado conjuntamente en el Centro, realizando todas las modificaciones y ajustes que se consideren necesarios. El Plan resultante se entrega finalmente al usuario\/familia y es revisado al menos cada 6 meses o periodo inferior en caso de cambios significativos de la situaci\u00f3n de la persona usuaria, incorporando las modificaciones necesarias resultantes de su evoluci\u00f3n.[\/vc_column_text][vc_row_inner gap=\u00bb35&#8243;][vc_column_inner width=\u00bb1\/2&#8243;][vc_column_text]<\/p>\n<h3>Estimulaci\u00f3n cognoscitiva<\/h3>\n<p>La intervenci\u00f3n se fundamenta en la plasticidad inherente del cerebro que facilita que algunos de los d\u00e9ficits que se producen en patolog\u00edas defectuales a nivel del funcionamiento cognoscitivo sean reversibles o puedan ser compensados por medio de un nuevo aprendizaje o sobreaprendizaje.<\/p>\n<p>Integra los siguientes programas:<\/p>\n<ul>\n<li><strong>Buenos d\u00edas \u2013 Orientaci\u00f3n en la realidad.<\/strong>\u00a0Se trata de un m\u00e9todo de tratamiento de la confusi\u00f3n, desorientaci\u00f3n y p\u00e9rdida de memoria, mediante la estimulaci\u00f3n de los pacientes sobre hechos acerca de s\u00ed mismos y de su entorno.<\/li>\n<li><strong>Reminiscencia.\u00a0<\/strong>Pretende rememorar el pasado en el presente con el objetivo de reorientar al anciano, abordando el \u00e1rea emocional.<\/li>\n<li><strong>Entrenamiento cognoscitivo.<\/strong>\u00a0Tiene por objeto el abordaje de p\u00e9rdidas cognoscitivas propias de los Trastornos Demenciales y potenciar las capacidades existentes en el individuo.<\/li>\n<li><strong>Actualidad.<\/strong>\u00a0Grupos de discusi\u00f3n.\u00a0Aglutina aspectos de reorientaci\u00f3n, comunicaci\u00f3n y pensamiento abstracto.<\/li>\n<li><strong>Musicoterapia.\u00a0<\/strong>Tiene por objeto el abordaje de p\u00e9rdidas cognoscitivas propias de los Trastornos Demenciales y potenciar las capacidades existentes en el individuo.<\/li>\n<\/ul>\n<p>[\/vc_column_text][vc_column_text]<\/p>\n<h3>Rehabilitaci\u00f3n funcional<\/h3>\n<p>Se abordan temas relacionados con la conservaci\u00f3n de la integridad f\u00edsica y ps\u00edquica, esta \u00faltima a trav\u00e9s de aspectos relacionados con la imagen corporal en relaci\u00f3n a s\u00ed mismo y la pr\u00e1ctica de habilidades instrumentales de diversa complejidad que potencien la autonom\u00eda en relaci\u00f3n con el entorno.<\/p>\n<p>Integra los siguientes programas:<\/p>\n<ul>\n<li><strong>Programa de autocuidados.<\/strong>\u00a0Tiene como objetivo el mantener y\/o potenciar las capacidades que a\u00fan conservan pero no las ejercitan, mostr\u00e1ndoles la importancia del cuidado personal y aleccion\u00e1ndoles o ense\u00f1\u00e1ndoles habilidades que ayuden a mejorar su apariencia f\u00edsica. En este sentido se desarrollan 4 programas b\u00e1sicos a distintos niveles, como son el programa de alimentaci\u00f3n, vestido, higiene bucal y control de esf\u00ednteres.<\/li>\n<li><strong>Entrenamiento en habilidades cotidianas.<\/strong>\u00a0Est\u00e1 destinado a mantener y\/o potenciar las habilidades de la vida diaria, incidiendo en aquellas que realicen en funci\u00f3n de la autonom\u00eda conservada.<\/li>\n<li><strong>Educaci\u00f3n sanitaria.<\/strong>\u00a0Supone un entrenamiento en el mantenimiento de conductas de salud, adecuadas a las capacidades de los sujetos.<\/li>\n<\/ul>\n<p>[\/vc_column_text][vc_column_text]<\/p>\n<h3>Ocio y tiempo libre<\/h3>\n<p>Se dirige al entretenimiento y potenciaci\u00f3n de habilidades manuales creativas en personas con deterioro cognoscitivo.<\/p>\n<p>Integra los siguientes <strong>programas<\/strong>:<\/p>\n<ul>\n<li style=\"list-style-type: none;\">\n<ul>\n<li><strong>Manualidades.<\/strong>\u00a0Se utiliza la actividad como elemento de trabajo sobre aspectos psicomotores finos y groseros, trabajando aspectos grupales y de autovaloraci\u00f3n.<\/li>\n<li><strong>Ludoterapia.<\/strong>\u00a0El juego tambi\u00e9n supone una forma v\u00e1lida de estimulaci\u00f3n.<\/li>\n<li><strong>Animaci\u00f3n sociocultural y relaci\u00f3n con la comunidad.<\/strong>\u00a0Supone un acercamiento a la realidad circundante desde una perspectiva de ocio, y generadora de un espacio de socializaci\u00f3n y relaci\u00f3n tanto a nivel interno del Centro como, e igualmente importante, con el mundo externo al mismo.<\/li>\n<\/ul>\n<\/li>\n<\/ul>\n<p>[\/vc_column_text][\/vc_column_inner][vc_column_inner width=\u00bb1\/2&#8243;][vc_column_text]<\/p>\n<h3>Gimnasia y mantenimiento<\/h3>\n<h4>Rehabilitaci\u00f3n f\u00edsica<\/h4>\n<p>Est\u00e1 orientada a la prevenci\u00f3n y tratamiento de d\u00e9ficits psicomotores, abordando aspectos f\u00edsicos, ps\u00edquicos y sociales.<\/p>\n<p>El programa integra las siguientes <strong>actividades<\/strong>:<\/p>\n<ul>\n<li><strong>Movilizaci\u00f3n.<\/strong> Realizada de una forma constante, programada y met\u00f3dica consigue resultados que afectan a la esfera psicol\u00f3gica, social y f\u00edsica.<\/li>\n<li><strong>Gimnasia de mantenimiento.<\/strong> Destinada a la realizaci\u00f3n de ejercicios f\u00edsicos de mantenimiento y recuperaci\u00f3n.<\/li>\n<li><strong>Relajaci\u00f3n.<\/strong> La utilizaci\u00f3n de esta t\u00e9cnica puede resultar adecuado y gratificante en muchos casos.<\/li>\n<\/ul>\n<p>[\/vc_column_text][vc_column_text]<\/p>\n<h3>Programa de Atenci\u00f3n Pastoral<\/h3>\n<p>Su objetivo es asistir de forma efectiva las <strong>necesidades de tipo espiritual y religioso<\/strong> de los usuarios atendidos. As\u00ed, se contribuye a dar sentido a los a\u00f1os en medio de un ambiente familiar y humanizado, dando respuestas a las necesidades humanas y espirituales de los usuarios, sean creyentes o no, y ofreciendo cauces para reavivar y revitalizar los valores que han vivido a lo largo de su vida.[\/vc_column_text][vc_column_text]<\/p>\n<h3>Atenci\u00f3n a las familias<\/h3>\n<p>La familia es un agente necesario a considerar en la atenci\u00f3n a la persona mayor, ya que esta asistencia no se concibe sin tener en cuenta el entorno.<\/p>\n<p>El abordaje se centra en:<\/p>\n<ul>\n<li><strong>Informaci\u00f3n referente al centr<\/strong>o, as\u00ed como a la situaci\u00f3n del familiar atendido en el mismo, resolviendo todas las dudas posibles.<\/li>\n<li><strong>Formaci\u00f3n y capacitaci\u00f3n<\/strong> en estrategias de afrontamiento de posibles problemas que puedan surgir en la relaci\u00f3n usuario-familia.<\/li>\n<li><strong>Apoyo psicol\u00f3gico<\/strong>, mediante abordaje grupal \u2013 grupos de apoyo, as\u00ed como individualizado.<\/li>\n<\/ul>\n<p>[\/vc_column_text][\/vc_column_inner][\/vc_row_inner][\/vc_column][\/vc_row][vc_row full_width=\u00bbstretch_row_content\u00bb css=\u00bb.vc_custom_1665163755998{padding-right: 40px !important;padding-left: 40px !important;background-color: #efefef !important;}\u00bb][vc_column][vc_column_text]\n\n\n<div id=\"wpv-view-layout-54260\" class=\"js-wpv-view-layout js-wpv-layout-responsive js-wpv-view-layout-54260\" data-viewnumber=\"54260\" data-pagination=\"{&quot;id&quot;:54260,&quot;query&quot;:&quot;normal&quot;,&quot;type&quot;:&quot;disabled&quot;,&quot;effect&quot;:&quot;fade&quot;,&quot;duration&quot;:500,&quot;speed&quot;:5,&quot;pause_on_hover&quot;:&quot;enabled&quot;,&quot;stop_rollover&quot;:&quot;false&quot;,&quot;cache_pages&quot;:&quot;enabled&quot;,&quot;preload_images&quot;:&quot;enabled&quot;,&quot;preload_pages&quot;:&quot;enabled&quot;,&quot;preload_reach&quot;:1,&quot;spinner&quot;:&quot;builtin&quot;,&quot;spinner_image&quot;:&quot;https:\/\/www.aita-menni.org\/wp-content\/plugins\/toolset-blocks\/embedded\/res\/img\/ajax-loader.gif&quot;,&quot;callback_next&quot;:&quot;&quot;,&quot;manage_history&quot;:&quot;enabled&quot;,&quot;has_controls_in_form&quot;:&quot;disabled&quot;,&quot;infinite_tolerance&quot;:&quot;0&quot;,&quot;max_pages&quot;:0,&quot;page&quot;:1,&quot;base_permalink&quot;:&quot;\/es\/wp-json\/wp\/v2\/pages\/54242?wpv_view_count=54260&amp;wpv_paged=WPV_PAGE_NUM&quot;,&quot;loop&quot;:{&quot;type&quot;:&quot;&quot;,&quot;name&quot;:&quot;&quot;,&quot;data&quot;:[],&quot;id&quot;:0}}\" data-permalink=\"\/es\/wp-json\/wp\/v2\/pages\/54242?wpv_view_count=54260\">\n\n\t\n<h2 style=\"text-align:center;\">Centros de d\u00eda<\/h2>\n<div class=\"sli\">\n\n\t\t\n          <div class=\"diapo\"><div id=\"caja\" class=\"caja\"><figure><img loading=\"lazy\" decoding=\"async\" width=\"425\" height=\"319\" src=\"https:\/\/ospitalarioakfundazioaeuskadi.org\/wp-content\/uploads\/2023\/11\/hospitalarias-aita-meni-musakola-2-425x319.jpg\" class=\"attachment-medium size-medium wp-post-image\" alt=\"Fachada del Centro Musakola de Hermanas Hospitalarias Aita Menni\" srcset=\"https:\/\/ospitalarioakfundazioaeuskadi.org\/wp-content\/uploads\/2023\/11\/hospitalarias-aita-meni-musakola-2-425x319.jpg 425w, https:\/\/ospitalarioakfundazioaeuskadi.org\/wp-content\/uploads\/2023\/11\/hospitalarias-aita-meni-musakola-2-768x576.jpg 768w, https:\/\/ospitalarioakfundazioaeuskadi.org\/wp-content\/uploads\/2023\/11\/hospitalarias-aita-meni-musakola-2.jpg 850w\" sizes=\"auto, (max-width: 425px) 100vw, 425px\" title=\"\"><\/figure><p class=\"loc\">Arrasate \/ Mondrag\u00f3n (Gipuzkoa)<\/p>\n<h3><a href=\"https:\/\/ospitalarioakfundazioaeuskadi.org\/es\/centro\/centro-musakola\/\">Centro Musakola<\/a><\/h3>\n<p>Tel: +34 943 318 740<\/p>\n<p><\/p>\n<div id=\"\" class=\"boton-blanco\"><a href=\"https:\/\/ospitalarioakfundazioaeuskadi.org\/es\/centro\/centro-musakola\/\" title=\"Centro Musakola\">Ver centro \u2192<\/a><\/div><\/div><\/div>\n\t\n          <div class=\"diapo\"><div id=\"caja\" class=\"caja\"><figure><img loading=\"lazy\" decoding=\"async\" width=\"425\" height=\"283\" src=\"https:\/\/ospitalarioakfundazioaeuskadi.org\/wp-content\/uploads\/2021\/12\/residencia-mayores-txurdinagabarri-exterior-1-744x496.jpg\" class=\"attachment-medium size-medium wp-post-image\" alt=\"Exterior de la Residencia de personas mayores Txurdinagabarri de Bilbao\" srcset=\"https:\/\/ospitalarioakfundazioaeuskadi.org\/wp-content\/uploads\/2021\/12\/residencia-mayores-txurdinagabarri-exterior-1-744x496.jpg 744w, https:\/\/ospitalarioakfundazioaeuskadi.org\/wp-content\/uploads\/2021\/12\/residencia-mayores-txurdinagabarri-exterior-1-768x512.jpg 768w, https:\/\/ospitalarioakfundazioaeuskadi.org\/wp-content\/uploads\/2021\/12\/residencia-mayores-txurdinagabarri-exterior-1.jpg 790w\" sizes=\"auto, (max-width: 425px) 100vw, 425px\" title=\"\"><\/figure><p class=\"loc\">Bilbao (Bizkaia)<\/p>\n<h3><a href=\"https:\/\/ospitalarioakfundazioaeuskadi.org\/es\/centro\/centro-dia-mayores-bilbao-txurdinagabarri\/\">Centro de D\u00eda de Personas Mayores Txurdinagabarri<\/a><\/h3>\n<p>Tel: +34 944 598 047<\/p>\n<p><a href=\"mailto:cdiatxurdinaga.aitamenni@hospitalarias.es\" title=\"cdiatxurdinaga.aitamenni@hospitalarias.es\">cdiatxurdinaga.aitamenni@hospitalarias.es<\/a><\/p>\n<div id=\"\" class=\"boton-blanco\"><a href=\"https:\/\/ospitalarioakfundazioaeuskadi.org\/es\/centro\/centro-dia-mayores-bilbao-txurdinagabarri\/\" title=\"Centro de D\u00eda de Personas Mayores Txurdinagabarri\">Ver centro \u2192<\/a><\/div><\/div><\/div>\n\t\n          <div class=\"diapo\"><div id=\"caja\" class=\"caja\"><figure><img loading=\"lazy\" decoding=\"async\" width=\"425\" height=\"283\" src=\"https:\/\/ospitalarioakfundazioaeuskadi.org\/wp-content\/uploads\/2021\/12\/residencia-mayores-barabdiaran-durango-6-744x495.jpg\" class=\"attachment-medium size-medium wp-post-image\" alt=\"Exterior de la Residencia de personas mayores Barandiaran de Durango, Bizkaia\" srcset=\"https:\/\/ospitalarioakfundazioaeuskadi.org\/wp-content\/uploads\/2021\/12\/residencia-mayores-barabdiaran-durango-6-744x495.jpg 744w, https:\/\/ospitalarioakfundazioaeuskadi.org\/wp-content\/uploads\/2021\/12\/residencia-mayores-barabdiaran-durango-6-768x511.jpg 768w, https:\/\/ospitalarioakfundazioaeuskadi.org\/wp-content\/uploads\/2021\/12\/residencia-mayores-barabdiaran-durango-6.jpg 790w\" sizes=\"auto, (max-width: 425px) 100vw, 425px\" title=\"\"><\/figure><p class=\"loc\">Durango (Bizkaia)<\/p>\n<h3><a href=\"https:\/\/ospitalarioakfundazioaeuskadi.org\/es\/centro\/centro-dia-mayores-durango-barandiaran\/\">Centro de D\u00eda de Personas Mayores Joxe Miel Barandiaran<\/a><\/h3>\n<p>Tel: +34 946 215 438<\/p>\n<p><a href=\"mailto:cdiadurango.aitamenni@hospitalarias.es\" title=\"cdiadurango.aitamenni@hospitalarias.es\">cdiadurango.aitamenni@hospitalarias.es<\/a><\/p>\n<div id=\"\" class=\"boton-blanco\"><a href=\"https:\/\/ospitalarioakfundazioaeuskadi.org\/es\/centro\/centro-dia-mayores-durango-barandiaran\/\" title=\"Centro de D\u00eda de Personas Mayores Joxe Miel Barandiaran\">Ver centro \u2192<\/a><\/div><\/div><\/div>\n\t\n          <div class=\"diapo\"><div id=\"caja\" class=\"caja\"><figure><img loading=\"lazy\" decoding=\"async\" width=\"425\" height=\"283\" src=\"https:\/\/ospitalarioakfundazioaeuskadi.org\/wp-content\/uploads\/2021\/12\/residencia-personas-mayores-san-martin-onate-1-744x496.jpg\" class=\"attachment-medium size-medium wp-post-image\" alt=\"Residencia de Personas Mayores San Mart\u00edn de O\u00f1ate\" srcset=\"https:\/\/ospitalarioakfundazioaeuskadi.org\/wp-content\/uploads\/2021\/12\/residencia-personas-mayores-san-martin-onate-1-744x496.jpg 744w, https:\/\/ospitalarioakfundazioaeuskadi.org\/wp-content\/uploads\/2021\/12\/residencia-personas-mayores-san-martin-onate-1-768x512.jpg 768w, https:\/\/ospitalarioakfundazioaeuskadi.org\/wp-content\/uploads\/2021\/12\/residencia-personas-mayores-san-martin-onate-1.jpg 790w\" sizes=\"auto, (max-width: 425px) 100vw, 425px\" title=\"\"><\/figure><p class=\"loc\">O\u00f1ate (Gipuzkoa)<\/p>\n<h3><a href=\"https:\/\/ospitalarioakfundazioaeuskadi.org\/es\/centro\/centro-dia-mayores-onate-san-martin\/\">Centro de D\u00eda de Personas Mayores San Mart\u00edn<\/a><\/h3>\n<p>Tel: +34 943 716 448<\/p>\n<p><a href=\"mailto:sanmartin.aitamenni@hospitalarias.es\" title=\"sanmartin.aitamenni@hospitalarias.es\">sanmartin.aitamenni@hospitalarias.es<\/a><\/p>\n<div id=\"\" class=\"boton-blanco\"><a href=\"https:\/\/ospitalarioakfundazioaeuskadi.org\/es\/centro\/centro-dia-mayores-onate-san-martin\/\" title=\"Centro de D\u00eda de Personas Mayores San Mart\u00edn\">Ver centro \u2192<\/a><\/div><\/div><\/div>\n\t\n          <div class=\"diapo\"><div id=\"caja\" class=\"caja\"><figure><img loading=\"lazy\" decoding=\"async\" width=\"425\" height=\"283\" src=\"https:\/\/ospitalarioakfundazioaeuskadi.org\/wp-content\/uploads\/2021\/12\/centro-dia-mayores-bergara-1-1-744x496.jpg\" class=\"attachment-medium size-medium wp-post-image\" alt=\"Centro de d\u00eda de personas mayores de Bergara\" srcset=\"https:\/\/ospitalarioakfundazioaeuskadi.org\/wp-content\/uploads\/2021\/12\/centro-dia-mayores-bergara-1-1-744x496.jpg 744w, https:\/\/ospitalarioakfundazioaeuskadi.org\/wp-content\/uploads\/2021\/12\/centro-dia-mayores-bergara-1-1-768x512.jpg 768w, https:\/\/ospitalarioakfundazioaeuskadi.org\/wp-content\/uploads\/2021\/12\/centro-dia-mayores-bergara-1-1.jpg 790w\" sizes=\"auto, (max-width: 425px) 100vw, 425px\" title=\"\"><\/figure><p class=\"loc\">Bergara (Gipuzkoa)<\/p>\n<h3><a href=\"https:\/\/ospitalarioakfundazioaeuskadi.org\/es\/centro\/centro-dia-mayores-bergara\/\">Centro de D\u00eda de Personas Mayores<\/a><\/h3>\n<p>Tel: +34 943 760 976<\/p>\n<p><a href=\"mailto:cdpmbergara.aitamenni@hospitalarias.es\" title=\"cdpmbergara.aitamenni@hospitalarias.es\">cdpmbergara.aitamenni@hospitalarias.es<\/a><\/p>\n<div id=\"\" class=\"boton-blanco\"><a href=\"https:\/\/ospitalarioakfundazioaeuskadi.org\/es\/centro\/centro-dia-mayores-bergara\/\" title=\"Centro de D\u00eda de Personas Mayores\">Ver centro \u2192<\/a><\/div><\/div><\/div>\n\t\n\n<\/div>\n\t\n\t\n<\/div>[\/vc_column_text][\/vc_column][\/vc_row]<\/p>\n<\/div>","protected":false},"excerpt":{"rendered":"<div class=\"link-more\"><a href=\"https:\/\/ospitalarioakfundazioaeuskadi.org\/es\/que-hacemos\/persona-mayor\/nuestro-modelo-asistencial\/cuidado-personas-mayores-centro-dia\/\" class=\"more-link\">Seguir leyendo<span class=\"screen-reader-text\"> &ldquo;Cuidado de personas mayores en centros de d\u00eda&rdquo;<\/span>&hellip;<\/a><\/div>\n","protected":false},"author":1,"featured_media":55725,"parent":41528,"menu_order":34,"comment_status":"closed","ping_status":"closed","template":"templates\/sin-head-h1.php","meta":{"footnotes":""},"class_list":["post-54242","page","type-page","status-publish","has-post-thumbnail","hentry","entry"],"_links":{"self":[{"href":"https:\/\/ospitalarioakfundazioaeuskadi.org\/es\/wp-json\/wp\/v2\/pages\/54242","targetHints":{"allow":["GET"]}}],"collection":[{"href":"https:\/\/ospitalarioakfundazioaeuskadi.org\/es\/wp-json\/wp\/v2\/pages"}],"about":[{"href":"https:\/\/ospitalarioakfundazioaeuskadi.org\/es\/wp-json\/wp\/v2\/types\/page"}],"author":[{"embeddable":true,"href":"https:\/\/ospitalarioakfundazioaeuskadi.org\/es\/wp-json\/wp\/v2\/users\/1"}],"replies":[{"embeddable":true,"href":"https:\/\/ospitalarioakfundazioaeuskadi.org\/es\/wp-json\/wp\/v2\/comments?post=54242"}],"version-history":[{"count":4,"href":"https:\/\/ospitalarioakfundazioaeuskadi.org\/es\/wp-json\/wp\/v2\/pages\/54242\/revisions"}],"predecessor-version":[{"id":56527,"href":"https:\/\/ospitalarioakfundazioaeuskadi.org\/es\/wp-json\/wp\/v2\/pages\/54242\/revisions\/56527"}],"up":[{"embeddable":true,"href":"https:\/\/ospitalarioakfundazioaeuskadi.org\/es\/wp-json\/wp\/v2\/pages\/41528"}],"wp:featuredmedia":[{"embeddable":true,"href":"https:\/\/ospitalarioakfundazioaeuskadi.org\/es\/wp-json\/wp\/v2\/media\/55725"}],"wp:attachment":[{"href":"https:\/\/ospitalarioakfundazioaeuskadi.org\/es\/wp-json\/wp\/v2\/media?parent=54242"}],"curies":[{"name":"wp","href":"https:\/\/api.w.org\/{rel}","templated":true}]}}