{"id":54468,"date":"2022-10-11T13:54:40","date_gmt":"2022-10-11T13:54:40","guid":{"rendered":"http:\/\/194.35.43.170\/~aitamenninueva\/?page_id=54468"},"modified":"2023-04-29T14:15:54","modified_gmt":"2023-04-29T14:15:54","slug":"docencia-y-formacion","status":"publish","type":"page","link":"https:\/\/ospitalarioakfundazioaeuskadi.org\/es\/quienes-somos\/conocimiento\/docencia-y-formacion\/","title":{"rendered":"Docencia y formaci\u00f3n"},"content":{"rendered":"<div class=\"wpb-content-wrapper\"><p>[vc_row full_width=\u00bbstretch_row\u00bb][vc_column width=\u00bb1\/2&#8243; el_class=\u00bbvc_col-sm-push-6&#8243;][vc_column_text]<img loading=\"lazy\" decoding=\"async\" width=\"425\" height=\"284\" src=\"https:\/\/ospitalarioakfundazioaeuskadi.org\/wp-content\/uploads\/2022\/10\/practicas.jpg\" class=\"attachment-medium size-medium wp-post-image\" alt=\"Un grupo de estudiantes de Enfermer\u00eda de la Universidad de Navarra, en una visita al Hospital Aita Menni\" title=\"\">[\/vc_column_text][\/vc_column][vc_column width=\u00bb1\/2&#8243; el_class=\u00bbvc_col-sm-pull-6&#8243;][vc_column_text el_class=\u00bbalter-1&#8243;]<\/p>\n<h1>Docencia y formaci\u00f3n<\/h1>\n<p><a href=\"https:\/\/ospitalarioakfundazioaeuskadi.org\/es\/quienes-somos\/\"><strong>Hermanas Hospitalarias Aita Menni<\/strong><\/a> mantiene convenios con las siguientes entidades, de las que recibe alumnado en pr\u00e1cticas o a las que proporciona docencia a trav\u00e9s de profesionales de nuestra Instituci\u00f3n.[\/vc_column_text][\/vc_column][\/vc_row][vc_row gap=\u00bb35&#8243;][vc_column width=\u00bb1\/2&#8243;][vc_column_text]<\/p>\n<h2 class=\"h-subr\">Pr\u00e1cticas Grado \/ Posgrado Psicolog\u00eda<\/h2>\n<ul>\n<li>Universidad del Pa\u00eds Vasco<\/li>\n<li>Universidad de Deusto<\/li>\n<li>Universidad Pontificia de Salamanca<\/li>\n<li>Instituto de Estudios Superiores<\/li>\n<li>Asociaci\u00f3n Espa\u00f1ola de Psicolog\u00eda Cognitivo-Conductual<\/li>\n<li>Colegio Oficial de Psic\u00f3logos de Bizkaia<\/li>\n<li>Universidad Complutense<\/li>\n<li>Hospital Donostia<\/li>\n<li>Hospital Basurto<\/li>\n<li>Universidad Aut\u00f3noma de Barcelona<\/li>\n<li>Universidad de Valencia<\/li>\n<\/ul>\n<h2 class=\"h-subr\">Pr\u00e1cticas de Enfermer\u00eda<\/h2>\n<ul>\n<li>Universidad del Pa\u00eds Vasco &#8211; Escuela Universitaria de Enfermer\u00eda<\/li>\n<li>Universidad Pa\u00eds Vasco &#8211; Facultad de Medicina<\/li>\n<li>Universidad Ram\u00f3n Llul<\/li>\n<li>Universidad de Navarra<\/li>\n<\/ul>\n<h2 class=\"h-subr\">Pr\u00e1cticas de Auxiliar de Enfermer\u00eda<\/h2>\n<ul>\n<li>Instituto de Ondarroa<\/li>\n<li>IEFPS Zornotza<\/li>\n<li>Arizmendi Ikastola<\/li>\n<li>Iurreta Institutoa<\/li>\n<li>Aretxabaleta Institutua<\/li>\n<\/ul>\n<h2 class=\"h-subr\">Pr\u00e1cticas de Integraci\u00f3n Social<\/h2>\n<ul>\n<li>Mariaren Lagundia Ikastola<\/li>\n<li>Nazaret<\/li>\n<li>Centro Egibide<\/li>\n<\/ul>\n<h2 class=\"h-subr\">Pr\u00e1cticas de Terapia Ocupacional<\/h2>\n<ul>\n<li>Universidad de Burgos<\/li>\n<li>Universidad de Castilla La Mancha<\/li>\n<li>Universidad Miguel Hern\u00e1ndez de Elche<\/li>\n<\/ul>\n<p>[\/vc_column_text][\/vc_column][vc_column width=\u00bb1\/2&#8243;][vc_column_text]<\/p>\n<h2 class=\"h-subr\">Pr\u00e1cticas de Trabajo Social<\/h2>\n<ul>\n<li>Universidad del Pa\u00eds Vasco<\/li>\n<\/ul>\n<h2 class=\"h-subr\">Pr\u00e1cticas de Logopedia<\/h2>\n<ul>\n<li>Instituto Superior de Estudios Psicol\u00f3gicos de Barcelona<\/li>\n<li>Escuela Universitaria Gimbernat Cantabria<\/li>\n<li>Universidad Pontificia de Salamanca<\/li>\n<\/ul>\n<h2 class=\"h-subr\">Pr\u00e1cticas de Fisioterapia<\/h2>\n<ul>\n<li>Universidad de Vic<\/li>\n<li>Universidad Aut\u00f3noma de Barcelona<\/li>\n<li>Escuela Universitaria Gimbernat Cantabria<\/li>\n<li>Universidad Alfonso X El Sabio<\/li>\n<\/ul>\n<h2 class=\"h-subr\">Pr\u00e1cticas de Administraci\u00f3n<\/h2>\n<ul>\n<li>Mondrag\u00f3n Unibertsitatea<\/li>\n<li>Academia Bastida de Arrasate<\/li>\n<\/ul>\n<h2 class=\"h-subr\">Pr\u00e1cticas de Atenci\u00f3n Sociosanitaria<\/h2>\n<ul>\n<li>Aretxabaleta Institutoa<\/li>\n<li>Universidad Nacional de Educaci\u00f3n a Distancia<\/li>\n<li>Academia Bastida Arrasate<\/li>\n<li>Elgoibar Lanbide Eskola<\/li>\n<li>Ibaizabal Ikastola Durango Zabaltzen<\/li>\n<\/ul>\n<h2 class=\"h-subr\">Pr\u00e1cticas en Recursos Humanos<\/h2>\n<ul>\n<li>Universidad del Pa\u00eds Vasco<\/li>\n<li>Mondrag\u00f3n Unibertsitatea<\/li>\n<\/ul>\n<h2 class=\"h-subr\">Pr\u00e1cticas en gesti\u00f3n hospitalaria<\/h2>\n<ul>\n<li>Universidad de Deusto &#8211; M\u00e1ster en Gesti\u00f3n Sanitaria<\/li>\n<li>Mondrag\u00f3n Unibertsitatea &#8211; Grado en Liderazgo Emprendedor e Innovaci\u00f3n<\/li>\n<\/ul>\n<p>[\/vc_column_text][\/vc_column][\/vc_row]<\/p>\n<\/div>","protected":false},"excerpt":{"rendered":"<div class=\"entry-summary\">\n Docencia y formaci\u00f3n Hermanas Hospitalarias Aita Menni mantiene convenios con las siguientes entidades, de las que recibe alumnado en pr\u00e1cticas o a las que proporciona docencia a trav\u00e9s de profesionales de nuestra Instituci\u00f3n.[vc_row&hellip;\n<\/div>\n<div class=\"link-more\"><a href=\"https:\/\/ospitalarioakfundazioaeuskadi.org\/es\/quienes-somos\/conocimiento\/docencia-y-formacion\/\" class=\"more-link\">Seguir leyendo<span class=\"screen-reader-text\"> &ldquo;Docencia y formaci\u00f3n&rdquo;<\/span>&hellip;<\/a><\/div>\n","protected":false},"author":1,"featured_media":54477,"parent":24501,"menu_order":19,"comment_status":"closed","ping_status":"closed","template":"templates\/sin-head-h1.php","meta":{"footnotes":""},"class_list":["post-54468","page","type-page","status-publish","has-post-thumbnail","hentry","entry"],"_links":{"self":[{"href":"https:\/\/ospitalarioakfundazioaeuskadi.org\/es\/wp-json\/wp\/v2\/pages\/54468","targetHints":{"allow":["GET"]}}],"collection":[{"href":"https:\/\/ospitalarioakfundazioaeuskadi.org\/es\/wp-json\/wp\/v2\/pages"}],"about":[{"href":"https:\/\/ospitalarioakfundazioaeuskadi.org\/es\/wp-json\/wp\/v2\/types\/page"}],"author":[{"embeddable":true,"href":"https:\/\/ospitalarioakfundazioaeuskadi.org\/es\/wp-json\/wp\/v2\/users\/1"}],"replies":[{"embeddable":true,"href":"https:\/\/ospitalarioakfundazioaeuskadi.org\/es\/wp-json\/wp\/v2\/comments?post=54468"}],"version-history":[{"count":3,"href":"https:\/\/ospitalarioakfundazioaeuskadi.org\/es\/wp-json\/wp\/v2\/pages\/54468\/revisions"}],"predecessor-version":[{"id":60490,"href":"https:\/\/ospitalarioakfundazioaeuskadi.org\/es\/wp-json\/wp\/v2\/pages\/54468\/revisions\/60490"}],"up":[{"embeddable":true,"href":"https:\/\/ospitalarioakfundazioaeuskadi.org\/es\/wp-json\/wp\/v2\/pages\/24501"}],"wp:featuredmedia":[{"embeddable":true,"href":"https:\/\/ospitalarioakfundazioaeuskadi.org\/es\/wp-json\/wp\/v2\/media\/54477"}],"wp:attachment":[{"href":"https:\/\/ospitalarioakfundazioaeuskadi.org\/es\/wp-json\/wp\/v2\/media?parent=54468"}],"curies":[{"name":"wp","href":"https:\/\/api.w.org\/{rel}","templated":true}]}}