{"id":72993,"date":"2025-05-12T16:45:04","date_gmt":"2025-05-12T16:45:04","guid":{"rendered":"https:\/\/ospitalarioakfundazioaeuskadi.org\/?page_id=72993"},"modified":"2025-05-20T13:15:29","modified_gmt":"2025-05-20T13:15:29","slug":"calidad-medioambiente","status":"publish","type":"page","link":"https:\/\/ospitalarioakfundazioaeuskadi.org\/es\/quienes-somos\/organizacion-calidad\/calidad-medioambiente\/","title":{"rendered":"Pol\u00edtica de calidad y medioambiente"},"content":{"rendered":"<div class=\"wpb-content-wrapper\"><p>[vc_row][vc_column width=\u00bb1\/2&#8243; el_class=\u00bbvc_col-sm-push-6&#8243;][vc_column_text css=\u00bb\u00bb]<\/p>\n<img loading=\"lazy\" decoding=\"async\" width=\"850\" height=\"531\" src=\"https:\/\/ospitalarioakfundazioaeuskadi.org\/wp-content\/uploads\/2025\/05\/certificados_es.png\" class=\"attachment-full size-full wp-post-image\" alt=\"Certificados 9001 y 14001\" srcset=\"https:\/\/ospitalarioakfundazioaeuskadi.org\/wp-content\/uploads\/2025\/05\/certificados_es.png 850w, https:\/\/ospitalarioakfundazioaeuskadi.org\/wp-content\/uploads\/2025\/05\/certificados_es-425x266.png 425w, https:\/\/ospitalarioakfundazioaeuskadi.org\/wp-content\/uploads\/2025\/05\/certificados_es-768x480.png 768w\" sizes=\"auto, (max-width: 850px) 100vw, 850px\" title=\"\">\n<p>[\/vc_column_text][\/vc_column][vc_column width=\u00bb1\/2&#8243; el_class=\u00bbvc_col-sm-pull-6&#8243;][vc_column_text css=\u00bb\u00bb el_class=\u00bbalter-0&#8243;]<\/p>\n<h1>Pol\u00edtica de calidad y medioambiente<\/h1>\n<p>En respuesta a los compromisos de nuestra misi\u00f3n, visi\u00f3n y valores y para cumplir con ellos, en Ospitalarioak Fundazioa Euskadi nos hemos dotado de un modelo de organizaci\u00f3n y gesti\u00f3n que incorpora los principios de los sistemas de gesti\u00f3n de la calidad y gesti\u00f3n ambiental, a trav\u00e9s de los cuales se garantiza el cumplimiento de los requisitos y normativas legales existentes y que posibilita la consecuci\u00f3n de los siguientes <strong>objetivos b\u00e1sicos:<\/strong>[\/vc_column_text][\/vc_column][\/vc_row][vc_row][vc_column width=\u00bb2\/3&#8243;][vc_column_text css=\u00bb\u00bb]<\/p>\n<ul class=\"flecha\">\n<li><strong>Promover la mejora continua y la eficiencia de nuestros procesos,<\/strong> dando respuesta a las necesidades y expectativas de las partes interesadas.<\/li>\n<li>Contribuir al <strong>desarrollo e innovaci\u00f3n<\/strong> en nuestro modelo asistencial y de nuestros procesos de gesti\u00f3n.<\/li>\n<li>Visi\u00f3n integral de la <strong>calidad y la seguridad del paciente<\/strong>, mediante el desarrollo de un sistema de gesti\u00f3n de los riesgos espec\u00edficos a los perfiles de los pacientes atendidos.<\/li>\n<li><strong>Contribuir a la prevenci\u00f3n de la contaminaci\u00f3n, protecci\u00f3n del medio ambiente y lucha contra el cambio clim\u00e1tico<\/strong>, especialmente a trav\u00e9s de actuaciones de:\n<ul class=\"no-flecha\">\n<li>eficiencia energ\u00e9tica, mediante una gesti\u00f3n ambiental responsable tanto en la prestaci\u00f3n de nuestros servicios como en el mantenimiento de nuestros centros e<br \/>\ninstalaciones.<\/li>\n<li>reducci\u00f3n del volumen e impacto de los residuos y emisiones, a trav\u00e9s de gesti\u00f3n de residuos controlada y eficiente.<\/li>\n<\/ul>\n<\/li>\n<\/ul>\n<p>El equipo directivo de Ospitalarioak Fundazioa se compromete a liderar, impulsar y mantener esta pol\u00edtica:<\/p>\n<ul class=\"flecha\">\n<li>como <strong>marco de referencia<\/strong> para el establecimiento y revisi\u00f3n de objetivos.<\/li>\n<li>asignando los <strong>recursos<\/strong> necesarios para su cumplimiento.<\/li>\n<li>articulando y promoviendo la <strong>participaci\u00f3n e implicaci\u00f3n<\/strong> de colaboradores y pacientes\/usuarios y el conjunto de integrantes de la comunidad hospitalaria.<\/li>\n<\/ul>\n<p>[\/vc_column_text][vc_row_inner][vc_column_inner width=\u00bb1\/2&#8243; offset=\u00bbvc_col-xs-3&#8243;][vc_single_image image=\u00bb72814&#8243; alignment=\u00bbcenter\u00bb css=\u00bb\u00bb][\/vc_column_inner][vc_column_inner width=\u00bb1\/2&#8243; offset=\u00bbvc_col-xs-3&#8243;][vc_single_image image=\u00bb72812&#8243; alignment=\u00bbcenter\u00bb css=\u00bb\u00bb][\/vc_column_inner][\/vc_row_inner][\/vc_column][vc_column width=\u00bb1\/3&#8243;][vc_column_text css=\u00bb\u00bb el_class=\u00bbcaja\u00bb]<\/p>\n<h4>Aenor ISO 9001<\/h4>\n<ul class=\"flecha\">\n<li><a href=\"\/wp-content\/uploads\/certificados-calidad\/CertificadoER-0176-2006_ES_2025-05-14.pdf\">Certificado del Sistema de Gesti\u00f3n de la Calidad<\/a><\/li>\n<li><a href=\"\/wp-content\/uploads\/certificados-calidad\/AnexoAlcanceER-0176-2006_ES_2025-05-14.pdf\">Anexo al Certificado. Alcance.<\/a><\/li>\n<li><a href=\"\/wp-content\/uploads\/certificados-calidad\/AnexoDireccionesER-0176-2006_ES_2025-05-14.pdf\">Anexo al Certificado. Establecimientos.<\/a><\/li>\n<\/ul>\n<p>[\/vc_column_text][vc_column_text css=\u00bb\u00bb el_class=\u00bbcaja\u00bb]<\/p>\n<h4>Aenor ISO 14001<\/h4>\n<ul class=\"flecha\">\n<li><a href=\"\/wp-content\/uploads\/certificados-calidad\/CertificadoGA-2024-0175_ES_2025-05-14.pdf\">Certificado del Sistema de Gesti\u00f3n Ambiental<\/a><\/li>\n<\/ul>\n<p>[\/vc_column_text][\/vc_column][\/vc_row][vc_row][vc_column][vc_column_text]<\/p>\n<p>[\/vc_column_text][\/vc_column][\/vc_row]<\/p>\n<\/div>","protected":false},"excerpt":{"rendered":"<div class=\"entry-summary\">\n  Pol\u00edtica de calidad y medioambiente En respuesta a los compromisos de nuestra misi\u00f3n, visi\u00f3n y valores y para cumplir con ellos, en Ospitalarioak Fundazioa Euskadi nos hemos dotado de un modelo&hellip;\n<\/div>\n<div class=\"link-more\"><a href=\"https:\/\/ospitalarioakfundazioaeuskadi.org\/es\/quienes-somos\/organizacion-calidad\/calidad-medioambiente\/\" class=\"more-link\">Seguir leyendo<span class=\"screen-reader-text\"> &ldquo;Pol\u00edtica de calidad y medioambiente&rdquo;<\/span>&hellip;<\/a><\/div>\n","protected":false},"author":1,"featured_media":73240,"parent":24505,"menu_order":0,"comment_status":"closed","ping_status":"closed","template":"templates\/sin-head-h1.php","meta":{"footnotes":""},"class_list":["post-72993","page","type-page","status-publish","has-post-thumbnail","hentry","entry"],"_links":{"self":[{"href":"https:\/\/ospitalarioakfundazioaeuskadi.org\/es\/wp-json\/wp\/v2\/pages\/72993","targetHints":{"allow":["GET"]}}],"collection":[{"href":"https:\/\/ospitalarioakfundazioaeuskadi.org\/es\/wp-json\/wp\/v2\/pages"}],"about":[{"href":"https:\/\/ospitalarioakfundazioaeuskadi.org\/es\/wp-json\/wp\/v2\/types\/page"}],"author":[{"embeddable":true,"href":"https:\/\/ospitalarioakfundazioaeuskadi.org\/es\/wp-json\/wp\/v2\/users\/1"}],"replies":[{"embeddable":true,"href":"https:\/\/ospitalarioakfundazioaeuskadi.org\/es\/wp-json\/wp\/v2\/comments?post=72993"}],"version-history":[{"count":3,"href":"https:\/\/ospitalarioakfundazioaeuskadi.org\/es\/wp-json\/wp\/v2\/pages\/72993\/revisions"}],"predecessor-version":[{"id":73243,"href":"https:\/\/ospitalarioakfundazioaeuskadi.org\/es\/wp-json\/wp\/v2\/pages\/72993\/revisions\/73243"}],"up":[{"embeddable":true,"href":"https:\/\/ospitalarioakfundazioaeuskadi.org\/es\/wp-json\/wp\/v2\/pages\/24505"}],"wp:featuredmedia":[{"embeddable":true,"href":"https:\/\/ospitalarioakfundazioaeuskadi.org\/es\/wp-json\/wp\/v2\/media\/73240"}],"wp:attachment":[{"href":"https:\/\/ospitalarioakfundazioaeuskadi.org\/es\/wp-json\/wp\/v2\/media?parent=72993"}],"curies":[{"name":"wp","href":"https:\/\/api.w.org\/{rel}","templated":true}]}}