{"id":77304,"date":"2026-02-17T13:35:26","date_gmt":"2026-02-17T11:35:26","guid":{"rendered":"https:\/\/ospitalarioakfundazioaeuskadi.org\/?page_id=77304"},"modified":"2026-02-23T10:38:07","modified_gmt":"2026-02-23T08:38:07","slug":"e","status":"publish","type":"page","link":"https:\/\/ospitalarioakfundazioaeuskadi.org\/es\/e\/","title":{"rendered":"Plan de Euskara"},"content":{"rendered":"<div class=\"wpb-content-wrapper\"><p>[vc_row][vc_column width=\u00bb1\/2&#8243; el_class=\u00bbvc_col-sm-push-6&#8243;][vc_single_image image=\u00bb77308&#8243; img_size=\u00bblarge\u00bb alignment=\u00bbcenter\u00bb css=\u00bb\u00bb el_class=\u00bb.sombra-1&#8243;][\/vc_column][vc_column width=\u00bb1\/2&#8243; el_class=\u00bbvc_col-sm-pull-6&#8243;][vc_column_text css=\u00bb\u00bb el_class=\u00bbalter-1&#8243;]<\/p>\n<h1>Plan de Euskara<\/h1>\n<h2 data-start=\"185\" data-end=\"234\">M\u00e1s que una lengua: parte de nuestra identidad<\/h2>\n<p data-start=\"236\" data-end=\"448\">En <strong data-start=\"239\" data-end=\"274\">Ospitalarioak Fundazioa Euskadi<\/strong>, el euskera no es solo una herramienta de comunicaci\u00f3n.<br data-start=\"330\" data-end=\"333\" \/>Es parte de nuestra identidad, una expresi\u00f3n de nuestro compromiso con el entorno y un reflejo de nuestros valores.<\/p>\n<p data-start=\"450\" data-end=\"544\">Impulsar y utilizar el euskera no responde \u00fanicamente a una obligaci\u00f3n normativa, sino que es:<\/p>\n<ul data-start=\"546\" data-end=\"719\">\n<li data-start=\"546\" data-end=\"598\">\n<p data-start=\"548\" data-end=\"598\">Una manera de situar a las personas en el centro<\/p>\n<\/li>\n<li data-start=\"599\" data-end=\"649\">\n<p data-start=\"601\" data-end=\"649\">Una muestra de respeto hacia nuestra comunidad<\/p>\n<\/li>\n<li data-start=\"650\" data-end=\"719\">\n<p data-start=\"652\" data-end=\"719\">Una herramienta para ofrecer una atenci\u00f3n m\u00e1s cercana y coherente<\/p>\n<\/li>\n<\/ul>\n<p data-start=\"909\" data-end=\"987\">Por ello contamos con el <strong data-start=\"934\" data-end=\"963\">Plan de Euskera 2024\u20132027<\/strong>, con un objetivo claro.<\/p>\n<p data-start=\"909\" data-end=\"987\"><strong>Integrar el euskera de forma natural y sostenible en la actividad diaria de la organizaci\u00f3n.<\/strong><\/p>\n<p>[\/vc_column_text][\/vc_column][\/vc_row][vc_row][vc_column width=\u00bb1\/2&#8243;][vc_column_text css=\u00bb\u00bb]<\/p>\n<h2 data-start=\"1217\" data-end=\"1280\">Nuestra visi\u00f3n: integrar el euskera en el sistema de gesti\u00f3n<\/h2>\n<p data-start=\"1282\" data-end=\"1350\">Nuestro objetivo no es solo aumentar la presencia del euskera, sino:<\/p>\n<ul data-start=\"1352\" data-end=\"1556\">\n<li data-start=\"1352\" data-end=\"1399\">\n<p data-start=\"1354\" data-end=\"1399\">Incorporarlo en las decisiones estrat\u00e9gicas<\/p>\n<\/li>\n<li data-start=\"1400\" data-end=\"1457\">\n<p data-start=\"1402\" data-end=\"1457\">Integrarlo de forma sistem\u00e1tica en las comunicaciones<\/p>\n<\/li>\n<li data-start=\"1458\" data-end=\"1504\">\n<p data-start=\"1460\" data-end=\"1504\">Consolidarlo dentro del modelo de atenci\u00f3n<\/p>\n<\/li>\n<li data-start=\"1505\" data-end=\"1556\">\n<p data-start=\"1507\" data-end=\"1556\">Facilitar su uso en el d\u00eda a d\u00eda de los equipos<\/p>\n<\/li>\n<\/ul>\n<p data-start=\"1558\" data-end=\"1675\">Esto significa que el euskera no es un complemento, sino una parte estructural del funcionamiento de la organizaci\u00f3n.<\/p>\n<p>[\/vc_column_text][\/vc_column][vc_column width=\u00bb1\/2&#8243;][vc_column_text css=\u00bb\u00bb]<\/p>\n<h2 data-start=\"2513\" data-end=\"2559\">M\u00e1s all\u00e1 de las acciones: construir cultura<\/h2>\n<p data-start=\"2561\" data-end=\"2688\">La formaci\u00f3n, los criterios ling\u00fc\u00edsticos o las acciones de motivaci\u00f3n (Korrika, D\u00eda del Euskera, Euskaraldia\u2026) son importantes.<\/p>\n<p data-start=\"2690\" data-end=\"2725\">Pero nuestro prop\u00f3sito va m\u00e1s all\u00e1:<\/p>\n<p data-start=\"2727\" data-end=\"2807\"><strong data-start=\"2727\" data-end=\"2807\">Fomentar una actitud proactiva y una cultura compartida a favor del euskera<\/strong><\/p>\n<p>[\/vc_column_text][\/vc_column][\/vc_row][vc_row][vc_column width=\u00bb1\/3&#8243;][vc_column_text css=\u00bb\u00bb el_class=\u00bbrg-20&#8243;]<\/p>\n<h2 data-start=\"2814\" data-end=\"2835\">Nuestro compromiso<\/h2>\n<p data-start=\"2837\" data-end=\"2872\">En Ospitalarioak Fundazioa Euskadi:<\/p>\n<ul data-start=\"2874\" data-end=\"3134\">\n<li data-start=\"2874\" data-end=\"2918\">\n<p data-start=\"2876\" data-end=\"2918\">Seguiremos impulsando el uso del euskera<\/p>\n<\/li>\n<li data-start=\"2919\" data-end=\"2981\">\n<p data-start=\"2921\" data-end=\"2981\">Profundizaremos en su integraci\u00f3n en el sistema de gesti\u00f3n<\/p>\n<\/li>\n<li data-start=\"2982\" data-end=\"3036\">\n<p data-start=\"2984\" data-end=\"3036\">Mantendremos un liderazgo claro desde la Direcci\u00f3n<\/p>\n<\/li>\n<li data-start=\"3037\" data-end=\"3134\">\n<p data-start=\"3039\" data-end=\"3134\">Y trabajaremos para garantizar una atenci\u00f3n respetuosa con la lengua elegida por cada persona<\/p>\n<\/li>\n<\/ul>\n<p>[\/vc_column_text][\/vc_column][vc_column width=\u00bb1\/3&#8243;][vc_column_text css=\u00bb\u00bb el_class=\u00bbrg-20&#8243;]<\/p>\n<h2 data-start=\"2141\" data-end=\"2173\">Aprendizaje y mejora continua<\/h2>\n<p data-start=\"2175\" data-end=\"2375\">En 2019 realizamos una simulaci\u00f3n BIKAIN para conocer nuestra situaci\u00f3n de partida.<br data-start=\"2258\" data-end=\"2261\" \/>Desde entonces, hemos reforzado nuestras fortalezas y continuamos trabajando en las \u00e1reas de mejora identificadas.<\/p>\n<p data-start=\"2377\" data-end=\"2405\">Nuestro compromiso es claro:<\/p>\n<p data-start=\"2377\" data-end=\"2405\"><strong data-start=\"2409\" data-end=\"2506\">Avanzar de forma progresiva y realista hacia el euskera como lengua de trabajo y de servicio.<\/strong><\/p>\n<p>[\/vc_column_text][\/vc_column][vc_column width=\u00bb1\/3&#8243;][vc_column_text css=\u00bb\u00bb el_class=\u00bbrg-20&#8243;]<\/p>\n<h2 data-start=\"3141\" data-end=\"3152\">Contacto<\/h2>\n<p data-start=\"3154\" data-end=\"3218\">Para consultas o propuestas relacionadas con el Plan de Euskera:<\/p>\n<p data-start=\"3220\" data-end=\"3274\">\ud83d\udce9 <a class=\"decorated-link cursor-pointer\" rel=\"noopener\" data-start=\"3223\" data-end=\"3274\">EuskaraBatzordea.EUSKADI@fundacionhospitalarias.org<\/a><\/p>\n<p>[\/vc_column_text][\/vc_column][\/vc_row][vc_row full_width=\u00bbstretch_row\u00bb css=\u00bb.vc_custom_1647453597960{background-color: rgba(120,205,209,0.23) !important;*background-color: rgb(120,205,209) !important;}\u00bb][vc_column][vc_column_text css=\u00bb\u00bb el_class=\u00bb.blanco\u00bb]<\/p>\n<h3 style=\"text-align: center; border: 0;\">El Euskera no se pierde porque no aprendan los que no saben, sino porque no lo utilizan los que lo saben.<\/h3>\n<p>[\/vc_column_text][vc_column_text css=\u00bb\u00bb el_class=\u00bbcentrado\u00bb]<strong>EUSKARA Batzordea<\/strong><br \/>\n<a href=\"mailto:euskarabatzordea.euskadi@fundacionhospitalarias.org\">euskarabatzordea.euskadi@fundacionhospitalarias.org<\/a><br \/>\nTel. 943 794 411[\/vc_column_text][\/vc_column][\/vc_row][vc_row full_width=\u00bbstretch_row\u00bb el_class=\u00bbnot\u00bb][vc_column][vc_column_text css=\u00bb\u00bb]\n\n\n<div id=\"wpv-view-layout-40875-CATTRf6efffe8606bc733d8b81c1741000681\" class=\"js-wpv-view-layout js-wpv-layout-responsive js-wpv-view-layout-40875-CATTRf6efffe8606bc733d8b81c1741000681\" data-viewnumber=\"40875-CATTRf6efffe8606bc733d8b81c1741000681\" data-pagination=\"{&quot;id&quot;:40875,&quot;query&quot;:&quot;normal&quot;,&quot;type&quot;:&quot;disabled&quot;,&quot;effect&quot;:&quot;slideh&quot;,&quot;duration&quot;:350,&quot;speed&quot;:5,&quot;pause_on_hover&quot;:&quot;enabled&quot;,&quot;stop_rollover&quot;:&quot;false&quot;,&quot;cache_pages&quot;:&quot;enabled&quot;,&quot;preload_images&quot;:&quot;enabled&quot;,&quot;preload_pages&quot;:&quot;enabled&quot;,&quot;preload_reach&quot;:1,&quot;spinner&quot;:&quot;disabled&quot;,&quot;spinner_image&quot;:&quot;https:\/\/www.aita-menni.org\/wp-content\/plugins\/toolset-blocks\/embedded\/res\/img\/ajax-loader2.svg&quot;,&quot;callback_next&quot;:&quot;&quot;,&quot;manage_history&quot;:&quot;disabled&quot;,&quot;has_controls_in_form&quot;:&quot;disabled&quot;,&quot;infinite_tolerance&quot;:100,&quot;max_pages&quot;:1,&quot;page&quot;:1,&quot;base_permalink&quot;:&quot;\/es\/wp-json\/wp\/v2\/pages\/77304?wpv_view_count=40875-CATTRf6efffe8606bc733d8b81c1741000681&amp;wpv_paged=WPV_PAGE_NUM&quot;,&quot;loop&quot;:{&quot;type&quot;:&quot;&quot;,&quot;name&quot;:&quot;&quot;,&quot;data&quot;:[],&quot;id&quot;:0}}\" data-permalink=\"\/es\/wp-json\/wp\/v2\/pages\/77304?wpv_view_count=40875-CATTRf6efffe8606bc733d8b81c1741000681\">\n\n\t\n<h2 style=\"text-align:center;\">Actualidad<\/h2>\n<div class=\"sli\">\n\n\t\n\t\t<div class=\"diapo\"><div style=\"margin-bottom:0px;padding-bottom:20px;\">\n<article>\n<figure><a href=\"https:\/\/ospitalarioakfundazioaeuskadi.org\/es\/euskara-gara-korrika-2026-una-expresion-colectiva-de-identidad-y-compromiso\/\"><\/a><\/figure>\n<p><time>31 de marzo de 2026<\/time><\/p>\n<h3 class=\"morado\"><a href=\"https:\/\/ospitalarioakfundazioaeuskadi.org\/es\/euskara-gara-korrika-2026-una-expresion-colectiva-de-identidad-y-compromiso\/\">Euskara Gara: Korrika 2026, una expresi\u00f3n colectiva de identidad y compromiso<\/a><\/h3>\n<\/article>\n<\/div>\n<\/div>\n\t\n\t\t<div class=\"diapo\"><div style=\"margin-bottom:0px;padding-bottom:20px;\">\n<article>\n<figure><a href=\"https:\/\/ospitalarioakfundazioaeuskadi.org\/es\/dia-del-euskera-2025\/\"><img loading=\"lazy\" decoding=\"async\" width=\"425\" height=\"351\" src=\"https:\/\/ospitalarioakfundazioaeuskadi.org\/wp-content\/uploads\/2025\/12\/euskararen-eguna-2025-425x351.jpg\" class=\"attachment-medium size-medium cropar wp-post-image\" alt=\"Dos personas mayores, junto a una monitora\" srcset=\"https:\/\/ospitalarioakfundazioaeuskadi.org\/wp-content\/uploads\/2025\/12\/euskararen-eguna-2025-425x351.jpg 425w, https:\/\/ospitalarioakfundazioaeuskadi.org\/wp-content\/uploads\/2025\/12\/euskararen-eguna-2025-768x633.jpg 768w, https:\/\/ospitalarioakfundazioaeuskadi.org\/wp-content\/uploads\/2025\/12\/euskararen-eguna-2025.jpg 850w\" sizes=\"auto, (max-width: 425px) 100vw, 425px\" title=\"\"><\/a><\/figure>\n<p><time>20 de diciembre de 2025<\/time><\/p>\n<h3 class=\"morado\"><a href=\"https:\/\/ospitalarioakfundazioaeuskadi.org\/es\/dia-del-euskera-2025\/\">Euskararen Eguna: cuando la lengua se comparte, se celebra y se cuida<\/a><\/h3>\n<\/article>\n<\/div>\n<\/div>\n\t\n\t\t<div class=\"diapo\"><div style=\"margin-bottom:0px;padding-bottom:20px;\">\n<article>\n<figure><a href=\"https:\/\/ospitalarioakfundazioaeuskadi.org\/es\/2025-concurso-fotografia-comision-euskera\/\"><img loading=\"lazy\" decoding=\"async\" width=\"425\" height=\"319\" src=\"https:\/\/ospitalarioakfundazioaeuskadi.org\/wp-content\/uploads\/2025\/10\/2025-argazki-lehiaketa-1-425x319.jpg\" class=\"attachment-medium size-medium cropar wp-post-image\" alt=\"Montaje con dos im\u00e1genes\" srcset=\"https:\/\/ospitalarioakfundazioaeuskadi.org\/wp-content\/uploads\/2025\/10\/2025-argazki-lehiaketa-1-425x319.jpg 425w, https:\/\/ospitalarioakfundazioaeuskadi.org\/wp-content\/uploads\/2025\/10\/2025-argazki-lehiaketa-1-768x576.jpg 768w, https:\/\/ospitalarioakfundazioaeuskadi.org\/wp-content\/uploads\/2025\/10\/2025-argazki-lehiaketa-1.jpg 850w\" sizes=\"auto, (max-width: 425px) 100vw, 425px\" title=\"\"><\/a><\/figure>\n<p><time>21 de octubre de 2025<\/time><\/p>\n<h3 class=\"morado\"><a href=\"https:\/\/ospitalarioakfundazioaeuskadi.org\/es\/2025-concurso-fotografia-comision-euskera\/\">Unas dunas lejanas y un paisaje oto\u00f1al se llevan el 5\u00ba Concurso de Fotograf\u00eda y Euskera<\/a><\/h3>\n<\/article>\n<\/div>\n<\/div>\n\t\n\t\t<div class=\"diapo\"><div style=\"margin-bottom:0px;padding-bottom:20px;\">\n<article>\n<figure><a href=\"https:\/\/ospitalarioakfundazioaeuskadi.org\/es\/euskaraldia-2025\/\"><img loading=\"lazy\" decoding=\"async\" width=\"425\" height=\"319\" src=\"https:\/\/ospitalarioakfundazioaeuskadi.org\/wp-content\/uploads\/2025\/06\/2025-euskaraldia-musakola-1-425x319.jpg\" class=\"attachment-medium size-medium cropar wp-post-image\" alt=\"Una mujer mayor y otra joven con uniforme sanitario muestra sus chapas de la campa\u00f1a Euskaraldia\" srcset=\"https:\/\/ospitalarioakfundazioaeuskadi.org\/wp-content\/uploads\/2025\/06\/2025-euskaraldia-musakola-1-425x319.jpg 425w, https:\/\/ospitalarioakfundazioaeuskadi.org\/wp-content\/uploads\/2025\/06\/2025-euskaraldia-musakola-1-768x576.jpg 768w, https:\/\/ospitalarioakfundazioaeuskadi.org\/wp-content\/uploads\/2025\/06\/2025-euskaraldia-musakola-1.jpg 850w\" sizes=\"auto, (max-width: 425px) 100vw, 425px\" title=\"\"><\/a><\/figure>\n<p><time>16 de junio de 2025<\/time><\/p>\n<h3 class=\"morado\"><a href=\"https:\/\/ospitalarioakfundazioaeuskadi.org\/es\/euskaraldia-2025\/\">Nuestros centros participan en Euskaraldia 2025<\/a><\/h3>\n<\/article>\n<\/div>\n<\/div>\n\t\n\t\t<div class=\"diapo\"><div style=\"margin-bottom:0px;padding-bottom:20px;\">\n<article>\n<figure><a href=\"https:\/\/ospitalarioakfundazioaeuskadi.org\/es\/4o-concurso-fotografico-comision-euskera\/\"><img loading=\"lazy\" decoding=\"async\" width=\"401\" height=\"425\" src=\"https:\/\/ospitalarioakfundazioaeuskadi.org\/wp-content\/uploads\/2024\/10\/4-concurso-foto-aita-menni-euskera-1-401x425.jpg\" class=\"attachment-medium size-medium cropar wp-post-image\" alt=\"Dos fotograf\u00edas de atardeceres en la playa y en la costa\" srcset=\"https:\/\/ospitalarioakfundazioaeuskadi.org\/wp-content\/uploads\/2024\/10\/4-concurso-foto-aita-menni-euskera-1-401x425.jpg 401w, https:\/\/ospitalarioakfundazioaeuskadi.org\/wp-content\/uploads\/2024\/10\/4-concurso-foto-aita-menni-euskera-1-768x814.jpg 768w, https:\/\/ospitalarioakfundazioaeuskadi.org\/wp-content\/uploads\/2024\/10\/4-concurso-foto-aita-menni-euskera-1.jpg 824w\" sizes=\"auto, (max-width: 401px) 100vw, 401px\" title=\"\"><\/a><\/figure>\n<p><time>17 de octubre de 2024<\/time><\/p>\n<h3 class=\"morado\"><a href=\"https:\/\/ospitalarioakfundazioaeuskadi.org\/es\/4o-concurso-fotografico-comision-euskera\/\">Dos atardeceres ganan el 4\u00ba Concurso Fotogr\u00e1fico de la Comisi\u00f3n de Euskera<\/a><\/h3>\n<\/article>\n<\/div>\n<\/div>\n\t\n\t\t<div class=\"diapo\"><div style=\"margin-bottom:0px;padding-bottom:20px;\">\n<article>\n<figure><a href=\"https:\/\/ospitalarioakfundazioaeuskadi.org\/es\/korrika-2024-euskera\/\"><img loading=\"lazy\" decoding=\"async\" width=\"425\" height=\"271\" src=\"https:\/\/ospitalarioakfundazioaeuskadi.org\/wp-content\/uploads\/2024\/04\/202403-korrika-aita-menni-1-425x271.jpg\" class=\"attachment-medium size-medium cropar wp-post-image\" alt=\"Dos personas usuarias del CRPS de Ir\u00fan, portando el testigo de Korrika\" srcset=\"https:\/\/ospitalarioakfundazioaeuskadi.org\/wp-content\/uploads\/2024\/04\/202403-korrika-aita-menni-1-425x271.jpg 425w, https:\/\/ospitalarioakfundazioaeuskadi.org\/wp-content\/uploads\/2024\/04\/202403-korrika-aita-menni-1-768x489.jpg 768w, https:\/\/ospitalarioakfundazioaeuskadi.org\/wp-content\/uploads\/2024\/04\/202403-korrika-aita-menni-1.jpg 850w\" sizes=\"auto, (max-width: 425px) 100vw, 425px\" title=\"\"><\/a><\/figure>\n<p><time>10 de abril de 2024<\/time><\/p>\n<h3 class=\"morado\"><a href=\"https:\/\/ospitalarioakfundazioaeuskadi.org\/es\/korrika-2024-euskera\/\">En euskera, con orgullo<\/a><\/h3>\n<\/article>\n<\/div>\n<\/div>\n\t\n\t\t<div class=\"diapo\"><div style=\"margin-bottom:0px;padding-bottom:20px;\">\n<article>\n<figure><a href=\"https:\/\/ospitalarioakfundazioaeuskadi.org\/es\/hermanas-hospitalarias-aita-menni-premio-euskera-formacion-profesional-insercion-laboral\/\"><img loading=\"lazy\" decoding=\"async\" width=\"425\" height=\"284\" src=\"https:\/\/ospitalarioakfundazioaeuskadi.org\/wp-content\/uploads\/2024\/02\/aita-menni-lh-duala-euskaraz-1-425x284.jpg\" class=\"attachment-medium size-medium cropar wp-post-image\" alt=\"Dos hombres y dos mujeres, representantes de la Direcci\u00f3n de Aita Menni, el \u00c1rea de Personas y la Comisi\u00f3n de Euskera.\" srcset=\"https:\/\/ospitalarioakfundazioaeuskadi.org\/wp-content\/uploads\/2024\/02\/aita-menni-lh-duala-euskaraz-1-425x284.jpg 425w, https:\/\/ospitalarioakfundazioaeuskadi.org\/wp-content\/uploads\/2024\/02\/aita-menni-lh-duala-euskaraz-1-768x512.jpg 768w, https:\/\/ospitalarioakfundazioaeuskadi.org\/wp-content\/uploads\/2024\/02\/aita-menni-lh-duala-euskaraz-1.jpg 850w\" sizes=\"auto, (max-width: 425px) 100vw, 425px\" title=\"\"><\/a><\/figure>\n<p><time>2 de febrero de 2024<\/time><\/p>\n<h3 class=\"morado\"><a href=\"https:\/\/ospitalarioakfundazioaeuskadi.org\/es\/hermanas-hospitalarias-aita-menni-premio-euskera-formacion-profesional-insercion-laboral\/\">Hermanas Hospitalarias Aita Menni, premiada por su compromiso en la promoci\u00f3n del uso del euskera en el \u00e1mbito socio-econ\u00f3mico<\/a><\/h3>\n<\/article>\n<\/div>\n<\/div>\n\t\n\t\t<div class=\"diapo\"><div style=\"margin-bottom:0px;padding-bottom:20px;\">\n<article>\n<figure><a href=\"https:\/\/ospitalarioakfundazioaeuskadi.org\/es\/euskararen-eguna-2023-residencia-txurdinagabarri\/\"><img loading=\"lazy\" decoding=\"async\" width=\"319\" height=\"425\" src=\"https:\/\/ospitalarioakfundazioaeuskadi.org\/wp-content\/uploads\/2023\/12\/20231202-euskararen-eguna-3-319x425.jpg\" class=\"attachment-medium size-medium cropar wp-post-image\" alt=\"Ikurri\u00f1as, lauburus y otros objetos y s\u00edmbolos relacionados con la cultura y la lengua vascas\" srcset=\"https:\/\/ospitalarioakfundazioaeuskadi.org\/wp-content\/uploads\/2023\/12\/20231202-euskararen-eguna-3-319x425.jpg 319w, https:\/\/ospitalarioakfundazioaeuskadi.org\/wp-content\/uploads\/2023\/12\/20231202-euskararen-eguna-3-768x1024.jpg 768w, https:\/\/ospitalarioakfundazioaeuskadi.org\/wp-content\/uploads\/2023\/12\/20231202-euskararen-eguna-3.jpg 850w\" sizes=\"auto, (max-width: 319px) 100vw, 319px\" title=\"\"><\/a><\/figure>\n<p><time>11 de diciembre de 2023<\/time><\/p>\n<h3 class=\"morado\"><a href=\"https:\/\/ospitalarioakfundazioaeuskadi.org\/es\/euskararen-eguna-2023-residencia-txurdinagabarri\/\">Euskararen Eguna da, txoriburu!<\/a><\/h3>\n<\/article>\n<\/div>\n<\/div>\n\t\n\t\t<div class=\"diapo\"><div style=\"margin-bottom:0px;padding-bottom:20px;\">\n<article>\n<figure><a href=\"https:\/\/ospitalarioakfundazioaeuskadi.org\/es\/hospital-aita-menni-relato-colectivo\/\"><img loading=\"lazy\" decoding=\"async\" width=\"425\" height=\"283\" src=\"https:\/\/ospitalarioakfundazioaeuskadi.org\/wp-content\/uploads\/2023\/09\/relato-colectivo-425x283.jpg\" class=\"attachment-medium size-medium cropar wp-post-image\" alt=\"Unas manos sobre el teclado de un ordenador\" srcset=\"https:\/\/ospitalarioakfundazioaeuskadi.org\/wp-content\/uploads\/2023\/09\/relato-colectivo-425x283.jpg 425w, https:\/\/ospitalarioakfundazioaeuskadi.org\/wp-content\/uploads\/2023\/09\/relato-colectivo-768x511.jpg 768w, https:\/\/ospitalarioakfundazioaeuskadi.org\/wp-content\/uploads\/2023\/09\/relato-colectivo.jpg 850w\" sizes=\"auto, (max-width: 425px) 100vw, 425px\" title=\"\"><\/a><\/figure>\n<p><time>27 de septiembre de 2023<\/time><\/p>\n<h3 class=\"morado\"><a href=\"https:\/\/ospitalarioakfundazioaeuskadi.org\/es\/hospital-aita-menni-relato-colectivo\/\">El Hospital Aita Menni, escenario de un relato policiaco colectivo en euskera<\/a><\/h3>\n<\/article>\n<\/div>\n<\/div>\n\t\n\t\t<div class=\"diapo\"><div style=\"margin-bottom:0px;padding-bottom:20px;\">\n<article>\n<figure><a href=\"https:\/\/ospitalarioakfundazioaeuskadi.org\/es\/aitor-badiola-usuario-crps-irun-15065\/\"><img loading=\"lazy\" decoding=\"async\" width=\"425\" height=\"319\" src=\"https:\/\/ospitalarioakfundazioaeuskadi.org\/wp-content\/uploads\/2022\/10\/foto-aitor-badiola.jpg\" class=\"attachment-medium size-medium cropar wp-post-image\" alt=\"Fotograf\u00eda ganadora, Paz del crep\u00fasculo\" title=\"\"><\/a><\/figure>\n<p><time>6 de octubre de 2022<\/time><\/p>\n<h3 class=\"morado\"><a href=\"https:\/\/ospitalarioakfundazioaeuskadi.org\/es\/aitor-badiola-usuario-crps-irun-15065\/\">Aitor Badiola, usuario del CRPS de Ir\u00fan, gana el II Concurso de Fotograf\u00eda organizado por la Comisi\u00f3n de Euskera<\/a><\/h3>\n<\/article>\n<\/div>\n<\/div>\n\t\n\t\t<div class=\"diapo\"><div style=\"margin-bottom:0px;padding-bottom:20px;\">\n<article>\n<figure><a href=\"https:\/\/ospitalarioakfundazioaeuskadi.org\/es\/preparando-euskaraldia-2022-15056\/\"><img loading=\"lazy\" decoding=\"async\" width=\"425\" height=\"239\" src=\"https:\/\/ospitalarioakfundazioaeuskadi.org\/wp-content\/uploads\/2022\/09\/comision-euskera-1.jpg\" class=\"attachment-medium size-medium cropar wp-post-image\" alt=\"\" title=\"\"><\/a><\/figure>\n<p><time>15 de septiembre de 2022<\/time><\/p>\n<h3 class=\"morado\"><a href=\"https:\/\/ospitalarioakfundazioaeuskadi.org\/es\/preparando-euskaraldia-2022-15056\/\">Preparando Euskaraldia 2022<\/a><\/h3>\n<\/article>\n<\/div>\n<\/div>\n\t\n\t\t<div class=\"diapo\"><div style=\"margin-bottom:0px;padding-bottom:20px;\">\n<article>\n<figure><a href=\"https:\/\/ospitalarioakfundazioaeuskadi.org\/es\/korrika-2022-recorre-distintos-centros-14889\/\"><img loading=\"lazy\" decoding=\"async\" width=\"425\" height=\"319\" src=\"https:\/\/ospitalarioakfundazioaeuskadi.org\/wp-content\/uploads\/2022\/09\/korrika-aita-menni\ufe560.jpg\" class=\"attachment-medium size-medium cropar wp-post-image\" alt=\"\" title=\"\"><\/a><\/figure>\n<p><time>19 de abril de 2022<\/time><\/p>\n<h3 class=\"morado\"><a href=\"https:\/\/ospitalarioakfundazioaeuskadi.org\/es\/korrika-2022-recorre-distintos-centros-14889\/\">La Korrika 2022 recorre los distintos centros de Aita Menni con un testigo propio<\/a><\/h3>\n<\/article>\n<\/div>\n<\/div>\n\t\n\t\n<\/div>\n<div class=\"boton-morado\" style=\"padding-top:40px;\"><p style=\"text-align: center;\"><a title=\"Todas las noticias\" href=\"https:\/\/www.aita-menni.org\/es\/comunicacion\/actualidad\/\" rel=\"nofollow noopener\" target=\"_blank\">Todas las noticias \u2192<\/a><\/p><\/div>\n\t\n\t\n<\/div>[\/vc_column_text][\/vc_column][\/vc_row][vc_row full_width=\u00bbstretch_row\u00bb][vc_column][vc_column_text]\n\n\n<div id=\"wpv-view-layout-41727-CATTR2d45bd5c5fa743c26ba41ba91978c2aa\" class=\"js-wpv-view-layout js-wpv-layout-responsive js-wpv-view-layout-41727-CATTR2d45bd5c5fa743c26ba41ba91978c2aa\" data-viewnumber=\"41727-CATTR2d45bd5c5fa743c26ba41ba91978c2aa\" data-pagination=\"{&quot;id&quot;:41727,&quot;query&quot;:&quot;normal&quot;,&quot;type&quot;:&quot;disabled&quot;,&quot;effect&quot;:&quot;fade&quot;,&quot;duration&quot;:500,&quot;speed&quot;:5,&quot;pause_on_hover&quot;:&quot;enabled&quot;,&quot;stop_rollover&quot;:&quot;false&quot;,&quot;cache_pages&quot;:&quot;enabled&quot;,&quot;preload_images&quot;:&quot;enabled&quot;,&quot;preload_pages&quot;:&quot;enabled&quot;,&quot;preload_reach&quot;:1,&quot;spinner&quot;:&quot;builtin&quot;,&quot;spinner_image&quot;:&quot;https:\/\/www.aita-menni.org\/wp-content\/plugins\/toolset-blocks\/embedded\/res\/img\/ajax-loader.gif&quot;,&quot;callback_next&quot;:&quot;&quot;,&quot;manage_history&quot;:&quot;enabled&quot;,&quot;has_controls_in_form&quot;:&quot;disabled&quot;,&quot;infinite_tolerance&quot;:&quot;0&quot;,&quot;max_pages&quot;:1,&quot;page&quot;:1,&quot;base_permalink&quot;:&quot;\/es\/wp-json\/wp\/v2\/pages\/77304?wpv_view_count=41727-CATTR2d45bd5c5fa743c26ba41ba91978c2aa&amp;wpv_paged=WPV_PAGE_NUM&quot;,&quot;loop&quot;:{&quot;type&quot;:&quot;&quot;,&quot;name&quot;:&quot;&quot;,&quot;data&quot;:[],&quot;id&quot;:0}}\" data-permalink=\"\/es\/wp-json\/wp\/v2\/pages\/77304?wpv_view_count=41727-CATTR2d45bd5c5fa743c26ba41ba91978c2aa\">\n\n\t\n<div style=\"margin-top:80px;\"><h2 style=\"text-align:center;\">Art\u00edculos<\/h2><\/div>\n<div class=\"sli-a\">\n\t\n\t\n      <div class=\"diapo\"><!-- <figure><a href=\"[wpv-post-url]\" title=\"[wpv-post-title]\">[wpv-post-featured-image size='medium' class='cropar']<\/a><\/figure> -->\n<h3 class=\"morado\"><a href=\"https:\/\/ospitalarioakfundazioaeuskadi.org\/es\/articulo\/voluntariado-euskadi-mertxe-arrasate\/\">Voluntariado en Euskadi: Mertxe, 91 a\u00f1os y 23 acompa\u00f1ando en Arrasate<\/a><\/h3>\n<time>2 de marzo de 2026<\/time>\n<p>\n\n\n\n\t\n\t\n\t\t<strong><\/strong>\n\t\n\n<\/p><\/div>\n\t\n\t\n<\/div>\n<div class=\"boton-morado\" style=\"padding-top:40px;\"><p style=\"text-align: center;\"><a title=\"Todos los art\u00edculos\" href=\"https:\/\/www.aita-menni.org\/es\/comunicacion\/articulos\/\" rel=\"nofollow noopener\" target=\"_blank\">Todos los art\u00edculos \u2192<\/a><\/p><\/div>\n\t\n\t\n<\/div>\n[\/vc_column_text][\/vc_column][\/vc_row]<\/p>\n<\/div>","protected":false},"excerpt":{"rendered":"<div class=\"link-more\"><a href=\"https:\/\/ospitalarioakfundazioaeuskadi.org\/es\/e\/\" class=\"more-link\">Seguir leyendo<span class=\"screen-reader-text\"> &ldquo;Plan de Euskara&rdquo;<\/span>&hellip;<\/a><\/div>\n","protected":false},"author":6,"featured_media":0,"parent":0,"menu_order":97,"comment_status":"closed","ping_status":"closed","template":"templates\/sin-head-h1.php","meta":{"footnotes":""},"class_list":["post-77304","page","type-page","status-publish","hentry","entry"],"_links":{"self":[{"href":"https:\/\/ospitalarioakfundazioaeuskadi.org\/es\/wp-json\/wp\/v2\/pages\/77304","targetHints":{"allow":["GET"]}}],"collection":[{"href":"https:\/\/ospitalarioakfundazioaeuskadi.org\/es\/wp-json\/wp\/v2\/pages"}],"about":[{"href":"https:\/\/ospitalarioakfundazioaeuskadi.org\/es\/wp-json\/wp\/v2\/types\/page"}],"author":[{"embeddable":true,"href":"https:\/\/ospitalarioakfundazioaeuskadi.org\/es\/wp-json\/wp\/v2\/users\/6"}],"replies":[{"embeddable":true,"href":"https:\/\/ospitalarioakfundazioaeuskadi.org\/es\/wp-json\/wp\/v2\/comments?post=77304"}],"version-history":[{"count":3,"href":"https:\/\/ospitalarioakfundazioaeuskadi.org\/es\/wp-json\/wp\/v2\/pages\/77304\/revisions"}],"predecessor-version":[{"id":77351,"href":"https:\/\/ospitalarioakfundazioaeuskadi.org\/es\/wp-json\/wp\/v2\/pages\/77304\/revisions\/77351"}],"wp:attachment":[{"href":"https:\/\/ospitalarioakfundazioaeuskadi.org\/es\/wp-json\/wp\/v2\/media?parent=77304"}],"curies":[{"name":"wp","href":"https:\/\/api.w.org\/{rel}","templated":true}]}}