{"id":43525,"date":"2022-04-14T15:24:43","date_gmt":"2022-04-14T15:24:43","guid":{"rendered":"http:\/\/194.35.43.170\/~aitamenninueva\/?page_id=43525"},"modified":"2023-01-24T22:15:43","modified_gmt":"2023-01-24T22:15:43","slug":"gure-laguntza-eredua","status":"publish","type":"page","link":"https:\/\/ospitalarioakfundazioaeuskadi.org\/eu\/zer-egiten-dugun\/adineko-pertsona\/gure-laguntza-eredua\/","title":{"rendered":"Gure laguntza-eredua"},"content":{"rendered":"<div class=\"wpb-content-wrapper\"><p>[vc_row gap=&#8221;35&#8243;][vc_column width=&#8221;1\/2&#8243; el_class=&#8221;vc_col-sm-push-6&#8243;][vc_column_text]<\/p>\n<figure><img loading=\"lazy\" decoding=\"async\" width=\"425\" height=\"283\" src=\"https:\/\/ospitalarioakfundazioaeuskadi.org\/wp-content\/uploads\/2022\/04\/aita-menni-personas-mayores-744x495.jpg\" class=\"attachment-medium size-medium wp-post-image\" alt=\"Residente y auxiliar en una de las Residencias de personas mayores de Aita Menni\" srcset=\"https:\/\/ospitalarioakfundazioaeuskadi.org\/wp-content\/uploads\/2022\/04\/aita-menni-personas-mayores-744x495.jpg 744w, https:\/\/ospitalarioakfundazioaeuskadi.org\/wp-content\/uploads\/2022\/04\/aita-menni-personas-mayores-768x511.jpg 768w, https:\/\/ospitalarioakfundazioaeuskadi.org\/wp-content\/uploads\/2022\/04\/aita-menni-personas-mayores.jpg 790w\" sizes=\"auto, (max-width: 425px) 100vw, 425px\" title=\"\"><\/figure>\n<p>[\/vc_column_text][\/vc_column][vc_column width=&#8221;1\/2&#8243; el_class=&#8221;vc_col-sm-pull-6&#8243;][vc_column_text el_class=&#8221;alter-1&#8243;]<\/p>\n<h1>Gure laguntza-eredua<\/h1>\n<p>Honako bi oinarri hauek dira gure laguntzaren inspirazio-iturriak:<\/p>\n<ul>\n<li><strong>Zahartze aktiboa<\/strong><\/li>\n<li><strong>Pertsona, arretaren ardatz nagusia<\/strong><\/li>\n<\/ul>\n<p>[\/vc_column_text][\/vc_column][\/vc_row][vc_row gap=&#8221;35&#8243;][vc_column width=&#8221;1\/2&#8243;][vc_column_text el_class=&#8221;ray-m-b-3&#8243;]<\/p>\n<h2>Zahartze aktiboa<\/h2>\n<p>[\/vc_column_text][vc_column_text]<strong>Osasunaren Mundu Erakundeak (OME)<\/strong> 1947an adierazi zuen osasuna ez zela gaixotasun-eza soilik, baizik eta ongizate fisikoa, emozionala eta soziala. Zahartzeari dagokionez, gabeziei eta desgaitasunei lotutako zahartze-prozesua ere kontuan hartuta, OMEk\u00a0<strong>zahartze aktiboa<\/strong>\u00a0proposatu du azken urteotan. Honako hauek dira zahartze horren <strong>alderdi nagusiak<\/strong>:<\/p>\n<ul>\n<li><strong>Osasuna<\/strong><\/li>\n<li><strong>Segurtasuna<\/strong><\/li>\n<li><strong>Parte-hartzea<\/strong><\/li>\n<li><strong>Ikastea<\/strong><\/li>\n<\/ul>\n<p>Gure egoitza-zentroetan lau alderdi horiek zaintzen saiatu behar dugu, egoiliar bakoitzaren gaitasun-mailara moldatuta. Helburua beti izango da ingurune seguru batean osasuna sustatzea. Ingurune horretan parte hartzeko aukera emango diegu egoiliarrei, norberaren inplikazio-mailaren araberakoa. Horrez gain, garapen pertsonalerako aukera berriak eta esperientzia laguntzaileak proposatuko dizkiegu.[\/vc_column_text][\/vc_column][vc_column width=&#8221;1\/2&#8243;][vc_column_text el_class=&#8221;ray-m-b-3&#8243;]<\/p>\n<h2>Pertsona, arretaren ardatz nagusia<\/h2>\n<p>[\/vc_column_text][vc_column_text]2000. urteaz geroztik azpimarratu da pertsona ardatz nagusitzat hartzen duen zaintza- eta arreta-ereduaren garrantzia, adineko pertsonen bizi-kalitatea hobetze aldera (Beavis, D. y cols., 2002).<\/p>\n<p>Arreta (zaintza) emateko eredu hori, pertsona ardatz nagusitzat hartzen duena, dementziadun pertsonekin ere erabili da (Van Zdelhoff, E. y cols., 2011).<\/p>\n<p><strong>Autonomia eta parte-hartzea dira pertsona ardatz nagusitzat hartzen duen arretaren oinarriak.<\/strong><\/p>\n<p><strong> Prozesuaren erdian pertsona jartzen da<\/strong>, jakintza profesionalen eta antolaketa-beharren gainetik.<\/p>\n<p>Pertsonaren <strong>dignitatea<\/strong> eta <strong>eskubideak<\/strong> uneoro errespetatu eta babestu behar dira.<\/p>\n<p>Hori guztia egoitza-zentro batean lortuko bada, beharrezkoak dira honako hauek: malgutasuna, egokitzapena eta elkarrizketa jarraituak, doiketak etengabe egiteko. Beraz, laburbilduz, beharrezko metodologia garatu behar da, desgaitasunen bat duen pertsona helduak berak bere bizitzari eta bideragarriak diren helburuei buruzko erabakiak antolatu eta har ditzan, ahal duen neurrian.<\/p>\n<p>Bestela esanda, laguntzaren funtsezko planteamendu orokorra\u00a0<strong>zahartze aktiboa sustatzea da, pertsona ardatz nagusitzat hartuta eta parte hartzea bultzatuta<\/strong>.[\/vc_column_text][\/vc_column][\/vc_row][vc_row][vc_column][vc_column_text el_class=&#8221;ray-m-b-3&#8243;]<\/p>\n<h2>Lan-metodologia<\/h2>\n<p>[\/vc_column_text][vc_row_inner gap=&#8221;35&#8243;][vc_column_inner width=&#8221;1\/2&#8243;][vc_column_text]<\/p>\n<h3>Diziplina anitzeko taldeak<\/h3>\n<p>Hainbat langile adituk osatzen dituzte gure <strong>taldeak<\/strong>. Profesional horiek lan bateratua egiten dute, egoiliarren behar fisikoei, psikologikoei, emozionalei, funtzionalei eta espiritualei erantzuteko. Honako hauek dira:<\/p>\n<ul>\n<li>Medikuak<\/li>\n<li>Erizainak<\/li>\n<li>Psikologoak<\/li>\n<li>Gizarte langileak<\/li>\n<li>Laguntzaileak (zaintzaileak)<\/li>\n<li>Fisioterapeutak<\/li>\n<li>Okupazio-terapeutak<\/li>\n<li>Aisialdiko monitoreak<\/li>\n<\/ul>\n<p>[\/vc_column_text][\/vc_column_inner][vc_column_inner width=&#8221;1\/2&#8243;][vc_column_text]<\/p>\n<h3>Berrikuntza eta etengabeko hobekuntzak<\/h3>\n<div id=\"container\" class=\"hfeed\">\n<div id=\"wrapper\" class=\"clearfix\">\n<div id=\"content-full\" class=\"grid col-940\">\n<div id=\"post-1612\" class=\"post-1612 page type-page status-publish hentry\">\n<div class=\"post-entry\">\n<p>Berrikuntzak egiten ditugu, <strong>kalitateko laguntza<\/strong> lortu eta hobetzeko. Horregatik, azken aurrerapen teknologikoak erabiltzen ditugu gure laguntza-ereduan, eta etengabe berrikusten ditugu gure ekintzak, gure jardunaren oinarriei jarraituta.<\/p>\n<p><strong>Gure zentroek ISO: 9001 ziurtagiria dute.<\/strong><\/div>\n<\/div>\n<\/div>\n<\/div>\n<\/div>\n<p>&nbsp;<\/p>\n<p><img loading=\"lazy\" decoding=\"async\" class=\"size-full wp-image-42061 aligncenter\" src=\"https:\/\/www.ospitalarioakfundazioaeuskadi.org\/wp-content\/uploads\/2022\/04\/ISO9001_aenor.jpg\" alt=\"Icono de la certificaci\u00f3n ISO 9001 de AENOR\" width=\"100\" height=\"182\" title=\"\">[\/vc_column_text][\/vc_column_inner][\/vc_row_inner][\/vc_column][\/vc_row][vc_row gap=&#8221;35&#8243; css=&#8221;.vc_custom_1670355505991{margin-top: 40px !important;}&#8221;][vc_column width=&#8221;1\/2&#8243;][vc_column_text el_class=&#8221;caja&#8221;]<\/p>\n<h2><a href=\"https:\/\/ospitalarioakfundazioaeuskadi.org\/eu\/zer-egiten-dugun\/adineko-pertsona\/gure-laguntza-eredua\/adineko-pertsonen-egoitzetan-zaintzea\/\">Egoitzetan zaintzea<\/a><\/h2>\n<p>Egoitzetan arreta emateko zerbitzuaren helburua <strong>pertsona bakoitzari arreta integrala eta jarraitua<\/strong> ematea da. Besteren laguntza behar duten 60 urtetik gorako pertsonei zuzenduta dago, baldin eta egoitza batean era iraunkorrean edo behin behinean zain ditzaten behar badute.<\/p>\n<div class=\"boton-morado\">\n<p><a href=\"https:\/\/ospitalarioakfundazioaeuskadi.org\/eu\/zer-egiten-dugun\/adineko-pertsona\/gure-laguntza-eredua\/adineko-pertsonen-egoitzetan-zaintzea\/\">Informazio gehiago \u2192<\/a><\/div>\n<p>[\/vc_column_text][\/vc_column][vc_column width=&#8221;1\/2&#8243;][vc_column_text el_class=&#8221;caja&#8221;]<\/p>\n<h2><a href=\"https:\/\/ospitalarioakfundazioaeuskadi.org\/eu\/zer-egiten-dugun\/adineko-pertsona\/gure-laguntza-eredua\/adineko-pertsonen-eguneko-zentroetan-zaintzea\/\">Eguneko zentroetan zaintzea<\/a><\/h2>\n<p><strong>Eguneko Zentro Psikogeriatrikoa<\/strong>\u00a0sortu zen besteren laguntza behar duten pertsona zaharrei mantentze-arreta eta errehabilitazioa emateko. Horren bidez, hauxe lortu nahi da: adineko pertsonek beren familia-ingurunean ahalik eta denbora gehien jarrai dezaten, eta beraien maila funtzionala eta bizitzaren kalitatea ahalik eta handienak izan daitezen.<\/p>\n<div class=\"boton-morado\">\n<p><a href=\"https:\/\/ospitalarioakfundazioaeuskadi.org\/eu\/zer-egiten-dugun\/adineko-pertsona\/gure-laguntza-eredua\/adineko-pertsonen-eguneko-zentroetan-zaintzea\/\">Informazio gehiago \u2192<\/a><\/div>\n<p>[\/vc_column_text][\/vc_column][\/vc_row][vc_row full_width=&#8221;stretch_row_content&#8221; css=&#8221;.vc_custom_1674598532719{padding-right: 40px !important;padding-left: 40px !important;}&#8221;][vc_column][vc_column_text]<span style=\"background-color: var(--color_content_background); color: var(--color_content_text); font-family: var(--typography_fonts_text);\">\n\n\n<div id=\"wpv-view-layout-38093\" class=\"js-wpv-view-layout js-wpv-layout-responsive js-wpv-view-layout-38093\" data-viewnumber=\"38093\" data-pagination=\"{&quot;id&quot;:38093,&quot;query&quot;:&quot;normal&quot;,&quot;type&quot;:&quot;disabled&quot;,&quot;effect&quot;:&quot;fade&quot;,&quot;duration&quot;:500,&quot;speed&quot;:5,&quot;pause_on_hover&quot;:&quot;enabled&quot;,&quot;stop_rollover&quot;:&quot;false&quot;,&quot;cache_pages&quot;:&quot;enabled&quot;,&quot;preload_images&quot;:&quot;enabled&quot;,&quot;preload_pages&quot;:&quot;enabled&quot;,&quot;preload_reach&quot;:1,&quot;spinner&quot;:&quot;builtin&quot;,&quot;spinner_image&quot;:&quot;https:\/\/www.aita-menni.org\/wp-content\/plugins\/toolset-blocks\/embedded\/res\/img\/ajax-loader.gif&quot;,&quot;callback_next&quot;:&quot;&quot;,&quot;manage_history&quot;:&quot;enabled&quot;,&quot;has_controls_in_form&quot;:&quot;disabled&quot;,&quot;infinite_tolerance&quot;:&quot;0&quot;,&quot;max_pages&quot;:0,&quot;page&quot;:1,&quot;base_permalink&quot;:&quot;\/eu\/wp-json\/wp\/v2\/pages\/43525?wpv_view_count=38093&amp;wpv_paged=WPV_PAGE_NUM&quot;,&quot;loop&quot;:{&quot;type&quot;:&quot;&quot;,&quot;name&quot;:&quot;&quot;,&quot;data&quot;:[],&quot;id&quot;:0}}\" data-permalink=\"\/eu\/wp-json\/wp\/v2\/pages\/43525?wpv_view_count=38093\">\n\n\t\n<h2 style=\"text-align:center;\">Adineko pertsonen zentroak<\/h2>\n<div class=\"sli\">\n\n\t\t\n          <div class=\"diapo\"><div id=\"caja\" class=\"caja\"><figure><img loading=\"lazy\" decoding=\"async\" width=\"200\" height=\"112\" src=\"https:\/\/ospitalarioakfundazioaeuskadi.org\/wp-content\/uploads\/2022\/03\/hospital-aita-menni-2019-744x418.jpg\" class=\"attachment-thumbnail size-thumbnail wp-post-image\" alt=\"Ospitalarioak Fundazioa Euskadiko Ospitalea (lehen Aita Menni Ospitalea), Arrasaten\" title=\"\"><\/figure><p class=\"loc\">Arrasate (Gipuzkoa)<\/p>\n<h3><a href=\"https:\/\/ospitalarioakfundazioaeuskadi.org\/eu\/zentroa\/aita-menni-ospitalea\/\">Ospitalarioak Fundazioa Euskadi (lehen Aita Menni Ospitalea)<\/a><\/h3>\n<p>Tel\u00e9fono: +34 943 794 411<\/p>\n<p><a href=\"mailto:recepcion.euskadi@fundacionhospitalarias.org\" title=\"recepcion.euskadi@fundacionhospitalarias.org\">recepcion.euskadi@fundacionhospitalarias.org<\/a><\/p>\n<div id=\"\" class=\"boton-blanco\"><a href=\"https:\/\/ospitalarioakfundazioaeuskadi.org\/eu\/zentroa\/aita-menni-ospitalea\/\" title=\"Ospitalarioak Fundazioa Euskadi (lehen Aita Menni Ospitalea)\">Ver centro \u2192<\/a><\/div><\/div><\/div>\n\t\n          <div class=\"diapo\"><div id=\"caja\" class=\"caja\"><figure><img loading=\"lazy\" decoding=\"async\" width=\"200\" height=\"200\" src=\"https:\/\/ospitalarioakfundazioaeuskadi.org\/wp-content\/uploads\/2023\/11\/hospitalarias-aita-meni-musakola-2-1-200x200.jpg\" class=\"attachment-thumbnail size-thumbnail wp-post-image\" alt=\"Musakola Zentroa\" title=\"\"><\/figure><p class=\"loc\">Arrasate (Gipuzkoa)<\/p>\n<h3><a href=\"https:\/\/ospitalarioakfundazioaeuskadi.org\/eu\/zentroa\/musakola-zentroa\/\">Musakola Zentroa<\/a><\/h3>\n<p>Tel\u00e9fono: +34 943 318 740<\/p>\n<p><\/p>\n<div id=\"\" class=\"boton-blanco\"><a href=\"https:\/\/ospitalarioakfundazioaeuskadi.org\/eu\/zentroa\/musakola-zentroa\/\" title=\"Musakola Zentroa\">Ver centro \u2192<\/a><\/div><\/div><\/div>\n\t\n          <div class=\"diapo\"><div id=\"caja\" class=\"caja\"><figure><img loading=\"lazy\" decoding=\"async\" width=\"200\" height=\"112\" src=\"https:\/\/ospitalarioakfundazioaeuskadi.org\/wp-content\/uploads\/2021\/12\/residencia-mayores-txurdinagabarri-exterior-1-744x418.jpg\" class=\"attachment-thumbnail size-thumbnail wp-post-image\" alt=\"Exterior de la Residencia de personas mayores Txurdinagabarri de Bilbao\" title=\"\"><\/figure><p class=\"loc\">Bilbo (Bizkaia)<\/p>\n<h3><a href=\"https:\/\/ospitalarioakfundazioaeuskadi.org\/eu\/zentroa\/bilbo-txurdinagabarri-adineko-pertsonen-egoitza\/\">Txurdinagabarri Adineko Pertsonen Egoitza<\/a><\/h3>\n<p>Tel\u00e9fono: +34 944 598 047<\/p>\n<p><a href=\"mailto:cdiatxurdinaga.aitamenni@hospitalarias.es\" title=\"cdiatxurdinaga.aitamenni@hospitalarias.es\">cdiatxurdinaga.aitamenni@hospitalarias.es<\/a><\/p>\n<div id=\"\" class=\"boton-blanco\"><a href=\"https:\/\/ospitalarioakfundazioaeuskadi.org\/eu\/zentroa\/bilbo-txurdinagabarri-adineko-pertsonen-egoitza\/\" title=\"Txurdinagabarri Adineko Pertsonen Egoitza\">Ver centro \u2192<\/a><\/div><\/div><\/div>\n\t\n          <div class=\"diapo\"><div id=\"caja\" class=\"caja\"><figure><img loading=\"lazy\" decoding=\"async\" width=\"200\" height=\"112\" src=\"https:\/\/ospitalarioakfundazioaeuskadi.org\/wp-content\/uploads\/2021\/12\/residencia-mayores-barabdiaran-durango-3-744x418.jpg\" class=\"attachment-thumbnail size-thumbnail wp-post-image\" alt=\"Patio de la Residencia de personas mayores Barandiaran de Durango, Bizkaia\" title=\"\"><\/figure><p class=\"loc\">Durango (Bizkaia)<\/p>\n<h3><a href=\"https:\/\/ospitalarioakfundazioaeuskadi.org\/eu\/zentroa\/barandiaran-durango-adineko-pertsonen-egoitza\/\">Joxe Miel Barandiaran Adineko Pertsonen Egoitza<\/a><\/h3>\n<p>Tel\u00e9fono: +34 946 215 438<\/p>\n<p><a href=\"mailto:recepcion.jmbarandia.aitamenni@hospitalarias.es\" title=\"recepcion.jmbarandia.aitamenni@hospitalarias.es\">recepcion.jmbarandia.aitamenni@hospitalarias.es<\/a><\/p>\n<div id=\"\" class=\"boton-blanco\"><a href=\"https:\/\/ospitalarioakfundazioaeuskadi.org\/eu\/zentroa\/barandiaran-durango-adineko-pertsonen-egoitza\/\" title=\"Joxe Miel Barandiaran Adineko Pertsonen Egoitza\">Ver centro \u2192<\/a><\/div><\/div><\/div>\n\t\n          <div class=\"diapo\"><div id=\"caja\" class=\"caja\"><figure><img loading=\"lazy\" decoding=\"async\" width=\"200\" height=\"112\" src=\"https:\/\/ospitalarioakfundazioaeuskadi.org\/wp-content\/uploads\/2021\/12\/residencia-personas-mayores-san-martin-onate-1-744x418.jpg\" class=\"attachment-thumbnail size-thumbnail wp-post-image\" alt=\"Centro de D\u00eda de Personas Mayores San Mart\u00edn de O\u00f1ate\" title=\"\"><\/figure><p class=\"loc\">O\u00f1ati (Gipuzkoa)<\/p>\n<h3><a href=\"https:\/\/ospitalarioakfundazioaeuskadi.org\/eu\/zentroa\/onati-san-martin-adineko-pertsonen-egoitza\/\">San Martin Adineko Pertsonen Egoitza<\/a><\/h3>\n<p>Tel\u00e9fono: +34 943 716 448<\/p>\n<p><a href=\"mailto:eberecibar@fundacionhospitalarias.org\" title=\"eberecibar@fundacionhospitalarias.org\">eberecibar@fundacionhospitalarias.org<\/a><\/p>\n<div id=\"\" class=\"boton-blanco\"><a href=\"https:\/\/ospitalarioakfundazioaeuskadi.org\/eu\/zentroa\/onati-san-martin-adineko-pertsonen-egoitza\/\" title=\"San Martin Adineko Pertsonen Egoitza\">Ver centro \u2192<\/a><\/div><\/div><\/div>\n\t\n          <div class=\"diapo\"><div id=\"caja\" class=\"caja\"><figure><img loading=\"lazy\" decoding=\"async\" width=\"200\" height=\"112\" src=\"https:\/\/ospitalarioakfundazioaeuskadi.org\/wp-content\/uploads\/2021\/12\/residencia-mayores-txurdinagabarri-exterior-1-744x418.jpg\" class=\"attachment-thumbnail size-thumbnail wp-post-image\" alt=\"Exterior de la Residencia de personas mayores Txurdinagabarri de Bilbao\" title=\"\"><\/figure><p class=\"loc\">Bilbo (Bizkaia)<\/p>\n<h3><a href=\"https:\/\/ospitalarioakfundazioaeuskadi.org\/eu\/zentroa\/txurdinagabarri-bilbao-adineko-pertsonen-eguneko-zentroa\/\">Txurdinagabarri Adineko Pertsonen Eguneko Zentroa<\/a><\/h3>\n<p>Tel\u00e9fono: +34 944 598 047<\/p>\n<p><a href=\"mailto:cdiatxurdinaga.aitamenni@hospitalarias.es\" title=\"cdiatxurdinaga.aitamenni@hospitalarias.es\">cdiatxurdinaga.aitamenni@hospitalarias.es<\/a><\/p>\n<div id=\"\" class=\"boton-blanco\"><a href=\"https:\/\/ospitalarioakfundazioaeuskadi.org\/eu\/zentroa\/txurdinagabarri-bilbao-adineko-pertsonen-eguneko-zentroa\/\" title=\"Txurdinagabarri Adineko Pertsonen Eguneko Zentroa\">Ver centro \u2192<\/a><\/div><\/div><\/div>\n\t\n          <div class=\"diapo\"><div id=\"caja\" class=\"caja\"><figure><img loading=\"lazy\" decoding=\"async\" width=\"200\" height=\"112\" src=\"https:\/\/ospitalarioakfundazioaeuskadi.org\/wp-content\/uploads\/2021\/12\/residencia-mayores-barabdiaran-durango-6-744x418.jpg\" class=\"attachment-thumbnail size-thumbnail wp-post-image\" alt=\"Exterior de la Residencia de personas mayores Barandiaran de Durango, Bizkaia\" title=\"\"><\/figure><p class=\"loc\">Durango (Bizkaia)<\/p>\n<h3><a href=\"https:\/\/ospitalarioakfundazioaeuskadi.org\/eu\/zentroa\/barandiaran-durango-adineko-pertsonen-eguneko-zentroa\/\">Joxe Miel Barandiaran Adineko Pertsonen Eguneko Zentroa<\/a><\/h3>\n<p>Tel\u00e9fono: +34 946 215 438<\/p>\n<p><a href=\"mailto:cdiadurango.aitamenni@hospitalarias.es\" title=\"cdiadurango.aitamenni@hospitalarias.es\">cdiadurango.aitamenni@hospitalarias.es<\/a><\/p>\n<div id=\"\" class=\"boton-blanco\"><a href=\"https:\/\/ospitalarioakfundazioaeuskadi.org\/eu\/zentroa\/barandiaran-durango-adineko-pertsonen-eguneko-zentroa\/\" title=\"Joxe Miel Barandiaran Adineko Pertsonen Eguneko Zentroa\">Ver centro \u2192<\/a><\/div><\/div><\/div>\n\t\n          <div class=\"diapo\"><div id=\"caja\" class=\"caja\"><figure><img loading=\"lazy\" decoding=\"async\" width=\"200\" height=\"112\" src=\"https:\/\/ospitalarioakfundazioaeuskadi.org\/wp-content\/uploads\/2021\/12\/residencia-personas-mayores-san-martin-onate-1-744x418.jpg\" class=\"attachment-thumbnail size-thumbnail wp-post-image\" alt=\"Centro de D\u00eda de Personas Mayores San Mart\u00edn de O\u00f1ate\" title=\"\"><\/figure><p class=\"loc\">O\u00f1ati (Gipuzkoa)<\/p>\n<h3><a href=\"https:\/\/ospitalarioakfundazioaeuskadi.org\/eu\/zentroa\/san-martin-adineko-pertsonen-eguneko-zentroa\/\">San Martin Adineko Pertsonen Eguneko Zentroa<\/a><\/h3>\n<p>Tel\u00e9fono: +34 943 716 448<\/p>\n<p><a href=\"mailto:sanmartin.aitamenni@hospitalarias.es\" title=\"sanmartin.aitamenni@hospitalarias.es\">sanmartin.aitamenni@hospitalarias.es<\/a><\/p>\n<div id=\"\" class=\"boton-blanco\"><a href=\"https:\/\/ospitalarioakfundazioaeuskadi.org\/eu\/zentroa\/san-martin-adineko-pertsonen-eguneko-zentroa\/\" title=\"San Martin Adineko Pertsonen Eguneko Zentroa\">Ver centro \u2192<\/a><\/div><\/div><\/div>\n\t\n          <div class=\"diapo\"><div id=\"caja\" class=\"caja\"><figure><img loading=\"lazy\" decoding=\"async\" width=\"200\" height=\"112\" src=\"https:\/\/ospitalarioakfundazioaeuskadi.org\/wp-content\/uploads\/2021\/12\/centro-dia-mayores-bergara-1-1-744x418.jpg\" class=\"attachment-thumbnail size-thumbnail wp-post-image\" alt=\"Centro de d\u00eda de personas mayores de Bergara\" title=\"\"><\/figure><p class=\"loc\">Bergara (Gipuzkoa)<\/p>\n<h3><a href=\"https:\/\/ospitalarioakfundazioaeuskadi.org\/eu\/zentroa\/bergara-adineko-pertsonen-eguneko-zentroa\/\">Bergarako Adineko Pertsonen Eguneko Zentroa<\/a><\/h3>\n<p>Tel\u00e9fono: +34 943 760 976<\/p>\n<p><a href=\"mailto:cdpmbergara.aitamenni@hospitalarias.es\" title=\"cdpmbergara.aitamenni@hospitalarias.es\">cdpmbergara.aitamenni@hospitalarias.es<\/a><\/p>\n<div id=\"\" class=\"boton-blanco\"><a href=\"https:\/\/ospitalarioakfundazioaeuskadi.org\/eu\/zentroa\/bergara-adineko-pertsonen-eguneko-zentroa\/\" title=\"Bergarako Adineko Pertsonen Eguneko Zentroa\">Ver centro \u2192<\/a><\/div><\/div><\/div>\n\t\n\n<\/div>\n\t\n\t\n<\/div><\/span>[\/vc_column_text][\/vc_column][\/vc_row]<\/p>\n<\/div>","protected":false},"excerpt":{"rendered":"<div class=\"link-more\"><a href=\"https:\/\/ospitalarioakfundazioaeuskadi.org\/eu\/zer-egiten-dugun\/adineko-pertsona\/gure-laguntza-eredua\/\" class=\"more-link\">Jarraitu irakurtzen<span class=\"screen-reader-text\"> &ldquo;Gure laguntza-eredua&rdquo;<\/span>&#8230;<\/a><\/div>\n","protected":false},"author":1,"featured_media":42072,"parent":43524,"menu_order":33,"comment_status":"closed","ping_status":"closed","template":"templates\/sin-head-h1.php","meta":{"footnotes":""},"class_list":["post-43525","page","type-page","status-publish","has-post-thumbnail","hentry","entry"],"_links":{"self":[{"href":"https:\/\/ospitalarioakfundazioaeuskadi.org\/eu\/wp-json\/wp\/v2\/pages\/43525","targetHints":{"allow":["GET"]}}],"collection":[{"href":"https:\/\/ospitalarioakfundazioaeuskadi.org\/eu\/wp-json\/wp\/v2\/pages"}],"about":[{"href":"https:\/\/ospitalarioakfundazioaeuskadi.org\/eu\/wp-json\/wp\/v2\/types\/page"}],"author":[{"embeddable":true,"href":"https:\/\/ospitalarioakfundazioaeuskadi.org\/eu\/wp-json\/wp\/v2\/users\/1"}],"replies":[{"embeddable":true,"href":"https:\/\/ospitalarioakfundazioaeuskadi.org\/eu\/wp-json\/wp\/v2\/comments?post=43525"}],"version-history":[{"count":4,"href":"https:\/\/ospitalarioakfundazioaeuskadi.org\/eu\/wp-json\/wp\/v2\/pages\/43525\/revisions"}],"predecessor-version":[{"id":58061,"href":"https:\/\/ospitalarioakfundazioaeuskadi.org\/eu\/wp-json\/wp\/v2\/pages\/43525\/revisions\/58061"}],"up":[{"embeddable":true,"href":"https:\/\/ospitalarioakfundazioaeuskadi.org\/eu\/wp-json\/wp\/v2\/pages\/43524"}],"wp:featuredmedia":[{"embeddable":true,"href":"https:\/\/ospitalarioakfundazioaeuskadi.org\/eu\/wp-json\/wp\/v2\/media\/42072"}],"wp:attachment":[{"href":"https:\/\/ospitalarioakfundazioaeuskadi.org\/eu\/wp-json\/wp\/v2\/media?parent=43525"}],"curies":[{"name":"wp","href":"https:\/\/api.w.org\/{rel}","templated":true}]}}