{"id":43526,"date":"2022-04-25T17:45:43","date_gmt":"2022-04-25T17:45:43","guid":{"rendered":"http:\/\/194.35.43.170\/~aitamenninueva\/?page_id=43526"},"modified":"2022-11-02T14:44:12","modified_gmt":"2022-11-02T14:44:12","slug":"adineko-pertsonen-egoitzetan-zaintzea","status":"publish","type":"page","link":"https:\/\/ospitalarioakfundazioaeuskadi.org\/eu\/zer-egiten-dugun\/adineko-pertsona\/gure-laguntza-eredua\/adineko-pertsonen-egoitzetan-zaintzea\/","title":{"rendered":"Adineko pertsonen egoitzetan zaintzea"},"content":{"rendered":"<div class=\"wpb-content-wrapper\"><p>[vc_row][vc_column width=&#8221;1\/2&#8243; el_class=&#8221;vc_col-sm-push-6&#8243;][vc_column_text]<\/p>\n<figure><\/figure>\n<p>[\/vc_column_text][\/vc_column][vc_column width=&#8221;1\/2&#8243; el_class=&#8221;vc_col-sm-pull-6&#8243;][vc_column_text el_class=&#8221;alter-1&#8243;]<\/p>\n<h1>Adineko pertsonen egoitzetan zaintzea<\/h1>\n<p>Gure laguntza-proiektua <strong>lagundutako egoitza-eredu espezializatuan<\/strong> oinarritzen da. <strong>Giro atseginean eta maitagarrian<\/strong>, langile adituek <strong>laguntza integrala<\/strong> gizatasunez ematen dute, zaintzen ditugun pertsonen bizi-kalitatea ahalik eta handiena izan dadin. Erabiltzaileen eta beraien familien eskubideak uneoro errespetatzen ditugu.<\/p>\n<p>Egoitzetan arreta emateko zerbitzuaren helburua <strong>pertsona bakoitzari arreta integrala eta jarraitua<\/strong> ematea da. Besteren laguntza behar duten 60 urtetik gorako pertsonei zuzenduta dago, baldin eta egoitza batean era iraunkorrean edo behin behinean zain ditzaten behar badute.<\/p>\n<p>Gure\u00a0<strong>Egoitzak<\/strong>\u00a0komunitatera zabalik daude, balio eta erabilera anitzeko zentroak dira eta zenbait baliabide eskaintzen dute erabiltzaileen egoera aldakorretara moldatuta.[\/vc_column_text][\/vc_column][\/vc_row][vc_row gap=&#8221;35&#8243;][vc_column width=&#8221;1\/2&#8243;][vc_column_text el_class=&#8221;ray-m-b-3&#8243;]<\/p>\n<h2>Helburuak<\/h2>\n<p>[\/vc_column_text][vc_column_text el_class=&#8221;ray-m-b-3&#8243;]<\/p>\n<ul>\n<li><strong>Autonomia pertsonala sustatzea<\/strong>, haien mendekotasun fisikoa edo psikikoa aintzat hartuta, bizimodu ahalik eta normalizatuena izan dezaten<\/li>\n<li>Egoitzako bizitza sozialean<strong>\u00a0aktiboki parte har dezaten bultzatzea<\/strong><\/li>\n<li><strong>Familia-harremanei, harreman sozialei, politikoei eta kulturalei eustea<\/strong>\u00a0komunitatearen ingurunean<\/li>\n<li><strong>Antzeman zaizkien gaixotasunak eta arazoak terapeutikoki zaintzea eta kontrolatzea<\/strong><\/li>\n<\/ul>\n<p>[\/vc_column_text][\/vc_column][vc_column width=&#8221;1\/2&#8243;][vc_column_text el_class=&#8221;ray-m-b-3&#8243;]<\/p>\n<h2>Diziplina anitzeko taldeak<\/h2>\n<p>[\/vc_column_text][vc_column_text el_class=&#8221;ray-m-b-3&#8243;]Hainbat langile adituk osatzen dituzte gure taldeak. Profesional horiek lan bateratua egiten dute, egoiliarren behar fisikoei, psikologikoei, emozionalei, funtzionalei eta espiritualei erantzuteko. Honako hauek dira:<\/p>\n<ul>\n<li style=\"list-style-type: none;\">\n<ul>\n<li>Medikuak<\/li>\n<li>Erizainak<\/li>\n<li>Psikologoak<\/li>\n<li>Gizarte Langileak<\/li>\n<li>Laguntzaileak (zaintzaileak)<\/li>\n<li>Fisioterapeutak<\/li>\n<li>Okupazio-terapeutak<\/li>\n<li>Aisialdiko monitoreak<\/li>\n<\/ul>\n<\/li>\n<\/ul>\n<p>[\/vc_column_text][\/vc_column][\/vc_row][vc_row][vc_column][vc_column_text el_class=&#8221;ray-m-b-3&#8243;]<\/p>\n<h2>Laguntza-arloak<\/h2>\n<p>[\/vc_column_text][vc_row_inner gap=&#8221;35&#8243;][vc_column_inner width=&#8221;1\/2&#8243;][vc_column_text]<\/p>\n<h3>Osasun-laguntza<\/h3>\n<p>Egoitzaren <strong>mediku-zerbitzuak<\/strong> egoiliarren familia-mediku gisa dihardu, eta komunitateko osasun-zerbitzuen jarduketa koordinatzen du (larrialdiak, mediku espezialistei kontsulta egitea, etab.).<\/p>\n<p>Horren osagarri izan dadin, <strong>gure egoitzan patologia psikiatrikoko zerbitzu gehigarria eta espezializatua eskaintzen diegu<\/strong> horren beharra duten egoiliarrei; eta kanpoko zerbitzuak erabiltzen ditugu patologiaren larritasunak laguntza espezifikoa eskatzen duenean (arrisku autolitikoa dagonean) baino ez.[\/vc_column_text][vc_column_text]<\/p>\n<h3>Higienea<\/h3>\n<p>Higiene-zerbitzua eskaintzen zaie erabiltzaile guztiei, haien beharrizanak kontuan hartuta, eta haien intimitatea errespetatuta.[\/vc_column_text][vc_column_text]<\/p>\n<h3>Eguneroko bizitzako jardueretara berriro moldatzea<\/h3>\n<p><strong>Mugitzeko, zereginak egiteko edo harremanak izateko gaitasunen maila guztien garapena sustatzeko jarduerak<\/strong> edo programak dira.<\/p>\n<p>Osotasun fisikoa eta psikikoa zaintzeko gaiak jorratzen dira. Alde psikikoa honela zaintzen dugu: nork bere gorputzari buruz duen irudia landuz eta zailtasun-maila ezberdinetako gaitasun instrumentalak praktikatuz, ingurunean autonomo izaten laguntzeko.<\/p>\n<h4>Errehabilitazio funtzionala<\/h4>\n<p><strong>Osotasun fisikoa edo psikikoa zaintzeko gaiak<\/strong> jorratzen dira. Alde psikikoa honela zaintzen dugu: nork bere gorputzari buruz duen irudia landuz eta zailtasun-maila ezberdinetako gaitasun instrumentalak praktikatuz, ingurunean autonomo izaten laguntzeko. Programa zentroan garatzen da era naturalean sortzen diren uneetan: esaterako, harreraren edo agurraren uneetan, otorduetan eta garbitzeko eta higiene pertsonala zaintzeko uneetan. Honako jarduera hauek hartzen ditu barne:<\/p>\n<ul>\n<li><strong>Eguneroko jarduerak egiten entrenatzea.<\/strong>\u00a0Helburua eguneroko bizitzan behar diren gaitasunak mantentzea eta indartzea da, eta bereziki lantzen dira norberaren gaitasunak, norberaren autonomiaren araberakoak.<\/li>\n<li><strong>Nork bere burua zaintzeko gaitasunen programa.<\/strong>\u00a0Adineko pertsonek gaitasun batzuk oraindik izan arren, batzuetan erabiltzeari uzten diote. Beraz, programan honen helburua gaitasun horiek lantzea eta indartzea da. Zainketa pertsonalen garrantzia azpimarratzen diegu, eta itxura fisikoa hobetzen laguntzeko gaitasunak irakasten dizkiegu. Era berean, laguntza emango zaie adineko pertsonek autonomia-ezagatik egin ezin dituzten jardueretan, senideek horretan lagundu ezin dutenean. Horrez gain, gaitasun pertsonalak garatzeko jarduerak egunero antolatuko dira.<\/li>\n<li><strong>Osasun-heziketa.<\/strong>\u00a0Norberaren osasun-ohiturak entrenatzen dira, pertsona horren gaitasunak aintzat hartuta.<\/li>\n<\/ul>\n<p>[\/vc_column_text][vc_column_text]<\/p>\n<h3>Gimnasia eta mantentzea<\/h3>\n<h4>Errehabilitazio fisikoa<\/h4>\n<p>Gabezia psikomotorrei aurrea hartzeko eta tratatzeko egiten da. Horretarako, alderdi fisikoak, psikikoak eta sozialak lantzen ditugu.<\/p>\n<p>Honako <strong>jarduera hauek<\/strong> egiten dira programaren barnean:<\/p>\n<ul>\n<li><strong>Mugitzea:\u00a0<\/strong>era iraunkorrean, antolatuan eta metodikoan egiten baldin bada, mugitzeko praktikak alde psikologikoari, sozialari eta fisikoari laguntzen die.<\/li>\n<li><strong>Mantentzeko gimnasia:\u00a0<\/strong>osasuna mantentzeko eta errekuperatzeko ariketa fisikoak egiten dira.<\/li>\n<li><strong>Erlaxazioa:\u00a0<\/strong>erlaxatzea egokia izateaz gain, askotan atsegina ere izan daiteke.<\/li>\n<\/ul>\n<p>[\/vc_column_text][vc_column_text]<\/p>\n<h3>Dinamizazio soziokulturala<\/h3>\n<p><strong>Aisialdia eta astia<\/strong> lantzeko ekimenaren helburua eskuko gaitasun sortzaileak lantzea eta indartzea da, bai eta parte-hartze soziala garatzea ere. Izan ere, gaitasun horiek ezinbestekoak dira, integrazio-prozesuan aurrera egiteko eta adinekoek komunitatean parte-hartze aktiboa izateko. Honako jarduera hauek egiten dira programaren barnean:<\/p>\n<ul>\n<li><strong>Eskulanak.<\/strong>\u00a0Psikomotrizitatea lantzeko jarduerak egiten dira: begiak, eskuak eta gorputz osoa trebatzekoak. Horrez gain, taldeari buruzko alderdiak eta norberaren balorazioa lantzen dira.<\/li>\n<li><strong>Ludoterapia.<\/strong>\u00a0Jolastea estimulazio-modu onargarria da.<\/li>\n<li><strong>Animazio soziokulturala eta komunitatearekiko harremana.<\/strong>\u00a0Inguruneko errealitateari hurbiltzeko baliabidea da, aisiaren ikuspegitik. Sozializatzeko eta harremanetarako gune bat sortzen du, zentroaren barnean zein zentrotik kanpoan, azken hori ere oso garrantzitsua baita.<\/li>\n<\/ul>\n<p>[\/vc_column_text][vc_column_text]<\/p>\n<h3>Pastoraltza Programa<\/h3>\n<p>Zaintzen ditugun erabiltzaileen <strong>beharrizan espiritualei eta erlijiosoei erantzuna emateko<\/strong> helburua du. Horrela, urteen esanahia ulertzen laguntzen diegu giro familiarrean eta atseginean. Fededunak izan zein ez, pertsonen beharrizan espiritualei erantzuna ematen zaie, eta bizitzan zehar ikasi dituzten baloreak pizteko eta indartzeko bideak azaltzen zaizkie.<\/p>\n<p>[\/vc_column_text][\/vc_column_inner][vc_column_inner width=&#8221;1\/2&#8243;][vc_column_text]<\/p>\n<h3>Laguntza psikologikoa<\/h3>\n<p>Erabiltzaileei <strong>laguntza psikologikoa<\/strong> emango zaie, horren beharra baldin badute. Bi eratan emango da:<\/p>\n<h4>Banakako esku-hartzea<\/h4>\n<p>Funtzio psikoafektiboetan esku hartzea. Oinarrizko mailakoa da. Erakundeetan dauden adineko pertsonek edo besteren laguntza behar duten adinekoek arazo afektiboak izan ohi dituzte. Horregatik, depresioa eta antsietatea arintzeko tratamendu oinarrizkoak ematen ditugu.<\/p>\n<h5>Depresioa tratatzea<\/h5>\n<p>Hainbat arlotatik heltzen zaio:<\/p>\n<ul>\n<li>Depresioaren mekanismoei buruzko <strong>informazioa<\/strong> ematen da, eta pentsamenduen, sentimenduen eta afektuaren arteko erlazioa ulertarazten zaie.<\/li>\n<li><strong>Laguntza psikologikoa<\/strong>: zailtasunak, arazoak eta kezkak azaltzeko gunea.<\/li>\n<li><strong>Atsegingarriak izan daitezkeen jarduerak<\/strong> elkarrekin asmatu eta antolatu egiten dira.<\/li>\n<\/ul>\n<h5>Antsietatea tratatzea<\/h5>\n<p>Hainbat arlotatik heltzen zaio:<\/p>\n<ul>\n<li><strong>Informazioa<\/strong>: estresa sortzen duten mekanismoei buruzkoa.<\/li>\n<li><strong>Erlaxatzen ikastea:<\/strong>\u00a0erabiltzaileen ezaugarriak direla eta, estrategia mistoa erabiliko dugu, erlaxazio autogenoaren oinarriei jarraituta.<\/li>\n<li>Estresari\u00a0<strong>aurre egiteko estrategiak:<\/strong>\u00a0estresaren iturriak eta aurre egiteko mekanismoak zehaztuko ditugu.<\/li>\n<\/ul>\n<h4>Taldeko esku-hartzea<\/h4>\n<h5>Estimulazio kognoszitiboa<\/h5>\n<p>Burmuinaren plastikotasuna dela eta, patologia negatibo batzuetan agertzen diren funtzionamendu kognoszitiboaren defizit batzuk itzulgarriak izan daitezke, edo ikasiz edo gainikasiz konpentsa daitezke. Era berean, gero eta froga enpiriko gehiagok erakusten dute estimulazio kognoszitiboa baliagarria dela geroagoko defizit kognoszitiboei aurrea hartzeko. Horregatik, programa honetan parte hartu beharko lukete adineko pertsona guztiek, osasun psikologikoko arazoak eduki zein ez.<\/p>\n<p>Honako <strong>jarduera<\/strong> hauek egiten dira programaren barnean:<\/p>\n<ul>\n<li><strong>Egun on\u00a0\u2013 Errealitatean orientatzea.<\/strong>\u00a0Nahastea, desorientazioa eta oroimenaren galera tratatzeko metodoa da. Pazienteen gertaerak eta ingurunea erabiltzen dira estimulaziorako.<\/li>\n<li><strong>Oroimena.<\/strong>\u00a0Iragana oraingoan oroitzea lortu nahi da, pertsona zaharrei emozioen bidez orientatzen laguntzeko.<\/li>\n<li><strong>Estimulazio psikologikoa.<\/strong>\u00a0Dementzia-arazoei lotuta dauden galera kognoszitiboak tratatuko dira, eta norberak dituen gaitasunak indartuko.<\/li>\n<li><strong>Oroimenean esku hartzea.<\/strong>\u00a0Helburu bikoitza ditu: aurrea hartzea eta zaintzea. Esku-hartzearen oinarriak dagokien eranskinean zehaztuta daude. Dena den, edukiak moldatu behar izango dira parte hartuko duten taldeko pertsonen ezaugarrietara.<\/li>\n<li><strong>Gaurkotasuna eta eztabaida-taldeak.<\/strong>\u00a0Berriro orientatzeko, komunikatzeko eta pentsamendu abstraktua zaintzeko alderdiak biltzen dira itxuraz ohikoa den jarduera batean, adibidez, gai bati buruz mintzatu bitartean.<\/li>\n<li><strong>Musikoterapia.<\/strong>\u00a0Musika erabiliko da mugitzeko gaitasunak lantzeko, erlaxatzeko, emozioak adierazten ikasteko\u2026 Gainera, estimulazio kognoszitiborako ere balio du.<\/li>\n<\/ul>\n<p>[\/vc_column_text][vc_column_text]<\/p>\n<h3>Gizarte-laguntza<\/h3>\n<p>Erabiltzaileen beharrak nolakoak diren, halakoak izango dira gizarte-laguntzako zerbitzuak (baliabideei buruzko orientazioa\u2026).[\/vc_column_text][vc_column_text]<\/p>\n<h3>Familiei laguntzea<\/h3>\n<p>Adinekoak zaintzen direnean, haien familiei ere arreta eman behar zaie. Ezinezkoa da adinekoei laguntzea, haien ingurunea kontuan hartzen ez bada.<\/p>\n<p>Honako hauek dira erabiltzen ditugun baliabideak:<\/p>\n<ul>\n<li><strong>Informazioa<\/strong>: zentroari buruzkoa eta zentroan zaintzen dugun senideari buruzkoa. Gainera, zalantza guztiak argituko dira.<\/li>\n<li><strong>Prestakuntza eta trebetasuna<\/strong>, erabiltzailearen eta familiaren arteko harremanean ager daitezkeen arazoak konpontzeko estrategiak ikasteko<\/li>\n<li><strong>Laguntza psikologikoa<\/strong>: laguntza-taldeak antolatzen dira, baita banakako laguntza ere.<\/li>\n<\/ul>\n<p>[\/vc_column_text][vc_column_text]<\/p>\n<h3>Jateko eta arropa garbitzeko zerbitzuak<\/h3>\n<p>Jateko zerbitzuan nutrizio zuzena ematen da. Kopurua, kalitatea eta aniztasuna zaintzen dira, eta erabiltzaileen berariazko ezaugarriak ere kontuan hartzen dira. Beharrezkoa baldin bada, patologia zehatz bati <strong>egokitutako dieta<\/strong> bereziak egingo dira, osasun-arloko langileek berrikusita.[\/vc_column_text][\/vc_column_inner][\/vc_row_inner][\/vc_column][\/vc_row][vc_row full_width=&#8221;stretch_row_content&#8221; el_class=&#8221;not&#8221;][vc_column][vc_column_text]<span style=\"background-color: var(--color_content_background); color: var(--color_content_text); font-family: var(--typography_fonts_text);\">\n\n\n<div id=\"wpv-view-layout-54258\" class=\"js-wpv-view-layout js-wpv-layout-responsive js-wpv-view-layout-54258\" data-viewnumber=\"54258\" data-pagination=\"{&quot;id&quot;:54258,&quot;query&quot;:&quot;normal&quot;,&quot;type&quot;:&quot;disabled&quot;,&quot;effect&quot;:&quot;fade&quot;,&quot;duration&quot;:500,&quot;speed&quot;:5,&quot;pause_on_hover&quot;:&quot;enabled&quot;,&quot;stop_rollover&quot;:&quot;false&quot;,&quot;cache_pages&quot;:&quot;enabled&quot;,&quot;preload_images&quot;:&quot;enabled&quot;,&quot;preload_pages&quot;:&quot;enabled&quot;,&quot;preload_reach&quot;:1,&quot;spinner&quot;:&quot;builtin&quot;,&quot;spinner_image&quot;:&quot;https:\/\/www.aita-menni.org\/wp-content\/plugins\/toolset-blocks\/embedded\/res\/img\/ajax-loader.gif&quot;,&quot;callback_next&quot;:&quot;&quot;,&quot;manage_history&quot;:&quot;enabled&quot;,&quot;has_controls_in_form&quot;:&quot;disabled&quot;,&quot;infinite_tolerance&quot;:&quot;0&quot;,&quot;max_pages&quot;:0,&quot;page&quot;:1,&quot;base_permalink&quot;:&quot;\/eu\/wp-json\/wp\/v2\/pages\/43526?wpv_view_count=54258&amp;wpv_paged=WPV_PAGE_NUM&quot;,&quot;loop&quot;:{&quot;type&quot;:&quot;&quot;,&quot;name&quot;:&quot;&quot;,&quot;data&quot;:[],&quot;id&quot;:0}}\" data-permalink=\"\/eu\/wp-json\/wp\/v2\/pages\/43526?wpv_view_count=54258\">\n\n\t\n<h2 style=\"text-align:center;\">Egoitzak<\/h2>\n<div class=\"sli\">\n\n\t\t\n          <div class=\"diapo\"><div id=\"caja\" class=\"caja\"><figure><img loading=\"lazy\" decoding=\"async\" width=\"425\" height=\"283\" src=\"https:\/\/ospitalarioakfundazioaeuskadi.org\/wp-content\/uploads\/2022\/03\/hospital-aita-menni-2019-744x496.jpg\" class=\"attachment-medium size-medium wp-post-image\" alt=\"Ospitalarioak Fundazioa Euskadiko Ospitalea (lehen Aita Menni Ospitalea), Arrasaten\" srcset=\"https:\/\/ospitalarioakfundazioaeuskadi.org\/wp-content\/uploads\/2022\/03\/hospital-aita-menni-2019-744x496.jpg 744w, https:\/\/ospitalarioakfundazioaeuskadi.org\/wp-content\/uploads\/2022\/03\/hospital-aita-menni-2019-768x512.jpg 768w, https:\/\/ospitalarioakfundazioaeuskadi.org\/wp-content\/uploads\/2022\/03\/hospital-aita-menni-2019.jpg 790w\" sizes=\"auto, (max-width: 425px) 100vw, 425px\" title=\"\"><\/figure><p class=\"loc\">Arrasate (Gipuzkoa)<\/p>\n<h3><a href=\"https:\/\/ospitalarioakfundazioaeuskadi.org\/eu\/zentroa\/aita-menni-ospitalea\/\">Ospitalarioak Fundazioa Euskadi (lehen Aita Menni Ospitalea)<\/a><\/h3>\n<p>Tel: +34 943 794 411<\/p>\n<p><a href=\"mailto:recepcion.euskadi@fundacionhospitalarias.org\" title=\"recepcion.euskadi@fundacionhospitalarias.org\">recepcion.euskadi@fundacionhospitalarias.org<\/a><\/p>\n<div id=\"\" class=\"boton-blanco\"><a href=\"https:\/\/ospitalarioakfundazioaeuskadi.org\/eu\/zentroa\/aita-menni-ospitalea\/\" title=\"Ospitalarioak Fundazioa Euskadi (lehen Aita Menni Ospitalea)\">Egoitza ikusi \u2192<\/a><\/div><\/div><\/div>\n\t\n          <div class=\"diapo\"><div id=\"caja\" class=\"caja\"><figure><img loading=\"lazy\" decoding=\"async\" width=\"425\" height=\"283\" src=\"https:\/\/ospitalarioakfundazioaeuskadi.org\/wp-content\/uploads\/2021\/12\/residencia-mayores-txurdinagabarri-exterior-1-744x496.jpg\" class=\"attachment-medium size-medium wp-post-image\" alt=\"Exterior de la Residencia de personas mayores Txurdinagabarri de Bilbao\" srcset=\"https:\/\/ospitalarioakfundazioaeuskadi.org\/wp-content\/uploads\/2021\/12\/residencia-mayores-txurdinagabarri-exterior-1-744x496.jpg 744w, https:\/\/ospitalarioakfundazioaeuskadi.org\/wp-content\/uploads\/2021\/12\/residencia-mayores-txurdinagabarri-exterior-1-768x512.jpg 768w, https:\/\/ospitalarioakfundazioaeuskadi.org\/wp-content\/uploads\/2021\/12\/residencia-mayores-txurdinagabarri-exterior-1.jpg 790w\" sizes=\"auto, (max-width: 425px) 100vw, 425px\" title=\"\"><\/figure><p class=\"loc\">Bilbo (Bizkaia)<\/p>\n<h3><a href=\"https:\/\/ospitalarioakfundazioaeuskadi.org\/eu\/zentroa\/bilbo-txurdinagabarri-adineko-pertsonen-egoitza\/\">Txurdinagabarri Adineko Pertsonen Egoitza<\/a><\/h3>\n<p>Tel: +34 944 598 047<\/p>\n<p><a href=\"mailto:cdiatxurdinaga.aitamenni@hospitalarias.es\" title=\"cdiatxurdinaga.aitamenni@hospitalarias.es\">cdiatxurdinaga.aitamenni@hospitalarias.es<\/a><\/p>\n<div id=\"\" class=\"boton-blanco\"><a href=\"https:\/\/ospitalarioakfundazioaeuskadi.org\/eu\/zentroa\/bilbo-txurdinagabarri-adineko-pertsonen-egoitza\/\" title=\"Txurdinagabarri Adineko Pertsonen Egoitza\">Egoitza ikusi \u2192<\/a><\/div><\/div><\/div>\n\t\n          <div class=\"diapo\"><div id=\"caja\" class=\"caja\"><figure><img loading=\"lazy\" decoding=\"async\" width=\"425\" height=\"283\" src=\"https:\/\/ospitalarioakfundazioaeuskadi.org\/wp-content\/uploads\/2021\/12\/residencia-mayores-barabdiaran-durango-3-744x495.jpg\" class=\"attachment-medium size-medium wp-post-image\" alt=\"Patio de la Residencia de personas mayores Barandiaran de Durango, Bizkaia\" srcset=\"https:\/\/ospitalarioakfundazioaeuskadi.org\/wp-content\/uploads\/2021\/12\/residencia-mayores-barabdiaran-durango-3-744x495.jpg 744w, https:\/\/ospitalarioakfundazioaeuskadi.org\/wp-content\/uploads\/2021\/12\/residencia-mayores-barabdiaran-durango-3-768x511.jpg 768w, https:\/\/ospitalarioakfundazioaeuskadi.org\/wp-content\/uploads\/2021\/12\/residencia-mayores-barabdiaran-durango-3.jpg 790w\" sizes=\"auto, (max-width: 425px) 100vw, 425px\" title=\"\"><\/figure><p class=\"loc\">Durango (Bizkaia)<\/p>\n<h3><a href=\"https:\/\/ospitalarioakfundazioaeuskadi.org\/eu\/zentroa\/barandiaran-durango-adineko-pertsonen-egoitza\/\">Joxe Miel Barandiaran Adineko Pertsonen Egoitza<\/a><\/h3>\n<p>Tel: +34 946 215 438<\/p>\n<p><a href=\"mailto:recepcion.jmbarandia.aitamenni@hospitalarias.es\" title=\"recepcion.jmbarandia.aitamenni@hospitalarias.es\">recepcion.jmbarandia.aitamenni@hospitalarias.es<\/a><\/p>\n<div id=\"\" class=\"boton-blanco\"><a href=\"https:\/\/ospitalarioakfundazioaeuskadi.org\/eu\/zentroa\/barandiaran-durango-adineko-pertsonen-egoitza\/\" title=\"Joxe Miel Barandiaran Adineko Pertsonen Egoitza\">Egoitza ikusi \u2192<\/a><\/div><\/div><\/div>\n\t\n          <div class=\"diapo\"><div id=\"caja\" class=\"caja\"><figure><img loading=\"lazy\" decoding=\"async\" width=\"425\" height=\"283\" src=\"https:\/\/ospitalarioakfundazioaeuskadi.org\/wp-content\/uploads\/2021\/12\/residencia-personas-mayores-san-martin-onate-1-744x496.jpg\" class=\"attachment-medium size-medium wp-post-image\" alt=\"Centro de D\u00eda de Personas Mayores San Mart\u00edn de O\u00f1ate\" srcset=\"https:\/\/ospitalarioakfundazioaeuskadi.org\/wp-content\/uploads\/2021\/12\/residencia-personas-mayores-san-martin-onate-1-744x496.jpg 744w, https:\/\/ospitalarioakfundazioaeuskadi.org\/wp-content\/uploads\/2021\/12\/residencia-personas-mayores-san-martin-onate-1-768x512.jpg 768w, https:\/\/ospitalarioakfundazioaeuskadi.org\/wp-content\/uploads\/2021\/12\/residencia-personas-mayores-san-martin-onate-1.jpg 790w\" sizes=\"auto, (max-width: 425px) 100vw, 425px\" title=\"\"><\/figure><p class=\"loc\">O\u00f1ati (Gipuzkoa)<\/p>\n<h3><a href=\"https:\/\/ospitalarioakfundazioaeuskadi.org\/eu\/zentroa\/onati-san-martin-adineko-pertsonen-egoitza\/\">San Martin Adineko Pertsonen Egoitza<\/a><\/h3>\n<p>Tel: +34 943 716 448<\/p>\n<p><a href=\"mailto:eberecibar@fundacionhospitalarias.org\" title=\"eberecibar@fundacionhospitalarias.org\">eberecibar@fundacionhospitalarias.org<\/a><\/p>\n<div id=\"\" class=\"boton-blanco\"><a href=\"https:\/\/ospitalarioakfundazioaeuskadi.org\/eu\/zentroa\/onati-san-martin-adineko-pertsonen-egoitza\/\" title=\"San Martin Adineko Pertsonen Egoitza\">Egoitza ikusi \u2192<\/a><\/div><\/div><\/div>\n\t\n\n<\/div>\n\t\n\t\n<\/div><\/span>[\/vc_column_text][\/vc_column][\/vc_row]<\/p>\n<\/div>","protected":false},"excerpt":{"rendered":"<div class=\"link-more\"><a href=\"https:\/\/ospitalarioakfundazioaeuskadi.org\/eu\/zer-egiten-dugun\/adineko-pertsona\/gure-laguntza-eredua\/adineko-pertsonen-egoitzetan-zaintzea\/\" class=\"more-link\">Jarraitu irakurtzen<span class=\"screen-reader-text\"> &ldquo;Adineko pertsonen egoitzetan zaintzea&rdquo;<\/span>&#8230;<\/a><\/div>\n","protected":false},"author":1,"featured_media":0,"parent":43525,"menu_order":55,"comment_status":"closed","ping_status":"closed","template":"templates\/sin-head-h1.php","meta":{"footnotes":""},"class_list":["post-43526","page","type-page","status-publish","hentry","entry"],"_links":{"self":[{"href":"https:\/\/ospitalarioakfundazioaeuskadi.org\/eu\/wp-json\/wp\/v2\/pages\/43526","targetHints":{"allow":["GET"]}}],"collection":[{"href":"https:\/\/ospitalarioakfundazioaeuskadi.org\/eu\/wp-json\/wp\/v2\/pages"}],"about":[{"href":"https:\/\/ospitalarioakfundazioaeuskadi.org\/eu\/wp-json\/wp\/v2\/types\/page"}],"author":[{"embeddable":true,"href":"https:\/\/ospitalarioakfundazioaeuskadi.org\/eu\/wp-json\/wp\/v2\/users\/1"}],"replies":[{"embeddable":true,"href":"https:\/\/ospitalarioakfundazioaeuskadi.org\/eu\/wp-json\/wp\/v2\/comments?post=43526"}],"version-history":[{"count":4,"href":"https:\/\/ospitalarioakfundazioaeuskadi.org\/eu\/wp-json\/wp\/v2\/pages\/43526\/revisions"}],"predecessor-version":[{"id":55690,"href":"https:\/\/ospitalarioakfundazioaeuskadi.org\/eu\/wp-json\/wp\/v2\/pages\/43526\/revisions\/55690"}],"up":[{"embeddable":true,"href":"https:\/\/ospitalarioakfundazioaeuskadi.org\/eu\/wp-json\/wp\/v2\/pages\/43525"}],"wp:attachment":[{"href":"https:\/\/ospitalarioakfundazioaeuskadi.org\/eu\/wp-json\/wp\/v2\/media?parent=43526"}],"curies":[{"name":"wp","href":"https:\/\/api.w.org\/{rel}","templated":true}]}}